{"id":54129,"date":"2026-05-13T16:03:24","date_gmt":"2026-05-13T16:03:24","guid":{"rendered":"https:\/\/augustocamiseiro.com\/lojaweb\/?post_type=product&#038;p=54129"},"modified":"2026-05-13T18:39:34","modified_gmt":"2026-05-13T18:39:34","slug":"jaqueta-de-couro","status":"publish","type":"product","link":"https:\/\/augustocamiseiro.com\/lojaweb\/produto\/jaqueta-de-couro\/","title":{"rendered":"Jaqueta de Couro Marrom"},"content":{"rendered":"<h4><strong>Composi\u00e7\u00e3o<\/strong>:<\/h4>\n<ul>\n<li>100% couro caprino<\/li>\n<li>100% poli\u00e9ster<\/li>\n<\/ul>\n<h4><strong>Dicas de conserva\u00e7\u00e3o:<\/strong><\/h4>\n<ul>\n<li>Limpeza especializada em couro<\/li>\n<li>secar \u00e0 sombra<\/li>\n<li>n\u00e3o guardar \u00famido<\/li>\n<li>Produto em couro, sujeito a varia\u00e7\u00f5es naturais de cor e marcas da pele<\/li>\n<\/ul>\n","protected":false},"excerpt":{"rendered":"<p>Jaqueta de couro marrom, uma pe\u00e7a vers\u00e1til, atemporal e que transmite sofistica\u00e7\u00e3o, indispens\u00e1vel para o inverno. Composto com 100% de couro caprino. Tornando-o, assim, dur\u00e1vel e com melhor caimento ao longo do uso.<\/p>\n","protected":false},"featured_media":54103,"comment_status":"open","ping_status":"closed","template":"","meta":{"_acf_changed":false},"product_brand":[],"product_cat":[560],"product_tag":[2539,309,1383,310,2534,2536,2537,2535,2538,1187,1979,1406],"class_list":{"0":"post-54129","1":"product","2":"type-product","3":"status-publish","4":"has-post-thumbnail","6":"product_cat-jaquetas","7":"product_tag-100-couro","8":"product_tag-couro","9":"product_tag-couro-marrom","10":"product_tag-inverno","11":"product_tag-jaqueta-de-couro","12":"product_tag-jaqueta-de-couro-marrom","13":"product_tag-jaqueta-de-couro-masculina","14":"product_tag-jaqueta-marrom","15":"product_tag-jaqueta-marrom-masculina","16":"product_tag-jaqueta-masculina","17":"product_tag-moda-inverno","18":"product_tag-moda-masculina","20":"first","21":"instock","22":"taxable","23":"shipping-taxable","24":"purchasable","25":"product-type-variable"},"acf":[],"yoast_head":"<!-- This site is optimized with the Yoast SEO plugin v25.3.1 - https:\/\/yoast.com\/wordpress\/plugins\/seo\/ -->\n<title>Jaqueta de Couro Marrom - Augusto Camiseiro<\/title>\n<meta name=\"description\" content=\"Jaqueta de couro marrom. Uma pe\u00e7a masculina muito cl\u00e1ssica mundialmente e estilosa, composta com couro 100% natural. Um item essencial para o inverno.\" \/>\n<meta name=\"robots\" content=\"index, follow, max-snippet:-1, max-image-preview:large, max-video-preview:-1\" \/>\n<link rel=\"canonical\" href=\"https:\/\/augustocamiseiro.com\/lojaweb\/produto\/jaqueta-de-couro\/\" \/>\n<meta property=\"og:locale\" content=\"pt_BR\" \/>\n<meta property=\"og:type\" content=\"article\" \/>\n<meta property=\"og:title\" content=\"Jaqueta de Couro Marrom - Augusto Camiseiro\" \/>\n<meta property=\"og:description\" content=\"Jaqueta de couro marrom. Uma pe\u00e7a masculina muito cl\u00e1ssica mundialmente e estilosa, composta com couro 100% natural. Um item essencial para o inverno.\" \/>\n<meta property=\"og:url\" content=\"https:\/\/augustocamiseiro.com\/lojaweb\/produto\/jaqueta-de-couro\/\" \/>\n<meta property=\"og:site_name\" content=\"Augusto Camiseiro\" \/>\n<meta property=\"article:modified_time\" content=\"2026-05-13T18:39:34+00:00\" \/>\n<meta property=\"og:image\" content=\"https:\/\/augustocamiseiro.com\/lojaweb\/wp-content\/uploads\/2026\/05\/jaqueta-couro-cabra-cafe-ref4642-7_augustocamiseiro.webp\" \/>\n\t<meta property=\"og:image:width\" content=\"1300\" \/>\n\t<meta property=\"og:image:height\" content=\"1624\" \/>\n\t<meta property=\"og:image:type\" content=\"image\/webp\" \/>\n<meta name=\"twitter:card\" content=\"summary_large_image\" \/>\n<meta name=\"twitter:label1\" content=\"Est. tempo de leitura\" \/>\n\t<meta name=\"twitter:data1\" content=\"1 minuto\" \/>\n<!-- \/ Yoast SEO plugin. -->","yoast_head_json":{"title":"Jaqueta de Couro Marrom - Augusto Camiseiro","description":"Jaqueta de couro marrom. Uma pe\u00e7a masculina muito cl\u00e1ssica mundialmente e estilosa, composta com couro 100% natural. Um item essencial para o inverno.","robots":{"index":"index","follow":"follow","max-snippet":"max-snippet:-1","max-image-preview":"max-image-preview:large","max-video-preview":"max-video-preview:-1"},"canonical":"https:\/\/augustocamiseiro.com\/lojaweb\/produto\/jaqueta-de-couro\/","og_locale":"pt_BR","og_type":"article","og_title":"Jaqueta de Couro Marrom - Augusto Camiseiro","og_description":"Jaqueta de couro marrom. Uma pe\u00e7a masculina muito cl\u00e1ssica mundialmente e estilosa, composta com couro 100% natural. Um item essencial para o inverno.","og_url":"https:\/\/augustocamiseiro.com\/lojaweb\/produto\/jaqueta-de-couro\/","og_site_name":"Augusto Camiseiro","article_modified_time":"2026-05-13T18:39:34+00:00","og_image":[{"width":1300,"height":1624,"url":"https:\/\/augustocamiseiro.com\/lojaweb\/wp-content\/uploads\/2026\/05\/jaqueta-couro-cabra-cafe-ref4642-7_augustocamiseiro.webp","type":"image\/webp"}],"twitter_card":"summary_large_image","twitter_misc":{"Est. tempo de leitura":"1 minuto"},"schema":{"@context":"https:\/\/schema.org","@graph":[{"@type":"WebPage","@id":"https:\/\/augustocamiseiro.com\/lojaweb\/produto\/jaqueta-de-couro\/","url":"https:\/\/augustocamiseiro.com\/lojaweb\/produto\/jaqueta-de-couro\/","name":"Jaqueta de Couro Marrom - Augusto Camiseiro","isPartOf":{"@id":"https:\/\/augustocamiseiro.com\/lojaweb\/#website"},"primaryImageOfPage":{"@id":"https:\/\/augustocamiseiro.com\/lojaweb\/produto\/jaqueta-de-couro\/#primaryimage"},"image":{"@id":"https:\/\/augustocamiseiro.com\/lojaweb\/produto\/jaqueta-de-couro\/#primaryimage"},"thumbnailUrl":"https:\/\/i0.wp.com\/augustocamiseiro.com\/lojaweb\/wp-content\/uploads\/2026\/05\/jaqueta-couro-cabra-cafe-ref4642-7_augustocamiseiro.webp?fit=1300%2C1624&ssl=1","datePublished":"2026-05-13T16:03:24+00:00","dateModified":"2026-05-13T18:39:34+00:00","description":"Jaqueta de couro marrom. Uma pe\u00e7a masculina muito cl\u00e1ssica mundialmente e estilosa, composta com couro 100% natural. Um item essencial para o inverno.","breadcrumb":{"@id":"https:\/\/augustocamiseiro.com\/lojaweb\/produto\/jaqueta-de-couro\/#breadcrumb"},"inLanguage":"pt-BR","potentialAction":[{"@type":"ReadAction","target":["https:\/\/augustocamiseiro.com\/lojaweb\/produto\/jaqueta-de-couro\/"]}]},{"@type":"ImageObject","inLanguage":"pt-BR","@id":"https:\/\/augustocamiseiro.com\/lojaweb\/produto\/jaqueta-de-couro\/#primaryimage","url":"https:\/\/i0.wp.com\/augustocamiseiro.com\/lojaweb\/wp-content\/uploads\/2026\/05\/jaqueta-couro-cabra-cafe-ref4642-7_augustocamiseiro.webp?fit=1300%2C1624&ssl=1","contentUrl":"https:\/\/i0.wp.com\/augustocamiseiro.com\/lojaweb\/wp-content\/uploads\/2026\/05\/jaqueta-couro-cabra-cafe-ref4642-7_augustocamiseiro.webp?fit=1300%2C1624&ssl=1","width":1300,"height":1624,"caption":"jaqueta couro cabra caf\u00e9"},{"@type":"BreadcrumbList","@id":"https:\/\/augustocamiseiro.com\/lojaweb\/produto\/jaqueta-de-couro\/#breadcrumb","itemListElement":[{"@type":"ListItem","position":1,"name":"In\u00edcio","item":"https:\/\/augustocamiseiro.com\/lojaweb\/"},{"@type":"ListItem","position":2,"name":"Shop","item":"https:\/\/augustocamiseiro.com\/lojaweb\/shop\/"},{"@type":"ListItem","position":3,"name":"Jaqueta de Couro Marrom"}]},{"@type":"WebSite","@id":"https:\/\/augustocamiseiro.com\/lojaweb\/#website","url":"https:\/\/augustocamiseiro.com\/lojaweb\/","name":"Augusto Camiseiro","description":"Roupa Masculina","publisher":{"@id":"https:\/\/augustocamiseiro.com\/lojaweb\/#organization"},"potentialAction":[{"@type":"SearchAction","target":{"@type":"EntryPoint","urlTemplate":"https:\/\/augustocamiseiro.com\/lojaweb\/?s={search_term_string}"},"query-input":{"@type":"PropertyValueSpecification","valueRequired":true,"valueName":"search_term_string"}}],"inLanguage":"pt-BR"},{"@type":"Organization","@id":"https:\/\/augustocamiseiro.com\/lojaweb\/#organization","name":"Augusto Camiseiro","url":"https:\/\/augustocamiseiro.com\/lojaweb\/","logo":{"@type":"ImageObject","inLanguage":"pt-BR","@id":"https:\/\/augustocamiseiro.com\/lojaweb\/#\/schema\/logo\/image\/","url":"https:\/\/i0.wp.com\/augustocamiseiro.com\/lojaweb\/wp-content\/uploads\/2024\/04\/cropped-logo-augusto-white-1.png?fit=550%2C310&ssl=1","contentUrl":"https:\/\/i0.wp.com\/augustocamiseiro.com\/lojaweb\/wp-content\/uploads\/2024\/04\/cropped-logo-augusto-white-1.png?fit=550%2C310&ssl=1","width":550,"height":310,"caption":"Augusto Camiseiro"},"image":{"@id":"https:\/\/augustocamiseiro.com\/lojaweb\/#\/schema\/logo\/image\/"}}]}},"jetpack_sharing_enabled":true,"_links":{"self":[{"href":"https:\/\/augustocamiseiro.com\/lojaweb\/wp-json\/wp\/v2\/product\/54129","targetHints":{"allow":["GET"]}}],"collection":[{"href":"https:\/\/augustocamiseiro.com\/lojaweb\/wp-json\/wp\/v2\/product"}],"about":[{"href":"https:\/\/augustocamiseiro.com\/lojaweb\/wp-json\/wp\/v2\/types\/product"}],"replies":[{"embeddable":true,"href":"https:\/\/augustocamiseiro.com\/lojaweb\/wp-json\/wp\/v2\/comments?post=54129"}],"wp:featuredmedia":[{"embeddable":true,"href":"https:\/\/augustocamiseiro.com\/lojaweb\/wp-json\/wp\/v2\/media\/54103"}],"wp:attachment":[{"href":"https:\/\/augustocamiseiro.com\/lojaweb\/wp-json\/wp\/v2\/media?parent=54129"}],"wp:term":[{"taxonomy":"product_brand","embeddable":true,"href":"https:\/\/augustocamiseiro.com\/lojaweb\/wp-json\/wp\/v2\/product_brand?post=54129"},{"taxonomy":"product_cat","embeddable":true,"href":"https:\/\/augustocamiseiro.com\/lojaweb\/wp-json\/wp\/v2\/product_cat?post=54129"},{"taxonomy":"product_tag","embeddable":true,"href":"https:\/\/augustocamiseiro.com\/lojaweb\/wp-json\/wp\/v2\/product_tag?post=54129"}],"curies":[{"name":"wp","href":"https:\/\/api.w.org\/{rel}","templated":true}]}}