{"id":51202,"date":"2026-05-04T15:33:49","date_gmt":"2026-05-04T15:33:49","guid":{"rendered":"https:\/\/augustocamiseiro.com\/lojaweb\/?post_type=product&#038;p=51202"},"modified":"2026-05-04T15:33:49","modified_gmt":"2026-05-04T15:33:49","slug":"costume-loro-piana","status":"publish","type":"product","link":"https:\/\/augustocamiseiro.com\/lojaweb\/produto\/costume-loro-piana\/","title":{"rendered":"Costume loro Piana"},"content":{"rendered":"<p>Costume napolitano loro piana na cor azul marinho.<\/p>\n<p>A l\u00e3 fria \u00e9, com certeza, o material mais nobre de toda alfaiataria, devido a proporcionar conforto t\u00e9rmico, respirar bem e ter um toque muito suave.<\/p>\n<p>Bem como disponibilizamos o melhor acabamento do mercado neste costume, repleto de detalhes advindos da alfaiataria artesanal, como o ponto picado em todas beiradas.<\/p>\n<p>Assim como um caimento perfeito com a finalidade de ter como resultado uma pe\u00e7a muito diferenciada.<\/p>\n<p>Portanto\u00a0 perfeita para\u00a0 ambientes de trabalho ou situa\u00e7\u00f5es formais.<\/p>\n<h4><strong>\u00a0\u00a0 <\/strong><\/h4>\n<h4><strong>Caracter\u00edsticas<\/strong><\/h4>\n<ul>\n<li>Composi\u00e7\u00e3o : L\u00e3 fria Super 130<\/li>\n<li>Origem do tecido: Tecelagem italiana Reda<\/li>\n<li>2 bot\u00f5es e 2 aberturas.<\/li>\n<li>4 bolsos internos.<\/li>\n<li>Forro interno: 100%acetato.<\/li>\n<li>2 bolsos com lapela<\/li>\n<li>Acabamento na beira todo em ponto picado.<strong><br \/>\n<\/strong><\/li>\n<li>Cal\u00e7a sem pregas, forrada at\u00e9 o joelho<\/li>\n<\/ul>\n","protected":false},"excerpt":{"rendered":"<p>Costume Loro Piana na cor azul marinho. Acabamento manual nas mangas, fabricado na It\u00e1lia pela confec\u00e7\u00e3o Bagnoli de N\u00e1poles. Possui acabamento feito a m\u00e3o, lapela um pouco mais larga e um forro mais leve. Fio 130.<\/p>\n","protected":false},"featured_media":50952,"comment_status":"open","ping_status":"closed","template":"","meta":{"_acf_changed":false},"product_brand":[],"product_cat":[385,1490],"product_tag":[1580,2219,358,2390,959,1136,383,2147,384,1009,2517,716,1406,1641,1744,1016,1011,2516,1012,2515,2149],"class_list":{"0":"post-51202","1":"product","2":"type-product","3":"status-publish","4":"has-post-thumbnail","6":"product_cat-ternos-costumes","7":"product_cat-ternos","8":"product_tag-alfaiataria","9":"product_tag-alfaiataria-masculina","10":"product_tag-calca-alfaiataria","11":"product_tag-calca-alfaiataria-marinho","12":"product_tag-calca-azul-marinho","13":"product_tag-calca-marinho","14":"product_tag-costume","15":"product_tag-costume-alfaiataria","16":"product_tag-costume-azul","17":"product_tag-costume-azul-marinho","18":"product_tag-costume-marinho","19":"product_tag-costume-masculino","20":"product_tag-moda-masculina","21":"product_tag-moda-social","22":"product_tag-moda-social-masculina","23":"product_tag-terno","24":"product_tag-terno-alfaiataria","25":"product_tag-terno-azul","26":"product_tag-terno-azul-marinho","27":"product_tag-terno-marinho","28":"product_tag-terno-masculino","30":"first","31":"instock","32":"taxable","33":"shipping-taxable","34":"purchasable","35":"product-type-variable"},"acf":[],"yoast_head":"<!-- This site is optimized with the Yoast SEO plugin v25.3.1 - https:\/\/yoast.com\/wordpress\/plugins\/seo\/ -->\n<title>Costume loro Piana - Augusto Camiseiro<\/title>\n<meta name=\"description\" content=\"Costume loro Piana, tecido napolitano na cor azul marinho. Uma pe\u00e7a que exalta a eleg\u00e2ncia. Pensada para trabalhar, reuni\u00f5es, eventos formais, casamentos.\" \/>\n<meta name=\"robots\" content=\"index, follow, max-snippet:-1, max-image-preview:large, max-video-preview:-1\" \/>\n<link rel=\"canonical\" href=\"https:\/\/augustocamiseiro.com\/lojaweb\/produto\/costume-loro-piana\/\" \/>\n<meta property=\"og:locale\" content=\"pt_BR\" \/>\n<meta property=\"og:type\" content=\"article\" \/>\n<meta property=\"og:title\" content=\"Costume loro Piana - Augusto Camiseiro\" \/>\n<meta property=\"og:description\" content=\"Costume loro Piana, tecido napolitano na cor azul marinho. Uma pe\u00e7a que exalta a eleg\u00e2ncia. Pensada para trabalhar, reuni\u00f5es, eventos formais, casamentos.\" \/>\n<meta property=\"og:url\" content=\"https:\/\/augustocamiseiro.com\/lojaweb\/produto\/costume-loro-piana\/\" \/>\n<meta property=\"og:site_name\" content=\"Augusto Camiseiro\" \/>\n<meta property=\"og:image\" content=\"https:\/\/augustocamiseiro.com\/lojaweb\/wp-content\/uploads\/2026\/03\/costume-napolitano-marinho-loro-piana-ref4487-7_augustocamiseiro.webp\" \/>\n\t<meta property=\"og:image:width\" content=\"1564\" \/>\n\t<meta property=\"og:image:height\" content=\"1954\" \/>\n\t<meta property=\"og:image:type\" content=\"image\/webp\" \/>\n<meta name=\"twitter:card\" content=\"summary_large_image\" \/>\n<meta name=\"twitter:label1\" content=\"Est. tempo de leitura\" \/>\n\t<meta name=\"twitter:data1\" content=\"1 minuto\" \/>\n<!-- \/ Yoast SEO plugin. -->","yoast_head_json":{"title":"Costume loro Piana - Augusto Camiseiro","description":"Costume loro Piana, tecido napolitano na cor azul marinho. Uma pe\u00e7a que exalta a eleg\u00e2ncia. Pensada para trabalhar, reuni\u00f5es, eventos formais, casamentos.","robots":{"index":"index","follow":"follow","max-snippet":"max-snippet:-1","max-image-preview":"max-image-preview:large","max-video-preview":"max-video-preview:-1"},"canonical":"https:\/\/augustocamiseiro.com\/lojaweb\/produto\/costume-loro-piana\/","og_locale":"pt_BR","og_type":"article","og_title":"Costume loro Piana - Augusto Camiseiro","og_description":"Costume loro Piana, tecido napolitano na cor azul marinho. Uma pe\u00e7a que exalta a eleg\u00e2ncia. Pensada para trabalhar, reuni\u00f5es, eventos formais, casamentos.","og_url":"https:\/\/augustocamiseiro.com\/lojaweb\/produto\/costume-loro-piana\/","og_site_name":"Augusto Camiseiro","og_image":[{"width":1564,"height":1954,"url":"https:\/\/augustocamiseiro.com\/lojaweb\/wp-content\/uploads\/2026\/03\/costume-napolitano-marinho-loro-piana-ref4487-7_augustocamiseiro.webp","type":"image\/webp"}],"twitter_card":"summary_large_image","twitter_misc":{"Est. tempo de leitura":"1 minuto"},"schema":{"@context":"https:\/\/schema.org","@graph":[{"@type":"WebPage","@id":"https:\/\/augustocamiseiro.com\/lojaweb\/produto\/costume-loro-piana\/","url":"https:\/\/augustocamiseiro.com\/lojaweb\/produto\/costume-loro-piana\/","name":"Costume loro Piana - Augusto Camiseiro","isPartOf":{"@id":"https:\/\/augustocamiseiro.com\/lojaweb\/#website"},"primaryImageOfPage":{"@id":"https:\/\/augustocamiseiro.com\/lojaweb\/produto\/costume-loro-piana\/#primaryimage"},"image":{"@id":"https:\/\/augustocamiseiro.com\/lojaweb\/produto\/costume-loro-piana\/#primaryimage"},"thumbnailUrl":"https:\/\/i0.wp.com\/augustocamiseiro.com\/lojaweb\/wp-content\/uploads\/2026\/03\/costume-napolitano-marinho-loro-piana-ref4487-7_augustocamiseiro.webp?fit=1564%2C1954&ssl=1","datePublished":"2026-05-04T15:33:49+00:00","description":"Costume loro Piana, tecido napolitano na cor azul marinho. Uma pe\u00e7a que exalta a eleg\u00e2ncia. Pensada para trabalhar, reuni\u00f5es, eventos formais, casamentos.","breadcrumb":{"@id":"https:\/\/augustocamiseiro.com\/lojaweb\/produto\/costume-loro-piana\/#breadcrumb"},"inLanguage":"pt-BR","potentialAction":[{"@type":"ReadAction","target":["https:\/\/augustocamiseiro.com\/lojaweb\/produto\/costume-loro-piana\/"]}]},{"@type":"ImageObject","inLanguage":"pt-BR","@id":"https:\/\/augustocamiseiro.com\/lojaweb\/produto\/costume-loro-piana\/#primaryimage","url":"https:\/\/i0.wp.com\/augustocamiseiro.com\/lojaweb\/wp-content\/uploads\/2026\/03\/costume-napolitano-marinho-loro-piana-ref4487-7_augustocamiseiro.webp?fit=1564%2C1954&ssl=1","contentUrl":"https:\/\/i0.wp.com\/augustocamiseiro.com\/lojaweb\/wp-content\/uploads\/2026\/03\/costume-napolitano-marinho-loro-piana-ref4487-7_augustocamiseiro.webp?fit=1564%2C1954&ssl=1","width":1564,"height":1954,"caption":"costume napolitano marinho loro piana"},{"@type":"BreadcrumbList","@id":"https:\/\/augustocamiseiro.com\/lojaweb\/produto\/costume-loro-piana\/#breadcrumb","itemListElement":[{"@type":"ListItem","position":1,"name":"In\u00edcio","item":"https:\/\/augustocamiseiro.com\/lojaweb\/"},{"@type":"ListItem","position":2,"name":"Shop","item":"https:\/\/augustocamiseiro.com\/lojaweb\/shop\/"},{"@type":"ListItem","position":3,"name":"Costume loro Piana"}]},{"@type":"WebSite","@id":"https:\/\/augustocamiseiro.com\/lojaweb\/#website","url":"https:\/\/augustocamiseiro.com\/lojaweb\/","name":"Augusto Camiseiro","description":"Roupa Masculina","publisher":{"@id":"https:\/\/augustocamiseiro.com\/lojaweb\/#organization"},"potentialAction":[{"@type":"SearchAction","target":{"@type":"EntryPoint","urlTemplate":"https:\/\/augustocamiseiro.com\/lojaweb\/?s={search_term_string}"},"query-input":{"@type":"PropertyValueSpecification","valueRequired":true,"valueName":"search_term_string"}}],"inLanguage":"pt-BR"},{"@type":"Organization","@id":"https:\/\/augustocamiseiro.com\/lojaweb\/#organization","name":"Augusto Camiseiro","url":"https:\/\/augustocamiseiro.com\/lojaweb\/","logo":{"@type":"ImageObject","inLanguage":"pt-BR","@id":"https:\/\/augustocamiseiro.com\/lojaweb\/#\/schema\/logo\/image\/","url":"https:\/\/i0.wp.com\/augustocamiseiro.com\/lojaweb\/wp-content\/uploads\/2024\/04\/cropped-logo-augusto-white-1.png?fit=550%2C310&ssl=1","contentUrl":"https:\/\/i0.wp.com\/augustocamiseiro.com\/lojaweb\/wp-content\/uploads\/2024\/04\/cropped-logo-augusto-white-1.png?fit=550%2C310&ssl=1","width":550,"height":310,"caption":"Augusto Camiseiro"},"image":{"@id":"https:\/\/augustocamiseiro.com\/lojaweb\/#\/schema\/logo\/image\/"}}]}},"jetpack_sharing_enabled":true,"_links":{"self":[{"href":"https:\/\/augustocamiseiro.com\/lojaweb\/wp-json\/wp\/v2\/product\/51202","targetHints":{"allow":["GET"]}}],"collection":[{"href":"https:\/\/augustocamiseiro.com\/lojaweb\/wp-json\/wp\/v2\/product"}],"about":[{"href":"https:\/\/augustocamiseiro.com\/lojaweb\/wp-json\/wp\/v2\/types\/product"}],"replies":[{"embeddable":true,"href":"https:\/\/augustocamiseiro.com\/lojaweb\/wp-json\/wp\/v2\/comments?post=51202"}],"wp:featuredmedia":[{"embeddable":true,"href":"https:\/\/augustocamiseiro.com\/lojaweb\/wp-json\/wp\/v2\/media\/50952"}],"wp:attachment":[{"href":"https:\/\/augustocamiseiro.com\/lojaweb\/wp-json\/wp\/v2\/media?parent=51202"}],"wp:term":[{"taxonomy":"product_brand","embeddable":true,"href":"https:\/\/augustocamiseiro.com\/lojaweb\/wp-json\/wp\/v2\/product_brand?post=51202"},{"taxonomy":"product_cat","embeddable":true,"href":"https:\/\/augustocamiseiro.com\/lojaweb\/wp-json\/wp\/v2\/product_cat?post=51202"},{"taxonomy":"product_tag","embeddable":true,"href":"https:\/\/augustocamiseiro.com\/lojaweb\/wp-json\/wp\/v2\/product_tag?post=51202"}],"curies":[{"name":"wp","href":"https:\/\/api.w.org\/{rel}","templated":true}]}}