{"id":51111,"date":"2026-04-16T13:36:51","date_gmt":"2026-04-16T13:36:51","guid":{"rendered":"https:\/\/augustocamiseiro.com\/lojaweb\/?post_type=product&#038;p=51111"},"modified":"2026-04-17T20:38:02","modified_gmt":"2026-04-17T20:38:02","slug":"malha-de-la-merino-azul","status":"publish","type":"product","link":"https:\/\/augustocamiseiro.com\/lojaweb\/produto\/malha-de-la-merino-azul\/","title":{"rendered":"Malha de L\u00e3 Merino Azul"},"content":{"rendered":"<p>Nossa malha de l\u00e3 merino \u00e9 uma pe\u00e7a muito confort\u00e1vel, leve e agrad\u00e1vel. Uma excelente op\u00e7\u00e3o para o inverno e para diversas ocasi\u00f5es. Produzida na It\u00e1lia com tecido 100% L\u00e3 Merino, tem como resultado uma malha muito leve, mas que protege muito bem o corpo devido \u00e0 l\u00e3 Merino.<\/p>\n<p>&nbsp;<\/p>\n<h6><span style=\"font-size: 14pt\"><em>Origem da l\u00e3 Merino<\/em><\/span><\/h6>\n<p>A l\u00e3 merino prov\u00e9m de um tipos espec\u00edfico de ovelha, de origem espanhola. Essa ovelha proporciona uma l\u00e3 macia e fina, capaz de se adaptar a uma grande variedade de climas diferentes, al\u00e9m de manter o calor do corpo em temperaturas mais frias. Al\u00e9m disso, \u00e9 tecido resistente a odores.<\/p>\n","protected":false},"excerpt":{"rendered":"<p>Malha de l\u00e3 merino azul \u00e9 fabricada na It\u00e1lia com tecido 100% l\u00e3 Merino. \u00d3tima escolha para dias frios, com um toque gostoso e muito macio. Malha fina e quente. Protege muito bem o corpo.<\/p>\n","protected":false},"featured_media":51006,"comment_status":"open","ping_status":"closed","template":"","meta":{"_acf_changed":false},"product_brand":[],"product_cat":[1326,1491,1492],"product_tag":[871,659,861,1328,873,864,874,2484,572,2505,866,857,2019,867,2504,2492],"class_list":{"0":"post-51111","1":"product","2":"type-product","3":"status-publish","4":"has-post-thumbnail","6":"product_cat-malhas","7":"product_cat-sueters","8":"product_cat-tricots","9":"product_tag-la-merino","10":"product_tag-malha","11":"product_tag-malha-azul","12":"product_tag-malha-azul-marinho","13":"product_tag-malha-la-merino","14":"product_tag-malha-marinho","15":"product_tag-malha-masculina","16":"product_tag-sueter-azul","17":"product_tag-sueter-azul-marinho","18":"product_tag-sueter-azul-masculino","19":"product_tag-tricot-azul","20":"product_tag-tricot-azul-marinho","21":"product_tag-tricot-azul-masculino","22":"product_tag-tricot-em-gola-v","23":"product_tag-tricot-marinho-masculino","24":"product_tag-tricot-masculino","26":"first","27":"instock","28":"taxable","29":"shipping-taxable","30":"purchasable","31":"product-type-variable"},"acf":[],"yoast_head":"<!-- This site is optimized with the Yoast SEO plugin v25.3.1 - https:\/\/yoast.com\/wordpress\/plugins\/seo\/ -->\n<title>Malha de L\u00e3 Merino Azul - Augusto Camiseiro<\/title>\n<meta name=\"description\" content=\"Malha de l\u00e3 Merino produzida na It\u00e1lia. Malha leve e confort\u00e1vel, uma \u00f3tima escolha para usar no inverno. Na cor marinho\" \/>\n<meta name=\"robots\" content=\"index, follow, max-snippet:-1, max-image-preview:large, max-video-preview:-1\" \/>\n<link rel=\"canonical\" href=\"https:\/\/augustocamiseiro.com\/lojaweb\/produto\/malha-de-la-merino-azul\/\" \/>\n<meta property=\"og:locale\" content=\"pt_BR\" \/>\n<meta property=\"og:type\" content=\"article\" \/>\n<meta property=\"og:title\" content=\"Malha de L\u00e3 Merino Azul - Augusto Camiseiro\" \/>\n<meta property=\"og:description\" content=\"Malha de l\u00e3 Merino produzida na It\u00e1lia. Malha leve e confort\u00e1vel, uma \u00f3tima escolha para usar no inverno. Na cor marinho\" \/>\n<meta property=\"og:url\" content=\"https:\/\/augustocamiseiro.com\/lojaweb\/produto\/malha-de-la-merino-azul\/\" \/>\n<meta property=\"og:site_name\" content=\"Augusto Camiseiro\" \/>\n<meta property=\"article:modified_time\" content=\"2026-04-17T20:38:02+00:00\" \/>\n<meta property=\"og:image\" content=\"https:\/\/augustocamiseiro.com\/lojaweb\/wp-content\/uploads\/2026\/04\/malha-tricot-merino-azul-jeans-ref4459-4_augustocamiseiro.webp\" \/>\n\t<meta property=\"og:image:width\" content=\"1300\" \/>\n\t<meta property=\"og:image:height\" content=\"1625\" \/>\n\t<meta property=\"og:image:type\" content=\"image\/webp\" \/>\n<meta name=\"twitter:card\" content=\"summary_large_image\" \/>\n<meta name=\"twitter:label1\" content=\"Est. tempo de leitura\" \/>\n\t<meta name=\"twitter:data1\" content=\"1 minuto\" \/>\n<!-- \/ Yoast SEO plugin. -->","yoast_head_json":{"title":"Malha de L\u00e3 Merino Azul - Augusto Camiseiro","description":"Malha de l\u00e3 Merino produzida na It\u00e1lia. Malha leve e confort\u00e1vel, uma \u00f3tima escolha para usar no inverno. Na cor marinho","robots":{"index":"index","follow":"follow","max-snippet":"max-snippet:-1","max-image-preview":"max-image-preview:large","max-video-preview":"max-video-preview:-1"},"canonical":"https:\/\/augustocamiseiro.com\/lojaweb\/produto\/malha-de-la-merino-azul\/","og_locale":"pt_BR","og_type":"article","og_title":"Malha de L\u00e3 Merino Azul - Augusto Camiseiro","og_description":"Malha de l\u00e3 Merino produzida na It\u00e1lia. Malha leve e confort\u00e1vel, uma \u00f3tima escolha para usar no inverno. Na cor marinho","og_url":"https:\/\/augustocamiseiro.com\/lojaweb\/produto\/malha-de-la-merino-azul\/","og_site_name":"Augusto Camiseiro","article_modified_time":"2026-04-17T20:38:02+00:00","og_image":[{"width":1300,"height":1625,"url":"https:\/\/augustocamiseiro.com\/lojaweb\/wp-content\/uploads\/2026\/04\/malha-tricot-merino-azul-jeans-ref4459-4_augustocamiseiro.webp","type":"image\/webp"}],"twitter_card":"summary_large_image","twitter_misc":{"Est. tempo de leitura":"1 minuto"},"schema":{"@context":"https:\/\/schema.org","@graph":[{"@type":"WebPage","@id":"https:\/\/augustocamiseiro.com\/lojaweb\/produto\/malha-de-la-merino-azul\/","url":"https:\/\/augustocamiseiro.com\/lojaweb\/produto\/malha-de-la-merino-azul\/","name":"Malha de L\u00e3 Merino Azul - Augusto Camiseiro","isPartOf":{"@id":"https:\/\/augustocamiseiro.com\/lojaweb\/#website"},"primaryImageOfPage":{"@id":"https:\/\/augustocamiseiro.com\/lojaweb\/produto\/malha-de-la-merino-azul\/#primaryimage"},"image":{"@id":"https:\/\/augustocamiseiro.com\/lojaweb\/produto\/malha-de-la-merino-azul\/#primaryimage"},"thumbnailUrl":"https:\/\/i0.wp.com\/augustocamiseiro.com\/lojaweb\/wp-content\/uploads\/2026\/04\/malha-tricot-merino-azul-jeans-ref4459-4_augustocamiseiro.webp?fit=1300%2C1625&ssl=1","datePublished":"2026-04-16T13:36:51+00:00","dateModified":"2026-04-17T20:38:02+00:00","description":"Malha de l\u00e3 Merino produzida na It\u00e1lia. Malha leve e confort\u00e1vel, uma \u00f3tima escolha para usar no inverno. Na cor marinho","breadcrumb":{"@id":"https:\/\/augustocamiseiro.com\/lojaweb\/produto\/malha-de-la-merino-azul\/#breadcrumb"},"inLanguage":"pt-BR","potentialAction":[{"@type":"ReadAction","target":["https:\/\/augustocamiseiro.com\/lojaweb\/produto\/malha-de-la-merino-azul\/"]}]},{"@type":"ImageObject","inLanguage":"pt-BR","@id":"https:\/\/augustocamiseiro.com\/lojaweb\/produto\/malha-de-la-merino-azul\/#primaryimage","url":"https:\/\/i0.wp.com\/augustocamiseiro.com\/lojaweb\/wp-content\/uploads\/2026\/04\/malha-tricot-merino-azul-jeans-ref4459-4_augustocamiseiro.webp?fit=1300%2C1625&ssl=1","contentUrl":"https:\/\/i0.wp.com\/augustocamiseiro.com\/lojaweb\/wp-content\/uploads\/2026\/04\/malha-tricot-merino-azul-jeans-ref4459-4_augustocamiseiro.webp?fit=1300%2C1625&ssl=1","width":1300,"height":1625,"caption":"malha tricot merino azul jeans"},{"@type":"BreadcrumbList","@id":"https:\/\/augustocamiseiro.com\/lojaweb\/produto\/malha-de-la-merino-azul\/#breadcrumb","itemListElement":[{"@type":"ListItem","position":1,"name":"In\u00edcio","item":"https:\/\/augustocamiseiro.com\/lojaweb\/"},{"@type":"ListItem","position":2,"name":"Shop","item":"https:\/\/augustocamiseiro.com\/lojaweb\/shop\/"},{"@type":"ListItem","position":3,"name":"Malha de L\u00e3 Merino Azul"}]},{"@type":"WebSite","@id":"https:\/\/augustocamiseiro.com\/lojaweb\/#website","url":"https:\/\/augustocamiseiro.com\/lojaweb\/","name":"Augusto Camiseiro","description":"Roupa Masculina","publisher":{"@id":"https:\/\/augustocamiseiro.com\/lojaweb\/#organization"},"potentialAction":[{"@type":"SearchAction","target":{"@type":"EntryPoint","urlTemplate":"https:\/\/augustocamiseiro.com\/lojaweb\/?s={search_term_string}"},"query-input":{"@type":"PropertyValueSpecification","valueRequired":true,"valueName":"search_term_string"}}],"inLanguage":"pt-BR"},{"@type":"Organization","@id":"https:\/\/augustocamiseiro.com\/lojaweb\/#organization","name":"Augusto Camiseiro","url":"https:\/\/augustocamiseiro.com\/lojaweb\/","logo":{"@type":"ImageObject","inLanguage":"pt-BR","@id":"https:\/\/augustocamiseiro.com\/lojaweb\/#\/schema\/logo\/image\/","url":"https:\/\/i0.wp.com\/augustocamiseiro.com\/lojaweb\/wp-content\/uploads\/2024\/04\/cropped-logo-augusto-white-1.png?fit=550%2C310&ssl=1","contentUrl":"https:\/\/i0.wp.com\/augustocamiseiro.com\/lojaweb\/wp-content\/uploads\/2024\/04\/cropped-logo-augusto-white-1.png?fit=550%2C310&ssl=1","width":550,"height":310,"caption":"Augusto Camiseiro"},"image":{"@id":"https:\/\/augustocamiseiro.com\/lojaweb\/#\/schema\/logo\/image\/"}}]}},"jetpack_sharing_enabled":true,"_links":{"self":[{"href":"https:\/\/augustocamiseiro.com\/lojaweb\/wp-json\/wp\/v2\/product\/51111","targetHints":{"allow":["GET"]}}],"collection":[{"href":"https:\/\/augustocamiseiro.com\/lojaweb\/wp-json\/wp\/v2\/product"}],"about":[{"href":"https:\/\/augustocamiseiro.com\/lojaweb\/wp-json\/wp\/v2\/types\/product"}],"replies":[{"embeddable":true,"href":"https:\/\/augustocamiseiro.com\/lojaweb\/wp-json\/wp\/v2\/comments?post=51111"}],"wp:featuredmedia":[{"embeddable":true,"href":"https:\/\/augustocamiseiro.com\/lojaweb\/wp-json\/wp\/v2\/media\/51006"}],"wp:attachment":[{"href":"https:\/\/augustocamiseiro.com\/lojaweb\/wp-json\/wp\/v2\/media?parent=51111"}],"wp:term":[{"taxonomy":"product_brand","embeddable":true,"href":"https:\/\/augustocamiseiro.com\/lojaweb\/wp-json\/wp\/v2\/product_brand?post=51111"},{"taxonomy":"product_cat","embeddable":true,"href":"https:\/\/augustocamiseiro.com\/lojaweb\/wp-json\/wp\/v2\/product_cat?post=51111"},{"taxonomy":"product_tag","embeddable":true,"href":"https:\/\/augustocamiseiro.com\/lojaweb\/wp-json\/wp\/v2\/product_tag?post=51111"}],"curies":[{"name":"wp","href":"https:\/\/api.w.org\/{rel}","templated":true}]}}