{"id":50909,"date":"2026-03-27T19:55:02","date_gmt":"2026-03-27T19:55:02","guid":{"rendered":"https:\/\/augustocamiseiro.com\/lojaweb\/?post_type=product&#038;p=50909"},"modified":"2026-05-14T19:55:51","modified_gmt":"2026-05-14T19:55:51","slug":"cardigan-masculino-bege","status":"publish","type":"product","link":"https:\/\/augustocamiseiro.com\/lojaweb\/produto\/cardigan-masculino-bege\/","title":{"rendered":"Cardigan Masculino Bege"},"content":{"rendered":"<h4><strong>Descri\u00e7\u00e3o:<\/strong><\/h4>\n<p>Cardigan masculino, uma malha perfeita para o inverno. Sua abertura e fechamento por bot\u00e3o. Seu tecido composto com acr\u00edlico d\u00e1 um toque a mais de eleg\u00e2ncia, al\u00e9m de ser uma pe\u00e7a cl\u00e1ssica, \u00e9 uma excelente op\u00e7\u00e3o para diferentes estilos e ocasi\u00f5es, sejam eles, restaurantes, trabalho, eventos casuais, viagens. Na sua tonalidade bege, oferece classe e estilo.<\/p>\n<h4><\/h4>\n<h4><strong>Looks:<\/strong><\/h4>\n<p>Muito vers\u00e1til para combina\u00e7\u00f5es com camisas e cal\u00e7as sociais para looks mais formais, sendo poss\u00edvel ser acompanhado com um blazer dando um toque chique e refinado. Assim como uma<a href=\"https:\/\/augustocamiseiro.com\/lojaweb\/produto\/camiseta-pima-premium-branca\/?swcfpc=1\">\u00a0camiseta pima<\/a> ou <a href=\"https:\/\/augustocamiseiro.com\/lojaweb\/produto\/polo-pima-sem-botao-cinza-mescla-2\/?swcfpc=1\">polo<\/a> e <a href=\"https:\/\/augustocamiseiro.com\/lojaweb\/produto\/calca-jeans-black\/?swcfpc=1\">cal\u00e7a jeans<\/a> para um look mais casual e esportivo.<\/p>\n<p>&nbsp;<\/p>\n<h4><strong>Composi\u00e7\u00e3o:<\/strong><\/h4>\n<ul>\n<li>50% acr\u00edlico<\/li>\n<li>50% algod\u00e3o<\/li>\n<\/ul>\n","protected":false},"excerpt":{"rendered":"<p>Cardigan masculino, na sua tonalidade bege, oferece leveza e conforto para os dias mais frios. Uma pe\u00e7a sofisticada para ter em seu guarda-roupa.<\/p>\n","protected":false},"featured_media":50891,"comment_status":"open","ping_status":"closed","template":"","meta":{"_acf_changed":false},"product_brand":[],"product_cat":[1326,1491,1492],"product_tag":[2474,2476,2479,2475,2478,310,1998,2004,2128,1571,2035,2114,1979,1406,2036,1997,2132,1641,1744,563,2477],"class_list":{"0":"post-50909","1":"product","2":"type-product","3":"status-publish","4":"has-post-thumbnail","6":"product_cat-malhas","7":"product_cat-sueters","8":"product_cat-tricots","9":"product_tag-cardigan","10":"product_tag-cardigan-bege","11":"product_tag-cardigan-casual","12":"product_tag-cardigan-masculino","13":"product_tag-cardigan-social","14":"product_tag-inverno","15":"product_tag-inverno-masculino","16":"product_tag-malha-bege","17":"product_tag-moda-alfaiataria","18":"product_tag-moda-alta-padrao","19":"product_tag-moda-casual","20":"product_tag-moda-casual-masculina","21":"product_tag-moda-inverno","22":"product_tag-moda-masculina","23":"product_tag-moda-masculina-elegante","24":"product_tag-moda-masculina-inverno","25":"product_tag-moda-moderna","26":"product_tag-moda-social","27":"product_tag-moda-social-masculina","28":"product_tag-sueter","29":"product_tag-sueter-bege","31":"first","32":"instock","33":"taxable","34":"shipping-taxable","35":"purchasable","36":"product-type-variable"},"acf":[],"yoast_head":"<!-- This site is optimized with the Yoast SEO plugin v25.3.1 - https:\/\/yoast.com\/wordpress\/plugins\/seo\/ -->\n<title>Cardigan Masculino Bege - Augusto Camiseiro<\/title>\n<meta name=\"description\" content=\"Cardigan Masculino Bege. Um agasalho leve e casual para dias mais frios. Apresentada na cor bege e fechadura por bot\u00f5es. Um cl\u00e1ssico com muita eleg\u00e2ncia.\" \/>\n<meta name=\"robots\" content=\"index, follow, max-snippet:-1, max-image-preview:large, max-video-preview:-1\" \/>\n<link rel=\"canonical\" href=\"https:\/\/augustocamiseiro.com\/lojaweb\/produto\/cardigan-masculino-bege\/\" \/>\n<meta property=\"og:locale\" content=\"pt_BR\" \/>\n<meta property=\"og:type\" content=\"article\" \/>\n<meta property=\"og:title\" content=\"Cardigan Masculino Bege - Augusto Camiseiro\" \/>\n<meta property=\"og:description\" content=\"Cardigan Masculino Bege. Um agasalho leve e casual para dias mais frios. Apresentada na cor bege e fechadura por bot\u00f5es. Um cl\u00e1ssico com muita eleg\u00e2ncia.\" \/>\n<meta property=\"og:url\" content=\"https:\/\/augustocamiseiro.com\/lojaweb\/produto\/cardigan-masculino-bege\/\" \/>\n<meta property=\"og:site_name\" content=\"Augusto Camiseiro\" \/>\n<meta property=\"article:modified_time\" content=\"2026-05-14T19:55:51+00:00\" \/>\n<meta property=\"og:image\" content=\"https:\/\/augustocamiseiro.com\/lojaweb\/wp-content\/uploads\/2026\/03\/malha-tricot-cardigan-bege-ref4472-6_augustocamiseiro.webp\" \/>\n\t<meta property=\"og:image:width\" content=\"1500\" \/>\n\t<meta property=\"og:image:height\" content=\"1878\" \/>\n\t<meta property=\"og:image:type\" content=\"image\/webp\" \/>\n<meta name=\"twitter:card\" content=\"summary_large_image\" \/>\n<meta name=\"twitter:label1\" content=\"Est. tempo de leitura\" \/>\n\t<meta name=\"twitter:data1\" content=\"1 minuto\" \/>\n<!-- \/ Yoast SEO plugin. -->","yoast_head_json":{"title":"Cardigan Masculino Bege - Augusto Camiseiro","description":"Cardigan Masculino Bege. Um agasalho leve e casual para dias mais frios. Apresentada na cor bege e fechadura por bot\u00f5es. Um cl\u00e1ssico com muita eleg\u00e2ncia.","robots":{"index":"index","follow":"follow","max-snippet":"max-snippet:-1","max-image-preview":"max-image-preview:large","max-video-preview":"max-video-preview:-1"},"canonical":"https:\/\/augustocamiseiro.com\/lojaweb\/produto\/cardigan-masculino-bege\/","og_locale":"pt_BR","og_type":"article","og_title":"Cardigan Masculino Bege - Augusto Camiseiro","og_description":"Cardigan Masculino Bege. Um agasalho leve e casual para dias mais frios. Apresentada na cor bege e fechadura por bot\u00f5es. Um cl\u00e1ssico com muita eleg\u00e2ncia.","og_url":"https:\/\/augustocamiseiro.com\/lojaweb\/produto\/cardigan-masculino-bege\/","og_site_name":"Augusto Camiseiro","article_modified_time":"2026-05-14T19:55:51+00:00","og_image":[{"width":1500,"height":1878,"url":"https:\/\/augustocamiseiro.com\/lojaweb\/wp-content\/uploads\/2026\/03\/malha-tricot-cardigan-bege-ref4472-6_augustocamiseiro.webp","type":"image\/webp"}],"twitter_card":"summary_large_image","twitter_misc":{"Est. tempo de leitura":"1 minuto"},"schema":{"@context":"https:\/\/schema.org","@graph":[{"@type":"WebPage","@id":"https:\/\/augustocamiseiro.com\/lojaweb\/produto\/cardigan-masculino-bege\/","url":"https:\/\/augustocamiseiro.com\/lojaweb\/produto\/cardigan-masculino-bege\/","name":"Cardigan Masculino Bege - Augusto Camiseiro","isPartOf":{"@id":"https:\/\/augustocamiseiro.com\/lojaweb\/#website"},"primaryImageOfPage":{"@id":"https:\/\/augustocamiseiro.com\/lojaweb\/produto\/cardigan-masculino-bege\/#primaryimage"},"image":{"@id":"https:\/\/augustocamiseiro.com\/lojaweb\/produto\/cardigan-masculino-bege\/#primaryimage"},"thumbnailUrl":"https:\/\/i0.wp.com\/augustocamiseiro.com\/lojaweb\/wp-content\/uploads\/2026\/03\/malha-tricot-cardigan-bege-ref4472-6_augustocamiseiro.webp?fit=1500%2C1878&ssl=1","datePublished":"2026-03-27T19:55:02+00:00","dateModified":"2026-05-14T19:55:51+00:00","description":"Cardigan Masculino Bege. Um agasalho leve e casual para dias mais frios. Apresentada na cor bege e fechadura por bot\u00f5es. Um cl\u00e1ssico com muita eleg\u00e2ncia.","breadcrumb":{"@id":"https:\/\/augustocamiseiro.com\/lojaweb\/produto\/cardigan-masculino-bege\/#breadcrumb"},"inLanguage":"pt-BR","potentialAction":[{"@type":"ReadAction","target":["https:\/\/augustocamiseiro.com\/lojaweb\/produto\/cardigan-masculino-bege\/"]}]},{"@type":"ImageObject","inLanguage":"pt-BR","@id":"https:\/\/augustocamiseiro.com\/lojaweb\/produto\/cardigan-masculino-bege\/#primaryimage","url":"https:\/\/i0.wp.com\/augustocamiseiro.com\/lojaweb\/wp-content\/uploads\/2026\/03\/malha-tricot-cardigan-bege-ref4472-6_augustocamiseiro.webp?fit=1500%2C1878&ssl=1","contentUrl":"https:\/\/i0.wp.com\/augustocamiseiro.com\/lojaweb\/wp-content\/uploads\/2026\/03\/malha-tricot-cardigan-bege-ref4472-6_augustocamiseiro.webp?fit=1500%2C1878&ssl=1","width":1500,"height":1878,"caption":"malha tricot cardigan bege"},{"@type":"BreadcrumbList","@id":"https:\/\/augustocamiseiro.com\/lojaweb\/produto\/cardigan-masculino-bege\/#breadcrumb","itemListElement":[{"@type":"ListItem","position":1,"name":"In\u00edcio","item":"https:\/\/augustocamiseiro.com\/lojaweb\/"},{"@type":"ListItem","position":2,"name":"Shop","item":"https:\/\/augustocamiseiro.com\/lojaweb\/shop\/"},{"@type":"ListItem","position":3,"name":"Cardigan Masculino Bege"}]},{"@type":"WebSite","@id":"https:\/\/augustocamiseiro.com\/lojaweb\/#website","url":"https:\/\/augustocamiseiro.com\/lojaweb\/","name":"Augusto Camiseiro","description":"Roupa Masculina","publisher":{"@id":"https:\/\/augustocamiseiro.com\/lojaweb\/#organization"},"potentialAction":[{"@type":"SearchAction","target":{"@type":"EntryPoint","urlTemplate":"https:\/\/augustocamiseiro.com\/lojaweb\/?s={search_term_string}"},"query-input":{"@type":"PropertyValueSpecification","valueRequired":true,"valueName":"search_term_string"}}],"inLanguage":"pt-BR"},{"@type":"Organization","@id":"https:\/\/augustocamiseiro.com\/lojaweb\/#organization","name":"Augusto Camiseiro","url":"https:\/\/augustocamiseiro.com\/lojaweb\/","logo":{"@type":"ImageObject","inLanguage":"pt-BR","@id":"https:\/\/augustocamiseiro.com\/lojaweb\/#\/schema\/logo\/image\/","url":"https:\/\/i0.wp.com\/augustocamiseiro.com\/lojaweb\/wp-content\/uploads\/2024\/04\/cropped-logo-augusto-white-1.png?fit=550%2C310&ssl=1","contentUrl":"https:\/\/i0.wp.com\/augustocamiseiro.com\/lojaweb\/wp-content\/uploads\/2024\/04\/cropped-logo-augusto-white-1.png?fit=550%2C310&ssl=1","width":550,"height":310,"caption":"Augusto Camiseiro"},"image":{"@id":"https:\/\/augustocamiseiro.com\/lojaweb\/#\/schema\/logo\/image\/"}}]}},"jetpack_sharing_enabled":true,"_links":{"self":[{"href":"https:\/\/augustocamiseiro.com\/lojaweb\/wp-json\/wp\/v2\/product\/50909","targetHints":{"allow":["GET"]}}],"collection":[{"href":"https:\/\/augustocamiseiro.com\/lojaweb\/wp-json\/wp\/v2\/product"}],"about":[{"href":"https:\/\/augustocamiseiro.com\/lojaweb\/wp-json\/wp\/v2\/types\/product"}],"replies":[{"embeddable":true,"href":"https:\/\/augustocamiseiro.com\/lojaweb\/wp-json\/wp\/v2\/comments?post=50909"}],"wp:featuredmedia":[{"embeddable":true,"href":"https:\/\/augustocamiseiro.com\/lojaweb\/wp-json\/wp\/v2\/media\/50891"}],"wp:attachment":[{"href":"https:\/\/augustocamiseiro.com\/lojaweb\/wp-json\/wp\/v2\/media?parent=50909"}],"wp:term":[{"taxonomy":"product_brand","embeddable":true,"href":"https:\/\/augustocamiseiro.com\/lojaweb\/wp-json\/wp\/v2\/product_brand?post=50909"},{"taxonomy":"product_cat","embeddable":true,"href":"https:\/\/augustocamiseiro.com\/lojaweb\/wp-json\/wp\/v2\/product_cat?post=50909"},{"taxonomy":"product_tag","embeddable":true,"href":"https:\/\/augustocamiseiro.com\/lojaweb\/wp-json\/wp\/v2\/product_tag?post=50909"}],"curies":[{"name":"wp","href":"https:\/\/api.w.org\/{rel}","templated":true}]}}