{"id":46588,"date":"2025-12-04T18:05:18","date_gmt":"2025-12-04T18:05:18","guid":{"rendered":"https:\/\/augustocamiseiro.com\/lojaweb\/?post_type=product&#038;p=46588"},"modified":"2026-04-20T21:11:18","modified_gmt":"2026-04-20T21:11:18","slug":"camisa-filafil","status":"publish","type":"product","link":"https:\/\/augustocamiseiro.com\/lojaweb\/produto\/camisa-filafil\/","title":{"rendered":"Camisa Filafil"},"content":{"rendered":"<p><strong>Detalhes do produto:<\/strong><\/p>\n<ul data-path-to-node=\"4\">\n<li>\n<p data-path-to-node=\"4,0,0\"><span data-path-to-node=\"4,0,0,1\"><span class=\"citation-66\">Algod\u00e3o eg\u00edpcio de fibra longa (fio 80&#215;2)<\/span><\/span><span data-path-to-node=\"4,0,0,3\">.<\/span><\/p>\n<\/li>\n<li>\n<p data-path-to-node=\"4,1,0\">Tecido fil-\u00e0-fil produzido no Brasil.<\/p>\n<\/li>\n<li>\n<p data-path-to-node=\"4,2,0\">Costuras rebatidas artesanais.<\/p>\n<\/li>\n<li>\n<p data-path-to-node=\"4,3,0\">Colarinho estruturado.<\/p>\n<\/li>\n<li>\n<p data-path-to-node=\"4,4,0\">Pences traseiras para acinturamento.<\/p>\n<\/li>\n<li>\n<p data-path-to-node=\"4,5,0\">Frente lisa sem bolso.<\/p>\n<\/li>\n<\/ul>\n<p><strong>Sugest\u00f5es de usos: <\/strong><span data-path-to-node=\"5,2\"><span class=\"citation-65\">Combine-a com costumes cinza ou marinho para manter o rigor formal em reuni\u00f5es de neg\u00f3cios<\/span><\/span><span data-path-to-node=\"5,4\">. <\/span><span data-path-to-node=\"5,6\"><span class=\"citation-64\">A versatilidade do azul fil-\u00e0-fil permite dispensar a gravata sob um blazer de l\u00e3 fria, aproveitando a estrutura do colarinho para manter a apresenta\u00e7\u00e3o impec\u00e1vel ao longo do dia<\/span><\/span><span data-path-to-node=\"5,8\">. Em ocasi\u00f5es menos formais, utilize-a com cal\u00e7as de sarja em tons neutros e sapatos oxford.<\/span><\/p>\n<p>Experimente este look de <span style=\"color: #00ffff\"><a style=\"color: #00ffff\" href=\"https:\/\/augustocamiseiro.com\/lojaweb\/produto\/calca-de-moletom\/?swcfpc=1\"><span style=\"color: #0000ff\">cal\u00e7a moletom<\/span><\/a><\/span> e \u00a0<span style=\"color: #00ffff\"><a style=\"color: #00ffff\" href=\"https:\/\/augustocamiseiro.com\/lojaweb\/produto\/blazer-azul-canonico\/?swcfpc=1\"><span style=\"color: #0000ff\">blazer azul\u00a0 <\/span><\/a><\/span>e como resultado vai ter um bel\u00edssimo look. Bem como esta<span style=\"color: #0000ff\"><a style=\"color: #0000ff\" href=\"https:\/\/www.instagram.com\/p\/CK7OG3qsBzp\/\" target=\"_blank\" rel=\"noopener\"> combina\u00e7\u00e3o<\/a>, <\/span>somente invertendo as pe\u00e7as. Eventualmente pode usar um <a href=\"https:\/\/augustocamiseiro.com\/lojaweb\/produto\/costume-xadrez-cinza\/?swcfpc=1\"><span style=\"color: #00ffff\"><span style=\"color: #0000ff\">costume xadrez cinza<\/span><\/span><\/a>\u00a0e uma <span style=\"color: #00ffff\"><a style=\"color: #00ffff\" href=\"https:\/\/augustocamiseiro.com\/lojaweb\/produto\/gravata-marinho-com-elos\/?swcfpc=1\"><span style=\"color: #0000ff\">gravata marinho. <\/span><\/a><\/span>N\u00e3o apenas os azuis v\u00e3o bem com esta camisa. E que tal estas <span style=\"color: #00ffff\"><a style=\"color: #00ffff\" href=\"https:\/\/www.instagram.com\/p\/CIROWXjrR9D\/\" target=\"_blank\" rel=\"noopener\"><span style=\"color: #0000ff\">composi\u00e7\u00f5es<\/span><\/a><\/span>?<\/p>\n<p>Surpreendentemente, trocando por uma <a href=\"https:\/\/augustocamiseiro.com\/lojaweb\/produto\/bermuda-sarja-bege-de-algodao-elastano\/?swcfpc=1\"><span style=\"color: #00ffff\"><span style=\"color: #0000ff\">bermuda bege<\/span><\/span><\/a> e um <a href=\"https:\/\/augustocamiseiro.com\/lojaweb\/produto\/tenis-casual\/?swcfpc=1\"><span style=\"color: #00ffff\"><span style=\"color: #0000ff\">sapat\u00eanis<\/span><\/span><\/a>, e est\u00e1 pronto para um almo\u00e7o de domingo.<\/p>\n<p data-path-to-node=\"6\"><span data-path-to-node=\"6,2\"><span class=\"citation-63 interactive-span-hovered\"><strong>Cuidados com a pe\u00e7a<\/strong>: Lave a camisa \u00e0 m\u00e3o ou em ciclo delicado para preservar as fibras longas do algod\u00e3o<\/span><\/span><span data-path-to-node=\"6,4\">. Evite secadoras, pois o calor compromete a durabilidade das costuras artesanais e encolhe o tecido natural. Passe a pe\u00e7a ainda levemente \u00famida para facilitar o alisamento e armazene-a em cabides estruturados para conservar o formato do colarinho e dos ombros.<\/span><\/p>\n","protected":false},"excerpt":{"rendered":"<p><span data-path-to-node=\"2,1\"><span class=\"citation-68\">Fabricamos esta pe\u00e7a em nossa oficina pr\u00f3pria com os mesmos processos e aviamentos das nossas camisas sob medida<\/span><\/span><span data-path-to-node=\"2,3\">. O tecido fil-\u00e0-fil de puro algod\u00e3o eg\u00edpcio (fio 80&#215;2) combina resist\u00eancia e leveza, resultando em uma pe\u00e7a de toque suave que amassa pouco durante o expediente. <\/span><span data-path-to-node=\"2,5\"><span class=\"citation-67\">A modelagem ganha ajuste preciso atrav\u00e9s das pences traseiras, enquanto a frente lisa e o colarinho estruturado garantem uma silhueta limpa para o ambiente corporativo<\/span><\/span><span data-path-to-node=\"2,7\">.<\/span><\/p>\n","protected":false},"featured_media":42719,"comment_status":"open","ping_status":"closed","template":"","meta":{"_acf_changed":false},"product_brand":[],"product_cat":[1067],"product_tag":[434,442,2432,2434,2430,740,1675,2078,437,444,1771,2433,456,2431,2079],"class_list":{"0":"post-46588","1":"product","2":"type-product","3":"status-publish","4":"has-post-thumbnail","6":"product_cat-camisas","7":"product_tag-camisa","8":"product_tag-camisa-azul","9":"product_tag-camisa-de-popeline-azul","10":"product_tag-camisa-filafil","11":"product_tag-camisa-fio-a-fio","12":"product_tag-camisa-masculina","13":"product_tag-camisa-masculina-azul","14":"product_tag-camisa-popeline","15":"product_tag-camisa-social","16":"product_tag-camisa-social-azul","17":"product_tag-camisa-social-masculina","18":"product_tag-filafil","19":"product_tag-fio-80-2","20":"product_tag-fio-a-fio","21":"product_tag-popeline","23":"first","24":"instock","25":"taxable","26":"shipping-taxable","27":"purchasable","28":"product-type-variable"},"acf":[],"yoast_head":"<!-- This site is optimized with the Yoast SEO plugin v25.3.1 - https:\/\/yoast.com\/wordpress\/plugins\/seo\/ -->\n<title>Camisa Filafil - Augusto Camiseiro<\/title>\n<meta name=\"description\" content=\"Camisa azul social filafil. Puro algod\u00e3o de fibra longa fio 80\/2 . Fabrica\u00e7\u00e3o pr\u00f3pria e acabamento artesanal. Pe\u00e7a cl\u00e1ssica, leve e muito vers\u00e1til.\" \/>\n<meta name=\"robots\" content=\"index, follow, max-snippet:-1, max-image-preview:large, max-video-preview:-1\" \/>\n<link rel=\"canonical\" href=\"https:\/\/augustocamiseiro.com\/lojaweb\/produto\/camisa-filafil\/\" \/>\n<meta property=\"og:locale\" content=\"pt_BR\" \/>\n<meta property=\"og:type\" content=\"article\" \/>\n<meta property=\"og:title\" content=\"Camisa Filafil - Augusto Camiseiro\" \/>\n<meta property=\"og:description\" content=\"Camisa azul social filafil. Puro algod\u00e3o de fibra longa fio 80\/2 . Fabrica\u00e7\u00e3o pr\u00f3pria e acabamento artesanal. Pe\u00e7a cl\u00e1ssica, leve e muito vers\u00e1til.\" \/>\n<meta property=\"og:url\" content=\"https:\/\/augustocamiseiro.com\/lojaweb\/produto\/camisa-filafil\/\" \/>\n<meta property=\"og:site_name\" content=\"Augusto Camiseiro\" \/>\n<meta property=\"article:modified_time\" content=\"2026-04-20T21:11:18+00:00\" \/>\n<meta property=\"og:image\" content=\"https:\/\/augustocamiseiro.com\/lojaweb\/wp-content\/uploads\/2024\/12\/camisa-450-filafil-azul-ref4267.jpg\" \/>\n\t<meta property=\"og:image:width\" content=\"960\" \/>\n\t<meta property=\"og:image:height\" content=\"1200\" \/>\n\t<meta property=\"og:image:type\" content=\"image\/jpeg\" \/>\n<meta name=\"twitter:card\" content=\"summary_large_image\" \/>\n<meta name=\"twitter:label1\" content=\"Est. tempo de leitura\" \/>\n\t<meta name=\"twitter:data1\" content=\"2 minutos\" \/>\n<!-- \/ Yoast SEO plugin. -->","yoast_head_json":{"title":"Camisa Filafil - Augusto Camiseiro","description":"Camisa azul social filafil. Puro algod\u00e3o de fibra longa fio 80\/2 . Fabrica\u00e7\u00e3o pr\u00f3pria e acabamento artesanal. Pe\u00e7a cl\u00e1ssica, leve e muito vers\u00e1til.","robots":{"index":"index","follow":"follow","max-snippet":"max-snippet:-1","max-image-preview":"max-image-preview:large","max-video-preview":"max-video-preview:-1"},"canonical":"https:\/\/augustocamiseiro.com\/lojaweb\/produto\/camisa-filafil\/","og_locale":"pt_BR","og_type":"article","og_title":"Camisa Filafil - Augusto Camiseiro","og_description":"Camisa azul social filafil. Puro algod\u00e3o de fibra longa fio 80\/2 . Fabrica\u00e7\u00e3o pr\u00f3pria e acabamento artesanal. Pe\u00e7a cl\u00e1ssica, leve e muito vers\u00e1til.","og_url":"https:\/\/augustocamiseiro.com\/lojaweb\/produto\/camisa-filafil\/","og_site_name":"Augusto Camiseiro","article_modified_time":"2026-04-20T21:11:18+00:00","og_image":[{"width":960,"height":1200,"url":"https:\/\/augustocamiseiro.com\/lojaweb\/wp-content\/uploads\/2024\/12\/camisa-450-filafil-azul-ref4267.jpg","type":"image\/jpeg"}],"twitter_card":"summary_large_image","twitter_misc":{"Est. tempo de leitura":"2 minutos"},"schema":{"@context":"https:\/\/schema.org","@graph":[{"@type":"WebPage","@id":"https:\/\/augustocamiseiro.com\/lojaweb\/produto\/camisa-filafil\/","url":"https:\/\/augustocamiseiro.com\/lojaweb\/produto\/camisa-filafil\/","name":"Camisa Filafil - Augusto Camiseiro","isPartOf":{"@id":"https:\/\/augustocamiseiro.com\/lojaweb\/#website"},"primaryImageOfPage":{"@id":"https:\/\/augustocamiseiro.com\/lojaweb\/produto\/camisa-filafil\/#primaryimage"},"image":{"@id":"https:\/\/augustocamiseiro.com\/lojaweb\/produto\/camisa-filafil\/#primaryimage"},"thumbnailUrl":"https:\/\/i0.wp.com\/augustocamiseiro.com\/lojaweb\/wp-content\/uploads\/2024\/12\/camisa-450-filafil-azul-ref4267.jpg?fit=960%2C1200&ssl=1","datePublished":"2025-12-04T18:05:18+00:00","dateModified":"2026-04-20T21:11:18+00:00","description":"Camisa azul social filafil. Puro algod\u00e3o de fibra longa fio 80\/2 . Fabrica\u00e7\u00e3o pr\u00f3pria e acabamento artesanal. Pe\u00e7a cl\u00e1ssica, leve e muito vers\u00e1til.","breadcrumb":{"@id":"https:\/\/augustocamiseiro.com\/lojaweb\/produto\/camisa-filafil\/#breadcrumb"},"inLanguage":"pt-BR","potentialAction":[{"@type":"ReadAction","target":["https:\/\/augustocamiseiro.com\/lojaweb\/produto\/camisa-filafil\/"]}]},{"@type":"ImageObject","inLanguage":"pt-BR","@id":"https:\/\/augustocamiseiro.com\/lojaweb\/produto\/camisa-filafil\/#primaryimage","url":"https:\/\/i0.wp.com\/augustocamiseiro.com\/lojaweb\/wp-content\/uploads\/2024\/12\/camisa-450-filafil-azul-ref4267.jpg?fit=960%2C1200&ssl=1","contentUrl":"https:\/\/i0.wp.com\/augustocamiseiro.com\/lojaweb\/wp-content\/uploads\/2024\/12\/camisa-450-filafil-azul-ref4267.jpg?fit=960%2C1200&ssl=1","width":960,"height":1200,"caption":"Camisa Azul Filafil"},{"@type":"BreadcrumbList","@id":"https:\/\/augustocamiseiro.com\/lojaweb\/produto\/camisa-filafil\/#breadcrumb","itemListElement":[{"@type":"ListItem","position":1,"name":"In\u00edcio","item":"https:\/\/augustocamiseiro.com\/lojaweb\/"},{"@type":"ListItem","position":2,"name":"Shop","item":"https:\/\/augustocamiseiro.com\/lojaweb\/shop\/"},{"@type":"ListItem","position":3,"name":"Camisa Filafil"}]},{"@type":"WebSite","@id":"https:\/\/augustocamiseiro.com\/lojaweb\/#website","url":"https:\/\/augustocamiseiro.com\/lojaweb\/","name":"Augusto Camiseiro","description":"Roupa Masculina","publisher":{"@id":"https:\/\/augustocamiseiro.com\/lojaweb\/#organization"},"potentialAction":[{"@type":"SearchAction","target":{"@type":"EntryPoint","urlTemplate":"https:\/\/augustocamiseiro.com\/lojaweb\/?s={search_term_string}"},"query-input":{"@type":"PropertyValueSpecification","valueRequired":true,"valueName":"search_term_string"}}],"inLanguage":"pt-BR"},{"@type":"Organization","@id":"https:\/\/augustocamiseiro.com\/lojaweb\/#organization","name":"Augusto Camiseiro","url":"https:\/\/augustocamiseiro.com\/lojaweb\/","logo":{"@type":"ImageObject","inLanguage":"pt-BR","@id":"https:\/\/augustocamiseiro.com\/lojaweb\/#\/schema\/logo\/image\/","url":"https:\/\/i0.wp.com\/augustocamiseiro.com\/lojaweb\/wp-content\/uploads\/2024\/04\/cropped-logo-augusto-white-1.png?fit=550%2C310&ssl=1","contentUrl":"https:\/\/i0.wp.com\/augustocamiseiro.com\/lojaweb\/wp-content\/uploads\/2024\/04\/cropped-logo-augusto-white-1.png?fit=550%2C310&ssl=1","width":550,"height":310,"caption":"Augusto Camiseiro"},"image":{"@id":"https:\/\/augustocamiseiro.com\/lojaweb\/#\/schema\/logo\/image\/"}}]}},"jetpack_sharing_enabled":true,"_links":{"self":[{"href":"https:\/\/augustocamiseiro.com\/lojaweb\/wp-json\/wp\/v2\/product\/46588","targetHints":{"allow":["GET"]}}],"collection":[{"href":"https:\/\/augustocamiseiro.com\/lojaweb\/wp-json\/wp\/v2\/product"}],"about":[{"href":"https:\/\/augustocamiseiro.com\/lojaweb\/wp-json\/wp\/v2\/types\/product"}],"replies":[{"embeddable":true,"href":"https:\/\/augustocamiseiro.com\/lojaweb\/wp-json\/wp\/v2\/comments?post=46588"}],"wp:featuredmedia":[{"embeddable":true,"href":"https:\/\/augustocamiseiro.com\/lojaweb\/wp-json\/wp\/v2\/media\/42719"}],"wp:attachment":[{"href":"https:\/\/augustocamiseiro.com\/lojaweb\/wp-json\/wp\/v2\/media?parent=46588"}],"wp:term":[{"taxonomy":"product_brand","embeddable":true,"href":"https:\/\/augustocamiseiro.com\/lojaweb\/wp-json\/wp\/v2\/product_brand?post=46588"},{"taxonomy":"product_cat","embeddable":true,"href":"https:\/\/augustocamiseiro.com\/lojaweb\/wp-json\/wp\/v2\/product_cat?post=46588"},{"taxonomy":"product_tag","embeddable":true,"href":"https:\/\/augustocamiseiro.com\/lojaweb\/wp-json\/wp\/v2\/product_tag?post=46588"}],"curies":[{"name":"wp","href":"https:\/\/api.w.org\/{rel}","templated":true}]}}