{"id":46525,"date":"2025-11-17T19:39:40","date_gmt":"2025-11-17T19:39:40","guid":{"rendered":"https:\/\/augustocamiseiro.com\/lojaweb\/?post_type=product&#038;p=46525"},"modified":"2026-04-15T20:41:37","modified_gmt":"2026-04-15T20:41:37","slug":"camisa-branca-pinpoint","status":"publish","type":"product","link":"https:\/\/augustocamiseiro.com\/lojaweb\/produto\/camisa-branca-pinpoint\/","title":{"rendered":"Camisa Branca Pinpoint Pesado"},"content":{"rendered":"<p>Camisa social branca de pinpoint. Feita com 100% de algod\u00e3o e fio 602.<\/p>\n<p>&nbsp;<\/p>\n<p><strong>Caracter\u00edsticas<\/strong><\/p>\n<ul>\n<li>Tecido de puro algod\u00e3o na estrutura pinpoint.<\/li>\n<li>Fio 60&#215;2.<\/li>\n<li>Manga longa.<\/li>\n<li>Costuras rebatidas artesanais.<\/li>\n<li>Camisa muito dur\u00e1vel e mais encorpada.<\/li>\n<li>Pouco amassamento.<\/li>\n<li>Colarinho mais estruturado.<\/li>\n<li>Frente lisa.<\/li>\n<li>Traseiro com pences (costuras) a fim de\u00a0 ajustar cintura.<strong>\u00a0<\/strong><\/li>\n<\/ul>\n<p>&nbsp;<\/p>\n<p><strong>Sugest\u00f5es de usos e looks<\/strong><\/p>\n<p>&nbsp;<\/p>\n<p>Esta \u00e9 uma camisa extremamente vers\u00e1til. Por isso use\u00a0 em ambientes profissionais,\u00a0 assim como em ocasi\u00f5es mais descontra\u00eddas.<\/p>\n<p>A camisa branca pinpoint fica perfeita no look cal\u00e7a e camisa. E certamente combina muito bem com cal\u00e7as <a href=\"https:\/\/augustocamiseiro.com\/lojaweb\/produto\/calca-jeans-azul\/?swcfpc=1\">jeans azuis<\/a>, beges e caquis.<\/p>\n<p>Essas cal\u00e7as podem ser de qualquer material, desde sarja de algod\u00e3o at\u00e9 <a href=\"https:\/\/augustocamiseiro.com\/lojaweb\/produto\/calca-alfaiataria-la-super-120-azul\/?swcfpc=1\">l\u00e3 fria<\/a>.<\/p>\n<p>Por exemplo\u00a0 <a href=\"https:\/\/augustocamiseiro.com\/lojaweb\/produto\/calca-de-moletom\/?swcfpc=1\"><span style=\"color: #ffff00\"><span style=\"color: #339966\"><span style=\"color: #0000ff\">uma cal\u00e7a preta<\/span><\/span><\/span><span style=\"color: #339966\">\u00a0\u00a0<\/span><\/a>ou <a href=\"https:\/\/augustocamiseiro.com\/lojaweb\/produto\/calca-sarja-azul-2\/?swcfpc=1\"><span style=\"color: #0000ff\">mesmo uma cal\u00e7a sarja azul.<\/span> <\/a><\/p>\n<p>No caso de ser usada com costume e gravata, h\u00e1 diversas op\u00e7\u00f5es. Principalmente com desenhos pequenos como esta <a href=\"https:\/\/augustocamiseiro.com\/lojaweb\/?product=gravata-ciano-trabalhada\"><span style=\"color: #339966\"><span style=\"color: #0000ff\">gravata<\/span><\/span><\/a> de nosso site.<\/p>\n<p>Assim como uma <a href=\"https:\/\/augustocamiseiro.com\/lojaweb\/?product=gravata-laranja-e-azul\"><span style=\"color: #339966\"><span style=\"color: #0000ff\">gravata laranja e azul<\/span><\/span><\/a> fica muito elegante.<\/p>\n<p>Igualmente como os costumes tamb\u00e9m devem ser lisos. Ou ainda com desenhos de tamanhos diferentes do da camisa.<\/p>\n<p>Aqui no nosso Instagram o look perfeito para o ver\u00e3o: <span style=\"color: #339966\"><a style=\"color: #339966\" href=\"https:\/\/www.instagram.com\/p\/CLuqIitp-we\/\" target=\"_blank\" rel=\"noopener\"><span style=\"color: #0000ff\">uma cal\u00e7a azul mais clara e um blazer de algod\u00e3o bege .<\/span><\/a><\/span><\/p>\n<p>Ou at\u00e9 para um dia de inverno: um <span style=\"color: #0000ff\"><a style=\"color: #0000ff\" href=\"https:\/\/augustocamiseiro.com\/lojaweb\/produto\/blazer-cinza-poliviscose\/?swcfpc=1\">costume moletom cinza.<\/a><\/span><\/p>\n","protected":false},"excerpt":{"rendered":"<p>Camisa Branca Pinpoint com fio 60\/2, que \u00e9 um fio mais r\u00edgido, pesado e bem encorpado, mantendo a estrutura o dia todo.<\/p>\n<p>&nbsp;<\/p>\n","protected":false},"featured_media":46163,"comment_status":"open","ping_status":"closed","template":"","meta":{"_acf_changed":false},"product_brand":[],"product_cat":[1067],"product_tag":[598,1740,1769,2423,740,833,2421,2422,437,952,1771,440,1406,441,2420],"class_list":{"0":"post-46525","1":"product","2":"type-product","3":"status-publish","4":"has-post-thumbnail","6":"product_cat-camisas","7":"product_tag-camisa-branca","8":"product_tag-camisa-branca-masculina","9":"product_tag-camisa-classica","10":"product_tag-camisa-fio-60-2","11":"product_tag-camisa-masculina","12":"product_tag-camisa-pinpoint","13":"product_tag-camisa-pinpoint-branca","14":"product_tag-camisa-pinpoint-masculina","15":"product_tag-camisa-social","16":"product_tag-camisa-social-branca","17":"product_tag-camisa-social-masculina","18":"product_tag-fio-60-2","19":"product_tag-moda-masculina","20":"product_tag-pinpoint","21":"product_tag-pinpoint-branco","23":"first","24":"instock","25":"taxable","26":"shipping-taxable","27":"purchasable","28":"product-type-variable"},"acf":[],"yoast_head":"<!-- This site is optimized with the Yoast SEO plugin v25.3.1 - https:\/\/yoast.com\/wordpress\/plugins\/seo\/ -->\n<title>Camisa Branca Pinpoint Pesado - Augusto Camiseiro<\/title>\n<meta name=\"description\" content=\"Camisa branca pinpoint pesado. Composi\u00e7\u00e3o de tecido: algod\u00e3o Acabamento artesanal e muita durabilidade. Fabrica\u00e7\u00e3o pr\u00f3pria. . Use em qualquer situa\u00e7\u00e3o.\" \/>\n<meta name=\"robots\" content=\"index, follow, max-snippet:-1, max-image-preview:large, max-video-preview:-1\" \/>\n<link rel=\"canonical\" href=\"https:\/\/augustocamiseiro.com\/lojaweb\/produto\/camisa-branca-pinpoint\/\" \/>\n<meta property=\"og:locale\" content=\"pt_BR\" \/>\n<meta property=\"og:type\" content=\"article\" \/>\n<meta property=\"og:title\" content=\"Camisa Branca Pinpoint Pesado - Augusto Camiseiro\" \/>\n<meta property=\"og:description\" content=\"Camisa branca pinpoint pesado. Composi\u00e7\u00e3o de tecido: algod\u00e3o Acabamento artesanal e muita durabilidade. Fabrica\u00e7\u00e3o pr\u00f3pria. . Use em qualquer situa\u00e7\u00e3o.\" \/>\n<meta property=\"og:url\" content=\"https:\/\/augustocamiseiro.com\/lojaweb\/produto\/camisa-branca-pinpoint\/\" \/>\n<meta property=\"og:site_name\" content=\"Augusto Camiseiro\" \/>\n<meta property=\"article:modified_time\" content=\"2026-04-15T20:41:37+00:00\" \/>\n<meta property=\"og:image\" content=\"https:\/\/augustocamiseiro.com\/lojaweb\/wp-content\/uploads\/2025\/11\/4262-CAMISA-192-PINPOINT-BRANCO_webp.webp\" \/>\n\t<meta property=\"og:image:width\" content=\"1100\" \/>\n\t<meta property=\"og:image:height\" content=\"1375\" \/>\n\t<meta property=\"og:image:type\" content=\"image\/webp\" \/>\n<meta name=\"twitter:card\" content=\"summary_large_image\" \/>\n<meta name=\"twitter:label1\" content=\"Est. tempo de leitura\" \/>\n\t<meta name=\"twitter:data1\" content=\"2 minutos\" \/>\n<!-- \/ Yoast SEO plugin. -->","yoast_head_json":{"title":"Camisa Branca Pinpoint Pesado - Augusto Camiseiro","description":"Camisa branca pinpoint pesado. Composi\u00e7\u00e3o de tecido: algod\u00e3o Acabamento artesanal e muita durabilidade. Fabrica\u00e7\u00e3o pr\u00f3pria. . Use em qualquer situa\u00e7\u00e3o.","robots":{"index":"index","follow":"follow","max-snippet":"max-snippet:-1","max-image-preview":"max-image-preview:large","max-video-preview":"max-video-preview:-1"},"canonical":"https:\/\/augustocamiseiro.com\/lojaweb\/produto\/camisa-branca-pinpoint\/","og_locale":"pt_BR","og_type":"article","og_title":"Camisa Branca Pinpoint Pesado - Augusto Camiseiro","og_description":"Camisa branca pinpoint pesado. Composi\u00e7\u00e3o de tecido: algod\u00e3o Acabamento artesanal e muita durabilidade. Fabrica\u00e7\u00e3o pr\u00f3pria. . Use em qualquer situa\u00e7\u00e3o.","og_url":"https:\/\/augustocamiseiro.com\/lojaweb\/produto\/camisa-branca-pinpoint\/","og_site_name":"Augusto Camiseiro","article_modified_time":"2026-04-15T20:41:37+00:00","og_image":[{"width":1100,"height":1375,"url":"https:\/\/augustocamiseiro.com\/lojaweb\/wp-content\/uploads\/2025\/11\/4262-CAMISA-192-PINPOINT-BRANCO_webp.webp","type":"image\/webp"}],"twitter_card":"summary_large_image","twitter_misc":{"Est. tempo de leitura":"2 minutos"},"schema":{"@context":"https:\/\/schema.org","@graph":[{"@type":"WebPage","@id":"https:\/\/augustocamiseiro.com\/lojaweb\/produto\/camisa-branca-pinpoint\/","url":"https:\/\/augustocamiseiro.com\/lojaweb\/produto\/camisa-branca-pinpoint\/","name":"Camisa Branca Pinpoint Pesado - Augusto Camiseiro","isPartOf":{"@id":"https:\/\/augustocamiseiro.com\/lojaweb\/#website"},"primaryImageOfPage":{"@id":"https:\/\/augustocamiseiro.com\/lojaweb\/produto\/camisa-branca-pinpoint\/#primaryimage"},"image":{"@id":"https:\/\/augustocamiseiro.com\/lojaweb\/produto\/camisa-branca-pinpoint\/#primaryimage"},"thumbnailUrl":"https:\/\/i0.wp.com\/augustocamiseiro.com\/lojaweb\/wp-content\/uploads\/2025\/11\/4262-CAMISA-192-PINPOINT-BRANCO_webp.webp?fit=1100%2C1375&ssl=1","datePublished":"2025-11-17T19:39:40+00:00","dateModified":"2026-04-15T20:41:37+00:00","description":"Camisa branca pinpoint pesado. Composi\u00e7\u00e3o de tecido: algod\u00e3o Acabamento artesanal e muita durabilidade. Fabrica\u00e7\u00e3o pr\u00f3pria. . Use em qualquer situa\u00e7\u00e3o.","breadcrumb":{"@id":"https:\/\/augustocamiseiro.com\/lojaweb\/produto\/camisa-branca-pinpoint\/#breadcrumb"},"inLanguage":"pt-BR","potentialAction":[{"@type":"ReadAction","target":["https:\/\/augustocamiseiro.com\/lojaweb\/produto\/camisa-branca-pinpoint\/"]}]},{"@type":"ImageObject","inLanguage":"pt-BR","@id":"https:\/\/augustocamiseiro.com\/lojaweb\/produto\/camisa-branca-pinpoint\/#primaryimage","url":"https:\/\/i0.wp.com\/augustocamiseiro.com\/lojaweb\/wp-content\/uploads\/2025\/11\/4262-CAMISA-192-PINPOINT-BRANCO_webp.webp?fit=1100%2C1375&ssl=1","contentUrl":"https:\/\/i0.wp.com\/augustocamiseiro.com\/lojaweb\/wp-content\/uploads\/2025\/11\/4262-CAMISA-192-PINPOINT-BRANCO_webp.webp?fit=1100%2C1375&ssl=1","width":1100,"height":1375,"caption":"CAMISA PINPOINT BRANCO"},{"@type":"BreadcrumbList","@id":"https:\/\/augustocamiseiro.com\/lojaweb\/produto\/camisa-branca-pinpoint\/#breadcrumb","itemListElement":[{"@type":"ListItem","position":1,"name":"In\u00edcio","item":"https:\/\/augustocamiseiro.com\/lojaweb\/"},{"@type":"ListItem","position":2,"name":"Shop","item":"https:\/\/augustocamiseiro.com\/lojaweb\/shop\/"},{"@type":"ListItem","position":3,"name":"Camisa Branca Pinpoint Pesado"}]},{"@type":"WebSite","@id":"https:\/\/augustocamiseiro.com\/lojaweb\/#website","url":"https:\/\/augustocamiseiro.com\/lojaweb\/","name":"Augusto Camiseiro","description":"Roupa Masculina","publisher":{"@id":"https:\/\/augustocamiseiro.com\/lojaweb\/#organization"},"potentialAction":[{"@type":"SearchAction","target":{"@type":"EntryPoint","urlTemplate":"https:\/\/augustocamiseiro.com\/lojaweb\/?s={search_term_string}"},"query-input":{"@type":"PropertyValueSpecification","valueRequired":true,"valueName":"search_term_string"}}],"inLanguage":"pt-BR"},{"@type":"Organization","@id":"https:\/\/augustocamiseiro.com\/lojaweb\/#organization","name":"Augusto Camiseiro","url":"https:\/\/augustocamiseiro.com\/lojaweb\/","logo":{"@type":"ImageObject","inLanguage":"pt-BR","@id":"https:\/\/augustocamiseiro.com\/lojaweb\/#\/schema\/logo\/image\/","url":"https:\/\/i0.wp.com\/augustocamiseiro.com\/lojaweb\/wp-content\/uploads\/2024\/04\/cropped-logo-augusto-white-1.png?fit=550%2C310&ssl=1","contentUrl":"https:\/\/i0.wp.com\/augustocamiseiro.com\/lojaweb\/wp-content\/uploads\/2024\/04\/cropped-logo-augusto-white-1.png?fit=550%2C310&ssl=1","width":550,"height":310,"caption":"Augusto Camiseiro"},"image":{"@id":"https:\/\/augustocamiseiro.com\/lojaweb\/#\/schema\/logo\/image\/"}}]}},"jetpack_sharing_enabled":true,"_links":{"self":[{"href":"https:\/\/augustocamiseiro.com\/lojaweb\/wp-json\/wp\/v2\/product\/46525","targetHints":{"allow":["GET"]}}],"collection":[{"href":"https:\/\/augustocamiseiro.com\/lojaweb\/wp-json\/wp\/v2\/product"}],"about":[{"href":"https:\/\/augustocamiseiro.com\/lojaweb\/wp-json\/wp\/v2\/types\/product"}],"replies":[{"embeddable":true,"href":"https:\/\/augustocamiseiro.com\/lojaweb\/wp-json\/wp\/v2\/comments?post=46525"}],"wp:featuredmedia":[{"embeddable":true,"href":"https:\/\/augustocamiseiro.com\/lojaweb\/wp-json\/wp\/v2\/media\/46163"}],"wp:attachment":[{"href":"https:\/\/augustocamiseiro.com\/lojaweb\/wp-json\/wp\/v2\/media?parent=46525"}],"wp:term":[{"taxonomy":"product_brand","embeddable":true,"href":"https:\/\/augustocamiseiro.com\/lojaweb\/wp-json\/wp\/v2\/product_brand?post=46525"},{"taxonomy":"product_cat","embeddable":true,"href":"https:\/\/augustocamiseiro.com\/lojaweb\/wp-json\/wp\/v2\/product_cat?post=46525"},{"taxonomy":"product_tag","embeddable":true,"href":"https:\/\/augustocamiseiro.com\/lojaweb\/wp-json\/wp\/v2\/product_tag?post=46525"}],"curies":[{"name":"wp","href":"https:\/\/api.w.org\/{rel}","templated":true}]}}