{"id":46187,"date":"2025-11-07T19:46:58","date_gmt":"2025-11-07T19:46:58","guid":{"rendered":"https:\/\/augustocamiseiro.com\/lojaweb\/?post_type=product&#038;p=46187"},"modified":"2026-04-20T21:09:45","modified_gmt":"2026-04-20T21:09:45","slug":"calca-malha-marinho","status":"publish","type":"product","link":"https:\/\/augustocamiseiro.com\/lojaweb\/produto\/calca-malha-marinho\/","title":{"rendered":"Cal\u00e7a Malha Marinho"},"content":{"rendered":"<p>Essa \u00e9 a nossa cal\u00e7a masculina de malha, na cor azul marinho com tecido 100% de malha de algod\u00e3o. Possui um aspecto tanto formal quanto esportivo, sendo assim, \u00e9 uma excelente escolha para trabalhar e sair. Sempre com muito estilo e conforto.<\/p>\n<p><strong>Usos e looks<\/strong><\/p>\n<p>Pode usar\u00a0 tanto em situa\u00e7\u00f5es casuais como em ambiente de trabalho mais relaxados.<\/p>\n<p>Assim sendo esta \u00e9 uma pe\u00e7a extremamente vers\u00e1til.<\/p>\n<p>Observe esta\u00a0<a href=\"https:\/\/www.instagram.com\/p\/CIB4rTFHTkc\/\">combina\u00e7\u00e3o<\/a>\u00a0que pode ser usada tranquilamente em qualquer situa\u00e7\u00e3o mais casual.<\/p>\n<p>Assim como <a href=\"https:\/\/augustocamiseiro.com\/lojaweb\/produto\/camisa-pinpoint-azul\/?swcfpc=1\">camisas azuis<\/a>,\u00a0<a href=\"https:\/\/augustocamiseiro.com\/lojaweb\/produto\/camisa-maquinetada-bolinha-branca\/?swcfpc=1\">camisa branca<\/a>\u00a0ou\u00a0<a href=\"https:\/\/augustocamiseiro.com\/lojaweb\/?product=camisa-social-cinza&amp;swcfpc=1\">cinza<\/a>\u00a0ficam \u00f3timas com esta cal\u00e7a.<\/p>\n<p>Certamente esta cal\u00e7a de sarja azul marinho \u00e9 perfeita para usar com qualquer uma destas camisas em um contexto mais casual: camisa\u00a0<a href=\"https:\/\/augustocamiseiro.com\/lojaweb\/produto\/camisa-xadrez-rosa\/?swcfpc=1\">xadrez rosa<\/a>\u00a0e\u00a0<a href=\"https:\/\/augustocamiseiro.com\/lojaweb\/?product=camisa-linho-branca&amp;swcfpc=1\">linho branca<\/a>.<\/p>\n<p>E qual seria o sapato perfeito?<\/p>\n<p>Sem d\u00favida\u00a0 esta cal\u00e7a mostra novamente sua versatilidade, permitindo uso de\u00a0<a href=\"https:\/\/www.instagram.com\/p\/Ccgd-cVMvhZ\/\">sapatos de couro camur\u00e7a<\/a>, at\u00e9\u00a0<a href=\"https:\/\/augustocamiseiro.com\/lojaweb\/produto\/mocassim-loafer-camurca\/?swcfpc=1\">mocassim loafer, <\/a>ou mesmo um<a href=\"https:\/\/augustocamiseiro.com\/lojaweb\/produto\/mocassim-tods-marrom-couro\/?swcfpc=1\">\u00a0mocassim social<\/a>.<\/p>\n","protected":false},"excerpt":{"rendered":"<p>Cal\u00e7a de malha marinho.<\/p>\n<h4><strong>Composi\u00e7\u00e3o:<\/strong><\/h4>\n<ul>\n<li>68% poli\u00e9ster;<\/li>\n<li>2% elastano;<\/li>\n<li>30% viscose<\/li>\n<\/ul>\n","protected":false},"featured_media":41669,"comment_status":"open","ping_status":"closed","template":"","meta":{"_acf_changed":false},"product_brand":[],"product_cat":[362],"product_tag":[1580,2219,358,2389,939,2390,359,959,1793,1794,2387,2391,2392,2388,668,1604,1605,2098,1902,361,2179,1406],"class_list":{"0":"post-46187","1":"product","2":"type-product","3":"status-publish","4":"has-post-thumbnail","6":"product_cat-calcas","7":"product_tag-alfaiataria","8":"product_tag-alfaiataria-masculina","9":"product_tag-calca-alfaiataria","10":"product_tag-calca-alfaiataria-azul","11":"product_tag-calca-alfaiataria-azul-marinho","12":"product_tag-calca-alfaiataria-marinho","13":"product_tag-calca-azul","14":"product_tag-calca-azul-marinho","15":"product_tag-calca-azul-masculina","16":"product_tag-calca-azul-social","17":"product_tag-calca-casual-azul","18":"product_tag-calca-casual-azul-marinho","19":"product_tag-calca-casual-marinho","20":"product_tag-calca-casual-masculina","21":"product_tag-calca-moderna","22":"product_tag-calca-social-azul","23":"product_tag-calca-social-azul-marinho","24":"product_tag-calca-social-marinho","25":"product_tag-calca-social-masculina","26":"product_tag-calca-social","27":"product_tag-homem-elegante","28":"product_tag-moda-masculina","30":"first","31":"instock","32":"taxable","33":"shipping-taxable","34":"purchasable","35":"product-type-variable"},"acf":[],"yoast_head":"<!-- This site is optimized with the Yoast SEO plugin v25.3.1 - https:\/\/yoast.com\/wordpress\/plugins\/seo\/ -->\n<title>Cal\u00e7a Malha Marinho - Augusto Camiseiro<\/title>\n<meta name=\"description\" content=\"Cal\u00e7a malha cor marinho. Composi\u00e7\u00e3o de poli\u00e9ster, algod\u00e3o e elastano. Moderna, leve e muito confort\u00e1vel. Use em ocasi\u00f5es sociais e ambientes de trabalho.\" \/>\n<meta name=\"robots\" content=\"index, follow, max-snippet:-1, max-image-preview:large, max-video-preview:-1\" \/>\n<link rel=\"canonical\" href=\"https:\/\/augustocamiseiro.com\/lojaweb\/produto\/calca-malha-marinho\/\" \/>\n<meta property=\"og:locale\" content=\"pt_BR\" \/>\n<meta property=\"og:type\" content=\"article\" \/>\n<meta property=\"og:title\" content=\"Cal\u00e7a Malha Marinho - Augusto Camiseiro\" \/>\n<meta property=\"og:description\" content=\"Cal\u00e7a malha cor marinho. Composi\u00e7\u00e3o de poli\u00e9ster, algod\u00e3o e elastano. Moderna, leve e muito confort\u00e1vel. Use em ocasi\u00f5es sociais e ambientes de trabalho.\" \/>\n<meta property=\"og:url\" content=\"https:\/\/augustocamiseiro.com\/lojaweb\/produto\/calca-malha-marinho\/\" \/>\n<meta property=\"og:site_name\" content=\"Augusto Camiseiro\" \/>\n<meta property=\"article:modified_time\" content=\"2026-04-20T21:09:45+00:00\" \/>\n<meta property=\"og:image\" content=\"https:\/\/augustocamiseiro.com\/lojaweb\/wp-content\/uploads\/2024\/07\/calca-malha-marinho-leve-4022-ref4091-min.jpg\" \/>\n\t<meta property=\"og:image:width\" content=\"1080\" \/>\n\t<meta property=\"og:image:height\" content=\"1350\" \/>\n\t<meta property=\"og:image:type\" content=\"image\/jpeg\" \/>\n<meta name=\"twitter:card\" content=\"summary_large_image\" \/>\n<meta name=\"twitter:label1\" content=\"Est. tempo de leitura\" \/>\n\t<meta name=\"twitter:data1\" content=\"2 minutos\" \/>\n<!-- \/ Yoast SEO plugin. -->","yoast_head_json":{"title":"Cal\u00e7a Malha Marinho - Augusto Camiseiro","description":"Cal\u00e7a malha cor marinho. Composi\u00e7\u00e3o de poli\u00e9ster, algod\u00e3o e elastano. Moderna, leve e muito confort\u00e1vel. Use em ocasi\u00f5es sociais e ambientes de trabalho.","robots":{"index":"index","follow":"follow","max-snippet":"max-snippet:-1","max-image-preview":"max-image-preview:large","max-video-preview":"max-video-preview:-1"},"canonical":"https:\/\/augustocamiseiro.com\/lojaweb\/produto\/calca-malha-marinho\/","og_locale":"pt_BR","og_type":"article","og_title":"Cal\u00e7a Malha Marinho - Augusto Camiseiro","og_description":"Cal\u00e7a malha cor marinho. Composi\u00e7\u00e3o de poli\u00e9ster, algod\u00e3o e elastano. Moderna, leve e muito confort\u00e1vel. Use em ocasi\u00f5es sociais e ambientes de trabalho.","og_url":"https:\/\/augustocamiseiro.com\/lojaweb\/produto\/calca-malha-marinho\/","og_site_name":"Augusto Camiseiro","article_modified_time":"2026-04-20T21:09:45+00:00","og_image":[{"width":1080,"height":1350,"url":"https:\/\/augustocamiseiro.com\/lojaweb\/wp-content\/uploads\/2024\/07\/calca-malha-marinho-leve-4022-ref4091-min.jpg","type":"image\/jpeg"}],"twitter_card":"summary_large_image","twitter_misc":{"Est. tempo de leitura":"2 minutos"},"schema":{"@context":"https:\/\/schema.org","@graph":[{"@type":"WebPage","@id":"https:\/\/augustocamiseiro.com\/lojaweb\/produto\/calca-malha-marinho\/","url":"https:\/\/augustocamiseiro.com\/lojaweb\/produto\/calca-malha-marinho\/","name":"Cal\u00e7a Malha Marinho - Augusto Camiseiro","isPartOf":{"@id":"https:\/\/augustocamiseiro.com\/lojaweb\/#website"},"primaryImageOfPage":{"@id":"https:\/\/augustocamiseiro.com\/lojaweb\/produto\/calca-malha-marinho\/#primaryimage"},"image":{"@id":"https:\/\/augustocamiseiro.com\/lojaweb\/produto\/calca-malha-marinho\/#primaryimage"},"thumbnailUrl":"https:\/\/i0.wp.com\/augustocamiseiro.com\/lojaweb\/wp-content\/uploads\/2024\/07\/calca-malha-marinho-leve-4022-ref4091-min.jpg?fit=1080%2C1350&ssl=1","datePublished":"2025-11-07T19:46:58+00:00","dateModified":"2026-04-20T21:09:45+00:00","description":"Cal\u00e7a malha cor marinho. Composi\u00e7\u00e3o de poli\u00e9ster, algod\u00e3o e elastano. Moderna, leve e muito confort\u00e1vel. Use em ocasi\u00f5es sociais e ambientes de trabalho.","breadcrumb":{"@id":"https:\/\/augustocamiseiro.com\/lojaweb\/produto\/calca-malha-marinho\/#breadcrumb"},"inLanguage":"pt-BR","potentialAction":[{"@type":"ReadAction","target":["https:\/\/augustocamiseiro.com\/lojaweb\/produto\/calca-malha-marinho\/"]}]},{"@type":"ImageObject","inLanguage":"pt-BR","@id":"https:\/\/augustocamiseiro.com\/lojaweb\/produto\/calca-malha-marinho\/#primaryimage","url":"https:\/\/i0.wp.com\/augustocamiseiro.com\/lojaweb\/wp-content\/uploads\/2024\/07\/calca-malha-marinho-leve-4022-ref4091-min.jpg?fit=1080%2C1350&ssl=1","contentUrl":"https:\/\/i0.wp.com\/augustocamiseiro.com\/lojaweb\/wp-content\/uploads\/2024\/07\/calca-malha-marinho-leve-4022-ref4091-min.jpg?fit=1080%2C1350&ssl=1","width":1080,"height":1350,"caption":"cal\u00e7a malha marinho leve"},{"@type":"BreadcrumbList","@id":"https:\/\/augustocamiseiro.com\/lojaweb\/produto\/calca-malha-marinho\/#breadcrumb","itemListElement":[{"@type":"ListItem","position":1,"name":"In\u00edcio","item":"https:\/\/augustocamiseiro.com\/lojaweb\/"},{"@type":"ListItem","position":2,"name":"Shop","item":"https:\/\/augustocamiseiro.com\/lojaweb\/shop\/"},{"@type":"ListItem","position":3,"name":"Cal\u00e7a Malha Marinho"}]},{"@type":"WebSite","@id":"https:\/\/augustocamiseiro.com\/lojaweb\/#website","url":"https:\/\/augustocamiseiro.com\/lojaweb\/","name":"Augusto Camiseiro","description":"Roupa Masculina","publisher":{"@id":"https:\/\/augustocamiseiro.com\/lojaweb\/#organization"},"potentialAction":[{"@type":"SearchAction","target":{"@type":"EntryPoint","urlTemplate":"https:\/\/augustocamiseiro.com\/lojaweb\/?s={search_term_string}"},"query-input":{"@type":"PropertyValueSpecification","valueRequired":true,"valueName":"search_term_string"}}],"inLanguage":"pt-BR"},{"@type":"Organization","@id":"https:\/\/augustocamiseiro.com\/lojaweb\/#organization","name":"Augusto Camiseiro","url":"https:\/\/augustocamiseiro.com\/lojaweb\/","logo":{"@type":"ImageObject","inLanguage":"pt-BR","@id":"https:\/\/augustocamiseiro.com\/lojaweb\/#\/schema\/logo\/image\/","url":"https:\/\/i0.wp.com\/augustocamiseiro.com\/lojaweb\/wp-content\/uploads\/2024\/04\/cropped-logo-augusto-white-1.png?fit=550%2C310&ssl=1","contentUrl":"https:\/\/i0.wp.com\/augustocamiseiro.com\/lojaweb\/wp-content\/uploads\/2024\/04\/cropped-logo-augusto-white-1.png?fit=550%2C310&ssl=1","width":550,"height":310,"caption":"Augusto Camiseiro"},"image":{"@id":"https:\/\/augustocamiseiro.com\/lojaweb\/#\/schema\/logo\/image\/"}}]}},"jetpack_sharing_enabled":true,"_links":{"self":[{"href":"https:\/\/augustocamiseiro.com\/lojaweb\/wp-json\/wp\/v2\/product\/46187","targetHints":{"allow":["GET"]}}],"collection":[{"href":"https:\/\/augustocamiseiro.com\/lojaweb\/wp-json\/wp\/v2\/product"}],"about":[{"href":"https:\/\/augustocamiseiro.com\/lojaweb\/wp-json\/wp\/v2\/types\/product"}],"replies":[{"embeddable":true,"href":"https:\/\/augustocamiseiro.com\/lojaweb\/wp-json\/wp\/v2\/comments?post=46187"}],"wp:featuredmedia":[{"embeddable":true,"href":"https:\/\/augustocamiseiro.com\/lojaweb\/wp-json\/wp\/v2\/media\/41669"}],"wp:attachment":[{"href":"https:\/\/augustocamiseiro.com\/lojaweb\/wp-json\/wp\/v2\/media?parent=46187"}],"wp:term":[{"taxonomy":"product_brand","embeddable":true,"href":"https:\/\/augustocamiseiro.com\/lojaweb\/wp-json\/wp\/v2\/product_brand?post=46187"},{"taxonomy":"product_cat","embeddable":true,"href":"https:\/\/augustocamiseiro.com\/lojaweb\/wp-json\/wp\/v2\/product_cat?post=46187"},{"taxonomy":"product_tag","embeddable":true,"href":"https:\/\/augustocamiseiro.com\/lojaweb\/wp-json\/wp\/v2\/product_tag?post=46187"}],"curies":[{"name":"wp","href":"https:\/\/api.w.org\/{rel}","templated":true}]}}