{"id":46151,"date":"2025-11-04T19:36:59","date_gmt":"2025-11-04T19:36:59","guid":{"rendered":"https:\/\/augustocamiseiro.com\/lojaweb\/?post_type=product&#038;p=46151"},"modified":"2026-04-30T20:34:07","modified_gmt":"2026-04-30T20:34:07","slug":"sapato-marlin-bege","status":"publish","type":"product","link":"https:\/\/augustocamiseiro.com\/lojaweb\/produto\/sapato-marlin-bege\/","title":{"rendered":"Sapato Marlin Bege"},"content":{"rendered":"<p>Mocassim de camur\u00e7a bege. Solado emborrachado transparente e forro interno de couro. Sapato de camur\u00e7a. Look esportivo realmente diferenciado e elegante. Um sapato para usar em todas situa\u00e7\u00f5es, seja para trabalhar, assim como, para eventos festivos.<\/p>\n<p>&nbsp;<\/p>\n<p><span style=\"font-size: 14pt\"><strong>Usos e Looks<\/strong><\/span><\/p>\n<div>Dicas de looks para cores espec\u00edficas de sapato de camur\u00e7a:<\/div>\n<div><\/div>\n<div>Sua tonalidade vai bem com cal\u00e7as escuras como preto, marinho e claras como branca e bege. Para parte de cima, experimente camisas brancas e um blazer cinza.<\/div>\n","protected":false},"excerpt":{"rendered":"<div>Mocassim de camur\u00e7a Marlin. Trazendo muito conforto e estilo para se usar em qualquer ocasi\u00e3o.<\/div>\n<div>\n<div>Um sapato masculino de camur\u00e7a \u00e9 elegante e sofisticado, com uma textura macia e levemente aveludada. A camur\u00e7a, por ser um material poroso e suave, d\u00e1 ao sapato um toque de casualidade refinada, tornando-o ideal para ocasi\u00f5es que exigem um equil\u00edbrio entre descontra\u00e7\u00e3o e formalidade.<\/div>\n<\/div>\n","protected":false},"featured_media":46023,"comment_status":"open","ping_status":"closed","template":"","meta":{"_acf_changed":false},"product_brand":[],"product_cat":[313],"product_tag":[2179,1406,1641,1744,312,1413,2378,2376,920,2377,334],"class_list":{"0":"post-46151","1":"product","2":"type-product","3":"status-publish","4":"has-post-thumbnail","6":"product_cat-sapato-couro","7":"product_tag-homem-elegante","8":"product_tag-moda-masculina","9":"product_tag-moda-social","10":"product_tag-moda-social-masculina","11":"product_tag-sapato","12":"product_tag-sapato-bege","13":"product_tag-sapato-bege-masculino","14":"product_tag-sapato-bege-social","15":"product_tag-sapato-masculino","16":"product_tag-sapato-social-masculino","17":"product_tag-sapato-social","19":"first","20":"instock","21":"taxable","22":"shipping-taxable","23":"purchasable","24":"product-type-variable"},"acf":[],"yoast_head":"<!-- This site is optimized with the Yoast SEO plugin v25.3.1 - https:\/\/yoast.com\/wordpress\/plugins\/seo\/ -->\n<title>Sapato Marlin Bege - Augusto Camiseiro<\/title>\n<meta name=\"description\" content=\"Mocassim Marlin Camur\u00e7a na tonalidade bege. Um sapato para momentos descontra\u00eddos, assim como, para o trabalho. Elegante e trazendo muito conforto.\" \/>\n<meta name=\"robots\" content=\"index, follow, max-snippet:-1, max-image-preview:large, max-video-preview:-1\" \/>\n<link rel=\"canonical\" href=\"https:\/\/augustocamiseiro.com\/lojaweb\/produto\/sapato-marlin-bege\/\" \/>\n<meta property=\"og:locale\" content=\"pt_BR\" \/>\n<meta property=\"og:type\" content=\"article\" \/>\n<meta property=\"og:title\" content=\"Sapato Marlin Bege - Augusto Camiseiro\" \/>\n<meta property=\"og:description\" content=\"Mocassim Marlin Camur\u00e7a na tonalidade bege. Um sapato para momentos descontra\u00eddos, assim como, para o trabalho. Elegante e trazendo muito conforto.\" \/>\n<meta property=\"og:url\" content=\"https:\/\/augustocamiseiro.com\/lojaweb\/produto\/sapato-marlin-bege\/\" \/>\n<meta property=\"og:site_name\" content=\"Augusto Camiseiro\" \/>\n<meta property=\"article:modified_time\" content=\"2026-04-30T20:34:07+00:00\" \/>\n<meta property=\"og:image\" content=\"https:\/\/augustocamiseiro.com\/lojaweb\/wp-content\/uploads\/2025\/10\/sapato-marlin-sand-camurca-ref-4563_webp.webp\" \/>\n\t<meta property=\"og:image:width\" content=\"1100\" \/>\n\t<meta property=\"og:image:height\" content=\"1375\" \/>\n\t<meta property=\"og:image:type\" content=\"image\/webp\" \/>\n<meta name=\"twitter:card\" content=\"summary_large_image\" \/>\n<meta name=\"twitter:label1\" content=\"Est. tempo de leitura\" \/>\n\t<meta name=\"twitter:data1\" content=\"1 minuto\" \/>\n<!-- \/ Yoast SEO plugin. -->","yoast_head_json":{"title":"Sapato Marlin Bege - Augusto Camiseiro","description":"Mocassim Marlin Camur\u00e7a na tonalidade bege. Um sapato para momentos descontra\u00eddos, assim como, para o trabalho. Elegante e trazendo muito conforto.","robots":{"index":"index","follow":"follow","max-snippet":"max-snippet:-1","max-image-preview":"max-image-preview:large","max-video-preview":"max-video-preview:-1"},"canonical":"https:\/\/augustocamiseiro.com\/lojaweb\/produto\/sapato-marlin-bege\/","og_locale":"pt_BR","og_type":"article","og_title":"Sapato Marlin Bege - Augusto Camiseiro","og_description":"Mocassim Marlin Camur\u00e7a na tonalidade bege. Um sapato para momentos descontra\u00eddos, assim como, para o trabalho. Elegante e trazendo muito conforto.","og_url":"https:\/\/augustocamiseiro.com\/lojaweb\/produto\/sapato-marlin-bege\/","og_site_name":"Augusto Camiseiro","article_modified_time":"2026-04-30T20:34:07+00:00","og_image":[{"width":1100,"height":1375,"url":"https:\/\/augustocamiseiro.com\/lojaweb\/wp-content\/uploads\/2025\/10\/sapato-marlin-sand-camurca-ref-4563_webp.webp","type":"image\/webp"}],"twitter_card":"summary_large_image","twitter_misc":{"Est. tempo de leitura":"1 minuto"},"schema":{"@context":"https:\/\/schema.org","@graph":[{"@type":"WebPage","@id":"https:\/\/augustocamiseiro.com\/lojaweb\/produto\/sapato-marlin-bege\/","url":"https:\/\/augustocamiseiro.com\/lojaweb\/produto\/sapato-marlin-bege\/","name":"Sapato Marlin Bege - Augusto Camiseiro","isPartOf":{"@id":"https:\/\/augustocamiseiro.com\/lojaweb\/#website"},"primaryImageOfPage":{"@id":"https:\/\/augustocamiseiro.com\/lojaweb\/produto\/sapato-marlin-bege\/#primaryimage"},"image":{"@id":"https:\/\/augustocamiseiro.com\/lojaweb\/produto\/sapato-marlin-bege\/#primaryimage"},"thumbnailUrl":"https:\/\/i0.wp.com\/augustocamiseiro.com\/lojaweb\/wp-content\/uploads\/2025\/10\/sapato-marlin-sand-camurca-ref-4563_webp.webp?fit=1100%2C1375&ssl=1","datePublished":"2025-11-04T19:36:59+00:00","dateModified":"2026-04-30T20:34:07+00:00","description":"Mocassim Marlin Camur\u00e7a na tonalidade bege. Um sapato para momentos descontra\u00eddos, assim como, para o trabalho. Elegante e trazendo muito conforto.","breadcrumb":{"@id":"https:\/\/augustocamiseiro.com\/lojaweb\/produto\/sapato-marlin-bege\/#breadcrumb"},"inLanguage":"pt-BR","potentialAction":[{"@type":"ReadAction","target":["https:\/\/augustocamiseiro.com\/lojaweb\/produto\/sapato-marlin-bege\/"]}]},{"@type":"ImageObject","inLanguage":"pt-BR","@id":"https:\/\/augustocamiseiro.com\/lojaweb\/produto\/sapato-marlin-bege\/#primaryimage","url":"https:\/\/i0.wp.com\/augustocamiseiro.com\/lojaweb\/wp-content\/uploads\/2025\/10\/sapato-marlin-sand-camurca-ref-4563_webp.webp?fit=1100%2C1375&ssl=1","contentUrl":"https:\/\/i0.wp.com\/augustocamiseiro.com\/lojaweb\/wp-content\/uploads\/2025\/10\/sapato-marlin-sand-camurca-ref-4563_webp.webp?fit=1100%2C1375&ssl=1","width":1100,"height":1375,"caption":"sapato marlin sand camur\u00e7a"},{"@type":"BreadcrumbList","@id":"https:\/\/augustocamiseiro.com\/lojaweb\/produto\/sapato-marlin-bege\/#breadcrumb","itemListElement":[{"@type":"ListItem","position":1,"name":"In\u00edcio","item":"https:\/\/augustocamiseiro.com\/lojaweb\/"},{"@type":"ListItem","position":2,"name":"Shop","item":"https:\/\/augustocamiseiro.com\/lojaweb\/shop\/"},{"@type":"ListItem","position":3,"name":"Sapato Marlin Bege"}]},{"@type":"WebSite","@id":"https:\/\/augustocamiseiro.com\/lojaweb\/#website","url":"https:\/\/augustocamiseiro.com\/lojaweb\/","name":"Augusto Camiseiro","description":"Roupa Masculina","publisher":{"@id":"https:\/\/augustocamiseiro.com\/lojaweb\/#organization"},"potentialAction":[{"@type":"SearchAction","target":{"@type":"EntryPoint","urlTemplate":"https:\/\/augustocamiseiro.com\/lojaweb\/?s={search_term_string}"},"query-input":{"@type":"PropertyValueSpecification","valueRequired":true,"valueName":"search_term_string"}}],"inLanguage":"pt-BR"},{"@type":"Organization","@id":"https:\/\/augustocamiseiro.com\/lojaweb\/#organization","name":"Augusto Camiseiro","url":"https:\/\/augustocamiseiro.com\/lojaweb\/","logo":{"@type":"ImageObject","inLanguage":"pt-BR","@id":"https:\/\/augustocamiseiro.com\/lojaweb\/#\/schema\/logo\/image\/","url":"https:\/\/i0.wp.com\/augustocamiseiro.com\/lojaweb\/wp-content\/uploads\/2024\/04\/cropped-logo-augusto-white-1.png?fit=550%2C310&ssl=1","contentUrl":"https:\/\/i0.wp.com\/augustocamiseiro.com\/lojaweb\/wp-content\/uploads\/2024\/04\/cropped-logo-augusto-white-1.png?fit=550%2C310&ssl=1","width":550,"height":310,"caption":"Augusto Camiseiro"},"image":{"@id":"https:\/\/augustocamiseiro.com\/lojaweb\/#\/schema\/logo\/image\/"}}]}},"jetpack_sharing_enabled":true,"_links":{"self":[{"href":"https:\/\/augustocamiseiro.com\/lojaweb\/wp-json\/wp\/v2\/product\/46151","targetHints":{"allow":["GET"]}}],"collection":[{"href":"https:\/\/augustocamiseiro.com\/lojaweb\/wp-json\/wp\/v2\/product"}],"about":[{"href":"https:\/\/augustocamiseiro.com\/lojaweb\/wp-json\/wp\/v2\/types\/product"}],"replies":[{"embeddable":true,"href":"https:\/\/augustocamiseiro.com\/lojaweb\/wp-json\/wp\/v2\/comments?post=46151"}],"wp:featuredmedia":[{"embeddable":true,"href":"https:\/\/augustocamiseiro.com\/lojaweb\/wp-json\/wp\/v2\/media\/46023"}],"wp:attachment":[{"href":"https:\/\/augustocamiseiro.com\/lojaweb\/wp-json\/wp\/v2\/media?parent=46151"}],"wp:term":[{"taxonomy":"product_brand","embeddable":true,"href":"https:\/\/augustocamiseiro.com\/lojaweb\/wp-json\/wp\/v2\/product_brand?post=46151"},{"taxonomy":"product_cat","embeddable":true,"href":"https:\/\/augustocamiseiro.com\/lojaweb\/wp-json\/wp\/v2\/product_cat?post=46151"},{"taxonomy":"product_tag","embeddable":true,"href":"https:\/\/augustocamiseiro.com\/lojaweb\/wp-json\/wp\/v2\/product_tag?post=46151"}],"curies":[{"name":"wp","href":"https:\/\/api.w.org\/{rel}","templated":true}]}}