{"id":46134,"date":"2025-10-31T18:30:31","date_gmt":"2025-10-31T18:30:31","guid":{"rendered":"https:\/\/augustocamiseiro.com\/lojaweb\/?post_type=product&#038;p=46134"},"modified":"2026-04-30T20:33:59","modified_gmt":"2026-04-30T20:33:59","slug":"camisa-xadrez-vermelha","status":"publish","type":"product","link":"https:\/\/augustocamiseiro.com\/lojaweb\/produto\/camisa-xadrez-vermelha\/","title":{"rendered":"Camisa Xadrez Vermelha"},"content":{"rendered":"<p>Uma pe\u00e7a tradicional. Uma pe\u00e7a refinada com detalhes em xadrez. Use em ocasi\u00f5es de trabalho, eventos formais e informais.<\/p>\n<p>A cl\u00e1ssica camisa xadrez masculina \u00e9 uma pe\u00e7a vers\u00e1til e indispens\u00e1vel no guarda-roupa, um modelo antigo que at\u00e9 os dias atuais faz muito sucesso, al\u00e9m de dar um requinte no visual.<\/p>\n<h4><\/h4>\n<h4><strong>Composi\u00e7\u00e3o:<\/strong><\/h4>\n<ul>\n<li>100% algod\u00e3o<\/li>\n<li>Fio 50\/1<\/li>\n<\/ul>\n","protected":false},"excerpt":{"rendered":"<p>Camisa social masculina, cont\u00e9m fundo branco e xadrez em vermelho. Uma camisa que combina qualidade e conforto em cada detalhe, oferecendo um toque macio, leveza e excelente respirabilidade. Ideal para ambientes de trabalho, eventos formais e casuais.<\/p>\n<p>F\u00e1cil de combinar com cal\u00e7as jeans, sociais e sarjas. Seu corte tradicional proporciona \u00f3timo caimento e liberdade de movimentos. Enquanto o caimento fino reflete o cuidado na confec\u00e7\u00e3o e durabilidade do tecido.<\/p>\n","protected":false},"featured_media":45969,"comment_status":"open","ping_status":"closed","template":"","meta":{"_acf_changed":false},"product_brand":[],"product_cat":[1067],"product_tag":[2282,2281,2373,2142,2375,1771,2374,2187,725,2338,2340,2341,726,752,2179,2034,1406,1641,1744,2356,915],"class_list":{"0":"post-46134","1":"product","2":"type-product","3":"status-publish","4":"has-post-thumbnail","6":"product_cat-camisas","7":"product_tag-100-algodao","8":"product_tag-camisa-100-algodao","9":"product_tag-camisa-casual-vermelha","10":"product_tag-camisa-fio-50-1","11":"product_tag-camisa-masculina-vermelha","12":"product_tag-camisa-social-masculina","13":"product_tag-camisa-social-vermelha","14":"product_tag-camisa-social-xadrez","15":"product_tag-camisa-vermelha","16":"product_tag-camisa-xadrez-duplo","17":"product_tag-camisa-xadrez-masculina","18":"product_tag-camisa-xadrez-social","19":"product_tag-camisa-xadrez-vermelha","20":"product_tag-fio-50-1","21":"product_tag-homem-elegante","22":"product_tag-moda-elegante","23":"product_tag-moda-masculina","24":"product_tag-moda-social","25":"product_tag-moda-social-masculina","26":"product_tag-tecido-100-algodao","27":"product_tag-xadrez-vermelho","29":"first","30":"instock","31":"taxable","32":"shipping-taxable","33":"purchasable","34":"product-type-variable"},"acf":[],"yoast_head":"<!-- This site is optimized with the Yoast SEO plugin v25.3.1 - https:\/\/yoast.com\/wordpress\/plugins\/seo\/ -->\n<title>Camisa Xadrez Vermelha - Augusto Camiseiro<\/title>\n<meta name=\"description\" content=\"Camisa Xadrez Vermelha. Uma pe\u00e7a pensada para o dia a dia, com detalhes discretos e finos, proporcionado um resultado elegante. Feita com 100% de algod\u00e3o.\" \/>\n<meta name=\"robots\" content=\"index, follow, max-snippet:-1, max-image-preview:large, max-video-preview:-1\" \/>\n<link rel=\"canonical\" href=\"https:\/\/augustocamiseiro.com\/lojaweb\/produto\/camisa-xadrez-vermelha\/\" \/>\n<meta property=\"og:locale\" content=\"pt_BR\" \/>\n<meta property=\"og:type\" content=\"article\" \/>\n<meta property=\"og:title\" content=\"Camisa Xadrez Vermelha - Augusto Camiseiro\" \/>\n<meta property=\"og:description\" content=\"Camisa Xadrez Vermelha. Uma pe\u00e7a pensada para o dia a dia, com detalhes discretos e finos, proporcionado um resultado elegante. Feita com 100% de algod\u00e3o.\" \/>\n<meta property=\"og:url\" content=\"https:\/\/augustocamiseiro.com\/lojaweb\/produto\/camisa-xadrez-vermelha\/\" \/>\n<meta property=\"og:site_name\" content=\"Augusto Camiseiro\" \/>\n<meta property=\"article:modified_time\" content=\"2026-04-30T20:33:59+00:00\" \/>\n<meta property=\"og:image\" content=\"https:\/\/augustocamiseiro.com\/lojaweb\/wp-content\/uploads\/2025\/10\/camisa-xadrez-vinho-3936-ref-4500_webp.webp\" \/>\n\t<meta property=\"og:image:width\" content=\"1100\" \/>\n\t<meta property=\"og:image:height\" content=\"1375\" \/>\n\t<meta property=\"og:image:type\" content=\"image\/webp\" \/>\n<meta name=\"twitter:card\" content=\"summary_large_image\" \/>\n<meta name=\"twitter:label1\" content=\"Est. tempo de leitura\" \/>\n\t<meta name=\"twitter:data1\" content=\"1 minuto\" \/>\n<!-- \/ Yoast SEO plugin. -->","yoast_head_json":{"title":"Camisa Xadrez Vermelha - Augusto Camiseiro","description":"Camisa Xadrez Vermelha. Uma pe\u00e7a pensada para o dia a dia, com detalhes discretos e finos, proporcionado um resultado elegante. Feita com 100% de algod\u00e3o.","robots":{"index":"index","follow":"follow","max-snippet":"max-snippet:-1","max-image-preview":"max-image-preview:large","max-video-preview":"max-video-preview:-1"},"canonical":"https:\/\/augustocamiseiro.com\/lojaweb\/produto\/camisa-xadrez-vermelha\/","og_locale":"pt_BR","og_type":"article","og_title":"Camisa Xadrez Vermelha - Augusto Camiseiro","og_description":"Camisa Xadrez Vermelha. Uma pe\u00e7a pensada para o dia a dia, com detalhes discretos e finos, proporcionado um resultado elegante. Feita com 100% de algod\u00e3o.","og_url":"https:\/\/augustocamiseiro.com\/lojaweb\/produto\/camisa-xadrez-vermelha\/","og_site_name":"Augusto Camiseiro","article_modified_time":"2026-04-30T20:33:59+00:00","og_image":[{"width":1100,"height":1375,"url":"https:\/\/augustocamiseiro.com\/lojaweb\/wp-content\/uploads\/2025\/10\/camisa-xadrez-vinho-3936-ref-4500_webp.webp","type":"image\/webp"}],"twitter_card":"summary_large_image","twitter_misc":{"Est. tempo de leitura":"1 minuto"},"schema":{"@context":"https:\/\/schema.org","@graph":[{"@type":"WebPage","@id":"https:\/\/augustocamiseiro.com\/lojaweb\/produto\/camisa-xadrez-vermelha\/","url":"https:\/\/augustocamiseiro.com\/lojaweb\/produto\/camisa-xadrez-vermelha\/","name":"Camisa Xadrez Vermelha - Augusto Camiseiro","isPartOf":{"@id":"https:\/\/augustocamiseiro.com\/lojaweb\/#website"},"primaryImageOfPage":{"@id":"https:\/\/augustocamiseiro.com\/lojaweb\/produto\/camisa-xadrez-vermelha\/#primaryimage"},"image":{"@id":"https:\/\/augustocamiseiro.com\/lojaweb\/produto\/camisa-xadrez-vermelha\/#primaryimage"},"thumbnailUrl":"https:\/\/i0.wp.com\/augustocamiseiro.com\/lojaweb\/wp-content\/uploads\/2025\/10\/camisa-xadrez-vinho-3936-ref-4500_webp.webp?fit=1100%2C1375&ssl=1","datePublished":"2025-10-31T18:30:31+00:00","dateModified":"2026-04-30T20:33:59+00:00","description":"Camisa Xadrez Vermelha. Uma pe\u00e7a pensada para o dia a dia, com detalhes discretos e finos, proporcionado um resultado elegante. Feita com 100% de algod\u00e3o.","breadcrumb":{"@id":"https:\/\/augustocamiseiro.com\/lojaweb\/produto\/camisa-xadrez-vermelha\/#breadcrumb"},"inLanguage":"pt-BR","potentialAction":[{"@type":"ReadAction","target":["https:\/\/augustocamiseiro.com\/lojaweb\/produto\/camisa-xadrez-vermelha\/"]}]},{"@type":"ImageObject","inLanguage":"pt-BR","@id":"https:\/\/augustocamiseiro.com\/lojaweb\/produto\/camisa-xadrez-vermelha\/#primaryimage","url":"https:\/\/i0.wp.com\/augustocamiseiro.com\/lojaweb\/wp-content\/uploads\/2025\/10\/camisa-xadrez-vinho-3936-ref-4500_webp.webp?fit=1100%2C1375&ssl=1","contentUrl":"https:\/\/i0.wp.com\/augustocamiseiro.com\/lojaweb\/wp-content\/uploads\/2025\/10\/camisa-xadrez-vinho-3936-ref-4500_webp.webp?fit=1100%2C1375&ssl=1","width":1100,"height":1375,"caption":"camisa xadrez vinho"},{"@type":"BreadcrumbList","@id":"https:\/\/augustocamiseiro.com\/lojaweb\/produto\/camisa-xadrez-vermelha\/#breadcrumb","itemListElement":[{"@type":"ListItem","position":1,"name":"In\u00edcio","item":"https:\/\/augustocamiseiro.com\/lojaweb\/"},{"@type":"ListItem","position":2,"name":"Shop","item":"https:\/\/augustocamiseiro.com\/lojaweb\/shop\/"},{"@type":"ListItem","position":3,"name":"Camisa Xadrez Vermelha"}]},{"@type":"WebSite","@id":"https:\/\/augustocamiseiro.com\/lojaweb\/#website","url":"https:\/\/augustocamiseiro.com\/lojaweb\/","name":"Augusto Camiseiro","description":"Roupa Masculina","publisher":{"@id":"https:\/\/augustocamiseiro.com\/lojaweb\/#organization"},"potentialAction":[{"@type":"SearchAction","target":{"@type":"EntryPoint","urlTemplate":"https:\/\/augustocamiseiro.com\/lojaweb\/?s={search_term_string}"},"query-input":{"@type":"PropertyValueSpecification","valueRequired":true,"valueName":"search_term_string"}}],"inLanguage":"pt-BR"},{"@type":"Organization","@id":"https:\/\/augustocamiseiro.com\/lojaweb\/#organization","name":"Augusto Camiseiro","url":"https:\/\/augustocamiseiro.com\/lojaweb\/","logo":{"@type":"ImageObject","inLanguage":"pt-BR","@id":"https:\/\/augustocamiseiro.com\/lojaweb\/#\/schema\/logo\/image\/","url":"https:\/\/i0.wp.com\/augustocamiseiro.com\/lojaweb\/wp-content\/uploads\/2024\/04\/cropped-logo-augusto-white-1.png?fit=550%2C310&ssl=1","contentUrl":"https:\/\/i0.wp.com\/augustocamiseiro.com\/lojaweb\/wp-content\/uploads\/2024\/04\/cropped-logo-augusto-white-1.png?fit=550%2C310&ssl=1","width":550,"height":310,"caption":"Augusto Camiseiro"},"image":{"@id":"https:\/\/augustocamiseiro.com\/lojaweb\/#\/schema\/logo\/image\/"}}]}},"jetpack_sharing_enabled":true,"_links":{"self":[{"href":"https:\/\/augustocamiseiro.com\/lojaweb\/wp-json\/wp\/v2\/product\/46134","targetHints":{"allow":["GET"]}}],"collection":[{"href":"https:\/\/augustocamiseiro.com\/lojaweb\/wp-json\/wp\/v2\/product"}],"about":[{"href":"https:\/\/augustocamiseiro.com\/lojaweb\/wp-json\/wp\/v2\/types\/product"}],"replies":[{"embeddable":true,"href":"https:\/\/augustocamiseiro.com\/lojaweb\/wp-json\/wp\/v2\/comments?post=46134"}],"wp:featuredmedia":[{"embeddable":true,"href":"https:\/\/augustocamiseiro.com\/lojaweb\/wp-json\/wp\/v2\/media\/45969"}],"wp:attachment":[{"href":"https:\/\/augustocamiseiro.com\/lojaweb\/wp-json\/wp\/v2\/media?parent=46134"}],"wp:term":[{"taxonomy":"product_brand","embeddable":true,"href":"https:\/\/augustocamiseiro.com\/lojaweb\/wp-json\/wp\/v2\/product_brand?post=46134"},{"taxonomy":"product_cat","embeddable":true,"href":"https:\/\/augustocamiseiro.com\/lojaweb\/wp-json\/wp\/v2\/product_cat?post=46134"},{"taxonomy":"product_tag","embeddable":true,"href":"https:\/\/augustocamiseiro.com\/lojaweb\/wp-json\/wp\/v2\/product_tag?post=46134"}],"curies":[{"name":"wp","href":"https:\/\/api.w.org\/{rel}","templated":true}]}}