{"id":46090,"date":"2025-10-29T15:40:28","date_gmt":"2025-10-29T15:40:28","guid":{"rendered":"https:\/\/augustocamiseiro.com\/lojaweb\/?post_type=product&#038;p=46090"},"modified":"2026-04-20T21:11:16","modified_gmt":"2026-04-20T21:11:16","slug":"camisa-xadrez-rosa","status":"publish","type":"product","link":"https:\/\/augustocamiseiro.com\/lojaweb\/produto\/camisa-xadrez-rosa\/","title":{"rendered":"Camisa Xadrez Rosa"},"content":{"rendered":"<p>Uma pe\u00e7a com aspecto tradicional, seu desenho com xadrez duplo, se diferencia do cl\u00e1ssico, entretanto, mant\u00e9m o estilo e a classe, oferecendo conforto e refinamento. Uma camisa pensada para momentos mais descontra\u00eddos e lazer, assim como tamb\u00e9m, para o dia a dia no trabalho.<\/p>\n<p>Tem um estilo despojado e moderno, a uni\u00e3o das cores amarela e azul trazem um aspecto mais r\u00fastico, estilo de interior com personalidade. Combina muito bem com botas ou t\u00eanis casuais.<\/p>\n<h4><\/h4>\n<h4><strong>Composi\u00e7\u00e3o:<\/strong><\/h4>\n<ul>\n<li>100% algod\u00e3o<\/li>\n<li>Fio 100\/2; 100\/2<\/li>\n<\/ul>\n","protected":false},"excerpt":{"rendered":"<p>Camisa social masculina, possui xadrez duplo nas cores rosa e azul. \u00c9 uma pe\u00e7a caracterizada pelo uso de dois padr\u00f5es de xadrez diferentes em sua composi\u00e7\u00e3o criando um visual interessante, ao mesmo tempo, charmoso.<\/p>\n","protected":false},"featured_media":45955,"comment_status":"open","ping_status":"closed","template":"","meta":{"_acf_changed":false},"product_brand":[],"product_cat":[1067],"product_tag":[2282,2281,2352,2350,442,788,450,2335,2334,2358,2353,2357,1675,1761,747,2360,1771,2359,2187,741,2338,2339,2361,2340,2341,1297,2179,2034,1406,1641,1744,2356],"class_list":{"0":"post-46090","1":"product","2":"type-product","3":"status-publish","4":"has-post-thumbnail","6":"product_cat-camisas","7":"product_tag-100-algodao","8":"product_tag-camisa-100-algodao","9":"product_tag-camisa-amarela-masculina","10":"product_tag-camisa-amarela-xadrez","11":"product_tag-camisa-azul","12":"product_tag-camisa-azul-xadrez","13":"product_tag-camisa-casual","14":"product_tag-camisa-casual-azul","15":"product_tag-camisa-casual-masculina","16":"product_tag-camisa-casual-rosa","17":"product_tag-camisa-casual-xadrez-amarela","18":"product_tag-camisa-fio-100-2","19":"product_tag-camisa-masculina-azul","20":"product_tag-camisa-masculina-rosa","21":"product_tag-camisa-rosa","22":"product_tag-camisa-rosa-xadrez","23":"product_tag-camisa-social-masculina","24":"product_tag-camisa-social-rosa","25":"product_tag-camisa-social-xadrez","26":"product_tag-camisa-xadrez-azul","27":"product_tag-camisa-xadrez-duplo","28":"product_tag-camisa-xadrez-duplo-azul","29":"product_tag-camisa-xadrez-duplo-rosa","30":"product_tag-camisa-xadrez-masculina","31":"product_tag-camisa-xadrez-social","32":"product_tag-fio-100-2","33":"product_tag-homem-elegante","34":"product_tag-moda-elegante","35":"product_tag-moda-masculina","36":"product_tag-moda-social","37":"product_tag-moda-social-masculina","38":"product_tag-tecido-100-algodao","40":"first","41":"instock","42":"taxable","43":"shipping-taxable","44":"purchasable","45":"product-type-variable"},"acf":[],"yoast_head":"<!-- This site is optimized with the Yoast SEO plugin v25.3.1 - https:\/\/yoast.com\/wordpress\/plugins\/seo\/ -->\n<title>Camisa Xadrez Rosa - Augusto Camiseiro<\/title>\n<meta name=\"description\" content=\"Camisa Xadrez Duplo. Uma pe\u00e7a pensada para momentos de lazer, com dupla cor azul e rosa, proporcionado um resultado elegante. Feita com 100% de algod\u00e3o.\" \/>\n<meta name=\"robots\" content=\"index, follow, max-snippet:-1, max-image-preview:large, max-video-preview:-1\" \/>\n<link rel=\"canonical\" href=\"https:\/\/augustocamiseiro.com\/lojaweb\/produto\/camisa-xadrez-rosa\/\" \/>\n<meta property=\"og:locale\" content=\"pt_BR\" \/>\n<meta property=\"og:type\" content=\"article\" \/>\n<meta property=\"og:title\" content=\"Camisa Xadrez Rosa - Augusto Camiseiro\" \/>\n<meta property=\"og:description\" content=\"Camisa Xadrez Duplo. Uma pe\u00e7a pensada para momentos de lazer, com dupla cor azul e rosa, proporcionado um resultado elegante. Feita com 100% de algod\u00e3o.\" \/>\n<meta property=\"og:url\" content=\"https:\/\/augustocamiseiro.com\/lojaweb\/produto\/camisa-xadrez-rosa\/\" \/>\n<meta property=\"og:site_name\" content=\"Augusto Camiseiro\" \/>\n<meta property=\"article:modified_time\" content=\"2026-04-20T21:11:16+00:00\" \/>\n<meta property=\"og:image\" content=\"https:\/\/augustocamiseiro.com\/lojaweb\/wp-content\/uploads\/2025\/10\/camisa-xadrez-azul-e-rosa-4459-ref-4495_webp.webp\" \/>\n\t<meta property=\"og:image:width\" content=\"1100\" \/>\n\t<meta property=\"og:image:height\" content=\"1375\" \/>\n\t<meta property=\"og:image:type\" content=\"image\/webp\" \/>\n<meta name=\"twitter:card\" content=\"summary_large_image\" \/>\n<meta name=\"twitter:label1\" content=\"Est. tempo de leitura\" \/>\n\t<meta name=\"twitter:data1\" content=\"1 minuto\" \/>\n<!-- \/ Yoast SEO plugin. -->","yoast_head_json":{"title":"Camisa Xadrez Rosa - Augusto Camiseiro","description":"Camisa Xadrez Duplo. Uma pe\u00e7a pensada para momentos de lazer, com dupla cor azul e rosa, proporcionado um resultado elegante. Feita com 100% de algod\u00e3o.","robots":{"index":"index","follow":"follow","max-snippet":"max-snippet:-1","max-image-preview":"max-image-preview:large","max-video-preview":"max-video-preview:-1"},"canonical":"https:\/\/augustocamiseiro.com\/lojaweb\/produto\/camisa-xadrez-rosa\/","og_locale":"pt_BR","og_type":"article","og_title":"Camisa Xadrez Rosa - Augusto Camiseiro","og_description":"Camisa Xadrez Duplo. Uma pe\u00e7a pensada para momentos de lazer, com dupla cor azul e rosa, proporcionado um resultado elegante. Feita com 100% de algod\u00e3o.","og_url":"https:\/\/augustocamiseiro.com\/lojaweb\/produto\/camisa-xadrez-rosa\/","og_site_name":"Augusto Camiseiro","article_modified_time":"2026-04-20T21:11:16+00:00","og_image":[{"width":1100,"height":1375,"url":"https:\/\/augustocamiseiro.com\/lojaweb\/wp-content\/uploads\/2025\/10\/camisa-xadrez-azul-e-rosa-4459-ref-4495_webp.webp","type":"image\/webp"}],"twitter_card":"summary_large_image","twitter_misc":{"Est. tempo de leitura":"1 minuto"},"schema":{"@context":"https:\/\/schema.org","@graph":[{"@type":"WebPage","@id":"https:\/\/augustocamiseiro.com\/lojaweb\/produto\/camisa-xadrez-rosa\/","url":"https:\/\/augustocamiseiro.com\/lojaweb\/produto\/camisa-xadrez-rosa\/","name":"Camisa Xadrez Rosa - Augusto Camiseiro","isPartOf":{"@id":"https:\/\/augustocamiseiro.com\/lojaweb\/#website"},"primaryImageOfPage":{"@id":"https:\/\/augustocamiseiro.com\/lojaweb\/produto\/camisa-xadrez-rosa\/#primaryimage"},"image":{"@id":"https:\/\/augustocamiseiro.com\/lojaweb\/produto\/camisa-xadrez-rosa\/#primaryimage"},"thumbnailUrl":"https:\/\/i0.wp.com\/augustocamiseiro.com\/lojaweb\/wp-content\/uploads\/2025\/10\/camisa-xadrez-azul-e-rosa-4459-ref-4495_webp.webp?fit=1100%2C1375&ssl=1","datePublished":"2025-10-29T15:40:28+00:00","dateModified":"2026-04-20T21:11:16+00:00","description":"Camisa Xadrez Duplo. Uma pe\u00e7a pensada para momentos de lazer, com dupla cor azul e rosa, proporcionado um resultado elegante. Feita com 100% de algod\u00e3o.","breadcrumb":{"@id":"https:\/\/augustocamiseiro.com\/lojaweb\/produto\/camisa-xadrez-rosa\/#breadcrumb"},"inLanguage":"pt-BR","potentialAction":[{"@type":"ReadAction","target":["https:\/\/augustocamiseiro.com\/lojaweb\/produto\/camisa-xadrez-rosa\/"]}]},{"@type":"ImageObject","inLanguage":"pt-BR","@id":"https:\/\/augustocamiseiro.com\/lojaweb\/produto\/camisa-xadrez-rosa\/#primaryimage","url":"https:\/\/i0.wp.com\/augustocamiseiro.com\/lojaweb\/wp-content\/uploads\/2025\/10\/camisa-xadrez-azul-e-rosa-4459-ref-4495_webp.webp?fit=1100%2C1375&ssl=1","contentUrl":"https:\/\/i0.wp.com\/augustocamiseiro.com\/lojaweb\/wp-content\/uploads\/2025\/10\/camisa-xadrez-azul-e-rosa-4459-ref-4495_webp.webp?fit=1100%2C1375&ssl=1","width":1100,"height":1375,"caption":"camisa xadrez azul e rosa"},{"@type":"BreadcrumbList","@id":"https:\/\/augustocamiseiro.com\/lojaweb\/produto\/camisa-xadrez-rosa\/#breadcrumb","itemListElement":[{"@type":"ListItem","position":1,"name":"In\u00edcio","item":"https:\/\/augustocamiseiro.com\/lojaweb\/"},{"@type":"ListItem","position":2,"name":"Shop","item":"https:\/\/augustocamiseiro.com\/lojaweb\/shop\/"},{"@type":"ListItem","position":3,"name":"Camisa Xadrez Rosa"}]},{"@type":"WebSite","@id":"https:\/\/augustocamiseiro.com\/lojaweb\/#website","url":"https:\/\/augustocamiseiro.com\/lojaweb\/","name":"Augusto Camiseiro","description":"Roupa Masculina","publisher":{"@id":"https:\/\/augustocamiseiro.com\/lojaweb\/#organization"},"potentialAction":[{"@type":"SearchAction","target":{"@type":"EntryPoint","urlTemplate":"https:\/\/augustocamiseiro.com\/lojaweb\/?s={search_term_string}"},"query-input":{"@type":"PropertyValueSpecification","valueRequired":true,"valueName":"search_term_string"}}],"inLanguage":"pt-BR"},{"@type":"Organization","@id":"https:\/\/augustocamiseiro.com\/lojaweb\/#organization","name":"Augusto Camiseiro","url":"https:\/\/augustocamiseiro.com\/lojaweb\/","logo":{"@type":"ImageObject","inLanguage":"pt-BR","@id":"https:\/\/augustocamiseiro.com\/lojaweb\/#\/schema\/logo\/image\/","url":"https:\/\/i0.wp.com\/augustocamiseiro.com\/lojaweb\/wp-content\/uploads\/2024\/04\/cropped-logo-augusto-white-1.png?fit=550%2C310&ssl=1","contentUrl":"https:\/\/i0.wp.com\/augustocamiseiro.com\/lojaweb\/wp-content\/uploads\/2024\/04\/cropped-logo-augusto-white-1.png?fit=550%2C310&ssl=1","width":550,"height":310,"caption":"Augusto Camiseiro"},"image":{"@id":"https:\/\/augustocamiseiro.com\/lojaweb\/#\/schema\/logo\/image\/"}}]}},"jetpack_sharing_enabled":true,"_links":{"self":[{"href":"https:\/\/augustocamiseiro.com\/lojaweb\/wp-json\/wp\/v2\/product\/46090","targetHints":{"allow":["GET"]}}],"collection":[{"href":"https:\/\/augustocamiseiro.com\/lojaweb\/wp-json\/wp\/v2\/product"}],"about":[{"href":"https:\/\/augustocamiseiro.com\/lojaweb\/wp-json\/wp\/v2\/types\/product"}],"replies":[{"embeddable":true,"href":"https:\/\/augustocamiseiro.com\/lojaweb\/wp-json\/wp\/v2\/comments?post=46090"}],"wp:featuredmedia":[{"embeddable":true,"href":"https:\/\/augustocamiseiro.com\/lojaweb\/wp-json\/wp\/v2\/media\/45955"}],"wp:attachment":[{"href":"https:\/\/augustocamiseiro.com\/lojaweb\/wp-json\/wp\/v2\/media?parent=46090"}],"wp:term":[{"taxonomy":"product_brand","embeddable":true,"href":"https:\/\/augustocamiseiro.com\/lojaweb\/wp-json\/wp\/v2\/product_brand?post=46090"},{"taxonomy":"product_cat","embeddable":true,"href":"https:\/\/augustocamiseiro.com\/lojaweb\/wp-json\/wp\/v2\/product_cat?post=46090"},{"taxonomy":"product_tag","embeddable":true,"href":"https:\/\/augustocamiseiro.com\/lojaweb\/wp-json\/wp\/v2\/product_tag?post=46090"}],"curies":[{"name":"wp","href":"https:\/\/api.w.org\/{rel}","templated":true}]}}