{"id":45986,"date":"2025-10-23T13:39:29","date_gmt":"2025-10-23T13:39:29","guid":{"rendered":"https:\/\/augustocamiseiro.com\/lojaweb\/?post_type=product&#038;p=45986"},"modified":"2026-04-15T20:41:46","modified_gmt":"2026-04-15T20:41:46","slug":"camisa-de-linho-laranja","status":"publish","type":"product","link":"https:\/\/augustocamiseiro.com\/lojaweb\/produto\/camisa-de-linho-laranja\/","title":{"rendered":"Camisa de Linho Laranja"},"content":{"rendered":"<p>A camisa laranja de linho \u00e9 feita com 100% de linho puro. Um tecido nobre, leve, respir\u00e1vel, fornecendo maior eleg\u00e2ncia, flexibilidade de conforto. \u00c9 uma camisa pensada para momentos de lazer. O linho \u00e9 um estilo moderno, especificamente em momentos de lazer, praia. S\u00e3o pe\u00e7as que combinam sofistica\u00e7\u00e3o natural e conforto.<\/p>\n<p>Dispon\u00edvel em diversos cortes e cores, as camisas de linho transitam facilmente entre o formal e o casual. V\u00e3o muito bem com bermudas e sand\u00e1lias, quanto a cal\u00e7as de alfaiataria e sapatos sociais, como mocassim.<\/p>\n<p>&nbsp;<\/p>\n","protected":false},"excerpt":{"rendered":"<p>Camisa de linho laranja. O linho \u00e9 conhecido por sua textura levemente r\u00fastica e apar\u00eancia refinada, al\u00e9m de oferecer excelente ventila\u00e7\u00e3o e absor\u00e7\u00e3o de umidade, tornando a camisa ideal para os dias quentes, momentos descontra\u00eddos, finais de semana, ambientes tropicais, viagens. S\u00e3o perfeitas para quem busca um visual elegante sem abrir m\u00e3o da praticidade.<\/p>\n<h4 style=\"font-family: 'Helvetica Neue', Helvetica, Arial, sans-serif, sans-serif;font-weight: 600;color: #484f56;font-size: 20px\"><strong>\u00a0<\/strong><\/h4>\n<h4 style=\"font-family: 'Helvetica Neue', Helvetica, Arial, sans-serif, sans-serif;font-weight: 600;color: #484f56;font-size: 20px\"><strong>Composi\u00e7\u00e3o:<\/strong><\/h4>\n<ul>\n<li>100% linho<\/li>\n<\/ul>\n","protected":false},"featured_media":45873,"comment_status":"open","ping_status":"closed","template":"","meta":{"_acf_changed":false},"product_brand":[],"product_cat":[1067],"product_tag":[1832,2271,1295,2325,2310,1447,2329,1235,2328,2312,2324,2330,1754,740,2323,2327,2326,1406],"class_list":{"0":"post-45986","1":"product","2":"type-product","3":"status-publish","4":"has-post-thumbnail","6":"product_cat-camisas","7":"product_tag-100-linho","8":"product_tag-camisa-100-linho","9":"product_tag-camisa-esportiva","10":"product_tag-camisa-esportiva-laranja","11":"product_tag-camisa-esportiva-masculina","12":"product_tag-camisa-laranja","13":"product_tag-camisa-laranja-masculina","14":"product_tag-camisa-linho","15":"product_tag-camisa-linho-casual","16":"product_tag-camisa-linho-esportiva","17":"product_tag-camisa-linho-laranja","18":"product_tag-camisa-linho-laranja-masculina","19":"product_tag-camisa-linho-masculina","20":"product_tag-camisa-masculina","21":"product_tag-camisa-masculina-laranja","22":"product_tag-linho-casual","23":"product_tag-linho-laranja","24":"product_tag-moda-masculina","26":"first","27":"instock","28":"taxable","29":"shipping-taxable","30":"purchasable","31":"product-type-variable"},"acf":[],"yoast_head":"<!-- This site is optimized with the Yoast SEO plugin v25.3.1 - https:\/\/yoast.com\/wordpress\/plugins\/seo\/ -->\n<title>Camisa de Linho Laranja - Augusto Camiseiro<\/title>\n<meta name=\"description\" content=\"Camisa laranja de Linho. Item obrigat\u00f3rio em seu guarda roupa. Linho puro com acabamento artesanal e muita durabilidade. Fabrica\u00e7\u00e3o pr\u00f3pria.\" \/>\n<meta name=\"robots\" content=\"index, follow, max-snippet:-1, max-image-preview:large, max-video-preview:-1\" \/>\n<link rel=\"canonical\" href=\"https:\/\/augustocamiseiro.com\/lojaweb\/produto\/camisa-de-linho-laranja\/\" \/>\n<meta property=\"og:locale\" content=\"pt_BR\" \/>\n<meta property=\"og:type\" content=\"article\" \/>\n<meta property=\"og:title\" content=\"Camisa de Linho Laranja - Augusto Camiseiro\" \/>\n<meta property=\"og:description\" content=\"Camisa laranja de Linho. Item obrigat\u00f3rio em seu guarda roupa. Linho puro com acabamento artesanal e muita durabilidade. Fabrica\u00e7\u00e3o pr\u00f3pria.\" \/>\n<meta property=\"og:url\" content=\"https:\/\/augustocamiseiro.com\/lojaweb\/produto\/camisa-de-linho-laranja\/\" \/>\n<meta property=\"og:site_name\" content=\"Augusto Camiseiro\" \/>\n<meta property=\"article:modified_time\" content=\"2026-04-15T20:41:46+00:00\" \/>\n<meta property=\"og:image\" content=\"https:\/\/augustocamiseiro.com\/lojaweb\/wp-content\/uploads\/2025\/10\/CAMISA-4371-LINHO-LARANJA-ref-4286_webp.webp\" \/>\n\t<meta property=\"og:image:width\" content=\"1100\" \/>\n\t<meta property=\"og:image:height\" content=\"1375\" \/>\n\t<meta property=\"og:image:type\" content=\"image\/webp\" \/>\n<meta name=\"twitter:card\" content=\"summary_large_image\" \/>\n<meta name=\"twitter:label1\" content=\"Est. tempo de leitura\" \/>\n\t<meta name=\"twitter:data1\" content=\"1 minuto\" \/>\n<!-- \/ Yoast SEO plugin. -->","yoast_head_json":{"title":"Camisa de Linho Laranja - Augusto Camiseiro","description":"Camisa laranja de Linho. Item obrigat\u00f3rio em seu guarda roupa. Linho puro com acabamento artesanal e muita durabilidade. Fabrica\u00e7\u00e3o pr\u00f3pria.","robots":{"index":"index","follow":"follow","max-snippet":"max-snippet:-1","max-image-preview":"max-image-preview:large","max-video-preview":"max-video-preview:-1"},"canonical":"https:\/\/augustocamiseiro.com\/lojaweb\/produto\/camisa-de-linho-laranja\/","og_locale":"pt_BR","og_type":"article","og_title":"Camisa de Linho Laranja - Augusto Camiseiro","og_description":"Camisa laranja de Linho. Item obrigat\u00f3rio em seu guarda roupa. Linho puro com acabamento artesanal e muita durabilidade. Fabrica\u00e7\u00e3o pr\u00f3pria.","og_url":"https:\/\/augustocamiseiro.com\/lojaweb\/produto\/camisa-de-linho-laranja\/","og_site_name":"Augusto Camiseiro","article_modified_time":"2026-04-15T20:41:46+00:00","og_image":[{"width":1100,"height":1375,"url":"https:\/\/augustocamiseiro.com\/lojaweb\/wp-content\/uploads\/2025\/10\/CAMISA-4371-LINHO-LARANJA-ref-4286_webp.webp","type":"image\/webp"}],"twitter_card":"summary_large_image","twitter_misc":{"Est. tempo de leitura":"1 minuto"},"schema":{"@context":"https:\/\/schema.org","@graph":[{"@type":"WebPage","@id":"https:\/\/augustocamiseiro.com\/lojaweb\/produto\/camisa-de-linho-laranja\/","url":"https:\/\/augustocamiseiro.com\/lojaweb\/produto\/camisa-de-linho-laranja\/","name":"Camisa de Linho Laranja - Augusto Camiseiro","isPartOf":{"@id":"https:\/\/augustocamiseiro.com\/lojaweb\/#website"},"primaryImageOfPage":{"@id":"https:\/\/augustocamiseiro.com\/lojaweb\/produto\/camisa-de-linho-laranja\/#primaryimage"},"image":{"@id":"https:\/\/augustocamiseiro.com\/lojaweb\/produto\/camisa-de-linho-laranja\/#primaryimage"},"thumbnailUrl":"https:\/\/i0.wp.com\/augustocamiseiro.com\/lojaweb\/wp-content\/uploads\/2025\/10\/CAMISA-4371-LINHO-LARANJA-ref-4286_webp.webp?fit=1100%2C1375&ssl=1","datePublished":"2025-10-23T13:39:29+00:00","dateModified":"2026-04-15T20:41:46+00:00","description":"Camisa laranja de Linho. Item obrigat\u00f3rio em seu guarda roupa. Linho puro com acabamento artesanal e muita durabilidade. Fabrica\u00e7\u00e3o pr\u00f3pria.","breadcrumb":{"@id":"https:\/\/augustocamiseiro.com\/lojaweb\/produto\/camisa-de-linho-laranja\/#breadcrumb"},"inLanguage":"pt-BR","potentialAction":[{"@type":"ReadAction","target":["https:\/\/augustocamiseiro.com\/lojaweb\/produto\/camisa-de-linho-laranja\/"]}]},{"@type":"ImageObject","inLanguage":"pt-BR","@id":"https:\/\/augustocamiseiro.com\/lojaweb\/produto\/camisa-de-linho-laranja\/#primaryimage","url":"https:\/\/i0.wp.com\/augustocamiseiro.com\/lojaweb\/wp-content\/uploads\/2025\/10\/CAMISA-4371-LINHO-LARANJA-ref-4286_webp.webp?fit=1100%2C1375&ssl=1","contentUrl":"https:\/\/i0.wp.com\/augustocamiseiro.com\/lojaweb\/wp-content\/uploads\/2025\/10\/CAMISA-4371-LINHO-LARANJA-ref-4286_webp.webp?fit=1100%2C1375&ssl=1","width":1100,"height":1375,"caption":"CAMISA 4371 LINHO LARANJA"},{"@type":"BreadcrumbList","@id":"https:\/\/augustocamiseiro.com\/lojaweb\/produto\/camisa-de-linho-laranja\/#breadcrumb","itemListElement":[{"@type":"ListItem","position":1,"name":"In\u00edcio","item":"https:\/\/augustocamiseiro.com\/lojaweb\/"},{"@type":"ListItem","position":2,"name":"Shop","item":"https:\/\/augustocamiseiro.com\/lojaweb\/shop\/"},{"@type":"ListItem","position":3,"name":"Camisa de Linho Laranja"}]},{"@type":"WebSite","@id":"https:\/\/augustocamiseiro.com\/lojaweb\/#website","url":"https:\/\/augustocamiseiro.com\/lojaweb\/","name":"Augusto Camiseiro","description":"Roupa Masculina","publisher":{"@id":"https:\/\/augustocamiseiro.com\/lojaweb\/#organization"},"potentialAction":[{"@type":"SearchAction","target":{"@type":"EntryPoint","urlTemplate":"https:\/\/augustocamiseiro.com\/lojaweb\/?s={search_term_string}"},"query-input":{"@type":"PropertyValueSpecification","valueRequired":true,"valueName":"search_term_string"}}],"inLanguage":"pt-BR"},{"@type":"Organization","@id":"https:\/\/augustocamiseiro.com\/lojaweb\/#organization","name":"Augusto Camiseiro","url":"https:\/\/augustocamiseiro.com\/lojaweb\/","logo":{"@type":"ImageObject","inLanguage":"pt-BR","@id":"https:\/\/augustocamiseiro.com\/lojaweb\/#\/schema\/logo\/image\/","url":"https:\/\/i0.wp.com\/augustocamiseiro.com\/lojaweb\/wp-content\/uploads\/2024\/04\/cropped-logo-augusto-white-1.png?fit=550%2C310&ssl=1","contentUrl":"https:\/\/i0.wp.com\/augustocamiseiro.com\/lojaweb\/wp-content\/uploads\/2024\/04\/cropped-logo-augusto-white-1.png?fit=550%2C310&ssl=1","width":550,"height":310,"caption":"Augusto Camiseiro"},"image":{"@id":"https:\/\/augustocamiseiro.com\/lojaweb\/#\/schema\/logo\/image\/"}}]}},"jetpack_sharing_enabled":true,"_links":{"self":[{"href":"https:\/\/augustocamiseiro.com\/lojaweb\/wp-json\/wp\/v2\/product\/45986","targetHints":{"allow":["GET"]}}],"collection":[{"href":"https:\/\/augustocamiseiro.com\/lojaweb\/wp-json\/wp\/v2\/product"}],"about":[{"href":"https:\/\/augustocamiseiro.com\/lojaweb\/wp-json\/wp\/v2\/types\/product"}],"replies":[{"embeddable":true,"href":"https:\/\/augustocamiseiro.com\/lojaweb\/wp-json\/wp\/v2\/comments?post=45986"}],"wp:featuredmedia":[{"embeddable":true,"href":"https:\/\/augustocamiseiro.com\/lojaweb\/wp-json\/wp\/v2\/media\/45873"}],"wp:attachment":[{"href":"https:\/\/augustocamiseiro.com\/lojaweb\/wp-json\/wp\/v2\/media?parent=45986"}],"wp:term":[{"taxonomy":"product_brand","embeddable":true,"href":"https:\/\/augustocamiseiro.com\/lojaweb\/wp-json\/wp\/v2\/product_brand?post=45986"},{"taxonomy":"product_cat","embeddable":true,"href":"https:\/\/augustocamiseiro.com\/lojaweb\/wp-json\/wp\/v2\/product_cat?post=45986"},{"taxonomy":"product_tag","embeddable":true,"href":"https:\/\/augustocamiseiro.com\/lojaweb\/wp-json\/wp\/v2\/product_tag?post=45986"}],"curies":[{"name":"wp","href":"https:\/\/api.w.org\/{rel}","templated":true}]}}