{"id":45875,"date":"2025-10-16T13:21:30","date_gmt":"2025-10-16T13:21:30","guid":{"rendered":"https:\/\/augustocamiseiro.com\/lojaweb\/?post_type=product&#038;p=45875"},"modified":"2025-10-27T15:11:15","modified_gmt":"2025-10-27T15:11:15","slug":"gravata-borboleta-preta","status":"publish","type":"product","link":"https:\/\/augustocamiseiro.com\/lojaweb\/produto\/gravata-borboleta-preta\/","title":{"rendered":"Gravata Borboleta Preta"},"content":{"rendered":"<p>Feita para usar especificamente com o smoking. Feita com seda italiana, dessa forma, proporcionando conforto, al\u00e9m da eleg\u00e2ncia. Sua cor adiciona profundidade e personalidade ao conjunto. Ideal para eventos noturnos ou ocasi\u00f5es especiais em que se deseja destacar com classe.<\/p>\n<h4><strong>Composi\u00e7\u00e3o:<\/strong><\/h4>\n<ul>\n<li>100%seda italiana<\/li>\n<\/ul>\n","protected":false},"excerpt":{"rendered":"<p>Gravata preta para smoking se torna o ponto focal do traje, a pe\u00e7a cl\u00e1ssica do look expressando confian\u00e7a e estio. \u00e9 uma escolha comum em festas formais, casamentos e premia\u00e7\u00f5es, especialmente quando se quer manter o rigor do black tie, mas com um toque individual. Acabamento aveludado, fornecendo um toque macio e de extrema eleg\u00e2ncia.<\/p>\n","protected":false},"featured_media":45804,"comment_status":"open","ping_status":"closed","template":"","meta":{"_acf_changed":false},"product_brand":[],"product_cat":[1069],"product_tag":[529,546,2294,2289,2343,2293,2295,2345,2287,1941,2296,2344,780,2346],"class_list":{"0":"post-45875","1":"product","2":"type-product","3":"status-publish","4":"has-post-thumbnail","6":"product_cat-gravatas-acessorios","7":"product_tag-gravata","8":"product_tag-gravata-de-seda-italiana","9":"product_tag-gravata-de-seda-preta","10":"product_tag-gravata-de-smoking","11":"product_tag-gravata-de-veludo","12":"product_tag-gravata-preta","13":"product_tag-gravata-preta-de-smoking","14":"product_tag-gravata-preta-veludo","15":"product_tag-gravata-smoking","16":"product_tag-gravata-social","17":"product_tag-gravata-social-preta","18":"product_tag-gravata-veludo","19":"product_tag-smoking","20":"product_tag-veludo-preto","22":"first","23":"instock","24":"taxable","25":"shipping-taxable","26":"purchasable","27":"product-type-simple"},"acf":[],"yoast_head":"<!-- This site is optimized with the Yoast SEO plugin v25.3.1 - https:\/\/yoast.com\/wordpress\/plugins\/seo\/ -->\n<title>Gravata Borboleta Preta - Augusto Camiseiro<\/title>\n<meta name=\"description\" content=\"Gravata preta, estilo \u00fanico e tradicional, uma das pe\u00e7as mais not\u00e1veis no look de smoking, adicionando um requinte de luxuria e eleg\u00e2ncia.\" \/>\n<meta name=\"robots\" content=\"index, follow, max-snippet:-1, max-image-preview:large, max-video-preview:-1\" \/>\n<link rel=\"canonical\" href=\"https:\/\/augustocamiseiro.com\/lojaweb\/produto\/gravata-borboleta-preta\/\" \/>\n<meta property=\"og:locale\" content=\"pt_BR\" \/>\n<meta property=\"og:type\" content=\"article\" \/>\n<meta property=\"og:title\" content=\"Gravata Borboleta Preta - Augusto Camiseiro\" \/>\n<meta property=\"og:description\" content=\"Gravata preta, estilo \u00fanico e tradicional, uma das pe\u00e7as mais not\u00e1veis no look de smoking, adicionando um requinte de luxuria e eleg\u00e2ncia.\" \/>\n<meta property=\"og:url\" content=\"https:\/\/augustocamiseiro.com\/lojaweb\/produto\/gravata-borboleta-preta\/\" \/>\n<meta property=\"og:site_name\" content=\"Augusto Camiseiro\" \/>\n<meta property=\"article:modified_time\" content=\"2025-10-27T15:11:15+00:00\" \/>\n<meta property=\"og:image\" content=\"https:\/\/augustocamiseiro.com\/lojaweb\/wp-content\/uploads\/2025\/10\/gravata-borboleta-smoking-3955_webp.webp\" \/>\n\t<meta property=\"og:image:width\" content=\"1100\" \/>\n\t<meta property=\"og:image:height\" content=\"1375\" \/>\n\t<meta property=\"og:image:type\" content=\"image\/webp\" \/>\n<meta name=\"twitter:card\" content=\"summary_large_image\" \/>\n<meta name=\"twitter:label1\" content=\"Est. tempo de leitura\" \/>\n\t<meta name=\"twitter:data1\" content=\"1 minuto\" \/>\n<!-- \/ Yoast SEO plugin. -->","yoast_head_json":{"title":"Gravata Borboleta Preta - Augusto Camiseiro","description":"Gravata preta, estilo \u00fanico e tradicional, uma das pe\u00e7as mais not\u00e1veis no look de smoking, adicionando um requinte de luxuria e eleg\u00e2ncia.","robots":{"index":"index","follow":"follow","max-snippet":"max-snippet:-1","max-image-preview":"max-image-preview:large","max-video-preview":"max-video-preview:-1"},"canonical":"https:\/\/augustocamiseiro.com\/lojaweb\/produto\/gravata-borboleta-preta\/","og_locale":"pt_BR","og_type":"article","og_title":"Gravata Borboleta Preta - Augusto Camiseiro","og_description":"Gravata preta, estilo \u00fanico e tradicional, uma das pe\u00e7as mais not\u00e1veis no look de smoking, adicionando um requinte de luxuria e eleg\u00e2ncia.","og_url":"https:\/\/augustocamiseiro.com\/lojaweb\/produto\/gravata-borboleta-preta\/","og_site_name":"Augusto Camiseiro","article_modified_time":"2025-10-27T15:11:15+00:00","og_image":[{"width":1100,"height":1375,"url":"https:\/\/augustocamiseiro.com\/lojaweb\/wp-content\/uploads\/2025\/10\/gravata-borboleta-smoking-3955_webp.webp","type":"image\/webp"}],"twitter_card":"summary_large_image","twitter_misc":{"Est. tempo de leitura":"1 minuto"},"schema":{"@context":"https:\/\/schema.org","@graph":[{"@type":"WebPage","@id":"https:\/\/augustocamiseiro.com\/lojaweb\/produto\/gravata-borboleta-preta\/","url":"https:\/\/augustocamiseiro.com\/lojaweb\/produto\/gravata-borboleta-preta\/","name":"Gravata Borboleta Preta - Augusto Camiseiro","isPartOf":{"@id":"https:\/\/augustocamiseiro.com\/lojaweb\/#website"},"primaryImageOfPage":{"@id":"https:\/\/augustocamiseiro.com\/lojaweb\/produto\/gravata-borboleta-preta\/#primaryimage"},"image":{"@id":"https:\/\/augustocamiseiro.com\/lojaweb\/produto\/gravata-borboleta-preta\/#primaryimage"},"thumbnailUrl":"https:\/\/i0.wp.com\/augustocamiseiro.com\/lojaweb\/wp-content\/uploads\/2025\/10\/gravata-borboleta-smoking-3955_webp.webp?fit=1100%2C1375&ssl=1","datePublished":"2025-10-16T13:21:30+00:00","dateModified":"2025-10-27T15:11:15+00:00","description":"Gravata preta, estilo \u00fanico e tradicional, uma das pe\u00e7as mais not\u00e1veis no look de smoking, adicionando um requinte de luxuria e eleg\u00e2ncia.","breadcrumb":{"@id":"https:\/\/augustocamiseiro.com\/lojaweb\/produto\/gravata-borboleta-preta\/#breadcrumb"},"inLanguage":"pt-BR","potentialAction":[{"@type":"ReadAction","target":["https:\/\/augustocamiseiro.com\/lojaweb\/produto\/gravata-borboleta-preta\/"]}]},{"@type":"ImageObject","inLanguage":"pt-BR","@id":"https:\/\/augustocamiseiro.com\/lojaweb\/produto\/gravata-borboleta-preta\/#primaryimage","url":"https:\/\/i0.wp.com\/augustocamiseiro.com\/lojaweb\/wp-content\/uploads\/2025\/10\/gravata-borboleta-smoking-3955_webp.webp?fit=1100%2C1375&ssl=1","contentUrl":"https:\/\/i0.wp.com\/augustocamiseiro.com\/lojaweb\/wp-content\/uploads\/2025\/10\/gravata-borboleta-smoking-3955_webp.webp?fit=1100%2C1375&ssl=1","width":1100,"height":1375},{"@type":"BreadcrumbList","@id":"https:\/\/augustocamiseiro.com\/lojaweb\/produto\/gravata-borboleta-preta\/#breadcrumb","itemListElement":[{"@type":"ListItem","position":1,"name":"In\u00edcio","item":"https:\/\/augustocamiseiro.com\/lojaweb\/"},{"@type":"ListItem","position":2,"name":"Shop","item":"https:\/\/augustocamiseiro.com\/lojaweb\/shop\/"},{"@type":"ListItem","position":3,"name":"Gravata Borboleta Preta"}]},{"@type":"WebSite","@id":"https:\/\/augustocamiseiro.com\/lojaweb\/#website","url":"https:\/\/augustocamiseiro.com\/lojaweb\/","name":"Augusto Camiseiro","description":"Roupa Masculina","publisher":{"@id":"https:\/\/augustocamiseiro.com\/lojaweb\/#organization"},"potentialAction":[{"@type":"SearchAction","target":{"@type":"EntryPoint","urlTemplate":"https:\/\/augustocamiseiro.com\/lojaweb\/?s={search_term_string}"},"query-input":{"@type":"PropertyValueSpecification","valueRequired":true,"valueName":"search_term_string"}}],"inLanguage":"pt-BR"},{"@type":"Organization","@id":"https:\/\/augustocamiseiro.com\/lojaweb\/#organization","name":"Augusto Camiseiro","url":"https:\/\/augustocamiseiro.com\/lojaweb\/","logo":{"@type":"ImageObject","inLanguage":"pt-BR","@id":"https:\/\/augustocamiseiro.com\/lojaweb\/#\/schema\/logo\/image\/","url":"https:\/\/i0.wp.com\/augustocamiseiro.com\/lojaweb\/wp-content\/uploads\/2024\/04\/cropped-logo-augusto-white-1.png?fit=550%2C310&ssl=1","contentUrl":"https:\/\/i0.wp.com\/augustocamiseiro.com\/lojaweb\/wp-content\/uploads\/2024\/04\/cropped-logo-augusto-white-1.png?fit=550%2C310&ssl=1","width":550,"height":310,"caption":"Augusto Camiseiro"},"image":{"@id":"https:\/\/augustocamiseiro.com\/lojaweb\/#\/schema\/logo\/image\/"}}]}},"jetpack_sharing_enabled":true,"_links":{"self":[{"href":"https:\/\/augustocamiseiro.com\/lojaweb\/wp-json\/wp\/v2\/product\/45875","targetHints":{"allow":["GET"]}}],"collection":[{"href":"https:\/\/augustocamiseiro.com\/lojaweb\/wp-json\/wp\/v2\/product"}],"about":[{"href":"https:\/\/augustocamiseiro.com\/lojaweb\/wp-json\/wp\/v2\/types\/product"}],"replies":[{"embeddable":true,"href":"https:\/\/augustocamiseiro.com\/lojaweb\/wp-json\/wp\/v2\/comments?post=45875"}],"wp:featuredmedia":[{"embeddable":true,"href":"https:\/\/augustocamiseiro.com\/lojaweb\/wp-json\/wp\/v2\/media\/45804"}],"wp:attachment":[{"href":"https:\/\/augustocamiseiro.com\/lojaweb\/wp-json\/wp\/v2\/media?parent=45875"}],"wp:term":[{"taxonomy":"product_brand","embeddable":true,"href":"https:\/\/augustocamiseiro.com\/lojaweb\/wp-json\/wp\/v2\/product_brand?post=45875"},{"taxonomy":"product_cat","embeddable":true,"href":"https:\/\/augustocamiseiro.com\/lojaweb\/wp-json\/wp\/v2\/product_cat?post=45875"},{"taxonomy":"product_tag","embeddable":true,"href":"https:\/\/augustocamiseiro.com\/lojaweb\/wp-json\/wp\/v2\/product_tag?post=45875"}],"curies":[{"name":"wp","href":"https:\/\/api.w.org\/{rel}","templated":true}]}}