{"id":45848,"date":"2025-10-14T19:13:47","date_gmt":"2025-10-14T19:13:47","guid":{"rendered":"https:\/\/augustocamiseiro.com\/lojaweb\/?post_type=product&#038;p=45848"},"modified":"2026-04-16T20:29:04","modified_gmt":"2026-04-16T20:29:04","slug":"camisa-smoking","status":"publish","type":"product","link":"https:\/\/augustocamiseiro.com\/lojaweb\/produto\/camisa-smoking\/","title":{"rendered":"Camisa Smoking"},"content":{"rendered":"<p>Camisa social de smoking. Uma pe\u00e7a muito macia ao toque e com um acabamento refinado, seu tecido proporciona uma textura suave, excelente caimento e durabilidade superior, al\u00e9m de seu aspecto \u00fanico. Seus detalhes cuidadosamente pensado, desde a costura at\u00e9 os bot\u00f5es, tornam esta camisa uma escolha impec\u00e1vel para acompanhar smoking em eventos de alto padr\u00e3o, como casamentos, bailes, black tie e cerim\u00f4nias formais.<\/p>\n<h4><\/h4>\n<h4><strong>Composi\u00e7\u00e3o:<\/strong><\/h4>\n<ul>\n<li>100% algod\u00e3o<\/li>\n<li>Fio twill 120\/2<\/li>\n<\/ul>\n<p>&nbsp;<\/p>\n","protected":false},"excerpt":{"rendered":"<p>Camisa branca de smoking. Com design cl\u00e1ssico e refinado, ela traz gola pr\u00f3pria para gravata borboleta, frente lisa, os punhos podem ser duplos, pr\u00f3prios para abotoaduras, refor\u00e7ando o requinte da pe\u00e7a.<\/p>\n","protected":false},"featured_media":45802,"comment_status":"open","ping_status":"closed","template":"","meta":{"_acf_changed":false},"product_brand":[],"product_cat":[1067],"product_tag":[2282,776,434,2281,598,2277,1862,2283,740,1771,1759,2286,2284,2285,780,2278,781],"class_list":{"0":"post-45848","1":"product","2":"type-product","3":"status-publish","4":"has-post-thumbnail","6":"product_cat-camisas","7":"product_tag-100-algodao","8":"product_tag-black-tie","9":"product_tag-camisa","10":"product_tag-camisa-100-algodao","11":"product_tag-camisa-branca","12":"product_tag-camisa-branca-smoking","13":"product_tag-camisa-branca-social","14":"product_tag-camisa-de-algodao","15":"product_tag-camisa-masculina","16":"product_tag-camisa-social-masculina","17":"product_tag-camisa-twill","18":"product_tag-fio-120-2","19":"product_tag-fio-twill","20":"product_tag-fio-twill-120-2","21":"product_tag-smoking","22":"product_tag-smoking-black-tie","23":"product_tag-smoking-formal","25":"first","26":"instock","27":"taxable","28":"shipping-taxable","29":"purchasable","30":"product-type-variable"},"acf":[],"yoast_head":"<!-- This site is optimized with the Yoast SEO plugin v25.3.1 - https:\/\/yoast.com\/wordpress\/plugins\/seo\/ -->\n<title>Camisa Smoking - Augusto Camiseiro<\/title>\n<meta name=\"description\" content=\"Pr\u00f3pria para uso com smoking em ocasi\u00f5es que exija um visual impec\u00e1vel. Detalhes elaborados fazem dessa camisa uma pe\u00e7a indispens\u00e1vel no guarda roupa.\" \/>\n<meta name=\"robots\" content=\"index, follow, max-snippet:-1, max-image-preview:large, max-video-preview:-1\" \/>\n<link rel=\"canonical\" href=\"https:\/\/augustocamiseiro.com\/lojaweb\/produto\/camisa-smoking\/\" \/>\n<meta property=\"og:locale\" content=\"pt_BR\" \/>\n<meta property=\"og:type\" content=\"article\" \/>\n<meta property=\"og:title\" content=\"Camisa Smoking - Augusto Camiseiro\" \/>\n<meta property=\"og:description\" content=\"Pr\u00f3pria para uso com smoking em ocasi\u00f5es que exija um visual impec\u00e1vel. Detalhes elaborados fazem dessa camisa uma pe\u00e7a indispens\u00e1vel no guarda roupa.\" \/>\n<meta property=\"og:url\" content=\"https:\/\/augustocamiseiro.com\/lojaweb\/produto\/camisa-smoking\/\" \/>\n<meta property=\"og:site_name\" content=\"Augusto Camiseiro\" \/>\n<meta property=\"article:modified_time\" content=\"2026-04-16T20:29:04+00:00\" \/>\n<meta property=\"og:image\" content=\"https:\/\/augustocamiseiro.com\/lojaweb\/wp-content\/uploads\/2025\/10\/4508-camisa-smoking-1822-reversivel_webp.webp\" \/>\n\t<meta property=\"og:image:width\" content=\"1100\" \/>\n\t<meta property=\"og:image:height\" content=\"1375\" \/>\n\t<meta property=\"og:image:type\" content=\"image\/webp\" \/>\n<meta name=\"twitter:card\" content=\"summary_large_image\" \/>\n<meta name=\"twitter:label1\" content=\"Est. tempo de leitura\" \/>\n\t<meta name=\"twitter:data1\" content=\"1 minuto\" \/>\n<!-- \/ Yoast SEO plugin. -->","yoast_head_json":{"title":"Camisa Smoking - Augusto Camiseiro","description":"Pr\u00f3pria para uso com smoking em ocasi\u00f5es que exija um visual impec\u00e1vel. Detalhes elaborados fazem dessa camisa uma pe\u00e7a indispens\u00e1vel no guarda roupa.","robots":{"index":"index","follow":"follow","max-snippet":"max-snippet:-1","max-image-preview":"max-image-preview:large","max-video-preview":"max-video-preview:-1"},"canonical":"https:\/\/augustocamiseiro.com\/lojaweb\/produto\/camisa-smoking\/","og_locale":"pt_BR","og_type":"article","og_title":"Camisa Smoking - Augusto Camiseiro","og_description":"Pr\u00f3pria para uso com smoking em ocasi\u00f5es que exija um visual impec\u00e1vel. Detalhes elaborados fazem dessa camisa uma pe\u00e7a indispens\u00e1vel no guarda roupa.","og_url":"https:\/\/augustocamiseiro.com\/lojaweb\/produto\/camisa-smoking\/","og_site_name":"Augusto Camiseiro","article_modified_time":"2026-04-16T20:29:04+00:00","og_image":[{"width":1100,"height":1375,"url":"https:\/\/augustocamiseiro.com\/lojaweb\/wp-content\/uploads\/2025\/10\/4508-camisa-smoking-1822-reversivel_webp.webp","type":"image\/webp"}],"twitter_card":"summary_large_image","twitter_misc":{"Est. tempo de leitura":"1 minuto"},"schema":{"@context":"https:\/\/schema.org","@graph":[{"@type":"WebPage","@id":"https:\/\/augustocamiseiro.com\/lojaweb\/produto\/camisa-smoking\/","url":"https:\/\/augustocamiseiro.com\/lojaweb\/produto\/camisa-smoking\/","name":"Camisa Smoking - Augusto Camiseiro","isPartOf":{"@id":"https:\/\/augustocamiseiro.com\/lojaweb\/#website"},"primaryImageOfPage":{"@id":"https:\/\/augustocamiseiro.com\/lojaweb\/produto\/camisa-smoking\/#primaryimage"},"image":{"@id":"https:\/\/augustocamiseiro.com\/lojaweb\/produto\/camisa-smoking\/#primaryimage"},"thumbnailUrl":"https:\/\/i0.wp.com\/augustocamiseiro.com\/lojaweb\/wp-content\/uploads\/2025\/10\/4508-camisa-smoking-1822-reversivel_webp.webp?fit=1100%2C1375&ssl=1","datePublished":"2025-10-14T19:13:47+00:00","dateModified":"2026-04-16T20:29:04+00:00","description":"Pr\u00f3pria para uso com smoking em ocasi\u00f5es que exija um visual impec\u00e1vel. Detalhes elaborados fazem dessa camisa uma pe\u00e7a indispens\u00e1vel no guarda roupa.","breadcrumb":{"@id":"https:\/\/augustocamiseiro.com\/lojaweb\/produto\/camisa-smoking\/#breadcrumb"},"inLanguage":"pt-BR","potentialAction":[{"@type":"ReadAction","target":["https:\/\/augustocamiseiro.com\/lojaweb\/produto\/camisa-smoking\/"]}]},{"@type":"ImageObject","inLanguage":"pt-BR","@id":"https:\/\/augustocamiseiro.com\/lojaweb\/produto\/camisa-smoking\/#primaryimage","url":"https:\/\/i0.wp.com\/augustocamiseiro.com\/lojaweb\/wp-content\/uploads\/2025\/10\/4508-camisa-smoking-1822-reversivel_webp.webp?fit=1100%2C1375&ssl=1","contentUrl":"https:\/\/i0.wp.com\/augustocamiseiro.com\/lojaweb\/wp-content\/uploads\/2025\/10\/4508-camisa-smoking-1822-reversivel_webp.webp?fit=1100%2C1375&ssl=1","width":1100,"height":1375},{"@type":"BreadcrumbList","@id":"https:\/\/augustocamiseiro.com\/lojaweb\/produto\/camisa-smoking\/#breadcrumb","itemListElement":[{"@type":"ListItem","position":1,"name":"In\u00edcio","item":"https:\/\/augustocamiseiro.com\/lojaweb\/"},{"@type":"ListItem","position":2,"name":"Shop","item":"https:\/\/augustocamiseiro.com\/lojaweb\/shop\/"},{"@type":"ListItem","position":3,"name":"Camisa Smoking"}]},{"@type":"WebSite","@id":"https:\/\/augustocamiseiro.com\/lojaweb\/#website","url":"https:\/\/augustocamiseiro.com\/lojaweb\/","name":"Augusto Camiseiro","description":"Roupa Masculina","publisher":{"@id":"https:\/\/augustocamiseiro.com\/lojaweb\/#organization"},"potentialAction":[{"@type":"SearchAction","target":{"@type":"EntryPoint","urlTemplate":"https:\/\/augustocamiseiro.com\/lojaweb\/?s={search_term_string}"},"query-input":{"@type":"PropertyValueSpecification","valueRequired":true,"valueName":"search_term_string"}}],"inLanguage":"pt-BR"},{"@type":"Organization","@id":"https:\/\/augustocamiseiro.com\/lojaweb\/#organization","name":"Augusto Camiseiro","url":"https:\/\/augustocamiseiro.com\/lojaweb\/","logo":{"@type":"ImageObject","inLanguage":"pt-BR","@id":"https:\/\/augustocamiseiro.com\/lojaweb\/#\/schema\/logo\/image\/","url":"https:\/\/i0.wp.com\/augustocamiseiro.com\/lojaweb\/wp-content\/uploads\/2024\/04\/cropped-logo-augusto-white-1.png?fit=550%2C310&ssl=1","contentUrl":"https:\/\/i0.wp.com\/augustocamiseiro.com\/lojaweb\/wp-content\/uploads\/2024\/04\/cropped-logo-augusto-white-1.png?fit=550%2C310&ssl=1","width":550,"height":310,"caption":"Augusto Camiseiro"},"image":{"@id":"https:\/\/augustocamiseiro.com\/lojaweb\/#\/schema\/logo\/image\/"}}]}},"jetpack_sharing_enabled":true,"_links":{"self":[{"href":"https:\/\/augustocamiseiro.com\/lojaweb\/wp-json\/wp\/v2\/product\/45848","targetHints":{"allow":["GET"]}}],"collection":[{"href":"https:\/\/augustocamiseiro.com\/lojaweb\/wp-json\/wp\/v2\/product"}],"about":[{"href":"https:\/\/augustocamiseiro.com\/lojaweb\/wp-json\/wp\/v2\/types\/product"}],"replies":[{"embeddable":true,"href":"https:\/\/augustocamiseiro.com\/lojaweb\/wp-json\/wp\/v2\/comments?post=45848"}],"wp:featuredmedia":[{"embeddable":true,"href":"https:\/\/augustocamiseiro.com\/lojaweb\/wp-json\/wp\/v2\/media\/45802"}],"wp:attachment":[{"href":"https:\/\/augustocamiseiro.com\/lojaweb\/wp-json\/wp\/v2\/media?parent=45848"}],"wp:term":[{"taxonomy":"product_brand","embeddable":true,"href":"https:\/\/augustocamiseiro.com\/lojaweb\/wp-json\/wp\/v2\/product_brand?post=45848"},{"taxonomy":"product_cat","embeddable":true,"href":"https:\/\/augustocamiseiro.com\/lojaweb\/wp-json\/wp\/v2\/product_cat?post=45848"},{"taxonomy":"product_tag","embeddable":true,"href":"https:\/\/augustocamiseiro.com\/lojaweb\/wp-json\/wp\/v2\/product_tag?post=45848"}],"curies":[{"name":"wp","href":"https:\/\/api.w.org\/{rel}","templated":true}]}}