{"id":45654,"date":"2025-09-29T12:54:53","date_gmt":"2025-09-29T12:54:53","guid":{"rendered":"https:\/\/augustocamiseiro.com\/lojaweb\/?post_type=product&#038;p=45654"},"modified":"2026-04-15T20:42:49","modified_gmt":"2026-04-15T20:42:49","slug":"calca-la-fria-caqui","status":"publish","type":"product","link":"https:\/\/augustocamiseiro.com\/lojaweb\/produto\/calca-la-fria-caqui\/","title":{"rendered":"Cal\u00e7a L\u00e3 Fria Caqui"},"content":{"rendered":"<p>A cal\u00e7a social masculina \u00e9 confeccionada em tecido de l\u00e3 fria super 120<\/p>\n<p>Com efeito, uma cal\u00e7a de toque muito agrad\u00e1vel.<\/p>\n<p>Ali\u00e1s a l\u00e3 fria \u00e9, com certeza, o material mais nobre de toda alfaiataria.<\/p>\n<p>Proporciona conforto t\u00e9rmico, respira bem e toque muito suave.<\/p>\n<p>Assim como disponibilizamos o melhor acabamento do mercado nesta cal\u00e7a.<\/p>\n<p>Repleto de detalhes advindos da alfaiataria artesanal. Al\u00e9m do caimento perfeito.<\/p>\n<p>Com certeza uma pe\u00e7a muito diferenciada.<\/p>\n<p>Portanto\u00a0 perfeita para\u00a0 ambientes de trabalho mais formais.<\/p>\n<h3><strong>Caracter\u00edsticas\u00a0<\/strong><\/h3>\n<ul>\n<li>Forrada\u00a0 at\u00e9 o joelho.<\/li>\n<li>Sem pregas.<\/li>\n<li>Modelagem tradicional e simfit.<\/li>\n<li>Bolso faca frontal.<\/li>\n<li>Bolsos atr\u00e1s com caseado.<\/li>\n<li>Bolsinho frontal escondido.<\/li>\n<li>L\u00e3 fria Super 120<\/li>\n<\/ul>\n<p>&nbsp;<\/p>\n","protected":false},"excerpt":{"rendered":"<p>Cal\u00e7a alfaiataria de l\u00e3 fria super120 na cor caqui.<\/p>\n","protected":false},"featured_media":50695,"comment_status":"open","ping_status":"closed","template":"","meta":{"_acf_changed":false},"product_brand":[],"product_cat":[362],"product_tag":[409,358,2251,1272,2238,2254,2258,1816,2260,2252,1902,2253,2259,2246,361,2257,1406,363],"class_list":{"0":"post-45654","1":"product","2":"type-product","3":"status-publish","4":"has-post-thumbnail","6":"product_cat-calcas","7":"product_tag-calca","8":"product_tag-calca-alfaiataria","9":"product_tag-calca-alfaiataria-caqui","10":"product_tag-calca-caqui","11":"product_tag-calca-la-fria","12":"product_tag-calca-la-fria-caqui","13":"product_tag-calca-la-fria-super-120","14":"product_tag-calca-masculina-caqui","15":"product_tag-calca-masculina-super120","16":"product_tag-calca-social-caqui","17":"product_tag-calca-social-masculina","18":"product_tag-calca-social-masculina-caqui","19":"product_tag-calca-super-120-masculina","20":"product_tag-calca-super120","21":"product_tag-calca-social","22":"product_tag-la-fria-super-120","23":"product_tag-moda-masculina","24":"product_tag-super120","26":"first","27":"instock","28":"taxable","29":"shipping-taxable","30":"purchasable","31":"product-type-variable"},"acf":[],"yoast_head":"<!-- This site is optimized with the Yoast SEO plugin v25.3.1 - https:\/\/yoast.com\/wordpress\/plugins\/seo\/ -->\n<title>Cal\u00e7a L\u00e3 Fria Caqui - Augusto Camiseiro<\/title>\n<meta name=\"description\" content=\"Cal\u00e7a de l\u00e3 fria. Combine com camisas sociais e sapatos para um visual elegante. Dispon\u00edvel em v\u00e1rios tamanhos. Essencial no vestu\u00e1rio masculino.\" \/>\n<meta name=\"robots\" content=\"index, follow, max-snippet:-1, max-image-preview:large, max-video-preview:-1\" \/>\n<link rel=\"canonical\" href=\"https:\/\/augustocamiseiro.com\/lojaweb\/produto\/calca-la-fria-caqui\/\" \/>\n<meta property=\"og:locale\" content=\"pt_BR\" \/>\n<meta property=\"og:type\" content=\"article\" \/>\n<meta property=\"og:title\" content=\"Cal\u00e7a L\u00e3 Fria Caqui - Augusto Camiseiro\" \/>\n<meta property=\"og:description\" content=\"Cal\u00e7a de l\u00e3 fria. Combine com camisas sociais e sapatos para um visual elegante. Dispon\u00edvel em v\u00e1rios tamanhos. Essencial no vestu\u00e1rio masculino.\" \/>\n<meta property=\"og:url\" content=\"https:\/\/augustocamiseiro.com\/lojaweb\/produto\/calca-la-fria-caqui\/\" \/>\n<meta property=\"og:site_name\" content=\"Augusto Camiseiro\" \/>\n<meta property=\"article:modified_time\" content=\"2026-04-15T20:42:49+00:00\" \/>\n<meta property=\"og:image\" content=\"https:\/\/augustocamiseiro.com\/lojaweb\/wp-content\/uploads\/2025\/09\/calca-social-la-fria-caqui-ref4504_webp-1.webp\" \/>\n\t<meta property=\"og:image:width\" content=\"1412\" \/>\n\t<meta property=\"og:image:height\" content=\"1764\" \/>\n\t<meta property=\"og:image:type\" content=\"image\/webp\" \/>\n<meta name=\"twitter:card\" content=\"summary_large_image\" \/>\n<meta name=\"twitter:label1\" content=\"Est. tempo de leitura\" \/>\n\t<meta name=\"twitter:data1\" content=\"1 minuto\" \/>\n<!-- \/ Yoast SEO plugin. -->","yoast_head_json":{"title":"Cal\u00e7a L\u00e3 Fria Caqui - Augusto Camiseiro","description":"Cal\u00e7a de l\u00e3 fria. Combine com camisas sociais e sapatos para um visual elegante. Dispon\u00edvel em v\u00e1rios tamanhos. Essencial no vestu\u00e1rio masculino.","robots":{"index":"index","follow":"follow","max-snippet":"max-snippet:-1","max-image-preview":"max-image-preview:large","max-video-preview":"max-video-preview:-1"},"canonical":"https:\/\/augustocamiseiro.com\/lojaweb\/produto\/calca-la-fria-caqui\/","og_locale":"pt_BR","og_type":"article","og_title":"Cal\u00e7a L\u00e3 Fria Caqui - Augusto Camiseiro","og_description":"Cal\u00e7a de l\u00e3 fria. Combine com camisas sociais e sapatos para um visual elegante. Dispon\u00edvel em v\u00e1rios tamanhos. Essencial no vestu\u00e1rio masculino.","og_url":"https:\/\/augustocamiseiro.com\/lojaweb\/produto\/calca-la-fria-caqui\/","og_site_name":"Augusto Camiseiro","article_modified_time":"2026-04-15T20:42:49+00:00","og_image":[{"width":1412,"height":1764,"url":"https:\/\/augustocamiseiro.com\/lojaweb\/wp-content\/uploads\/2025\/09\/calca-social-la-fria-caqui-ref4504_webp-1.webp","type":"image\/webp"}],"twitter_card":"summary_large_image","twitter_misc":{"Est. tempo de leitura":"1 minuto"},"schema":{"@context":"https:\/\/schema.org","@graph":[{"@type":"WebPage","@id":"https:\/\/augustocamiseiro.com\/lojaweb\/produto\/calca-la-fria-caqui\/","url":"https:\/\/augustocamiseiro.com\/lojaweb\/produto\/calca-la-fria-caqui\/","name":"Cal\u00e7a L\u00e3 Fria Caqui - Augusto Camiseiro","isPartOf":{"@id":"https:\/\/augustocamiseiro.com\/lojaweb\/#website"},"primaryImageOfPage":{"@id":"https:\/\/augustocamiseiro.com\/lojaweb\/produto\/calca-la-fria-caqui\/#primaryimage"},"image":{"@id":"https:\/\/augustocamiseiro.com\/lojaweb\/produto\/calca-la-fria-caqui\/#primaryimage"},"thumbnailUrl":"https:\/\/i0.wp.com\/augustocamiseiro.com\/lojaweb\/wp-content\/uploads\/2025\/09\/calca-social-la-fria-caqui-ref4504_webp-1.webp?fit=1412%2C1764&ssl=1","datePublished":"2025-09-29T12:54:53+00:00","dateModified":"2026-04-15T20:42:49+00:00","description":"Cal\u00e7a de l\u00e3 fria. Combine com camisas sociais e sapatos para um visual elegante. Dispon\u00edvel em v\u00e1rios tamanhos. Essencial no vestu\u00e1rio masculino.","breadcrumb":{"@id":"https:\/\/augustocamiseiro.com\/lojaweb\/produto\/calca-la-fria-caqui\/#breadcrumb"},"inLanguage":"pt-BR","potentialAction":[{"@type":"ReadAction","target":["https:\/\/augustocamiseiro.com\/lojaweb\/produto\/calca-la-fria-caqui\/"]}]},{"@type":"ImageObject","inLanguage":"pt-BR","@id":"https:\/\/augustocamiseiro.com\/lojaweb\/produto\/calca-la-fria-caqui\/#primaryimage","url":"https:\/\/i0.wp.com\/augustocamiseiro.com\/lojaweb\/wp-content\/uploads\/2025\/09\/calca-social-la-fria-caqui-ref4504_webp-1.webp?fit=1412%2C1764&ssl=1","contentUrl":"https:\/\/i0.wp.com\/augustocamiseiro.com\/lojaweb\/wp-content\/uploads\/2025\/09\/calca-social-la-fria-caqui-ref4504_webp-1.webp?fit=1412%2C1764&ssl=1","width":1412,"height":1764,"caption":"cal\u00e7a-social-la-fria-caqui"},{"@type":"BreadcrumbList","@id":"https:\/\/augustocamiseiro.com\/lojaweb\/produto\/calca-la-fria-caqui\/#breadcrumb","itemListElement":[{"@type":"ListItem","position":1,"name":"In\u00edcio","item":"https:\/\/augustocamiseiro.com\/lojaweb\/"},{"@type":"ListItem","position":2,"name":"Shop","item":"https:\/\/augustocamiseiro.com\/lojaweb\/shop\/"},{"@type":"ListItem","position":3,"name":"Cal\u00e7a L\u00e3 Fria Caqui"}]},{"@type":"WebSite","@id":"https:\/\/augustocamiseiro.com\/lojaweb\/#website","url":"https:\/\/augustocamiseiro.com\/lojaweb\/","name":"Augusto Camiseiro","description":"Roupa Masculina","publisher":{"@id":"https:\/\/augustocamiseiro.com\/lojaweb\/#organization"},"potentialAction":[{"@type":"SearchAction","target":{"@type":"EntryPoint","urlTemplate":"https:\/\/augustocamiseiro.com\/lojaweb\/?s={search_term_string}"},"query-input":{"@type":"PropertyValueSpecification","valueRequired":true,"valueName":"search_term_string"}}],"inLanguage":"pt-BR"},{"@type":"Organization","@id":"https:\/\/augustocamiseiro.com\/lojaweb\/#organization","name":"Augusto Camiseiro","url":"https:\/\/augustocamiseiro.com\/lojaweb\/","logo":{"@type":"ImageObject","inLanguage":"pt-BR","@id":"https:\/\/augustocamiseiro.com\/lojaweb\/#\/schema\/logo\/image\/","url":"https:\/\/i0.wp.com\/augustocamiseiro.com\/lojaweb\/wp-content\/uploads\/2024\/04\/cropped-logo-augusto-white-1.png?fit=550%2C310&ssl=1","contentUrl":"https:\/\/i0.wp.com\/augustocamiseiro.com\/lojaweb\/wp-content\/uploads\/2024\/04\/cropped-logo-augusto-white-1.png?fit=550%2C310&ssl=1","width":550,"height":310,"caption":"Augusto Camiseiro"},"image":{"@id":"https:\/\/augustocamiseiro.com\/lojaweb\/#\/schema\/logo\/image\/"}}]}},"jetpack_sharing_enabled":true,"_links":{"self":[{"href":"https:\/\/augustocamiseiro.com\/lojaweb\/wp-json\/wp\/v2\/product\/45654","targetHints":{"allow":["GET"]}}],"collection":[{"href":"https:\/\/augustocamiseiro.com\/lojaweb\/wp-json\/wp\/v2\/product"}],"about":[{"href":"https:\/\/augustocamiseiro.com\/lojaweb\/wp-json\/wp\/v2\/types\/product"}],"replies":[{"embeddable":true,"href":"https:\/\/augustocamiseiro.com\/lojaweb\/wp-json\/wp\/v2\/comments?post=45654"}],"wp:featuredmedia":[{"embeddable":true,"href":"https:\/\/augustocamiseiro.com\/lojaweb\/wp-json\/wp\/v2\/media\/50695"}],"wp:attachment":[{"href":"https:\/\/augustocamiseiro.com\/lojaweb\/wp-json\/wp\/v2\/media?parent=45654"}],"wp:term":[{"taxonomy":"product_brand","embeddable":true,"href":"https:\/\/augustocamiseiro.com\/lojaweb\/wp-json\/wp\/v2\/product_brand?post=45654"},{"taxonomy":"product_cat","embeddable":true,"href":"https:\/\/augustocamiseiro.com\/lojaweb\/wp-json\/wp\/v2\/product_cat?post=45654"},{"taxonomy":"product_tag","embeddable":true,"href":"https:\/\/augustocamiseiro.com\/lojaweb\/wp-json\/wp\/v2\/product_tag?post=45654"}],"curies":[{"name":"wp","href":"https:\/\/api.w.org\/{rel}","templated":true}]}}