{"id":45239,"date":"2025-07-29T19:11:24","date_gmt":"2025-07-29T19:11:24","guid":{"rendered":"https:\/\/augustocamiseiro.com\/lojaweb\/?post_type=product&#038;p=45239"},"modified":"2025-07-30T20:30:29","modified_gmt":"2025-07-30T20:30:29","slug":"costume-xadrez-cinza","status":"publish","type":"product","link":"https:\/\/augustocamiseiro.com\/lojaweb\/produto\/costume-xadrez-cinza\/","title":{"rendered":"Costume Xadrez Cinza"},"content":{"rendered":"<p>Costume Xadrez Cinza<\/p>\n<p>A l\u00e3 fria \u00e9, com certeza, o material mais nobre de toda alfaiataria, devido a proporcionar conforto t\u00e9rmico, respirar bem e ter um toque muito suave.<\/p>\n<p>Bem como disponibilizamos o melhor acabamento do mercado neste costume, repleto de detalhes advindos da alfaiataria artesanal, como o ponto picado em todas beiradas.<\/p>\n<p>Assim como um caimento perfeito com a finalidade de ter como resultado uma pe\u00e7a muito diferenciada.<\/p>\n<p>Portanto\u00a0 perfeita para\u00a0 ambientes de trabalho ou situa\u00e7\u00f5es casuais onde se precisa estar mais arrumado.<\/p>\n<h4><strong>Composi\u00e7\u00e3o:<\/strong><\/h4>\n<ul>\n<li>100% l\u00e3 fria<\/li>\n<\/ul>\n","protected":false},"excerpt":{"rendered":"<p>Costume Xadrez Cinza possui fio super 140 na sua modelagem. Sendo um tecido leve e nobre, assim, oferecendo conforto e flexibilidade.<\/p>\n<p><strong>PRODUTO DISPON\u00cdVEL PARA VENDA APENAS ATRAV\u00c9S DO WHATSAPP<\/strong><\/p>\n","protected":false},"featured_media":45234,"comment_status":"open","ping_status":"closed","template":"","meta":{"_acf_changed":false},"product_brand":[],"product_cat":[385,1490],"product_tag":[383,533,716,535,2072,2178,1406,1641,1744,1016,997,2149,540],"class_list":{"0":"post-45239","1":"product","2":"type-product","3":"status-publish","4":"has-post-thumbnail","6":"product_cat-ternos-costumes","7":"product_cat-ternos","8":"product_tag-costume","9":"product_tag-costume-cinza","10":"product_tag-costume-masculino","11":"product_tag-costume-xadrez-cinza","12":"product_tag-elegante","13":"product_tag-moda-elagante","14":"product_tag-moda-masculina","15":"product_tag-moda-social","16":"product_tag-moda-social-masculina","17":"product_tag-terno","18":"product_tag-terno-cinza","19":"product_tag-terno-masculino","20":"product_tag-terno-xadrez-cinza","22":"first","23":"instock","24":"taxable","25":"shipping-taxable","26":"purchasable","27":"product-type-simple"},"acf":[],"yoast_head":"<!-- This site is optimized with the Yoast SEO plugin v25.3.1 - https:\/\/yoast.com\/wordpress\/plugins\/seo\/ -->\n<title>Costume Xadrez Cinza - Augusto Camiseiro<\/title>\n<meta name=\"description\" content=\"Costume Xadrez Cinza. Muita eleg\u00e2ncia, com o desenho em xadrez trazendo um requinte cl\u00e1ssico. Um item obrigat\u00f3rio em qualquer closet masculino.\" \/>\n<meta name=\"robots\" content=\"index, follow, max-snippet:-1, max-image-preview:large, max-video-preview:-1\" \/>\n<link rel=\"canonical\" href=\"https:\/\/augustocamiseiro.com\/lojaweb\/produto\/costume-xadrez-cinza\/\" \/>\n<meta property=\"og:locale\" content=\"pt_BR\" \/>\n<meta property=\"og:type\" content=\"article\" \/>\n<meta property=\"og:title\" content=\"Costume Xadrez Cinza - Augusto Camiseiro\" \/>\n<meta property=\"og:description\" content=\"Costume Xadrez Cinza. Muita eleg\u00e2ncia, com o desenho em xadrez trazendo um requinte cl\u00e1ssico. Um item obrigat\u00f3rio em qualquer closet masculino.\" \/>\n<meta property=\"og:url\" content=\"https:\/\/augustocamiseiro.com\/lojaweb\/produto\/costume-xadrez-cinza\/\" \/>\n<meta property=\"og:site_name\" content=\"Augusto Camiseiro\" \/>\n<meta property=\"article:modified_time\" content=\"2025-07-30T20:30:29+00:00\" \/>\n<meta property=\"og:image\" content=\"https:\/\/augustocamiseiro.com\/lojaweb\/wp-content\/uploads\/2025\/07\/costume-3980-4_web.webp\" \/>\n\t<meta property=\"og:image:width\" content=\"1100\" \/>\n\t<meta property=\"og:image:height\" content=\"1375\" \/>\n\t<meta property=\"og:image:type\" content=\"image\/webp\" \/>\n<meta name=\"twitter:card\" content=\"summary_large_image\" \/>\n<meta name=\"twitter:label1\" content=\"Est. tempo de leitura\" \/>\n\t<meta name=\"twitter:data1\" content=\"1 minuto\" \/>\n<!-- \/ Yoast SEO plugin. -->","yoast_head_json":{"title":"Costume Xadrez Cinza - Augusto Camiseiro","description":"Costume Xadrez Cinza. Muita eleg\u00e2ncia, com o desenho em xadrez trazendo um requinte cl\u00e1ssico. Um item obrigat\u00f3rio em qualquer closet masculino.","robots":{"index":"index","follow":"follow","max-snippet":"max-snippet:-1","max-image-preview":"max-image-preview:large","max-video-preview":"max-video-preview:-1"},"canonical":"https:\/\/augustocamiseiro.com\/lojaweb\/produto\/costume-xadrez-cinza\/","og_locale":"pt_BR","og_type":"article","og_title":"Costume Xadrez Cinza - Augusto Camiseiro","og_description":"Costume Xadrez Cinza. Muita eleg\u00e2ncia, com o desenho em xadrez trazendo um requinte cl\u00e1ssico. Um item obrigat\u00f3rio em qualquer closet masculino.","og_url":"https:\/\/augustocamiseiro.com\/lojaweb\/produto\/costume-xadrez-cinza\/","og_site_name":"Augusto Camiseiro","article_modified_time":"2025-07-30T20:30:29+00:00","og_image":[{"width":1100,"height":1375,"url":"https:\/\/augustocamiseiro.com\/lojaweb\/wp-content\/uploads\/2025\/07\/costume-3980-4_web.webp","type":"image\/webp"}],"twitter_card":"summary_large_image","twitter_misc":{"Est. tempo de leitura":"1 minuto"},"schema":{"@context":"https:\/\/schema.org","@graph":[{"@type":"WebPage","@id":"https:\/\/augustocamiseiro.com\/lojaweb\/produto\/costume-xadrez-cinza\/","url":"https:\/\/augustocamiseiro.com\/lojaweb\/produto\/costume-xadrez-cinza\/","name":"Costume Xadrez Cinza - Augusto Camiseiro","isPartOf":{"@id":"https:\/\/augustocamiseiro.com\/lojaweb\/#website"},"primaryImageOfPage":{"@id":"https:\/\/augustocamiseiro.com\/lojaweb\/produto\/costume-xadrez-cinza\/#primaryimage"},"image":{"@id":"https:\/\/augustocamiseiro.com\/lojaweb\/produto\/costume-xadrez-cinza\/#primaryimage"},"thumbnailUrl":"https:\/\/i0.wp.com\/augustocamiseiro.com\/lojaweb\/wp-content\/uploads\/2025\/07\/costume-3980-4_web.webp?fit=1100%2C1375&ssl=1","datePublished":"2025-07-29T19:11:24+00:00","dateModified":"2025-07-30T20:30:29+00:00","description":"Costume Xadrez Cinza. Muita eleg\u00e2ncia, com o desenho em xadrez trazendo um requinte cl\u00e1ssico. Um item obrigat\u00f3rio em qualquer closet masculino.","breadcrumb":{"@id":"https:\/\/augustocamiseiro.com\/lojaweb\/produto\/costume-xadrez-cinza\/#breadcrumb"},"inLanguage":"pt-BR","potentialAction":[{"@type":"ReadAction","target":["https:\/\/augustocamiseiro.com\/lojaweb\/produto\/costume-xadrez-cinza\/"]}]},{"@type":"ImageObject","inLanguage":"pt-BR","@id":"https:\/\/augustocamiseiro.com\/lojaweb\/produto\/costume-xadrez-cinza\/#primaryimage","url":"https:\/\/i0.wp.com\/augustocamiseiro.com\/lojaweb\/wp-content\/uploads\/2025\/07\/costume-3980-4_web.webp?fit=1100%2C1375&ssl=1","contentUrl":"https:\/\/i0.wp.com\/augustocamiseiro.com\/lojaweb\/wp-content\/uploads\/2025\/07\/costume-3980-4_web.webp?fit=1100%2C1375&ssl=1","width":1100,"height":1375,"caption":"costume xadrez 3980"},{"@type":"BreadcrumbList","@id":"https:\/\/augustocamiseiro.com\/lojaweb\/produto\/costume-xadrez-cinza\/#breadcrumb","itemListElement":[{"@type":"ListItem","position":1,"name":"In\u00edcio","item":"https:\/\/augustocamiseiro.com\/lojaweb\/"},{"@type":"ListItem","position":2,"name":"Shop","item":"https:\/\/augustocamiseiro.com\/lojaweb\/shop\/"},{"@type":"ListItem","position":3,"name":"Costume Xadrez Cinza"}]},{"@type":"WebSite","@id":"https:\/\/augustocamiseiro.com\/lojaweb\/#website","url":"https:\/\/augustocamiseiro.com\/lojaweb\/","name":"Augusto Camiseiro","description":"Roupa Masculina","publisher":{"@id":"https:\/\/augustocamiseiro.com\/lojaweb\/#organization"},"potentialAction":[{"@type":"SearchAction","target":{"@type":"EntryPoint","urlTemplate":"https:\/\/augustocamiseiro.com\/lojaweb\/?s={search_term_string}"},"query-input":{"@type":"PropertyValueSpecification","valueRequired":true,"valueName":"search_term_string"}}],"inLanguage":"pt-BR"},{"@type":"Organization","@id":"https:\/\/augustocamiseiro.com\/lojaweb\/#organization","name":"Augusto Camiseiro","url":"https:\/\/augustocamiseiro.com\/lojaweb\/","logo":{"@type":"ImageObject","inLanguage":"pt-BR","@id":"https:\/\/augustocamiseiro.com\/lojaweb\/#\/schema\/logo\/image\/","url":"https:\/\/i0.wp.com\/augustocamiseiro.com\/lojaweb\/wp-content\/uploads\/2024\/04\/cropped-logo-augusto-white-1.png?fit=550%2C310&ssl=1","contentUrl":"https:\/\/i0.wp.com\/augustocamiseiro.com\/lojaweb\/wp-content\/uploads\/2024\/04\/cropped-logo-augusto-white-1.png?fit=550%2C310&ssl=1","width":550,"height":310,"caption":"Augusto Camiseiro"},"image":{"@id":"https:\/\/augustocamiseiro.com\/lojaweb\/#\/schema\/logo\/image\/"}}]}},"jetpack_sharing_enabled":true,"_links":{"self":[{"href":"https:\/\/augustocamiseiro.com\/lojaweb\/wp-json\/wp\/v2\/product\/45239","targetHints":{"allow":["GET"]}}],"collection":[{"href":"https:\/\/augustocamiseiro.com\/lojaweb\/wp-json\/wp\/v2\/product"}],"about":[{"href":"https:\/\/augustocamiseiro.com\/lojaweb\/wp-json\/wp\/v2\/types\/product"}],"replies":[{"embeddable":true,"href":"https:\/\/augustocamiseiro.com\/lojaweb\/wp-json\/wp\/v2\/comments?post=45239"}],"wp:featuredmedia":[{"embeddable":true,"href":"https:\/\/augustocamiseiro.com\/lojaweb\/wp-json\/wp\/v2\/media\/45234"}],"wp:attachment":[{"href":"https:\/\/augustocamiseiro.com\/lojaweb\/wp-json\/wp\/v2\/media?parent=45239"}],"wp:term":[{"taxonomy":"product_brand","embeddable":true,"href":"https:\/\/augustocamiseiro.com\/lojaweb\/wp-json\/wp\/v2\/product_brand?post=45239"},{"taxonomy":"product_cat","embeddable":true,"href":"https:\/\/augustocamiseiro.com\/lojaweb\/wp-json\/wp\/v2\/product_cat?post=45239"},{"taxonomy":"product_tag","embeddable":true,"href":"https:\/\/augustocamiseiro.com\/lojaweb\/wp-json\/wp\/v2\/product_tag?post=45239"}],"curies":[{"name":"wp","href":"https:\/\/api.w.org\/{rel}","templated":true}]}}