{"id":45047,"date":"2025-06-18T12:48:59","date_gmt":"2025-06-18T12:48:59","guid":{"rendered":"https:\/\/augustocamiseiro.com\/lojaweb\/?post_type=product&#038;p=45047"},"modified":"2026-04-15T20:42:27","modified_gmt":"2026-04-15T20:42:27","slug":"bota-chukka","status":"publish","type":"product","link":"https:\/\/augustocamiseiro.com\/lojaweb\/produto\/bota-chukka\/","title":{"rendered":"Bota Chukka"},"content":{"rendered":"<p>Nossa Bota Chukka, de cor marrom de cano m\u00e9dio e couro. Apesar das origens mais r\u00fasticas desse estilo de bota, essa tem um aspecto mais sofisticado e portanto vers\u00e1til. Perfeita para o inverno.<\/p>\n<p><strong>Combina\u00e7\u00f5es<\/strong><\/p>\n<p>Pro ser um bota muito vers\u00e1til, e com estilo mais esportivo, assim, ela combinar\u00e1 com diversos tipos de roupas.<\/p>\n<p>Tais como:<\/p>\n<p>Cal\u00e7as: <a href=\"https:\/\/augustocamiseiro.com\/lojaweb\/produto\/calca-jeans-azul-marinho\/?swcfpc=1\">cal\u00e7a jeans<\/a>, <a href=\"https:\/\/www.instagram.com\/p\/CbfOyk0gLqN\/\">moletom.<\/a><\/p>\n<p>Camisetas como: <a href=\"https:\/\/augustocamiseiro.com\/lojaweb\/produto\/camiseta-pima\/?swcfpc=1\">pima<\/a> e <a href=\"https:\/\/augustocamiseiro.com\/lojaweb\/produto\/polo-pima-casual\/?swcfpc=1\">polo.<\/a><\/p>\n<p>Um <a href=\"https:\/\/augustocamiseiro.com\/lojaweb\/produto\/malha-cinza-claro\/?swcfpc=1\">Tricot cinza.<\/a><\/p>\n<p><strong>Descri\u00e7\u00e3o:<\/strong><\/p>\n<p>Fica na altura do tornozelo; fechamento com cadar\u00e7o de 2 furos; e corpo em couro.<\/p>\n","protected":false},"excerpt":{"rendered":"<p>Bota Chukka possui tonalidade marrom. Um cal\u00e7ado multifuncional e bonito, ideal para looks casuais ou semi-formais. Feita com couro leg\u00edtimo, possui cano m\u00e9dio, solado emborrachado e fechamento por cadar\u00e7o. Seu design minimalista garante conforto e estilo em diversas ocasi\u00f5es.<\/p>\n","protected":false},"featured_media":44249,"comment_status":"open","ping_status":"closed","template":"","meta":{"_acf_changed":false},"product_brand":[],"product_cat":[313],"product_tag":[1580,306,1961,2138,1138,2135,2133,1139,1140,1141,2134,2136,309,310,1998,2137,2106,1979,1406,311],"class_list":{"0":"post-45047","1":"product","2":"type-product","3":"status-publish","4":"has-post-thumbnail","6":"product_cat-sapato-couro","7":"product_tag-alfaiataria","8":"product_tag-bota","9":"product_tag-bota-casual","10":"product_tag-bota-chique","11":"product_tag-bota-chukka","12":"product_tag-bota-cor-marrom","13":"product_tag-bota-couro","14":"product_tag-bota-de-couro","15":"product_tag-bota-marrom","16":"product_tag-bota-masculina","17":"product_tag-bota-mogno","18":"product_tag-chukka","19":"product_tag-couro","20":"product_tag-inverno","21":"product_tag-inverno-masculino","22":"product_tag-look-chique","23":"product_tag-look-masculino","24":"product_tag-moda-inverno","25":"product_tag-moda-masculina","26":"product_tag-outono","28":"first","29":"instock","30":"taxable","31":"shipping-taxable","32":"purchasable","33":"product-type-variable"},"acf":[],"yoast_head":"<!-- This site is optimized with the Yoast SEO plugin v25.3.1 - https:\/\/yoast.com\/wordpress\/plugins\/seo\/ -->\n<title>Bota Chukka - Augusto Camiseiro<\/title>\n<meta name=\"description\" content=\"Bota Chukka de couro liso marrom, Use em ocasi\u00f5es mais informais ou ambientes de trabalho. Bota de estilo mais r\u00fastico muito estilosa.\" \/>\n<meta name=\"robots\" content=\"index, follow, max-snippet:-1, max-image-preview:large, max-video-preview:-1\" \/>\n<link rel=\"canonical\" href=\"https:\/\/augustocamiseiro.com\/lojaweb\/produto\/bota-chukka\/\" \/>\n<meta property=\"og:locale\" content=\"pt_BR\" \/>\n<meta property=\"og:type\" content=\"article\" \/>\n<meta property=\"og:title\" content=\"Bota Chukka - Augusto Camiseiro\" \/>\n<meta property=\"og:description\" content=\"Bota Chukka de couro liso marrom, Use em ocasi\u00f5es mais informais ou ambientes de trabalho. Bota de estilo mais r\u00fastico muito estilosa.\" \/>\n<meta property=\"og:url\" content=\"https:\/\/augustocamiseiro.com\/lojaweb\/produto\/bota-chukka\/\" \/>\n<meta property=\"og:site_name\" content=\"Augusto Camiseiro\" \/>\n<meta property=\"article:modified_time\" content=\"2026-04-15T20:42:27+00:00\" \/>\n<meta property=\"og:image\" content=\"https:\/\/augustocamiseiro.com\/lojaweb\/wp-content\/uploads\/2025\/04\/bota-chuka-marrom-mogno-ref4449_web.webp\" \/>\n\t<meta property=\"og:image:width\" content=\"1100\" \/>\n\t<meta property=\"og:image:height\" content=\"1375\" \/>\n\t<meta property=\"og:image:type\" content=\"image\/webp\" \/>\n<meta name=\"twitter:card\" content=\"summary_large_image\" \/>\n<meta name=\"twitter:label1\" content=\"Est. tempo de leitura\" \/>\n\t<meta name=\"twitter:data1\" content=\"1 minuto\" \/>\n<!-- \/ Yoast SEO plugin. -->","yoast_head_json":{"title":"Bota Chukka - Augusto Camiseiro","description":"Bota Chukka de couro liso marrom, Use em ocasi\u00f5es mais informais ou ambientes de trabalho. Bota de estilo mais r\u00fastico muito estilosa.","robots":{"index":"index","follow":"follow","max-snippet":"max-snippet:-1","max-image-preview":"max-image-preview:large","max-video-preview":"max-video-preview:-1"},"canonical":"https:\/\/augustocamiseiro.com\/lojaweb\/produto\/bota-chukka\/","og_locale":"pt_BR","og_type":"article","og_title":"Bota Chukka - Augusto Camiseiro","og_description":"Bota Chukka de couro liso marrom, Use em ocasi\u00f5es mais informais ou ambientes de trabalho. Bota de estilo mais r\u00fastico muito estilosa.","og_url":"https:\/\/augustocamiseiro.com\/lojaweb\/produto\/bota-chukka\/","og_site_name":"Augusto Camiseiro","article_modified_time":"2026-04-15T20:42:27+00:00","og_image":[{"width":1100,"height":1375,"url":"https:\/\/augustocamiseiro.com\/lojaweb\/wp-content\/uploads\/2025\/04\/bota-chuka-marrom-mogno-ref4449_web.webp","type":"image\/webp"}],"twitter_card":"summary_large_image","twitter_misc":{"Est. tempo de leitura":"1 minuto"},"schema":{"@context":"https:\/\/schema.org","@graph":[{"@type":"WebPage","@id":"https:\/\/augustocamiseiro.com\/lojaweb\/produto\/bota-chukka\/","url":"https:\/\/augustocamiseiro.com\/lojaweb\/produto\/bota-chukka\/","name":"Bota Chukka - Augusto Camiseiro","isPartOf":{"@id":"https:\/\/augustocamiseiro.com\/lojaweb\/#website"},"primaryImageOfPage":{"@id":"https:\/\/augustocamiseiro.com\/lojaweb\/produto\/bota-chukka\/#primaryimage"},"image":{"@id":"https:\/\/augustocamiseiro.com\/lojaweb\/produto\/bota-chukka\/#primaryimage"},"thumbnailUrl":"https:\/\/i0.wp.com\/augustocamiseiro.com\/lojaweb\/wp-content\/uploads\/2025\/04\/bota-chuka-marrom-mogno-ref4449_web.webp?fit=1100%2C1375&ssl=1","datePublished":"2025-06-18T12:48:59+00:00","dateModified":"2026-04-15T20:42:27+00:00","description":"Bota Chukka de couro liso marrom, Use em ocasi\u00f5es mais informais ou ambientes de trabalho. Bota de estilo mais r\u00fastico muito estilosa.","breadcrumb":{"@id":"https:\/\/augustocamiseiro.com\/lojaweb\/produto\/bota-chukka\/#breadcrumb"},"inLanguage":"pt-BR","potentialAction":[{"@type":"ReadAction","target":["https:\/\/augustocamiseiro.com\/lojaweb\/produto\/bota-chukka\/"]}]},{"@type":"ImageObject","inLanguage":"pt-BR","@id":"https:\/\/augustocamiseiro.com\/lojaweb\/produto\/bota-chukka\/#primaryimage","url":"https:\/\/i0.wp.com\/augustocamiseiro.com\/lojaweb\/wp-content\/uploads\/2025\/04\/bota-chuka-marrom-mogno-ref4449_web.webp?fit=1100%2C1375&ssl=1","contentUrl":"https:\/\/i0.wp.com\/augustocamiseiro.com\/lojaweb\/wp-content\/uploads\/2025\/04\/bota-chuka-marrom-mogno-ref4449_web.webp?fit=1100%2C1375&ssl=1","width":1100,"height":1375,"caption":"bota chuka marrom mogno"},{"@type":"BreadcrumbList","@id":"https:\/\/augustocamiseiro.com\/lojaweb\/produto\/bota-chukka\/#breadcrumb","itemListElement":[{"@type":"ListItem","position":1,"name":"In\u00edcio","item":"https:\/\/augustocamiseiro.com\/lojaweb\/"},{"@type":"ListItem","position":2,"name":"Shop","item":"https:\/\/augustocamiseiro.com\/lojaweb\/shop\/"},{"@type":"ListItem","position":3,"name":"Bota Chukka"}]},{"@type":"WebSite","@id":"https:\/\/augustocamiseiro.com\/lojaweb\/#website","url":"https:\/\/augustocamiseiro.com\/lojaweb\/","name":"Augusto Camiseiro","description":"Roupa Masculina","publisher":{"@id":"https:\/\/augustocamiseiro.com\/lojaweb\/#organization"},"potentialAction":[{"@type":"SearchAction","target":{"@type":"EntryPoint","urlTemplate":"https:\/\/augustocamiseiro.com\/lojaweb\/?s={search_term_string}"},"query-input":{"@type":"PropertyValueSpecification","valueRequired":true,"valueName":"search_term_string"}}],"inLanguage":"pt-BR"},{"@type":"Organization","@id":"https:\/\/augustocamiseiro.com\/lojaweb\/#organization","name":"Augusto Camiseiro","url":"https:\/\/augustocamiseiro.com\/lojaweb\/","logo":{"@type":"ImageObject","inLanguage":"pt-BR","@id":"https:\/\/augustocamiseiro.com\/lojaweb\/#\/schema\/logo\/image\/","url":"https:\/\/i0.wp.com\/augustocamiseiro.com\/lojaweb\/wp-content\/uploads\/2024\/04\/cropped-logo-augusto-white-1.png?fit=550%2C310&ssl=1","contentUrl":"https:\/\/i0.wp.com\/augustocamiseiro.com\/lojaweb\/wp-content\/uploads\/2024\/04\/cropped-logo-augusto-white-1.png?fit=550%2C310&ssl=1","width":550,"height":310,"caption":"Augusto Camiseiro"},"image":{"@id":"https:\/\/augustocamiseiro.com\/lojaweb\/#\/schema\/logo\/image\/"}}]}},"jetpack_sharing_enabled":true,"_links":{"self":[{"href":"https:\/\/augustocamiseiro.com\/lojaweb\/wp-json\/wp\/v2\/product\/45047","targetHints":{"allow":["GET"]}}],"collection":[{"href":"https:\/\/augustocamiseiro.com\/lojaweb\/wp-json\/wp\/v2\/product"}],"about":[{"href":"https:\/\/augustocamiseiro.com\/lojaweb\/wp-json\/wp\/v2\/types\/product"}],"replies":[{"embeddable":true,"href":"https:\/\/augustocamiseiro.com\/lojaweb\/wp-json\/wp\/v2\/comments?post=45047"}],"wp:featuredmedia":[{"embeddable":true,"href":"https:\/\/augustocamiseiro.com\/lojaweb\/wp-json\/wp\/v2\/media\/44249"}],"wp:attachment":[{"href":"https:\/\/augustocamiseiro.com\/lojaweb\/wp-json\/wp\/v2\/media?parent=45047"}],"wp:term":[{"taxonomy":"product_brand","embeddable":true,"href":"https:\/\/augustocamiseiro.com\/lojaweb\/wp-json\/wp\/v2\/product_brand?post=45047"},{"taxonomy":"product_cat","embeddable":true,"href":"https:\/\/augustocamiseiro.com\/lojaweb\/wp-json\/wp\/v2\/product_cat?post=45047"},{"taxonomy":"product_tag","embeddable":true,"href":"https:\/\/augustocamiseiro.com\/lojaweb\/wp-json\/wp\/v2\/product_tag?post=45047"}],"curies":[{"name":"wp","href":"https:\/\/api.w.org\/{rel}","templated":true}]}}