{"id":44801,"date":"2025-06-02T19:47:44","date_gmt":"2025-06-02T19:47:44","guid":{"rendered":"https:\/\/augustocamiseiro.com\/lojaweb\/?post_type=product&#038;p=44801"},"modified":"2026-04-15T20:42:33","modified_gmt":"2026-04-15T20:42:33","slug":"polo-tricot-manga-curta-preta","status":"publish","type":"product","link":"https:\/\/augustocamiseiro.com\/lojaweb\/produto\/polo-tricot-manga-curta-preta\/","title":{"rendered":"Polo Tricot Manga Curta Preta"},"content":{"rendered":"<p>Polo masculina preta, ideal para quem busca conforto e estilo no dia a dia. Confeccionada em tecido macio e leve, oferece toque leve e \u00f3tima respirabilidade. Possui gola tradicional com fechamento por bot\u00f5es e caimento moderno. Perfeita para compor looks casuais ou mais alinhados. Enfim, uma pe\u00e7a fundamental para o seu guarda roupa.<\/p>\n<p>&nbsp;<\/p>\n<h4><strong>Composi\u00e7\u00e3o:<\/strong><\/h4>\n<ul>\n<li>50% Algod\u00e3o<\/li>\n<li>50% Viscose<\/li>\n<\/ul>\n","protected":false},"excerpt":{"rendered":"<p>Polo tricot preta. com gola cl\u00e1ssica e abertura com dois bot\u00f5es, mangas curtas com acabamento canelado e costura refor\u00e7ada, garantindo durabilidade e um visual impec\u00e1vel ao longo do dia. O fio de algod\u00e3o \u00e9 de fibra longa e a viscose garante o toque macio, oferecendo assim, um caimento suave ao corpo. Perfeita tanto para o ambiente de trabalho quanto para momentos casuais.<\/p>\n<p>&nbsp;<\/p>\n","protected":false},"featured_media":44817,"comment_status":"open","ping_status":"closed","template":"","meta":{"_acf_changed":false},"product_brand":[],"product_cat":[1076],"product_tag":[2037,2064,2062,2058,640,2063,2014,2018,2035,2034,1406,2036,616,2038,1573,2032,2023,2067,619,2065,2031,2025,2066,658,2017],"class_list":{"0":"post-44801","1":"product","2":"type-product","3":"status-publish","4":"has-post-thumbnail","6":"product_cat-camisetas","7":"product_tag-camisa-polo-confortavel","8":"product_tag-camiseta-malha-preta","9":"product_tag-camiseta-polo-preta","10":"product_tag-camiseta-polo-tricot","11":"product_tag-camiseta-preta","12":"product_tag-camiseta-tricot-preta","13":"product_tag-malha-preta","14":"product_tag-malha-preta-masculina","15":"product_tag-moda-casual","16":"product_tag-moda-elegante","17":"product_tag-moda-masculina","18":"product_tag-moda-masculina-elegante","19":"product_tag-polo","20":"product_tag-polo-alfaiataria-masculina","21":"product_tag-polo-casual","22":"product_tag-polo-esporte","23":"product_tag-polo-malha","24":"product_tag-polo-malha-preta","25":"product_tag-polo-masculina","26":"product_tag-polo-preta-masculina","27":"product_tag-polo-social","28":"product_tag-polo-tricot","29":"product_tag-polo-tricot-preta","30":"product_tag-tricot-preto","31":"product_tag-tricot-preto-masculino","32":"pa_tamanho-de-camiseta-eg","33":"pa_tamanho-de-camiseta-g","34":"pa_tamanho-de-camiseta-gg","35":"pa_tamanho-de-camiseta-m","36":"pa_tamanho-de-camiseta-p","38":"first","39":"instock","40":"taxable","41":"shipping-taxable","42":"purchasable","43":"product-type-variable"},"acf":[],"yoast_head":"<!-- This site is optimized with the Yoast SEO plugin v25.3.1 - https:\/\/yoast.com\/wordpress\/plugins\/seo\/ -->\n<title>Polo Tricot Manga Curta Preta - Augusto Camiseiro<\/title>\n<meta name=\"description\" content=\"polo tricot na cor preta, adotando um estilo de tecido diferente do convencional, por\u00e9m, sem perder sua est\u00e9tica. Composto de algod\u00e3o e viscose.\" \/>\n<meta name=\"robots\" content=\"index, follow, max-snippet:-1, max-image-preview:large, max-video-preview:-1\" \/>\n<link rel=\"canonical\" href=\"https:\/\/augustocamiseiro.com\/lojaweb\/produto\/polo-tricot-manga-curta-preta\/\" \/>\n<meta property=\"og:locale\" content=\"pt_BR\" \/>\n<meta property=\"og:type\" content=\"article\" \/>\n<meta property=\"og:title\" content=\"Polo Tricot Manga Curta Preta - Augusto Camiseiro\" \/>\n<meta property=\"og:description\" content=\"polo tricot na cor preta, adotando um estilo de tecido diferente do convencional, por\u00e9m, sem perder sua est\u00e9tica. Composto de algod\u00e3o e viscose.\" \/>\n<meta property=\"og:url\" content=\"https:\/\/augustocamiseiro.com\/lojaweb\/produto\/polo-tricot-manga-curta-preta\/\" \/>\n<meta property=\"og:site_name\" content=\"Augusto Camiseiro\" \/>\n<meta property=\"article:modified_time\" content=\"2026-04-15T20:42:33+00:00\" \/>\n<meta property=\"og:image\" content=\"https:\/\/augustocamiseiro.com\/lojaweb\/wp-content\/uploads\/2025\/06\/malha-tricot-preta-4468_web.webp\" \/>\n\t<meta property=\"og:image:width\" content=\"1100\" \/>\n\t<meta property=\"og:image:height\" content=\"1375\" \/>\n\t<meta property=\"og:image:type\" content=\"image\/webp\" \/>\n<meta name=\"twitter:card\" content=\"summary_large_image\" \/>\n<meta name=\"twitter:label1\" content=\"Est. tempo de leitura\" \/>\n\t<meta name=\"twitter:data1\" content=\"1 minuto\" \/>\n<!-- \/ Yoast SEO plugin. -->","yoast_head_json":{"title":"Polo Tricot Manga Curta Preta - Augusto Camiseiro","description":"polo tricot na cor preta, adotando um estilo de tecido diferente do convencional, por\u00e9m, sem perder sua est\u00e9tica. Composto de algod\u00e3o e viscose.","robots":{"index":"index","follow":"follow","max-snippet":"max-snippet:-1","max-image-preview":"max-image-preview:large","max-video-preview":"max-video-preview:-1"},"canonical":"https:\/\/augustocamiseiro.com\/lojaweb\/produto\/polo-tricot-manga-curta-preta\/","og_locale":"pt_BR","og_type":"article","og_title":"Polo Tricot Manga Curta Preta - Augusto Camiseiro","og_description":"polo tricot na cor preta, adotando um estilo de tecido diferente do convencional, por\u00e9m, sem perder sua est\u00e9tica. Composto de algod\u00e3o e viscose.","og_url":"https:\/\/augustocamiseiro.com\/lojaweb\/produto\/polo-tricot-manga-curta-preta\/","og_site_name":"Augusto Camiseiro","article_modified_time":"2026-04-15T20:42:33+00:00","og_image":[{"width":1100,"height":1375,"url":"https:\/\/augustocamiseiro.com\/lojaweb\/wp-content\/uploads\/2025\/06\/malha-tricot-preta-4468_web.webp","type":"image\/webp"}],"twitter_card":"summary_large_image","twitter_misc":{"Est. tempo de leitura":"1 minuto"},"schema":{"@context":"https:\/\/schema.org","@graph":[{"@type":"WebPage","@id":"https:\/\/augustocamiseiro.com\/lojaweb\/produto\/polo-tricot-manga-curta-preta\/","url":"https:\/\/augustocamiseiro.com\/lojaweb\/produto\/polo-tricot-manga-curta-preta\/","name":"Polo Tricot Manga Curta Preta - Augusto Camiseiro","isPartOf":{"@id":"https:\/\/augustocamiseiro.com\/lojaweb\/#website"},"primaryImageOfPage":{"@id":"https:\/\/augustocamiseiro.com\/lojaweb\/produto\/polo-tricot-manga-curta-preta\/#primaryimage"},"image":{"@id":"https:\/\/augustocamiseiro.com\/lojaweb\/produto\/polo-tricot-manga-curta-preta\/#primaryimage"},"thumbnailUrl":"https:\/\/i0.wp.com\/augustocamiseiro.com\/lojaweb\/wp-content\/uploads\/2025\/06\/malha-tricot-preta-4468_web.webp?fit=1100%2C1375&ssl=1","datePublished":"2025-06-02T19:47:44+00:00","dateModified":"2026-04-15T20:42:33+00:00","description":"polo tricot na cor preta, adotando um estilo de tecido diferente do convencional, por\u00e9m, sem perder sua est\u00e9tica. Composto de algod\u00e3o e viscose.","breadcrumb":{"@id":"https:\/\/augustocamiseiro.com\/lojaweb\/produto\/polo-tricot-manga-curta-preta\/#breadcrumb"},"inLanguage":"pt-BR","potentialAction":[{"@type":"ReadAction","target":["https:\/\/augustocamiseiro.com\/lojaweb\/produto\/polo-tricot-manga-curta-preta\/"]}]},{"@type":"ImageObject","inLanguage":"pt-BR","@id":"https:\/\/augustocamiseiro.com\/lojaweb\/produto\/polo-tricot-manga-curta-preta\/#primaryimage","url":"https:\/\/i0.wp.com\/augustocamiseiro.com\/lojaweb\/wp-content\/uploads\/2025\/06\/malha-tricot-preta-4468_web.webp?fit=1100%2C1375&ssl=1","contentUrl":"https:\/\/i0.wp.com\/augustocamiseiro.com\/lojaweb\/wp-content\/uploads\/2025\/06\/malha-tricot-preta-4468_web.webp?fit=1100%2C1375&ssl=1","width":1100,"height":1375,"caption":"tricot preta"},{"@type":"BreadcrumbList","@id":"https:\/\/augustocamiseiro.com\/lojaweb\/produto\/polo-tricot-manga-curta-preta\/#breadcrumb","itemListElement":[{"@type":"ListItem","position":1,"name":"In\u00edcio","item":"https:\/\/augustocamiseiro.com\/lojaweb\/"},{"@type":"ListItem","position":2,"name":"Shop","item":"https:\/\/augustocamiseiro.com\/lojaweb\/shop\/"},{"@type":"ListItem","position":3,"name":"Polo Tricot Manga Curta Preta"}]},{"@type":"WebSite","@id":"https:\/\/augustocamiseiro.com\/lojaweb\/#website","url":"https:\/\/augustocamiseiro.com\/lojaweb\/","name":"Augusto Camiseiro","description":"Roupa Masculina","publisher":{"@id":"https:\/\/augustocamiseiro.com\/lojaweb\/#organization"},"potentialAction":[{"@type":"SearchAction","target":{"@type":"EntryPoint","urlTemplate":"https:\/\/augustocamiseiro.com\/lojaweb\/?s={search_term_string}"},"query-input":{"@type":"PropertyValueSpecification","valueRequired":true,"valueName":"search_term_string"}}],"inLanguage":"pt-BR"},{"@type":"Organization","@id":"https:\/\/augustocamiseiro.com\/lojaweb\/#organization","name":"Augusto Camiseiro","url":"https:\/\/augustocamiseiro.com\/lojaweb\/","logo":{"@type":"ImageObject","inLanguage":"pt-BR","@id":"https:\/\/augustocamiseiro.com\/lojaweb\/#\/schema\/logo\/image\/","url":"https:\/\/i0.wp.com\/augustocamiseiro.com\/lojaweb\/wp-content\/uploads\/2024\/04\/cropped-logo-augusto-white-1.png?fit=550%2C310&ssl=1","contentUrl":"https:\/\/i0.wp.com\/augustocamiseiro.com\/lojaweb\/wp-content\/uploads\/2024\/04\/cropped-logo-augusto-white-1.png?fit=550%2C310&ssl=1","width":550,"height":310,"caption":"Augusto Camiseiro"},"image":{"@id":"https:\/\/augustocamiseiro.com\/lojaweb\/#\/schema\/logo\/image\/"}}]}},"jetpack_sharing_enabled":true,"_links":{"self":[{"href":"https:\/\/augustocamiseiro.com\/lojaweb\/wp-json\/wp\/v2\/product\/44801","targetHints":{"allow":["GET"]}}],"collection":[{"href":"https:\/\/augustocamiseiro.com\/lojaweb\/wp-json\/wp\/v2\/product"}],"about":[{"href":"https:\/\/augustocamiseiro.com\/lojaweb\/wp-json\/wp\/v2\/types\/product"}],"replies":[{"embeddable":true,"href":"https:\/\/augustocamiseiro.com\/lojaweb\/wp-json\/wp\/v2\/comments?post=44801"}],"wp:featuredmedia":[{"embeddable":true,"href":"https:\/\/augustocamiseiro.com\/lojaweb\/wp-json\/wp\/v2\/media\/44817"}],"wp:attachment":[{"href":"https:\/\/augustocamiseiro.com\/lojaweb\/wp-json\/wp\/v2\/media?parent=44801"}],"wp:term":[{"taxonomy":"product_brand","embeddable":true,"href":"https:\/\/augustocamiseiro.com\/lojaweb\/wp-json\/wp\/v2\/product_brand?post=44801"},{"taxonomy":"product_cat","embeddable":true,"href":"https:\/\/augustocamiseiro.com\/lojaweb\/wp-json\/wp\/v2\/product_cat?post=44801"},{"taxonomy":"product_tag","embeddable":true,"href":"https:\/\/augustocamiseiro.com\/lojaweb\/wp-json\/wp\/v2\/product_tag?post=44801"}],"curies":[{"name":"wp","href":"https:\/\/api.w.org\/{rel}","templated":true}]}}