{"id":44479,"date":"2025-05-29T17:57:13","date_gmt":"2025-05-29T17:57:13","guid":{"rendered":"https:\/\/augustocamiseiro.com\/lojaweb\/?post_type=product&#038;p=44479"},"modified":"2026-04-15T20:42:30","modified_gmt":"2026-04-15T20:42:30","slug":"malhar-cinza-claro","status":"publish","type":"product","link":"https:\/\/augustocamiseiro.com\/lojaweb\/produto\/malhar-cinza-claro\/","title":{"rendered":"Malha Z\u00edper Cinza Claro"},"content":{"rendered":"<p>Malha masculina cinza claro \u00e9 muito leve e com toque macio e agrad\u00e1vel. Portanto um item vers\u00e1til e perfeito para o inverno brasileiro e para qualquer ocasi\u00e3o.<\/p>\n<p>Fabricado no Brasil, \u00e9 confeccionado sem corte, evitando assim a gera\u00e7\u00e3o de res\u00edduos t\u00eaxteis e contribuindo com a preserva\u00e7\u00e3o do meio ambiente.<\/p>\n<p>O fio de algod\u00e3o \u00e9 de fibra longa e a viscose garante o toque macio. Al\u00e9m de vir j\u00e1 encolhido. E por ser algod\u00e3o, ele ajuda a manter a temperatura do corpo. O cinza \u00e9 uma cor cl\u00e1ssica e muito f\u00e1cil de combinar, dando um toque de eleg\u00e2ncia em qualquer composi\u00e7\u00e3o.<\/p>\n<h4><strong>Composi\u00e7\u00e3o:<\/strong><\/h4>\n<ul>\n<li>50% Algod\u00e3o<\/li>\n<li>50% Viscose<\/li>\n<\/ul>\n","protected":false},"excerpt":{"rendered":"<p>Malha z\u00edper, na tonalidade cinza claro. Permite leveza e respirabilidade. Ideal para quem busca eleg\u00e2ncia funcional sem chamar muita aten\u00e7\u00e3o, a praticidade e um visual discreto e sofisticado. O tecido resulta em frescor, al\u00e9m disso, possui um toque extremamente macio.<\/p>\n","protected":false},"featured_media":44532,"comment_status":"open","ping_status":"closed","template":"","meta":{"_acf_changed":false},"product_brand":[],"product_cat":[1326,1491,1492],"product_tag":[310,1998,1980,659,863,1991,1995,1996,1981,1978,874,2013,2012,2498,1979,1406,1997,660,1992,1994,1993,2010,2011],"class_list":{"0":"post-44479","1":"product","2":"type-product","3":"status-publish","4":"has-post-thumbnail","6":"product_cat-malhas","7":"product_cat-sueters","8":"product_cat-tricots","9":"product_tag-inverno","10":"product_tag-inverno-masculino","11":"product_tag-look-inverno","12":"product_tag-malha","13":"product_tag-malha-cinza","14":"product_tag-malha-cinza-claro","15":"product_tag-malha-cinza-claro-masculina","16":"product_tag-malha-cinza-masculina","17":"product_tag-malha-inverno","18":"product_tag-malha-leve","19":"product_tag-malha-masculina","20":"product_tag-malha-masculina-cinza","21":"product_tag-malha-masculina-cinza-claro","22":"product_tag-malha-ziper","23":"product_tag-moda-inverno","24":"product_tag-moda-masculina","25":"product_tag-moda-masculina-inverno","26":"product_tag-tricot-cinza","27":"product_tag-tricot-cinza-claro","28":"product_tag-tricot-cinza-claro-masculino","29":"product_tag-tricot-cinza-masculino","30":"product_tag-tricot-masculino-cinza","31":"product_tag-tricot-masculino-cinza-claro","33":"first","34":"instock","35":"taxable","36":"shipping-taxable","37":"purchasable","38":"product-type-variable"},"acf":[],"yoast_head":"<!-- This site is optimized with the Yoast SEO plugin v25.3.1 - https:\/\/yoast.com\/wordpress\/plugins\/seo\/ -->\n<title>Malha Z\u00edper Cinza Claro - Augusto Camiseiro<\/title>\n<meta name=\"description\" content=\"Malha Cinza Claro. Tecido muito leve, proporciona um toque macio, juntamente a composi\u00e7\u00e3o de algod\u00e3o e viscose. Sendo assim, uma \u00f3tima op\u00e7\u00e3o paro o inverno.\" \/>\n<meta name=\"robots\" content=\"index, follow, max-snippet:-1, max-image-preview:large, max-video-preview:-1\" \/>\n<link rel=\"canonical\" href=\"https:\/\/augustocamiseiro.com\/lojaweb\/produto\/malhar-cinza-claro\/\" \/>\n<meta property=\"og:locale\" content=\"pt_BR\" \/>\n<meta property=\"og:type\" content=\"article\" \/>\n<meta property=\"og:title\" content=\"Malha Z\u00edper Cinza Claro - Augusto Camiseiro\" \/>\n<meta property=\"og:description\" content=\"Malha Cinza Claro. Tecido muito leve, proporciona um toque macio, juntamente a composi\u00e7\u00e3o de algod\u00e3o e viscose. Sendo assim, uma \u00f3tima op\u00e7\u00e3o paro o inverno.\" \/>\n<meta property=\"og:url\" content=\"https:\/\/augustocamiseiro.com\/lojaweb\/produto\/malhar-cinza-claro\/\" \/>\n<meta property=\"og:site_name\" content=\"Augusto Camiseiro\" \/>\n<meta property=\"article:modified_time\" content=\"2026-04-15T20:42:30+00:00\" \/>\n<meta property=\"og:image\" content=\"https:\/\/augustocamiseiro.com\/lojaweb\/wp-content\/uploads\/2025\/05\/malha-tricot-ziper-cinza-claro-znt-ref4461_web.webp\" \/>\n\t<meta property=\"og:image:width\" content=\"1100\" \/>\n\t<meta property=\"og:image:height\" content=\"1375\" \/>\n\t<meta property=\"og:image:type\" content=\"image\/webp\" \/>\n<meta name=\"twitter:card\" content=\"summary_large_image\" \/>\n<meta name=\"twitter:label1\" content=\"Est. tempo de leitura\" \/>\n\t<meta name=\"twitter:data1\" content=\"1 minuto\" \/>\n<!-- \/ Yoast SEO plugin. -->","yoast_head_json":{"title":"Malha Z\u00edper Cinza Claro - Augusto Camiseiro","description":"Malha Cinza Claro. Tecido muito leve, proporciona um toque macio, juntamente a composi\u00e7\u00e3o de algod\u00e3o e viscose. Sendo assim, uma \u00f3tima op\u00e7\u00e3o paro o inverno.","robots":{"index":"index","follow":"follow","max-snippet":"max-snippet:-1","max-image-preview":"max-image-preview:large","max-video-preview":"max-video-preview:-1"},"canonical":"https:\/\/augustocamiseiro.com\/lojaweb\/produto\/malhar-cinza-claro\/","og_locale":"pt_BR","og_type":"article","og_title":"Malha Z\u00edper Cinza Claro - Augusto Camiseiro","og_description":"Malha Cinza Claro. Tecido muito leve, proporciona um toque macio, juntamente a composi\u00e7\u00e3o de algod\u00e3o e viscose. Sendo assim, uma \u00f3tima op\u00e7\u00e3o paro o inverno.","og_url":"https:\/\/augustocamiseiro.com\/lojaweb\/produto\/malhar-cinza-claro\/","og_site_name":"Augusto Camiseiro","article_modified_time":"2026-04-15T20:42:30+00:00","og_image":[{"width":1100,"height":1375,"url":"https:\/\/augustocamiseiro.com\/lojaweb\/wp-content\/uploads\/2025\/05\/malha-tricot-ziper-cinza-claro-znt-ref4461_web.webp","type":"image\/webp"}],"twitter_card":"summary_large_image","twitter_misc":{"Est. tempo de leitura":"1 minuto"},"schema":{"@context":"https:\/\/schema.org","@graph":[{"@type":"WebPage","@id":"https:\/\/augustocamiseiro.com\/lojaweb\/produto\/malhar-cinza-claro\/","url":"https:\/\/augustocamiseiro.com\/lojaweb\/produto\/malhar-cinza-claro\/","name":"Malha Z\u00edper Cinza Claro - Augusto Camiseiro","isPartOf":{"@id":"https:\/\/augustocamiseiro.com\/lojaweb\/#website"},"primaryImageOfPage":{"@id":"https:\/\/augustocamiseiro.com\/lojaweb\/produto\/malhar-cinza-claro\/#primaryimage"},"image":{"@id":"https:\/\/augustocamiseiro.com\/lojaweb\/produto\/malhar-cinza-claro\/#primaryimage"},"thumbnailUrl":"https:\/\/i0.wp.com\/augustocamiseiro.com\/lojaweb\/wp-content\/uploads\/2025\/05\/malha-tricot-ziper-cinza-claro-znt-ref4461_web.webp?fit=1100%2C1375&ssl=1","datePublished":"2025-05-29T17:57:13+00:00","dateModified":"2026-04-15T20:42:30+00:00","description":"Malha Cinza Claro. Tecido muito leve, proporciona um toque macio, juntamente a composi\u00e7\u00e3o de algod\u00e3o e viscose. Sendo assim, uma \u00f3tima op\u00e7\u00e3o paro o inverno.","breadcrumb":{"@id":"https:\/\/augustocamiseiro.com\/lojaweb\/produto\/malhar-cinza-claro\/#breadcrumb"},"inLanguage":"pt-BR","potentialAction":[{"@type":"ReadAction","target":["https:\/\/augustocamiseiro.com\/lojaweb\/produto\/malhar-cinza-claro\/"]}]},{"@type":"ImageObject","inLanguage":"pt-BR","@id":"https:\/\/augustocamiseiro.com\/lojaweb\/produto\/malhar-cinza-claro\/#primaryimage","url":"https:\/\/i0.wp.com\/augustocamiseiro.com\/lojaweb\/wp-content\/uploads\/2025\/05\/malha-tricot-ziper-cinza-claro-znt-ref4461_web.webp?fit=1100%2C1375&ssl=1","contentUrl":"https:\/\/i0.wp.com\/augustocamiseiro.com\/lojaweb\/wp-content\/uploads\/2025\/05\/malha-tricot-ziper-cinza-claro-znt-ref4461_web.webp?fit=1100%2C1375&ssl=1","width":1100,"height":1375},{"@type":"BreadcrumbList","@id":"https:\/\/augustocamiseiro.com\/lojaweb\/produto\/malhar-cinza-claro\/#breadcrumb","itemListElement":[{"@type":"ListItem","position":1,"name":"In\u00edcio","item":"https:\/\/augustocamiseiro.com\/lojaweb\/"},{"@type":"ListItem","position":2,"name":"Shop","item":"https:\/\/augustocamiseiro.com\/lojaweb\/shop\/"},{"@type":"ListItem","position":3,"name":"Malha Z\u00edper Cinza Claro"}]},{"@type":"WebSite","@id":"https:\/\/augustocamiseiro.com\/lojaweb\/#website","url":"https:\/\/augustocamiseiro.com\/lojaweb\/","name":"Augusto Camiseiro","description":"Roupa Masculina","publisher":{"@id":"https:\/\/augustocamiseiro.com\/lojaweb\/#organization"},"potentialAction":[{"@type":"SearchAction","target":{"@type":"EntryPoint","urlTemplate":"https:\/\/augustocamiseiro.com\/lojaweb\/?s={search_term_string}"},"query-input":{"@type":"PropertyValueSpecification","valueRequired":true,"valueName":"search_term_string"}}],"inLanguage":"pt-BR"},{"@type":"Organization","@id":"https:\/\/augustocamiseiro.com\/lojaweb\/#organization","name":"Augusto Camiseiro","url":"https:\/\/augustocamiseiro.com\/lojaweb\/","logo":{"@type":"ImageObject","inLanguage":"pt-BR","@id":"https:\/\/augustocamiseiro.com\/lojaweb\/#\/schema\/logo\/image\/","url":"https:\/\/i0.wp.com\/augustocamiseiro.com\/lojaweb\/wp-content\/uploads\/2024\/04\/cropped-logo-augusto-white-1.png?fit=550%2C310&ssl=1","contentUrl":"https:\/\/i0.wp.com\/augustocamiseiro.com\/lojaweb\/wp-content\/uploads\/2024\/04\/cropped-logo-augusto-white-1.png?fit=550%2C310&ssl=1","width":550,"height":310,"caption":"Augusto Camiseiro"},"image":{"@id":"https:\/\/augustocamiseiro.com\/lojaweb\/#\/schema\/logo\/image\/"}}]}},"jetpack_sharing_enabled":true,"_links":{"self":[{"href":"https:\/\/augustocamiseiro.com\/lojaweb\/wp-json\/wp\/v2\/product\/44479","targetHints":{"allow":["GET"]}}],"collection":[{"href":"https:\/\/augustocamiseiro.com\/lojaweb\/wp-json\/wp\/v2\/product"}],"about":[{"href":"https:\/\/augustocamiseiro.com\/lojaweb\/wp-json\/wp\/v2\/types\/product"}],"replies":[{"embeddable":true,"href":"https:\/\/augustocamiseiro.com\/lojaweb\/wp-json\/wp\/v2\/comments?post=44479"}],"wp:featuredmedia":[{"embeddable":true,"href":"https:\/\/augustocamiseiro.com\/lojaweb\/wp-json\/wp\/v2\/media\/44532"}],"wp:attachment":[{"href":"https:\/\/augustocamiseiro.com\/lojaweb\/wp-json\/wp\/v2\/media?parent=44479"}],"wp:term":[{"taxonomy":"product_brand","embeddable":true,"href":"https:\/\/augustocamiseiro.com\/lojaweb\/wp-json\/wp\/v2\/product_brand?post=44479"},{"taxonomy":"product_cat","embeddable":true,"href":"https:\/\/augustocamiseiro.com\/lojaweb\/wp-json\/wp\/v2\/product_cat?post=44479"},{"taxonomy":"product_tag","embeddable":true,"href":"https:\/\/augustocamiseiro.com\/lojaweb\/wp-json\/wp\/v2\/product_tag?post=44479"}],"curies":[{"name":"wp","href":"https:\/\/api.w.org\/{rel}","templated":true}]}}