{"id":44305,"date":"2025-04-25T14:18:31","date_gmt":"2025-04-25T14:18:31","guid":{"rendered":"https:\/\/augustocamiseiro.com\/lojaweb\/?post_type=product&#038;p=44305"},"modified":"2026-04-15T20:42:24","modified_gmt":"2026-04-15T20:42:24","slug":"bota-couro-borzeguim","status":"publish","type":"product","link":"https:\/\/augustocamiseiro.com\/lojaweb\/produto\/bota-couro-borzeguim\/","title":{"rendered":"Bota Couro Borzeguim"},"content":{"rendered":"<div>A bota de couro borzeguim possui um estilo mais desert, um pouco mais baixa e com cano m\u00e9dio. Ela apresenta couro em sua parte externa e na parte interna.<\/div>\n<div>Por isso este sapato masculino cabe em v\u00e1rias situa\u00e7\u00f5es diferentes, Principalmente para um estilo casual elegante.<br \/>\n<span style=\"color: #484f56;font-size: 1.125rem\">Essa bota na cor marrom pinh\u00e3o \u00e9 uma pe\u00e7a muito interessante para variar um pouco os looks mais sisudos, dando uma pitada de arrojo e diferencia\u00e7\u00e3o.<\/span><\/div>\n<h4><strong>Dicas de conserva\u00e7\u00e3o<\/strong><\/h4>\n<ul>\n<li>Use cal\u00e7adeiras para evitar a deforma\u00e7\u00e3o do contraforte da bota.<\/li>\n<li>Se poss\u00edvel n\u00e3o use a bota dois dias seguidos, evitando assim que o suor danifique.<\/li>\n<li>Caso a bota molhe deixe secando na sombra, nunca pr\u00f3ximo a fontes de calor.<\/li>\n<li>Para limpar ou lustrar sua bota use uma flanela seca limpa ou escovas apropriadas.<\/li>\n<li>Caso deseje usar cremes ou pastas, prefira os naturais e incolores, e ademais n\u00e3o use brilhos instant\u00e2neos.<\/li>\n<\/ul>\n","protected":false},"excerpt":{"rendered":"<div>Bota de couro masculina na cor marrom pinh\u00e3o. Couro na parte interna e externa. Excelente escolha para dias frios e situa\u00e7\u00f5es casuais. Adotando o estilo borzeguim, um estilo de bota muito tradicional pelos militares, com o cano m\u00e9dio.<\/div>\n","protected":false},"featured_media":44236,"comment_status":"open","ping_status":"closed","template":"","meta":{"_acf_changed":false},"product_brand":[],"product_cat":[313],"product_tag":[306,1952,1312,1961,1140,1959,1141,1960,325,309,1503,310,311,312],"class_list":{"0":"post-44305","1":"product","2":"type-product","3":"status-publish","4":"has-post-thumbnail","6":"product_cat-sapato-couro","7":"product_tag-bota","8":"product_tag-bota-borzeguim","9":"product_tag-bota-camurca","10":"product_tag-bota-casual","11":"product_tag-bota-marrom","12":"product_tag-bota-marrom-pinhao","13":"product_tag-bota-masculina","14":"product_tag-bota-social","15":"product_tag-camurca","16":"product_tag-couro","17":"product_tag-dia-dos-namorados","18":"product_tag-inverno","19":"product_tag-outono","20":"product_tag-sapato","22":"first","23":"instock","24":"shipping-taxable","25":"purchasable","26":"product-type-variable"},"acf":[],"yoast_head":"<!-- This site is optimized with the Yoast SEO plugin v25.3.1 - https:\/\/yoast.com\/wordpress\/plugins\/seo\/ -->\n<title>Bota Couro Borzeguim - Augusto Camiseiro<\/title>\n<meta name=\"description\" content=\"Bota de couro. Bota no estilo borzeguim, cor marrom pinh\u00e3o e cano alto. Ideal para situa\u00e7\u00f5es mais casuais, para um look elegante.\" \/>\n<meta name=\"robots\" content=\"index, follow, max-snippet:-1, max-image-preview:large, max-video-preview:-1\" \/>\n<link rel=\"canonical\" href=\"https:\/\/augustocamiseiro.com\/lojaweb\/produto\/bota-couro-borzeguim\/\" \/>\n<meta property=\"og:locale\" content=\"pt_BR\" \/>\n<meta property=\"og:type\" content=\"article\" \/>\n<meta property=\"og:title\" content=\"Bota Couro Borzeguim - Augusto Camiseiro\" \/>\n<meta property=\"og:description\" content=\"Bota de couro. Bota no estilo borzeguim, cor marrom pinh\u00e3o e cano alto. Ideal para situa\u00e7\u00f5es mais casuais, para um look elegante.\" \/>\n<meta property=\"og:url\" content=\"https:\/\/augustocamiseiro.com\/lojaweb\/produto\/bota-couro-borzeguim\/\" \/>\n<meta property=\"og:site_name\" content=\"Augusto Camiseiro\" \/>\n<meta property=\"article:modified_time\" content=\"2026-04-15T20:42:24+00:00\" \/>\n<meta property=\"og:image\" content=\"https:\/\/augustocamiseiro.com\/lojaweb\/wp-content\/uploads\/2025\/04\/Bota-borzeguim-pinhao-ref4428_web.webp\" \/>\n\t<meta property=\"og:image:width\" content=\"1100\" \/>\n\t<meta property=\"og:image:height\" content=\"1375\" \/>\n\t<meta property=\"og:image:type\" content=\"image\/webp\" \/>\n<meta name=\"twitter:card\" content=\"summary_large_image\" \/>\n<meta name=\"twitter:label1\" content=\"Est. tempo de leitura\" \/>\n\t<meta name=\"twitter:data1\" content=\"1 minuto\" \/>\n<!-- \/ Yoast SEO plugin. -->","yoast_head_json":{"title":"Bota Couro Borzeguim - Augusto Camiseiro","description":"Bota de couro. Bota no estilo borzeguim, cor marrom pinh\u00e3o e cano alto. Ideal para situa\u00e7\u00f5es mais casuais, para um look elegante.","robots":{"index":"index","follow":"follow","max-snippet":"max-snippet:-1","max-image-preview":"max-image-preview:large","max-video-preview":"max-video-preview:-1"},"canonical":"https:\/\/augustocamiseiro.com\/lojaweb\/produto\/bota-couro-borzeguim\/","og_locale":"pt_BR","og_type":"article","og_title":"Bota Couro Borzeguim - Augusto Camiseiro","og_description":"Bota de couro. Bota no estilo borzeguim, cor marrom pinh\u00e3o e cano alto. Ideal para situa\u00e7\u00f5es mais casuais, para um look elegante.","og_url":"https:\/\/augustocamiseiro.com\/lojaweb\/produto\/bota-couro-borzeguim\/","og_site_name":"Augusto Camiseiro","article_modified_time":"2026-04-15T20:42:24+00:00","og_image":[{"width":1100,"height":1375,"url":"https:\/\/augustocamiseiro.com\/lojaweb\/wp-content\/uploads\/2025\/04\/Bota-borzeguim-pinhao-ref4428_web.webp","type":"image\/webp"}],"twitter_card":"summary_large_image","twitter_misc":{"Est. tempo de leitura":"1 minuto"},"schema":{"@context":"https:\/\/schema.org","@graph":[{"@type":"WebPage","@id":"https:\/\/augustocamiseiro.com\/lojaweb\/produto\/bota-couro-borzeguim\/","url":"https:\/\/augustocamiseiro.com\/lojaweb\/produto\/bota-couro-borzeguim\/","name":"Bota Couro Borzeguim - Augusto Camiseiro","isPartOf":{"@id":"https:\/\/augustocamiseiro.com\/lojaweb\/#website"},"primaryImageOfPage":{"@id":"https:\/\/augustocamiseiro.com\/lojaweb\/produto\/bota-couro-borzeguim\/#primaryimage"},"image":{"@id":"https:\/\/augustocamiseiro.com\/lojaweb\/produto\/bota-couro-borzeguim\/#primaryimage"},"thumbnailUrl":"https:\/\/i0.wp.com\/augustocamiseiro.com\/lojaweb\/wp-content\/uploads\/2025\/04\/Bota-borzeguim-pinhao-ref4428_web.webp?fit=1100%2C1375&ssl=1","datePublished":"2025-04-25T14:18:31+00:00","dateModified":"2026-04-15T20:42:24+00:00","description":"Bota de couro. Bota no estilo borzeguim, cor marrom pinh\u00e3o e cano alto. Ideal para situa\u00e7\u00f5es mais casuais, para um look elegante.","breadcrumb":{"@id":"https:\/\/augustocamiseiro.com\/lojaweb\/produto\/bota-couro-borzeguim\/#breadcrumb"},"inLanguage":"pt-BR","potentialAction":[{"@type":"ReadAction","target":["https:\/\/augustocamiseiro.com\/lojaweb\/produto\/bota-couro-borzeguim\/"]}]},{"@type":"ImageObject","inLanguage":"pt-BR","@id":"https:\/\/augustocamiseiro.com\/lojaweb\/produto\/bota-couro-borzeguim\/#primaryimage","url":"https:\/\/i0.wp.com\/augustocamiseiro.com\/lojaweb\/wp-content\/uploads\/2025\/04\/Bota-borzeguim-pinhao-ref4428_web.webp?fit=1100%2C1375&ssl=1","contentUrl":"https:\/\/i0.wp.com\/augustocamiseiro.com\/lojaweb\/wp-content\/uploads\/2025\/04\/Bota-borzeguim-pinhao-ref4428_web.webp?fit=1100%2C1375&ssl=1","width":1100,"height":1375,"caption":"Bota borzeguim pinh\u00e3o"},{"@type":"BreadcrumbList","@id":"https:\/\/augustocamiseiro.com\/lojaweb\/produto\/bota-couro-borzeguim\/#breadcrumb","itemListElement":[{"@type":"ListItem","position":1,"name":"In\u00edcio","item":"https:\/\/augustocamiseiro.com\/lojaweb\/"},{"@type":"ListItem","position":2,"name":"Shop","item":"https:\/\/augustocamiseiro.com\/lojaweb\/shop\/"},{"@type":"ListItem","position":3,"name":"Bota Couro Borzeguim"}]},{"@type":"WebSite","@id":"https:\/\/augustocamiseiro.com\/lojaweb\/#website","url":"https:\/\/augustocamiseiro.com\/lojaweb\/","name":"Augusto Camiseiro","description":"Roupa Masculina","publisher":{"@id":"https:\/\/augustocamiseiro.com\/lojaweb\/#organization"},"potentialAction":[{"@type":"SearchAction","target":{"@type":"EntryPoint","urlTemplate":"https:\/\/augustocamiseiro.com\/lojaweb\/?s={search_term_string}"},"query-input":{"@type":"PropertyValueSpecification","valueRequired":true,"valueName":"search_term_string"}}],"inLanguage":"pt-BR"},{"@type":"Organization","@id":"https:\/\/augustocamiseiro.com\/lojaweb\/#organization","name":"Augusto Camiseiro","url":"https:\/\/augustocamiseiro.com\/lojaweb\/","logo":{"@type":"ImageObject","inLanguage":"pt-BR","@id":"https:\/\/augustocamiseiro.com\/lojaweb\/#\/schema\/logo\/image\/","url":"https:\/\/i0.wp.com\/augustocamiseiro.com\/lojaweb\/wp-content\/uploads\/2024\/04\/cropped-logo-augusto-white-1.png?fit=550%2C310&ssl=1","contentUrl":"https:\/\/i0.wp.com\/augustocamiseiro.com\/lojaweb\/wp-content\/uploads\/2024\/04\/cropped-logo-augusto-white-1.png?fit=550%2C310&ssl=1","width":550,"height":310,"caption":"Augusto Camiseiro"},"image":{"@id":"https:\/\/augustocamiseiro.com\/lojaweb\/#\/schema\/logo\/image\/"}}]}},"jetpack_sharing_enabled":true,"_links":{"self":[{"href":"https:\/\/augustocamiseiro.com\/lojaweb\/wp-json\/wp\/v2\/product\/44305","targetHints":{"allow":["GET"]}}],"collection":[{"href":"https:\/\/augustocamiseiro.com\/lojaweb\/wp-json\/wp\/v2\/product"}],"about":[{"href":"https:\/\/augustocamiseiro.com\/lojaweb\/wp-json\/wp\/v2\/types\/product"}],"replies":[{"embeddable":true,"href":"https:\/\/augustocamiseiro.com\/lojaweb\/wp-json\/wp\/v2\/comments?post=44305"}],"wp:featuredmedia":[{"embeddable":true,"href":"https:\/\/augustocamiseiro.com\/lojaweb\/wp-json\/wp\/v2\/media\/44236"}],"wp:attachment":[{"href":"https:\/\/augustocamiseiro.com\/lojaweb\/wp-json\/wp\/v2\/media?parent=44305"}],"wp:term":[{"taxonomy":"product_brand","embeddable":true,"href":"https:\/\/augustocamiseiro.com\/lojaweb\/wp-json\/wp\/v2\/product_brand?post=44305"},{"taxonomy":"product_cat","embeddable":true,"href":"https:\/\/augustocamiseiro.com\/lojaweb\/wp-json\/wp\/v2\/product_cat?post=44305"},{"taxonomy":"product_tag","embeddable":true,"href":"https:\/\/augustocamiseiro.com\/lojaweb\/wp-json\/wp\/v2\/product_tag?post=44305"}],"curies":[{"name":"wp","href":"https:\/\/api.w.org\/{rel}","templated":true}]}}