{"id":44262,"date":"2025-04-23T19:36:44","date_gmt":"2025-04-23T19:36:44","guid":{"rendered":"https:\/\/augustocamiseiro.com\/lojaweb\/?post_type=product&#038;p=44262"},"modified":"2026-04-15T20:42:24","modified_gmt":"2026-04-15T20:42:24","slug":"gravata-de-seda-com-desenhos-de-passaros","status":"publish","type":"product","link":"https:\/\/augustocamiseiro.com\/lojaweb\/produto\/gravata-de-seda-com-desenhos-de-passaros\/","title":{"rendered":"Gravata de Seda com Desenhos de Pass\u00e1ros"},"content":{"rendered":"<p>A gravata de seda italiana, tem pequenos desenho de pass\u00e1ros em tons azul e amarelo. Fundo de gravatas nas cores vinho e vermelho.<\/p>\n<p>Fabricada em pura seda italiana se encaixa muito bem com os costumes <a href=\"https:\/\/augustocamiseiro.com\/lojaweb\/?product=terno-costume-azul-bic\">azul<\/a>.<\/p>\n<p>As camisas de prefer\u00eancia lisas <a href=\"https:\/\/augustocamiseiro.com\/lojaweb\/?product=camisa-social-azul\">azuis<\/a> e brancas. Assim tamb\u00e9m como listradas<span style=\"color: #0000ff\">.\u00a0<\/span><\/p>\n<p>Por ser um desenho muito discreto, esse tipo de gravata vai com quase qualquer estampa de camisa. Como resultado vai ter um visual bastante arrojado devido \u00e0 cor da gravata.<\/p>\n<p>&nbsp;<\/p>\n","protected":false},"excerpt":{"rendered":"<p>Gravata de seda italiana. Fundo nas cores vinho e vermelho com pequenos desenhos de pass\u00e1ros em tom azul e amarelo.<\/p>\n<p>&nbsp;<\/p>\n","protected":false},"featured_media":44034,"comment_status":"open","ping_status":"closed","template":"","meta":{"_acf_changed":false},"product_brand":[],"product_cat":[1064,1069],"product_tag":[529,1940,530,1947,1941,985,986,1939,1950,1031,1032,981],"class_list":{"0":"post-44262","1":"product","2":"type-product","3":"status-publish","4":"has-post-thumbnail","6":"product_cat-acessorios","7":"product_cat-gravatas-acessorios","8":"product_tag-gravata","9":"product_tag-gravata-casual","10":"product_tag-gravata-de-seda","11":"product_tag-gravata-esportiva","12":"product_tag-gravata-social","13":"product_tag-gravata-vermelha","14":"product_tag-gravata-vermelha-de-seda","15":"product_tag-gravata-vermelha-de-seda-italiana","16":"product_tag-gravata-vinho","17":"product_tag-gravata-vinho-de-seda","18":"product_tag-gravata-vinho-de-seda-italiana","19":"product_tag-seda-italiana","20":"pa_cor-de-gravata-vermelho","21":"pa_cor-de-gravata-vinho","23":"first","24":"instock","25":"shipping-taxable","26":"purchasable","27":"product-type-variable"},"acf":[],"yoast_head":"<!-- This site is optimized with the Yoast SEO plugin v25.3.1 - https:\/\/yoast.com\/wordpress\/plugins\/seo\/ -->\n<title>Gravata de Seda com Desenhos de Pass\u00e1ros - Augusto Camiseiro<\/title>\n<meta name=\"description\" content=\"Gravata seda com desenhos de pass\u00e1ros. Pequenos desenhos de pass\u00e1ros. Combina com costumes cinza e azul, e confere arrojamento ao visual.\" \/>\n<meta name=\"robots\" content=\"index, follow, max-snippet:-1, max-image-preview:large, max-video-preview:-1\" \/>\n<link rel=\"canonical\" href=\"https:\/\/augustocamiseiro.com\/lojaweb\/produto\/gravata-de-seda-com-desenhos-de-passaros\/\" \/>\n<meta property=\"og:locale\" content=\"pt_BR\" \/>\n<meta property=\"og:type\" content=\"article\" \/>\n<meta property=\"og:title\" content=\"Gravata de Seda com Desenhos de Pass\u00e1ros - Augusto Camiseiro\" \/>\n<meta property=\"og:description\" content=\"Gravata seda com desenhos de pass\u00e1ros. Pequenos desenhos de pass\u00e1ros. Combina com costumes cinza e azul, e confere arrojamento ao visual.\" \/>\n<meta property=\"og:url\" content=\"https:\/\/augustocamiseiro.com\/lojaweb\/produto\/gravata-de-seda-com-desenhos-de-passaros\/\" \/>\n<meta property=\"og:site_name\" content=\"Augusto Camiseiro\" \/>\n<meta property=\"article:modified_time\" content=\"2026-04-15T20:42:24+00:00\" \/>\n<meta property=\"og:image\" content=\"https:\/\/augustocamiseiro.com\/lojaweb\/wp-content\/uploads\/2025\/04\/gravata-100-seda-passarinho-azul-ref4440-3_web.webp\" \/>\n\t<meta property=\"og:image:width\" content=\"1100\" \/>\n\t<meta property=\"og:image:height\" content=\"1375\" \/>\n\t<meta property=\"og:image:type\" content=\"image\/webp\" \/>\n<meta name=\"twitter:card\" content=\"summary_large_image\" \/>\n<meta name=\"twitter:label1\" content=\"Est. tempo de leitura\" \/>\n\t<meta name=\"twitter:data1\" content=\"1 minuto\" \/>\n<!-- \/ Yoast SEO plugin. -->","yoast_head_json":{"title":"Gravata de Seda com Desenhos de Pass\u00e1ros - Augusto Camiseiro","description":"Gravata seda com desenhos de pass\u00e1ros. Pequenos desenhos de pass\u00e1ros. Combina com costumes cinza e azul, e confere arrojamento ao visual.","robots":{"index":"index","follow":"follow","max-snippet":"max-snippet:-1","max-image-preview":"max-image-preview:large","max-video-preview":"max-video-preview:-1"},"canonical":"https:\/\/augustocamiseiro.com\/lojaweb\/produto\/gravata-de-seda-com-desenhos-de-passaros\/","og_locale":"pt_BR","og_type":"article","og_title":"Gravata de Seda com Desenhos de Pass\u00e1ros - Augusto Camiseiro","og_description":"Gravata seda com desenhos de pass\u00e1ros. Pequenos desenhos de pass\u00e1ros. Combina com costumes cinza e azul, e confere arrojamento ao visual.","og_url":"https:\/\/augustocamiseiro.com\/lojaweb\/produto\/gravata-de-seda-com-desenhos-de-passaros\/","og_site_name":"Augusto Camiseiro","article_modified_time":"2026-04-15T20:42:24+00:00","og_image":[{"width":1100,"height":1375,"url":"https:\/\/augustocamiseiro.com\/lojaweb\/wp-content\/uploads\/2025\/04\/gravata-100-seda-passarinho-azul-ref4440-3_web.webp","type":"image\/webp"}],"twitter_card":"summary_large_image","twitter_misc":{"Est. tempo de leitura":"1 minuto"},"schema":{"@context":"https:\/\/schema.org","@graph":[{"@type":"WebPage","@id":"https:\/\/augustocamiseiro.com\/lojaweb\/produto\/gravata-de-seda-com-desenhos-de-passaros\/","url":"https:\/\/augustocamiseiro.com\/lojaweb\/produto\/gravata-de-seda-com-desenhos-de-passaros\/","name":"Gravata de Seda com Desenhos de Pass\u00e1ros - Augusto Camiseiro","isPartOf":{"@id":"https:\/\/augustocamiseiro.com\/lojaweb\/#website"},"primaryImageOfPage":{"@id":"https:\/\/augustocamiseiro.com\/lojaweb\/produto\/gravata-de-seda-com-desenhos-de-passaros\/#primaryimage"},"image":{"@id":"https:\/\/augustocamiseiro.com\/lojaweb\/produto\/gravata-de-seda-com-desenhos-de-passaros\/#primaryimage"},"thumbnailUrl":"https:\/\/i0.wp.com\/augustocamiseiro.com\/lojaweb\/wp-content\/uploads\/2025\/04\/gravata-100-seda-passarinho-azul-ref4440-3_web.webp?fit=1100%2C1375&ssl=1","datePublished":"2025-04-23T19:36:44+00:00","dateModified":"2026-04-15T20:42:24+00:00","description":"Gravata seda com desenhos de pass\u00e1ros. Pequenos desenhos de pass\u00e1ros. Combina com costumes cinza e azul, e confere arrojamento ao visual.","breadcrumb":{"@id":"https:\/\/augustocamiseiro.com\/lojaweb\/produto\/gravata-de-seda-com-desenhos-de-passaros\/#breadcrumb"},"inLanguage":"pt-BR","potentialAction":[{"@type":"ReadAction","target":["https:\/\/augustocamiseiro.com\/lojaweb\/produto\/gravata-de-seda-com-desenhos-de-passaros\/"]}]},{"@type":"ImageObject","inLanguage":"pt-BR","@id":"https:\/\/augustocamiseiro.com\/lojaweb\/produto\/gravata-de-seda-com-desenhos-de-passaros\/#primaryimage","url":"https:\/\/i0.wp.com\/augustocamiseiro.com\/lojaweb\/wp-content\/uploads\/2025\/04\/gravata-100-seda-passarinho-azul-ref4440-3_web.webp?fit=1100%2C1375&ssl=1","contentUrl":"https:\/\/i0.wp.com\/augustocamiseiro.com\/lojaweb\/wp-content\/uploads\/2025\/04\/gravata-100-seda-passarinho-azul-ref4440-3_web.webp?fit=1100%2C1375&ssl=1","width":1100,"height":1375,"caption":"gravata vinho p\u00e1ssaro azul"},{"@type":"BreadcrumbList","@id":"https:\/\/augustocamiseiro.com\/lojaweb\/produto\/gravata-de-seda-com-desenhos-de-passaros\/#breadcrumb","itemListElement":[{"@type":"ListItem","position":1,"name":"In\u00edcio","item":"https:\/\/augustocamiseiro.com\/lojaweb\/"},{"@type":"ListItem","position":2,"name":"Shop","item":"https:\/\/augustocamiseiro.com\/lojaweb\/shop\/"},{"@type":"ListItem","position":3,"name":"Gravata de Seda com Desenhos de Pass\u00e1ros"}]},{"@type":"WebSite","@id":"https:\/\/augustocamiseiro.com\/lojaweb\/#website","url":"https:\/\/augustocamiseiro.com\/lojaweb\/","name":"Augusto Camiseiro","description":"Roupa Masculina","publisher":{"@id":"https:\/\/augustocamiseiro.com\/lojaweb\/#organization"},"potentialAction":[{"@type":"SearchAction","target":{"@type":"EntryPoint","urlTemplate":"https:\/\/augustocamiseiro.com\/lojaweb\/?s={search_term_string}"},"query-input":{"@type":"PropertyValueSpecification","valueRequired":true,"valueName":"search_term_string"}}],"inLanguage":"pt-BR"},{"@type":"Organization","@id":"https:\/\/augustocamiseiro.com\/lojaweb\/#organization","name":"Augusto Camiseiro","url":"https:\/\/augustocamiseiro.com\/lojaweb\/","logo":{"@type":"ImageObject","inLanguage":"pt-BR","@id":"https:\/\/augustocamiseiro.com\/lojaweb\/#\/schema\/logo\/image\/","url":"https:\/\/i0.wp.com\/augustocamiseiro.com\/lojaweb\/wp-content\/uploads\/2024\/04\/cropped-logo-augusto-white-1.png?fit=550%2C310&ssl=1","contentUrl":"https:\/\/i0.wp.com\/augustocamiseiro.com\/lojaweb\/wp-content\/uploads\/2024\/04\/cropped-logo-augusto-white-1.png?fit=550%2C310&ssl=1","width":550,"height":310,"caption":"Augusto Camiseiro"},"image":{"@id":"https:\/\/augustocamiseiro.com\/lojaweb\/#\/schema\/logo\/image\/"}}]}},"jetpack_sharing_enabled":true,"_links":{"self":[{"href":"https:\/\/augustocamiseiro.com\/lojaweb\/wp-json\/wp\/v2\/product\/44262","targetHints":{"allow":["GET"]}}],"collection":[{"href":"https:\/\/augustocamiseiro.com\/lojaweb\/wp-json\/wp\/v2\/product"}],"about":[{"href":"https:\/\/augustocamiseiro.com\/lojaweb\/wp-json\/wp\/v2\/types\/product"}],"replies":[{"embeddable":true,"href":"https:\/\/augustocamiseiro.com\/lojaweb\/wp-json\/wp\/v2\/comments?post=44262"}],"wp:featuredmedia":[{"embeddable":true,"href":"https:\/\/augustocamiseiro.com\/lojaweb\/wp-json\/wp\/v2\/media\/44034"}],"wp:attachment":[{"href":"https:\/\/augustocamiseiro.com\/lojaweb\/wp-json\/wp\/v2\/media?parent=44262"}],"wp:term":[{"taxonomy":"product_brand","embeddable":true,"href":"https:\/\/augustocamiseiro.com\/lojaweb\/wp-json\/wp\/v2\/product_brand?post=44262"},{"taxonomy":"product_cat","embeddable":true,"href":"https:\/\/augustocamiseiro.com\/lojaweb\/wp-json\/wp\/v2\/product_cat?post=44262"},{"taxonomy":"product_tag","embeddable":true,"href":"https:\/\/augustocamiseiro.com\/lojaweb\/wp-json\/wp\/v2\/product_tag?post=44262"}],"curies":[{"name":"wp","href":"https:\/\/api.w.org\/{rel}","templated":true}]}}