{"id":43824,"date":"2025-04-07T14:59:14","date_gmt":"2025-04-07T14:59:14","guid":{"rendered":"https:\/\/augustocamiseiro.com\/lojaweb\/?post_type=product&#038;p=43824"},"modified":"2026-04-15T20:42:24","modified_gmt":"2026-04-15T20:42:24","slug":"mocassim-marlin-camurca","status":"publish","type":"product","link":"https:\/\/augustocamiseiro.com\/lojaweb\/produto\/mocassim-marlin-camurca\/","title":{"rendered":"Mocassim Marlin Camur\u00e7a"},"content":{"rendered":"<p>Mocassim de camur\u00e7a marinho. Solado emborrachado transparente e forro interno de couro. Sapato de camur\u00e7a. Look esportivo realmente diferenciado e elegante. Um sapato para usar em todas situa\u00e7\u00f5es, seja para trabalhar, assim como, para eventos festivos.<\/p>\n<p>&nbsp;<\/p>\n<p><span style=\"font-size: 14pt;\"><strong>Usos e Looks<\/strong><\/span><\/p>\n<div>Dicas de looks para cores espec\u00edficas de sapato de camur\u00e7a:<\/div>\n<div><\/div>\n<div><strong>1. Sapato de camur\u00e7a marrom<\/strong><\/div>\n<div><\/div>\n<div>A cor marrom \u00e9 vers\u00e1til e combina bem com tons neutros e terrosos. Algumas sugest\u00f5es de looks:<\/div>\n<div><\/div>\n<div>\u2022Look Casual: Camisa polo branca, jeans escuros e um cinto de couro marrom para um visual descontra\u00eddo e confort\u00e1vel.<\/div>\n<div>\u2022Look de Trabalho: Camisa social azul claro, cal\u00e7a de sarja cinza e o sapato marrom para adicionar um toque de sofistica\u00e7\u00e3o ao look formal.<\/div>\n<div>\u2022Look de Fim de Semana: Jaqueta de couro marrom, camiseta b\u00e1sica cinza e cal\u00e7a chino bege, criando um visual moderno e descomplicado.<\/div>\n<div><\/div>\n<div><strong>2. Sapato de camur\u00e7a azul marinho<\/strong><\/div>\n<div><\/div>\n<div>O azul marinho \u00e9 cl\u00e1ssico e traz um ar de formalidade com um toque de cor, perfeito para ocasi\u00f5es especiais.<\/div>\n<div><\/div>\n<div>\u2022Look Casual: Camisa de manga curta listrada (azul e branco), bermuda de linho bege e o sapato de camur\u00e7a azul marinho, para um look de ver\u00e3o elegante.<\/div>\n<div>\u2022Look de Trabalho: Blazer azul marinho, camisa branca e cal\u00e7a de alfaiataria cinza, com o sapato de camur\u00e7a para um visual impec\u00e1vel.<\/div>\n<div>\u2022Look de Jantar: Su\u00e9ter de gola V cinza escuro, cal\u00e7a jeans slim fit e o sapato de camur\u00e7a azul marinho, para um jantar mais sofisticado mas sem exageros.<\/div>\n","protected":false},"excerpt":{"rendered":"<div>Mocassim de camur\u00e7a Marlin. Trazendo muito conforto e estilo para se usar em qualquer ocasi\u00e3o.<\/div>\n<div>\n<div>Um sapato masculino de camur\u00e7a \u00e9 elegante e sofisticado, com uma textura macia e levemente aveludada. A camur\u00e7a, por ser um material poroso e suave, d\u00e1 ao sapato um toque de casualidade refinada, tornando-o ideal para ocasi\u00f5es que exigem um equil\u00edbrio entre descontra\u00e7\u00e3o e formalidade.<\/div>\n<div><\/div>\n<\/div>\n","protected":false},"featured_media":43743,"comment_status":"open","ping_status":"closed","template":"","meta":{"_acf_changed":false},"product_brand":[],"product_cat":[1493,313],"product_tag":[625,646,312,1252,1151,1910,1911,1912,1149,1254,1282,1915,1914,1916,1913,334],"class_list":{"0":"post-43824","1":"product","2":"type-product","3":"status-publish","4":"has-post-thumbnail","6":"product_cat-calcados","7":"product_cat-sapato-couro","8":"product_tag-mocassim","9":"product_tag-mocassim-azul","10":"product_tag-sapato","11":"product_tag-sapato-azul","12":"product_tag-sapato-camurca","13":"product_tag-sapato-camurca-azul","14":"product_tag-sapato-camurca-azul-marinho","15":"product_tag-sapato-camurca-marinho","16":"product_tag-sapato-camurca-marrom","17":"product_tag-sapato-marinho","18":"product_tag-sapato-marrom","19":"product_tag-sapato-social-azul","20":"product_tag-sapato-social-azul-marinho","21":"product_tag-sapato-social-marinho","22":"product_tag-sapato-social-marrom","23":"product_tag-sapato-social","25":"first","26":"instock","27":"shipping-taxable","28":"purchasable","29":"product-type-variable"},"acf":[],"yoast_head":"<!-- This site is optimized with the Yoast SEO plugin v25.3.1 - https:\/\/yoast.com\/wordpress\/plugins\/seo\/ -->\n<title>Mocassim Marlin Camur\u00e7a - Augusto Camiseiro<\/title>\n<meta name=\"description\" content=\"Mocassim Marlin Camur\u00e7a. Um sapato para momentos descontra\u00eddos, assim como, para o trabalho. Elegante e trazendo muito conforto. Cores marrom e marinho.\" \/>\n<meta name=\"robots\" content=\"index, follow, max-snippet:-1, max-image-preview:large, max-video-preview:-1\" \/>\n<link rel=\"canonical\" href=\"https:\/\/augustocamiseiro.com\/lojaweb\/produto\/mocassim-marlin-camurca\/\" \/>\n<meta property=\"og:locale\" content=\"pt_BR\" \/>\n<meta property=\"og:type\" content=\"article\" \/>\n<meta property=\"og:title\" content=\"Mocassim Marlin Camur\u00e7a - Augusto Camiseiro\" \/>\n<meta property=\"og:description\" content=\"Mocassim Marlin Camur\u00e7a. Um sapato para momentos descontra\u00eddos, assim como, para o trabalho. Elegante e trazendo muito conforto. Cores marrom e marinho.\" \/>\n<meta property=\"og:url\" content=\"https:\/\/augustocamiseiro.com\/lojaweb\/produto\/mocassim-marlin-camurca\/\" \/>\n<meta property=\"og:site_name\" content=\"Augusto Camiseiro\" \/>\n<meta property=\"article:modified_time\" content=\"2026-04-15T20:42:24+00:00\" \/>\n<meta property=\"og:image\" content=\"https:\/\/augustocamiseiro.com\/lojaweb\/wp-content\/uploads\/2025\/03\/sapato-marlin-marrom-solado-leitoso-ref4431.jpg\" \/>\n\t<meta property=\"og:image:width\" content=\"800\" \/>\n\t<meta property=\"og:image:height\" content=\"1000\" \/>\n\t<meta property=\"og:image:type\" content=\"image\/jpeg\" \/>\n<meta name=\"twitter:card\" content=\"summary_large_image\" \/>\n<meta name=\"twitter:label1\" content=\"Est. tempo de leitura\" \/>\n\t<meta name=\"twitter:data1\" content=\"2 minutos\" \/>\n<!-- \/ Yoast SEO plugin. -->","yoast_head_json":{"title":"Mocassim Marlin Camur\u00e7a - Augusto Camiseiro","description":"Mocassim Marlin Camur\u00e7a. Um sapato para momentos descontra\u00eddos, assim como, para o trabalho. Elegante e trazendo muito conforto. Cores marrom e marinho.","robots":{"index":"index","follow":"follow","max-snippet":"max-snippet:-1","max-image-preview":"max-image-preview:large","max-video-preview":"max-video-preview:-1"},"canonical":"https:\/\/augustocamiseiro.com\/lojaweb\/produto\/mocassim-marlin-camurca\/","og_locale":"pt_BR","og_type":"article","og_title":"Mocassim Marlin Camur\u00e7a - Augusto Camiseiro","og_description":"Mocassim Marlin Camur\u00e7a. Um sapato para momentos descontra\u00eddos, assim como, para o trabalho. Elegante e trazendo muito conforto. Cores marrom e marinho.","og_url":"https:\/\/augustocamiseiro.com\/lojaweb\/produto\/mocassim-marlin-camurca\/","og_site_name":"Augusto Camiseiro","article_modified_time":"2026-04-15T20:42:24+00:00","og_image":[{"width":800,"height":1000,"url":"https:\/\/augustocamiseiro.com\/lojaweb\/wp-content\/uploads\/2025\/03\/sapato-marlin-marrom-solado-leitoso-ref4431.jpg","type":"image\/jpeg"}],"twitter_card":"summary_large_image","twitter_misc":{"Est. tempo de leitura":"2 minutos"},"schema":{"@context":"https:\/\/schema.org","@graph":[{"@type":"WebPage","@id":"https:\/\/augustocamiseiro.com\/lojaweb\/produto\/mocassim-marlin-camurca\/","url":"https:\/\/augustocamiseiro.com\/lojaweb\/produto\/mocassim-marlin-camurca\/","name":"Mocassim Marlin Camur\u00e7a - Augusto Camiseiro","isPartOf":{"@id":"https:\/\/augustocamiseiro.com\/lojaweb\/#website"},"primaryImageOfPage":{"@id":"https:\/\/augustocamiseiro.com\/lojaweb\/produto\/mocassim-marlin-camurca\/#primaryimage"},"image":{"@id":"https:\/\/augustocamiseiro.com\/lojaweb\/produto\/mocassim-marlin-camurca\/#primaryimage"},"thumbnailUrl":"https:\/\/i0.wp.com\/augustocamiseiro.com\/lojaweb\/wp-content\/uploads\/2025\/03\/sapato-marlin-marrom-solado-leitoso-ref4431.jpg?fit=800%2C1000&ssl=1","datePublished":"2025-04-07T14:59:14+00:00","dateModified":"2026-04-15T20:42:24+00:00","description":"Mocassim Marlin Camur\u00e7a. Um sapato para momentos descontra\u00eddos, assim como, para o trabalho. Elegante e trazendo muito conforto. Cores marrom e marinho.","breadcrumb":{"@id":"https:\/\/augustocamiseiro.com\/lojaweb\/produto\/mocassim-marlin-camurca\/#breadcrumb"},"inLanguage":"pt-BR","potentialAction":[{"@type":"ReadAction","target":["https:\/\/augustocamiseiro.com\/lojaweb\/produto\/mocassim-marlin-camurca\/"]}]},{"@type":"ImageObject","inLanguage":"pt-BR","@id":"https:\/\/augustocamiseiro.com\/lojaweb\/produto\/mocassim-marlin-camurca\/#primaryimage","url":"https:\/\/i0.wp.com\/augustocamiseiro.com\/lojaweb\/wp-content\/uploads\/2025\/03\/sapato-marlin-marrom-solado-leitoso-ref4431.jpg?fit=800%2C1000&ssl=1","contentUrl":"https:\/\/i0.wp.com\/augustocamiseiro.com\/lojaweb\/wp-content\/uploads\/2025\/03\/sapato-marlin-marrom-solado-leitoso-ref4431.jpg?fit=800%2C1000&ssl=1","width":800,"height":1000},{"@type":"BreadcrumbList","@id":"https:\/\/augustocamiseiro.com\/lojaweb\/produto\/mocassim-marlin-camurca\/#breadcrumb","itemListElement":[{"@type":"ListItem","position":1,"name":"In\u00edcio","item":"https:\/\/augustocamiseiro.com\/lojaweb\/"},{"@type":"ListItem","position":2,"name":"Shop","item":"https:\/\/augustocamiseiro.com\/lojaweb\/shop\/"},{"@type":"ListItem","position":3,"name":"Mocassim Marlin Camur\u00e7a"}]},{"@type":"WebSite","@id":"https:\/\/augustocamiseiro.com\/lojaweb\/#website","url":"https:\/\/augustocamiseiro.com\/lojaweb\/","name":"Augusto Camiseiro","description":"Roupa Masculina","publisher":{"@id":"https:\/\/augustocamiseiro.com\/lojaweb\/#organization"},"potentialAction":[{"@type":"SearchAction","target":{"@type":"EntryPoint","urlTemplate":"https:\/\/augustocamiseiro.com\/lojaweb\/?s={search_term_string}"},"query-input":{"@type":"PropertyValueSpecification","valueRequired":true,"valueName":"search_term_string"}}],"inLanguage":"pt-BR"},{"@type":"Organization","@id":"https:\/\/augustocamiseiro.com\/lojaweb\/#organization","name":"Augusto Camiseiro","url":"https:\/\/augustocamiseiro.com\/lojaweb\/","logo":{"@type":"ImageObject","inLanguage":"pt-BR","@id":"https:\/\/augustocamiseiro.com\/lojaweb\/#\/schema\/logo\/image\/","url":"https:\/\/i0.wp.com\/augustocamiseiro.com\/lojaweb\/wp-content\/uploads\/2024\/04\/cropped-logo-augusto-white-1.png?fit=550%2C310&ssl=1","contentUrl":"https:\/\/i0.wp.com\/augustocamiseiro.com\/lojaweb\/wp-content\/uploads\/2024\/04\/cropped-logo-augusto-white-1.png?fit=550%2C310&ssl=1","width":550,"height":310,"caption":"Augusto Camiseiro"},"image":{"@id":"https:\/\/augustocamiseiro.com\/lojaweb\/#\/schema\/logo\/image\/"}}]}},"jetpack_sharing_enabled":true,"_links":{"self":[{"href":"https:\/\/augustocamiseiro.com\/lojaweb\/wp-json\/wp\/v2\/product\/43824","targetHints":{"allow":["GET"]}}],"collection":[{"href":"https:\/\/augustocamiseiro.com\/lojaweb\/wp-json\/wp\/v2\/product"}],"about":[{"href":"https:\/\/augustocamiseiro.com\/lojaweb\/wp-json\/wp\/v2\/types\/product"}],"replies":[{"embeddable":true,"href":"https:\/\/augustocamiseiro.com\/lojaweb\/wp-json\/wp\/v2\/comments?post=43824"}],"wp:featuredmedia":[{"embeddable":true,"href":"https:\/\/augustocamiseiro.com\/lojaweb\/wp-json\/wp\/v2\/media\/43743"}],"wp:attachment":[{"href":"https:\/\/augustocamiseiro.com\/lojaweb\/wp-json\/wp\/v2\/media?parent=43824"}],"wp:term":[{"taxonomy":"product_brand","embeddable":true,"href":"https:\/\/augustocamiseiro.com\/lojaweb\/wp-json\/wp\/v2\/product_brand?post=43824"},{"taxonomy":"product_cat","embeddable":true,"href":"https:\/\/augustocamiseiro.com\/lojaweb\/wp-json\/wp\/v2\/product_cat?post=43824"},{"taxonomy":"product_tag","embeddable":true,"href":"https:\/\/augustocamiseiro.com\/lojaweb\/wp-json\/wp\/v2\/product_tag?post=43824"}],"curies":[{"name":"wp","href":"https:\/\/api.w.org\/{rel}","templated":true}]}}