{"id":43739,"date":"2025-04-01T14:14:44","date_gmt":"2025-04-01T14:14:44","guid":{"rendered":"https:\/\/augustocamiseiro.com\/lojaweb\/?post_type=product&#038;p=43739"},"modified":"2026-04-20T21:10:26","modified_gmt":"2026-04-20T21:10:26","slug":"calca-sarja-chino","status":"publish","type":"product","link":"https:\/\/augustocamiseiro.com\/lojaweb\/produto\/calca-sarja-chino\/","title":{"rendered":"Cal\u00e7a Sarja Chino"},"content":{"rendered":"<div>A cal\u00e7a de sarja chino masculina \u00e9 uma pe\u00e7a vers\u00e1til e confort\u00e1vel, feita de algod\u00e3o pima com adi\u00e7\u00e3o de poliamida e elastano, o que proporciona mais resist\u00eancia e flexibilidade. Esse tecido tem um toque macio e \u00e9 levemente mais estruturado, sendo ideal para looks casuais ou semi-formais. Essas cal\u00e7as s\u00e3o \u00f3timas para criar looks casuais e sofisticados dependendo da combina\u00e7\u00e3o e dos acess\u00f3rios escolhidos!<\/div>\n<h4><\/h4>\n<h4><strong>Aqui est\u00e3o sugest\u00f5es de looks para cada uma das cores:<\/strong><\/h4>\n<div><\/div>\n<div><strong>1. Azul Marinho:<\/strong><\/div>\n<div><\/div>\n<div>\u2022<strong>Look casual:<\/strong> Combine a cal\u00e7a de sarja azul marinho com uma camiseta branca ou cinza claro e um t\u00eanis branco. Para adicionar um toque mais sofisticado, use um blazer de linho em tom neutro (como cinza claro ou bege).<\/div>\n<div><\/div>\n<div>\u2022<strong>Look de trabalho:<\/strong> Aposte em uma camisa social azul claro ou uma camiseta polo preta, com sapatos de couro marrom ou loafers. Um cinto de couro marrom tamb\u00e9m complementa o visual.<\/div>\n<div><\/div>\n<div>\u2022<strong>Look para um passeio mais descontra\u00eddo:<\/strong> Combine a cal\u00e7a com uma camisa de manga longa, dobrada nas mangas, em tom de xadrez ou listras finas, e um t\u00eanis casual.<\/div>\n<div><\/div>\n<div><strong>2. Cru:<\/strong><\/div>\n<div><\/div>\n<div><strong>\u2022Look de ver\u00e3o:<\/strong> Combine com uma camiseta de linho ou uma camisa polo em um tom como azul claro e mocassim. \u00d3timo para climas quentes.<\/div>\n<div><\/div>\n<div><strong>\u2022Look casual elegante:<\/strong> Use uma camisa de manga curta, como uma camisa estampada ou com padr\u00e3o tropical, para um toque mais descontra\u00eddo, e complemente com t\u00eanis de camur\u00e7a ou sapat\u00eanis.<\/div>\n<div><\/div>\n<div><strong>\u2022Look informal para o dia a dia:<\/strong> Combine com uma camiseta b\u00e1sica de cor escura (como preta ou cinza) e t\u00eanis casual. Para um toque mais arrojado, acrescente uma jaqueta camur\u00e7a.<\/div>\n<div><\/div>\n<div><\/div>\n","protected":false},"excerpt":{"rendered":"<p>Nossa cal\u00e7a sarja chino s\u00e3o feitas com algod\u00e3o pima, com a adi\u00e7\u00e3o da poliamida e o elastano, s\u00e3o muito confort\u00e1veis e macias. Com tr\u00eas tonalidades, nas cores cru e azul marinho.<\/p>\n<p><strong>Caracter\u00edsticas:<\/strong><\/p>\n<ul>\n<li>50% &#8211; algod\u00e3o<\/li>\n<li>47% &#8211; poliamida<\/li>\n<li>0,3% &#8211; elastano<\/li>\n<\/ul>\n<h3><strong>Foro do bolso:<\/strong><\/h3>\n<ul>\n<li>52% poli\u00e9ster<\/li>\n<li>48% algod\u00e3o<\/li>\n<\/ul>\n","protected":false},"featured_media":44756,"comment_status":"open","ping_status":"closed","template":"","meta":{"_acf_changed":false},"product_brand":[],"product_cat":[362],"product_tag":[359,959,1272,1593,1292,419,1814,412,1274,1901,1900,1902,361,1971,1406,1812,1899],"class_list":{"0":"post-43739","1":"product","2":"type-product","3":"status-publish","4":"has-post-thumbnail","6":"product_cat-calcas","7":"product_tag-calca-azul","8":"product_tag-calca-azul-marinho","9":"product_tag-calca-caqui","10":"product_tag-calca-cru","11":"product_tag-calca-masculina","12":"product_tag-calca-sarja","13":"product_tag-calca-sarja-azul","14":"product_tag-calca-sarja-azul-marinho","15":"product_tag-calca-sarja-caqui","16":"product_tag-calca-sarja-cru","17":"product_tag-calca-sarja-masculina","18":"product_tag-calca-social-masculina","19":"product_tag-calca-social","20":"product_tag-look-outono-1","21":"product_tag-moda-masculina","22":"product_tag-sarja","23":"product_tag-sarja-masculina","25":"first","26":"instock","27":"taxable","28":"shipping-taxable","29":"purchasable","30":"product-type-variable"},"acf":[],"yoast_head":"<!-- This site is optimized with the Yoast SEO plugin v25.3.1 - https:\/\/yoast.com\/wordpress\/plugins\/seo\/ -->\n<title>Cal\u00e7a Sarja Chino - Augusto Camiseiro<\/title>\n<meta name=\"description\" content=\"Cal\u00e7a Sarja Chino. Feitas com algod\u00e3o pima poliamida e lastano, s\u00e3o muito peletizadas, fortalecendo assim, extremo conforto e maciez.\" \/>\n<meta name=\"robots\" content=\"index, follow, max-snippet:-1, max-image-preview:large, max-video-preview:-1\" \/>\n<link rel=\"canonical\" href=\"https:\/\/augustocamiseiro.com\/lojaweb\/produto\/calca-sarja-chino\/\" \/>\n<meta property=\"og:locale\" content=\"pt_BR\" \/>\n<meta property=\"og:type\" content=\"article\" \/>\n<meta property=\"og:title\" content=\"Cal\u00e7a Sarja Chino - Augusto Camiseiro\" \/>\n<meta property=\"og:description\" content=\"Cal\u00e7a Sarja Chino. Feitas com algod\u00e3o pima poliamida e lastano, s\u00e3o muito peletizadas, fortalecendo assim, extremo conforto e maciez.\" \/>\n<meta property=\"og:url\" content=\"https:\/\/augustocamiseiro.com\/lojaweb\/produto\/calca-sarja-chino\/\" \/>\n<meta property=\"og:site_name\" content=\"Augusto Camiseiro\" \/>\n<meta property=\"article:modified_time\" content=\"2026-04-20T21:10:26+00:00\" \/>\n<meta property=\"og:image\" content=\"https:\/\/augustocamiseiro.com\/lojaweb\/wp-content\/uploads\/2025\/05\/calca-4437_web.webp\" \/>\n\t<meta property=\"og:image:width\" content=\"1100\" \/>\n\t<meta property=\"og:image:height\" content=\"1375\" \/>\n\t<meta property=\"og:image:type\" content=\"image\/webp\" \/>\n<meta name=\"twitter:card\" content=\"summary_large_image\" \/>\n<meta name=\"twitter:label1\" content=\"Est. tempo de leitura\" \/>\n\t<meta name=\"twitter:data1\" content=\"2 minutos\" \/>\n<!-- \/ Yoast SEO plugin. -->","yoast_head_json":{"title":"Cal\u00e7a Sarja Chino - Augusto Camiseiro","description":"Cal\u00e7a Sarja Chino. Feitas com algod\u00e3o pima poliamida e lastano, s\u00e3o muito peletizadas, fortalecendo assim, extremo conforto e maciez.","robots":{"index":"index","follow":"follow","max-snippet":"max-snippet:-1","max-image-preview":"max-image-preview:large","max-video-preview":"max-video-preview:-1"},"canonical":"https:\/\/augustocamiseiro.com\/lojaweb\/produto\/calca-sarja-chino\/","og_locale":"pt_BR","og_type":"article","og_title":"Cal\u00e7a Sarja Chino - Augusto Camiseiro","og_description":"Cal\u00e7a Sarja Chino. Feitas com algod\u00e3o pima poliamida e lastano, s\u00e3o muito peletizadas, fortalecendo assim, extremo conforto e maciez.","og_url":"https:\/\/augustocamiseiro.com\/lojaweb\/produto\/calca-sarja-chino\/","og_site_name":"Augusto Camiseiro","article_modified_time":"2026-04-20T21:10:26+00:00","og_image":[{"width":1100,"height":1375,"url":"https:\/\/augustocamiseiro.com\/lojaweb\/wp-content\/uploads\/2025\/05\/calca-4437_web.webp","type":"image\/webp"}],"twitter_card":"summary_large_image","twitter_misc":{"Est. tempo de leitura":"2 minutos"},"schema":{"@context":"https:\/\/schema.org","@graph":[{"@type":"WebPage","@id":"https:\/\/augustocamiseiro.com\/lojaweb\/produto\/calca-sarja-chino\/","url":"https:\/\/augustocamiseiro.com\/lojaweb\/produto\/calca-sarja-chino\/","name":"Cal\u00e7a Sarja Chino - Augusto Camiseiro","isPartOf":{"@id":"https:\/\/augustocamiseiro.com\/lojaweb\/#website"},"primaryImageOfPage":{"@id":"https:\/\/augustocamiseiro.com\/lojaweb\/produto\/calca-sarja-chino\/#primaryimage"},"image":{"@id":"https:\/\/augustocamiseiro.com\/lojaweb\/produto\/calca-sarja-chino\/#primaryimage"},"thumbnailUrl":"https:\/\/i0.wp.com\/augustocamiseiro.com\/lojaweb\/wp-content\/uploads\/2025\/05\/calca-4437_web.webp?fit=1100%2C1375&ssl=1","datePublished":"2025-04-01T14:14:44+00:00","dateModified":"2026-04-20T21:10:26+00:00","description":"Cal\u00e7a Sarja Chino. Feitas com algod\u00e3o pima poliamida e lastano, s\u00e3o muito peletizadas, fortalecendo assim, extremo conforto e maciez.","breadcrumb":{"@id":"https:\/\/augustocamiseiro.com\/lojaweb\/produto\/calca-sarja-chino\/#breadcrumb"},"inLanguage":"pt-BR","potentialAction":[{"@type":"ReadAction","target":["https:\/\/augustocamiseiro.com\/lojaweb\/produto\/calca-sarja-chino\/"]}]},{"@type":"ImageObject","inLanguage":"pt-BR","@id":"https:\/\/augustocamiseiro.com\/lojaweb\/produto\/calca-sarja-chino\/#primaryimage","url":"https:\/\/i0.wp.com\/augustocamiseiro.com\/lojaweb\/wp-content\/uploads\/2025\/05\/calca-4437_web.webp?fit=1100%2C1375&ssl=1","contentUrl":"https:\/\/i0.wp.com\/augustocamiseiro.com\/lojaweb\/wp-content\/uploads\/2025\/05\/calca-4437_web.webp?fit=1100%2C1375&ssl=1","width":1100,"height":1375,"caption":"cal\u00e7a bege"},{"@type":"BreadcrumbList","@id":"https:\/\/augustocamiseiro.com\/lojaweb\/produto\/calca-sarja-chino\/#breadcrumb","itemListElement":[{"@type":"ListItem","position":1,"name":"In\u00edcio","item":"https:\/\/augustocamiseiro.com\/lojaweb\/"},{"@type":"ListItem","position":2,"name":"Shop","item":"https:\/\/augustocamiseiro.com\/lojaweb\/shop\/"},{"@type":"ListItem","position":3,"name":"Cal\u00e7a Sarja Chino"}]},{"@type":"WebSite","@id":"https:\/\/augustocamiseiro.com\/lojaweb\/#website","url":"https:\/\/augustocamiseiro.com\/lojaweb\/","name":"Augusto Camiseiro","description":"Roupa Masculina","publisher":{"@id":"https:\/\/augustocamiseiro.com\/lojaweb\/#organization"},"potentialAction":[{"@type":"SearchAction","target":{"@type":"EntryPoint","urlTemplate":"https:\/\/augustocamiseiro.com\/lojaweb\/?s={search_term_string}"},"query-input":{"@type":"PropertyValueSpecification","valueRequired":true,"valueName":"search_term_string"}}],"inLanguage":"pt-BR"},{"@type":"Organization","@id":"https:\/\/augustocamiseiro.com\/lojaweb\/#organization","name":"Augusto Camiseiro","url":"https:\/\/augustocamiseiro.com\/lojaweb\/","logo":{"@type":"ImageObject","inLanguage":"pt-BR","@id":"https:\/\/augustocamiseiro.com\/lojaweb\/#\/schema\/logo\/image\/","url":"https:\/\/i0.wp.com\/augustocamiseiro.com\/lojaweb\/wp-content\/uploads\/2024\/04\/cropped-logo-augusto-white-1.png?fit=550%2C310&ssl=1","contentUrl":"https:\/\/i0.wp.com\/augustocamiseiro.com\/lojaweb\/wp-content\/uploads\/2024\/04\/cropped-logo-augusto-white-1.png?fit=550%2C310&ssl=1","width":550,"height":310,"caption":"Augusto Camiseiro"},"image":{"@id":"https:\/\/augustocamiseiro.com\/lojaweb\/#\/schema\/logo\/image\/"}}]}},"jetpack_sharing_enabled":true,"_links":{"self":[{"href":"https:\/\/augustocamiseiro.com\/lojaweb\/wp-json\/wp\/v2\/product\/43739","targetHints":{"allow":["GET"]}}],"collection":[{"href":"https:\/\/augustocamiseiro.com\/lojaweb\/wp-json\/wp\/v2\/product"}],"about":[{"href":"https:\/\/augustocamiseiro.com\/lojaweb\/wp-json\/wp\/v2\/types\/product"}],"replies":[{"embeddable":true,"href":"https:\/\/augustocamiseiro.com\/lojaweb\/wp-json\/wp\/v2\/comments?post=43739"}],"wp:featuredmedia":[{"embeddable":true,"href":"https:\/\/augustocamiseiro.com\/lojaweb\/wp-json\/wp\/v2\/media\/44756"}],"wp:attachment":[{"href":"https:\/\/augustocamiseiro.com\/lojaweb\/wp-json\/wp\/v2\/media?parent=43739"}],"wp:term":[{"taxonomy":"product_brand","embeddable":true,"href":"https:\/\/augustocamiseiro.com\/lojaweb\/wp-json\/wp\/v2\/product_brand?post=43739"},{"taxonomy":"product_cat","embeddable":true,"href":"https:\/\/augustocamiseiro.com\/lojaweb\/wp-json\/wp\/v2\/product_cat?post=43739"},{"taxonomy":"product_tag","embeddable":true,"href":"https:\/\/augustocamiseiro.com\/lojaweb\/wp-json\/wp\/v2\/product_tag?post=43739"}],"curies":[{"name":"wp","href":"https:\/\/api.w.org\/{rel}","templated":true}]}}