{"id":43391,"date":"2025-01-28T20:29:31","date_gmt":"2025-01-28T20:29:31","guid":{"rendered":"https:\/\/augustocamiseiro.com\/lojaweb\/?post_type=product&#038;p=43391"},"modified":"2026-04-15T20:42:19","modified_gmt":"2026-04-15T20:42:19","slug":"camisa-xadrez-azul","status":"publish","type":"product","link":"https:\/\/augustocamiseiro.com\/lojaweb\/produto\/camisa-xadrez-azul\/","title":{"rendered":"Camisa Xadrez Azul"},"content":{"rendered":"<p>Camisa xadrez azul. Esta camisa \u00e9 feita em nossas oficinas, portanto s\u00e3o usados os mesmos recursos de nossas camisas sob medida.<\/p>\n<p>Tanto no que se refere \u00e0 m\u00e3o de obra, al\u00e9m dos\u00a0 m\u00e9todos e aviamentos.<\/p>\n<p>O resultado \u00e9 uma camisa sem igual no mercado de camisas pronta-entrega.<\/p>\n<p>&nbsp;<\/p>\n<p>&nbsp;<\/p>\n<p><strong>Caracter\u00edsticas<\/strong><\/p>\n<p>&nbsp;<\/p>\n<ul>\n<li>Tecido maquinetado.<\/li>\n<li>Fio 80&#215;2.<\/li>\n<li>Manga longa.<\/li>\n<li>Costuras rebatidas artesanais.<\/li>\n<li>Camisa muito dur\u00e1vel e mais encorpada.<\/li>\n<li>Colarinho mais estruturado.<\/li>\n<\/ul>\n<p>&nbsp;<\/p>\n<p><strong>Sugest\u00f5es de usos e looks<\/strong><\/p>\n<p>&nbsp;<\/p>\n<p>Justamente por ser o item mais b\u00e1sico de qualquer look ou guarda roupa.<\/p>\n<p>Portanto, no dia que acordou sem inspira\u00e7\u00e3o, \u00e9 s\u00f3 pegar a camisa branca e sair usando.<\/p>\n<p>Ali\u00e1s, o ideal \u00e9 ter algumas em seu guarda roupa e n\u00e3o apenas uma.<\/p>\n<p>Mas de qualquer forma, duas op\u00e7\u00f5es muito interessantes de combina\u00e7\u00f5es, al\u00e9m das cores escuras, s\u00e3o os beges.<\/p>\n<p>Experimente nossas cal\u00e7as beges de l\u00e3 fria. Tanto a <span style=\"color: #0000ff\"><a style=\"color: #0000ff\" href=\"https:\/\/augustocamiseiro.com\/lojaweb\/?product=calca-alfaiataria-bege-claro\">bege mais clara<\/a> <\/span>quanto a <a href=\"https:\/\/augustocamiseiro.com\/lojaweb\/?product=calca-alfaiataria-bege-escura-la-fria\"><span style=\"color: #3366ff\"><span style=\"color: #0000ff\">bege mais escura<\/span><\/span><\/a><span style=\"color: #0000ff\">.<\/span><\/p>\n<p>Contudo, se for usar com costume e gravata, considere que a camisa seja a sua tela de pintura em branco.<\/p>\n<p>Em resumo, n\u00e3o tenha medo de ousar na gravata e com certeza vai se diferenciar e se destacar positivamente, procurando cores um pouco mais vivas.<\/p>\n<p>Al\u00e9m disso, tem alguma coisa mais chique que uma camisa branca com jeans?<\/p>\n<p>Para quem gosta de uma camisa branca vai outra dica bem atual. A import\u00e2ncia de se <a href=\"http:\/\/www.augustocamiseiro.com.br\/wp4\/index.php\/2020\/08\/17\/a-importancia-de-se-vestir-bem-mesmo-trabalhando-em-casa\/\" target=\"_blank\" rel=\"noopener\"><span style=\"color: #0000ff\">vestir bem<\/span><\/a> mesmo trabalhando em casa.<\/p>\n","protected":false},"excerpt":{"rendered":"<p>Camisa Xadrez Azul com algod\u00e3o fio 80&#215;2.<\/p>\n<p>&nbsp;<\/p>\n","protected":false},"featured_media":45018,"comment_status":"open","ping_status":"closed","template":"","meta":{"_acf_changed":false},"product_brand":[],"product_cat":[1067],"product_tag":[897,434,442,1861,601,898,740,437,452,741,900,456],"class_list":{"0":"post-43391","1":"product","2":"type-product","3":"status-publish","4":"has-post-thumbnail","6":"product_cat-camisas","7":"product_tag-azul","8":"product_tag-camisa","9":"product_tag-camisa-azul","10":"product_tag-camisa-azul-maquinetada","11":"product_tag-camisa-de-manga-longa","12":"product_tag-camisa-lycra","13":"product_tag-camisa-masculina","14":"product_tag-camisa-social","15":"product_tag-camisa-xadrez","16":"product_tag-camisa-xadrez-azul","17":"product_tag-elastano","18":"product_tag-fio-80-2","20":"first","21":"instock","22":"shipping-taxable","23":"purchasable","24":"product-type-variable"},"acf":[],"yoast_head":"<!-- This site is optimized with the Yoast SEO plugin v25.3.1 - https:\/\/yoast.com\/wordpress\/plugins\/seo\/ -->\n<title>Camisa Xadrez Azul - Augusto Camiseiro<\/title>\n<meta name=\"description\" content=\"Camisa xadrez Azul. Item obrigat\u00f3rio em seu guarda roupa. Algod\u00e3o fio 80x2. Praticidade e conforto. Muita durabilidade. Fabrica\u00e7\u00e3o pr\u00f3pria.\" \/>\n<meta name=\"robots\" content=\"index, follow, max-snippet:-1, max-image-preview:large, max-video-preview:-1\" \/>\n<link rel=\"canonical\" href=\"https:\/\/augustocamiseiro.com\/lojaweb\/produto\/camisa-xadrez-azul\/\" \/>\n<meta property=\"og:locale\" content=\"pt_BR\" \/>\n<meta property=\"og:type\" content=\"article\" \/>\n<meta property=\"og:title\" content=\"Camisa Xadrez Azul - Augusto Camiseiro\" \/>\n<meta property=\"og:description\" content=\"Camisa xadrez Azul. Item obrigat\u00f3rio em seu guarda roupa. Algod\u00e3o fio 80x2. Praticidade e conforto. Muita durabilidade. Fabrica\u00e7\u00e3o pr\u00f3pria.\" \/>\n<meta property=\"og:url\" content=\"https:\/\/augustocamiseiro.com\/lojaweb\/produto\/camisa-xadrez-azul\/\" \/>\n<meta property=\"og:site_name\" content=\"Augusto Camiseiro\" \/>\n<meta property=\"article:modified_time\" content=\"2026-04-15T20:42:19+00:00\" \/>\n<meta property=\"og:image\" content=\"https:\/\/augustocamiseiro.com\/lojaweb\/wp-content\/uploads\/2025\/06\/camisa-xadrez-azul-ref4274-4_web.webp\" \/>\n\t<meta property=\"og:image:width\" content=\"1100\" \/>\n\t<meta property=\"og:image:height\" content=\"1375\" \/>\n\t<meta property=\"og:image:type\" content=\"image\/webp\" \/>\n<meta name=\"twitter:card\" content=\"summary_large_image\" \/>\n<meta name=\"twitter:label1\" content=\"Est. tempo de leitura\" \/>\n\t<meta name=\"twitter:data1\" content=\"2 minutos\" \/>\n<!-- \/ Yoast SEO plugin. -->","yoast_head_json":{"title":"Camisa Xadrez Azul - Augusto Camiseiro","description":"Camisa xadrez Azul. Item obrigat\u00f3rio em seu guarda roupa. Algod\u00e3o fio 80x2. Praticidade e conforto. Muita durabilidade. Fabrica\u00e7\u00e3o pr\u00f3pria.","robots":{"index":"index","follow":"follow","max-snippet":"max-snippet:-1","max-image-preview":"max-image-preview:large","max-video-preview":"max-video-preview:-1"},"canonical":"https:\/\/augustocamiseiro.com\/lojaweb\/produto\/camisa-xadrez-azul\/","og_locale":"pt_BR","og_type":"article","og_title":"Camisa Xadrez Azul - Augusto Camiseiro","og_description":"Camisa xadrez Azul. Item obrigat\u00f3rio em seu guarda roupa. Algod\u00e3o fio 80x2. Praticidade e conforto. Muita durabilidade. Fabrica\u00e7\u00e3o pr\u00f3pria.","og_url":"https:\/\/augustocamiseiro.com\/lojaweb\/produto\/camisa-xadrez-azul\/","og_site_name":"Augusto Camiseiro","article_modified_time":"2026-04-15T20:42:19+00:00","og_image":[{"width":1100,"height":1375,"url":"https:\/\/augustocamiseiro.com\/lojaweb\/wp-content\/uploads\/2025\/06\/camisa-xadrez-azul-ref4274-4_web.webp","type":"image\/webp"}],"twitter_card":"summary_large_image","twitter_misc":{"Est. tempo de leitura":"2 minutos"},"schema":{"@context":"https:\/\/schema.org","@graph":[{"@type":"WebPage","@id":"https:\/\/augustocamiseiro.com\/lojaweb\/produto\/camisa-xadrez-azul\/","url":"https:\/\/augustocamiseiro.com\/lojaweb\/produto\/camisa-xadrez-azul\/","name":"Camisa Xadrez Azul - Augusto Camiseiro","isPartOf":{"@id":"https:\/\/augustocamiseiro.com\/lojaweb\/#website"},"primaryImageOfPage":{"@id":"https:\/\/augustocamiseiro.com\/lojaweb\/produto\/camisa-xadrez-azul\/#primaryimage"},"image":{"@id":"https:\/\/augustocamiseiro.com\/lojaweb\/produto\/camisa-xadrez-azul\/#primaryimage"},"thumbnailUrl":"https:\/\/i0.wp.com\/augustocamiseiro.com\/lojaweb\/wp-content\/uploads\/2025\/06\/camisa-xadrez-azul-ref4274-4_web.webp?fit=1100%2C1375&ssl=1","datePublished":"2025-01-28T20:29:31+00:00","dateModified":"2026-04-15T20:42:19+00:00","description":"Camisa xadrez Azul. Item obrigat\u00f3rio em seu guarda roupa. Algod\u00e3o fio 80x2. Praticidade e conforto. Muita durabilidade. Fabrica\u00e7\u00e3o pr\u00f3pria.","breadcrumb":{"@id":"https:\/\/augustocamiseiro.com\/lojaweb\/produto\/camisa-xadrez-azul\/#breadcrumb"},"inLanguage":"pt-BR","potentialAction":[{"@type":"ReadAction","target":["https:\/\/augustocamiseiro.com\/lojaweb\/produto\/camisa-xadrez-azul\/"]}]},{"@type":"ImageObject","inLanguage":"pt-BR","@id":"https:\/\/augustocamiseiro.com\/lojaweb\/produto\/camisa-xadrez-azul\/#primaryimage","url":"https:\/\/i0.wp.com\/augustocamiseiro.com\/lojaweb\/wp-content\/uploads\/2025\/06\/camisa-xadrez-azul-ref4274-4_web.webp?fit=1100%2C1375&ssl=1","contentUrl":"https:\/\/i0.wp.com\/augustocamiseiro.com\/lojaweb\/wp-content\/uploads\/2025\/06\/camisa-xadrez-azul-ref4274-4_web.webp?fit=1100%2C1375&ssl=1","width":1100,"height":1375,"caption":"camisa xadrez azul"},{"@type":"BreadcrumbList","@id":"https:\/\/augustocamiseiro.com\/lojaweb\/produto\/camisa-xadrez-azul\/#breadcrumb","itemListElement":[{"@type":"ListItem","position":1,"name":"In\u00edcio","item":"https:\/\/augustocamiseiro.com\/lojaweb\/"},{"@type":"ListItem","position":2,"name":"Shop","item":"https:\/\/augustocamiseiro.com\/lojaweb\/shop\/"},{"@type":"ListItem","position":3,"name":"Camisa Xadrez Azul"}]},{"@type":"WebSite","@id":"https:\/\/augustocamiseiro.com\/lojaweb\/#website","url":"https:\/\/augustocamiseiro.com\/lojaweb\/","name":"Augusto Camiseiro","description":"Roupa Masculina","publisher":{"@id":"https:\/\/augustocamiseiro.com\/lojaweb\/#organization"},"potentialAction":[{"@type":"SearchAction","target":{"@type":"EntryPoint","urlTemplate":"https:\/\/augustocamiseiro.com\/lojaweb\/?s={search_term_string}"},"query-input":{"@type":"PropertyValueSpecification","valueRequired":true,"valueName":"search_term_string"}}],"inLanguage":"pt-BR"},{"@type":"Organization","@id":"https:\/\/augustocamiseiro.com\/lojaweb\/#organization","name":"Augusto Camiseiro","url":"https:\/\/augustocamiseiro.com\/lojaweb\/","logo":{"@type":"ImageObject","inLanguage":"pt-BR","@id":"https:\/\/augustocamiseiro.com\/lojaweb\/#\/schema\/logo\/image\/","url":"https:\/\/i0.wp.com\/augustocamiseiro.com\/lojaweb\/wp-content\/uploads\/2024\/04\/cropped-logo-augusto-white-1.png?fit=550%2C310&ssl=1","contentUrl":"https:\/\/i0.wp.com\/augustocamiseiro.com\/lojaweb\/wp-content\/uploads\/2024\/04\/cropped-logo-augusto-white-1.png?fit=550%2C310&ssl=1","width":550,"height":310,"caption":"Augusto Camiseiro"},"image":{"@id":"https:\/\/augustocamiseiro.com\/lojaweb\/#\/schema\/logo\/image\/"}}]}},"jetpack_sharing_enabled":true,"_links":{"self":[{"href":"https:\/\/augustocamiseiro.com\/lojaweb\/wp-json\/wp\/v2\/product\/43391","targetHints":{"allow":["GET"]}}],"collection":[{"href":"https:\/\/augustocamiseiro.com\/lojaweb\/wp-json\/wp\/v2\/product"}],"about":[{"href":"https:\/\/augustocamiseiro.com\/lojaweb\/wp-json\/wp\/v2\/types\/product"}],"replies":[{"embeddable":true,"href":"https:\/\/augustocamiseiro.com\/lojaweb\/wp-json\/wp\/v2\/comments?post=43391"}],"wp:featuredmedia":[{"embeddable":true,"href":"https:\/\/augustocamiseiro.com\/lojaweb\/wp-json\/wp\/v2\/media\/45018"}],"wp:attachment":[{"href":"https:\/\/augustocamiseiro.com\/lojaweb\/wp-json\/wp\/v2\/media?parent=43391"}],"wp:term":[{"taxonomy":"product_brand","embeddable":true,"href":"https:\/\/augustocamiseiro.com\/lojaweb\/wp-json\/wp\/v2\/product_brand?post=43391"},{"taxonomy":"product_cat","embeddable":true,"href":"https:\/\/augustocamiseiro.com\/lojaweb\/wp-json\/wp\/v2\/product_cat?post=43391"},{"taxonomy":"product_tag","embeddable":true,"href":"https:\/\/augustocamiseiro.com\/lojaweb\/wp-json\/wp\/v2\/product_tag?post=43391"}],"curies":[{"name":"wp","href":"https:\/\/api.w.org\/{rel}","templated":true}]}}