{"id":43345,"date":"2025-01-27T18:47:07","date_gmt":"2025-01-27T18:47:07","guid":{"rendered":"https:\/\/augustocamiseiro.com\/lojaweb\/?post_type=product&#038;p=43345"},"modified":"2026-04-15T20:41:41","modified_gmt":"2026-04-15T20:41:41","slug":"camisa-maquinetada-escama-branca","status":"publish","type":"product","link":"https:\/\/augustocamiseiro.com\/lojaweb\/produto\/camisa-maquinetada-escama-branca\/","title":{"rendered":"Camisa Maquinetada Escama Branca"},"content":{"rendered":"<p>Camisa maquinetada branca possui, ao mesmo tempo, um design discreto e muita eleg\u00e2ncia. Com um desenho bem descreto, de escama, envolvendo toda a camisa .<\/p>\n<p>Esta camisa \u00e9 fabricada em nossas oficinas, portanto usamos a mesma m\u00e3o de obra, juntamente com os mesmos processos de nossas\u00a0 camisas sob medida. Al\u00e9m disso os mesmos aviamentos e detalhes.<\/p>\n<p>De tal forma que garantimos\u00a0 um acabamento \u00fanico.<\/p>\n<p>Absolutamente sem igual no mercado de camisas pronta-entrega.<\/p>\n<p>Eventualmente pode-se n\u00e3o valorizar muito esses detalhes, mas tenha certeza que esta camisa se destaca.<\/p>\n<p>&nbsp;<\/p>\n<p><strong>Caracter\u00edsticas<\/strong><\/p>\n<p>&nbsp;<\/p>\n<ul>\n<li>Tecido de puro algod\u00e3o (sarja\/twilll) fabricado no Brasil.<\/li>\n<li>Algod\u00e3o eg\u00edpcio fio 100&#215;2.<\/li>\n<li>Costuras rebatidas artesanais.<\/li>\n<li>Camisa manga longa.<\/li>\n<li>Camisa muito dur\u00e1vel e mais leve.<\/li>\n<li>Toque muito agrad\u00e1vel.<\/li>\n<li>Pouco amassamento.<\/li>\n<li>Colarinho mais estruturado.<\/li>\n<li>Frente lisa.<\/li>\n<li>Traseiro com pences (costuras) com a finalidade de acinturar a camisa.<\/li>\n<\/ul>\n<p>&nbsp;<\/p>\n<p><strong>Sugest\u00f5es de usos e looks<\/strong><\/p>\n<p>&nbsp;<\/p>\n<p>Esta \u00e9 uma camisa extremamente pensada para ambientes de trabalho.<\/p>\n<p>A camisa maquinetada branca fica perfeita no look cal\u00e7a e camisa. E certamente combina muito bem com cal\u00e7as sarjas, sociais e jeans. Tanto em cores azul e preta, como tamb\u00e9m, bege e caqui.<\/p>\n<p>Essas cal\u00e7as podem ser de qualquer material, desde sarja de algod\u00e3o at\u00e9 l\u00e3 fria.<\/p>\n<p>Por exemplo\u00a0 <a href=\"https:\/\/augustocamiseiro.com\/lojaweb\/produto\/calca-alfaiataria-la-super-120-azul\/?swcfpc=1\"><span style=\"color: #ffff00\"><span style=\"color: #339966\"><span style=\"color: #0000ff\">uma cal\u00e7a alfaiataria<\/span><\/span><\/span><span style=\"color: #339966\">\u00a0\u00a0<\/span><\/a>ou <a href=\"https:\/\/augustocamiseiro.com\/lojaweb\/produto\/calca-masculina-de-malha\/?swcfpc=1\"><span style=\"color: #0000ff\">mesmo uma cal\u00e7a malha azul marinho.<\/span> <\/a><\/p>\n<p>No caso de ser usada com costume e gravata, h\u00e1 diversas op\u00e7\u00f5es. Principalmente com desenhos pequenos como esta <a href=\"https:\/\/augustocamiseiro.com\/lojaweb\/?product=gravata-ciano-trabalhada\"><span style=\"color: #339966\"><span style=\"color: #0000ff\">gravata<\/span><\/span><\/a> de nosso site.<\/p>\n<p>Assim como uma <a href=\"https:\/\/augustocamiseiro.com\/lojaweb\/produto\/gravata-azul\/?swcfpc=1\"><span style=\"color: #339966\"><span style=\"color: #0000ff\">gravata azul<\/span><\/span><\/a> fica muito elegante.<\/p>\n<p>Igualmente como os costumes tamb\u00e9m devem ser lisos. Ou ainda com desenhos de tamanhos diferentes do da camisa.<\/p>\n<p>Aqui no nosso Instagram o look perfeito para o ver\u00e3o: <span style=\"color: #339966\"><a style=\"color: #339966\" href=\"https:\/\/www.instagram.com\/p\/CLuqIitp-we\/\" target=\"_blank\" rel=\"noopener\"><span style=\"color: #0000ff\">uma cal\u00e7a azul mais clara e um blazer de algod\u00e3o bege .<\/span><\/a><\/span><\/p>\n<p>Ou at\u00e9 para um dia de inverno: um <span style=\"color: #0000ff\"><a style=\"color: #0000ff\" href=\"https:\/\/augustocamiseiro.com\/lojaweb\/produto\/blazer-alfaiataria-social-marinho-2\/?swcfpc=1\">blazer marinho.<\/a><\/span><\/p>\n<p>&nbsp;<\/p>\n<p>&nbsp;<\/p>\n","protected":false},"excerpt":{"rendered":"<p>Camisa Maquinetada Escama Branca com fio 100\/2 100\/2. Desenho minimaslista, dando um toque charmoso.<\/p>\n","protected":false},"featured_media":42951,"comment_status":"open","ping_status":"closed","template":"","meta":{"_acf_changed":false},"product_brand":[],"product_cat":[1067],"product_tag":[454,434,598,1809,450,455,724,740,437,952,1759,1898,1406,1641,457],"class_list":{"0":"post-43345","1":"product","2":"type-product","3":"status-publish","4":"has-post-thumbnail","6":"product_cat-camisas","7":"product_tag-algodao-egipcio","8":"product_tag-camisa","9":"product_tag-camisa-branca","10":"product_tag-camisa-branca-twill","11":"product_tag-camisa-casual","12":"product_tag-camisa-manga-longa","13":"product_tag-camisa-maquinetada","14":"product_tag-camisa-masculina","15":"product_tag-camisa-social","16":"product_tag-camisa-social-branca","17":"product_tag-camisa-twill","18":"product_tag-fio100-2","19":"product_tag-moda-masculina","20":"product_tag-moda-social","21":"product_tag-twill","23":"first","24":"instock","25":"shipping-taxable","26":"purchasable","27":"product-type-variable"},"acf":[],"yoast_head":"<!-- This site is optimized with the Yoast SEO plugin v25.3.1 - https:\/\/yoast.com\/wordpress\/plugins\/seo\/ -->\n<title>Camisa Maquinetada Escama Branca - Augusto Camiseiro<\/title>\n<meta name=\"description\" content=\"Camisa Maquinetada Escama Branca. Composi\u00e7\u00e3o de tecido : algod\u00e3o twill fio 100\/2. Acabamento artesanal. Design elegante. Use em qualquer situa\u00e7\u00e3o.\" \/>\n<meta name=\"robots\" content=\"index, follow, max-snippet:-1, max-image-preview:large, max-video-preview:-1\" \/>\n<link rel=\"canonical\" href=\"https:\/\/augustocamiseiro.com\/lojaweb\/produto\/camisa-maquinetada-escama-branca\/\" \/>\n<meta property=\"og:locale\" content=\"pt_BR\" \/>\n<meta property=\"og:type\" content=\"article\" \/>\n<meta property=\"og:title\" content=\"Camisa Maquinetada Escama Branca - Augusto Camiseiro\" \/>\n<meta property=\"og:description\" content=\"Camisa Maquinetada Escama Branca. Composi\u00e7\u00e3o de tecido : algod\u00e3o twill fio 100\/2. Acabamento artesanal. Design elegante. Use em qualquer situa\u00e7\u00e3o.\" \/>\n<meta property=\"og:url\" content=\"https:\/\/augustocamiseiro.com\/lojaweb\/produto\/camisa-maquinetada-escama-branca\/\" \/>\n<meta property=\"og:site_name\" content=\"Augusto Camiseiro\" \/>\n<meta property=\"article:modified_time\" content=\"2026-04-15T20:41:41+00:00\" \/>\n<meta property=\"og:image\" content=\"https:\/\/augustocamiseiro.com\/lojaweb\/wp-content\/uploads\/2024\/12\/camisa-3865-maquinetado-branco-4270.jpg\" \/>\n\t<meta property=\"og:image:width\" content=\"960\" \/>\n\t<meta property=\"og:image:height\" content=\"1200\" \/>\n\t<meta property=\"og:image:type\" content=\"image\/jpeg\" \/>\n<meta name=\"twitter:card\" content=\"summary_large_image\" \/>\n<meta name=\"twitter:label1\" content=\"Est. tempo de leitura\" \/>\n\t<meta name=\"twitter:data1\" content=\"2 minutos\" \/>\n<!-- \/ Yoast SEO plugin. -->","yoast_head_json":{"title":"Camisa Maquinetada Escama Branca - Augusto Camiseiro","description":"Camisa Maquinetada Escama Branca. Composi\u00e7\u00e3o de tecido : algod\u00e3o twill fio 100\/2. Acabamento artesanal. Design elegante. Use em qualquer situa\u00e7\u00e3o.","robots":{"index":"index","follow":"follow","max-snippet":"max-snippet:-1","max-image-preview":"max-image-preview:large","max-video-preview":"max-video-preview:-1"},"canonical":"https:\/\/augustocamiseiro.com\/lojaweb\/produto\/camisa-maquinetada-escama-branca\/","og_locale":"pt_BR","og_type":"article","og_title":"Camisa Maquinetada Escama Branca - Augusto Camiseiro","og_description":"Camisa Maquinetada Escama Branca. Composi\u00e7\u00e3o de tecido : algod\u00e3o twill fio 100\/2. Acabamento artesanal. Design elegante. Use em qualquer situa\u00e7\u00e3o.","og_url":"https:\/\/augustocamiseiro.com\/lojaweb\/produto\/camisa-maquinetada-escama-branca\/","og_site_name":"Augusto Camiseiro","article_modified_time":"2026-04-15T20:41:41+00:00","og_image":[{"width":960,"height":1200,"url":"https:\/\/augustocamiseiro.com\/lojaweb\/wp-content\/uploads\/2024\/12\/camisa-3865-maquinetado-branco-4270.jpg","type":"image\/jpeg"}],"twitter_card":"summary_large_image","twitter_misc":{"Est. tempo de leitura":"2 minutos"},"schema":{"@context":"https:\/\/schema.org","@graph":[{"@type":"WebPage","@id":"https:\/\/augustocamiseiro.com\/lojaweb\/produto\/camisa-maquinetada-escama-branca\/","url":"https:\/\/augustocamiseiro.com\/lojaweb\/produto\/camisa-maquinetada-escama-branca\/","name":"Camisa Maquinetada Escama Branca - Augusto Camiseiro","isPartOf":{"@id":"https:\/\/augustocamiseiro.com\/lojaweb\/#website"},"primaryImageOfPage":{"@id":"https:\/\/augustocamiseiro.com\/lojaweb\/produto\/camisa-maquinetada-escama-branca\/#primaryimage"},"image":{"@id":"https:\/\/augustocamiseiro.com\/lojaweb\/produto\/camisa-maquinetada-escama-branca\/#primaryimage"},"thumbnailUrl":"https:\/\/i0.wp.com\/augustocamiseiro.com\/lojaweb\/wp-content\/uploads\/2024\/12\/camisa-3865-maquinetado-branco-4270.jpg?fit=960%2C1200&ssl=1","datePublished":"2025-01-27T18:47:07+00:00","dateModified":"2026-04-15T20:41:41+00:00","description":"Camisa Maquinetada Escama Branca. Composi\u00e7\u00e3o de tecido : algod\u00e3o twill fio 100\/2. Acabamento artesanal. Design elegante. Use em qualquer situa\u00e7\u00e3o.","breadcrumb":{"@id":"https:\/\/augustocamiseiro.com\/lojaweb\/produto\/camisa-maquinetada-escama-branca\/#breadcrumb"},"inLanguage":"pt-BR","potentialAction":[{"@type":"ReadAction","target":["https:\/\/augustocamiseiro.com\/lojaweb\/produto\/camisa-maquinetada-escama-branca\/"]}]},{"@type":"ImageObject","inLanguage":"pt-BR","@id":"https:\/\/augustocamiseiro.com\/lojaweb\/produto\/camisa-maquinetada-escama-branca\/#primaryimage","url":"https:\/\/i0.wp.com\/augustocamiseiro.com\/lojaweb\/wp-content\/uploads\/2024\/12\/camisa-3865-maquinetado-branco-4270.jpg?fit=960%2C1200&ssl=1","contentUrl":"https:\/\/i0.wp.com\/augustocamiseiro.com\/lojaweb\/wp-content\/uploads\/2024\/12\/camisa-3865-maquinetado-branco-4270.jpg?fit=960%2C1200&ssl=1","width":960,"height":1200,"caption":"camisa 3864 maquinetado"},{"@type":"BreadcrumbList","@id":"https:\/\/augustocamiseiro.com\/lojaweb\/produto\/camisa-maquinetada-escama-branca\/#breadcrumb","itemListElement":[{"@type":"ListItem","position":1,"name":"In\u00edcio","item":"https:\/\/augustocamiseiro.com\/lojaweb\/"},{"@type":"ListItem","position":2,"name":"Shop","item":"https:\/\/augustocamiseiro.com\/lojaweb\/shop\/"},{"@type":"ListItem","position":3,"name":"Camisa Maquinetada Escama Branca"}]},{"@type":"WebSite","@id":"https:\/\/augustocamiseiro.com\/lojaweb\/#website","url":"https:\/\/augustocamiseiro.com\/lojaweb\/","name":"Augusto Camiseiro","description":"Roupa Masculina","publisher":{"@id":"https:\/\/augustocamiseiro.com\/lojaweb\/#organization"},"potentialAction":[{"@type":"SearchAction","target":{"@type":"EntryPoint","urlTemplate":"https:\/\/augustocamiseiro.com\/lojaweb\/?s={search_term_string}"},"query-input":{"@type":"PropertyValueSpecification","valueRequired":true,"valueName":"search_term_string"}}],"inLanguage":"pt-BR"},{"@type":"Organization","@id":"https:\/\/augustocamiseiro.com\/lojaweb\/#organization","name":"Augusto Camiseiro","url":"https:\/\/augustocamiseiro.com\/lojaweb\/","logo":{"@type":"ImageObject","inLanguage":"pt-BR","@id":"https:\/\/augustocamiseiro.com\/lojaweb\/#\/schema\/logo\/image\/","url":"https:\/\/i0.wp.com\/augustocamiseiro.com\/lojaweb\/wp-content\/uploads\/2024\/04\/cropped-logo-augusto-white-1.png?fit=550%2C310&ssl=1","contentUrl":"https:\/\/i0.wp.com\/augustocamiseiro.com\/lojaweb\/wp-content\/uploads\/2024\/04\/cropped-logo-augusto-white-1.png?fit=550%2C310&ssl=1","width":550,"height":310,"caption":"Augusto Camiseiro"},"image":{"@id":"https:\/\/augustocamiseiro.com\/lojaweb\/#\/schema\/logo\/image\/"}}]}},"jetpack_sharing_enabled":true,"_links":{"self":[{"href":"https:\/\/augustocamiseiro.com\/lojaweb\/wp-json\/wp\/v2\/product\/43345","targetHints":{"allow":["GET"]}}],"collection":[{"href":"https:\/\/augustocamiseiro.com\/lojaweb\/wp-json\/wp\/v2\/product"}],"about":[{"href":"https:\/\/augustocamiseiro.com\/lojaweb\/wp-json\/wp\/v2\/types\/product"}],"replies":[{"embeddable":true,"href":"https:\/\/augustocamiseiro.com\/lojaweb\/wp-json\/wp\/v2\/comments?post=43345"}],"wp:featuredmedia":[{"embeddable":true,"href":"https:\/\/augustocamiseiro.com\/lojaweb\/wp-json\/wp\/v2\/media\/42951"}],"wp:attachment":[{"href":"https:\/\/augustocamiseiro.com\/lojaweb\/wp-json\/wp\/v2\/media?parent=43345"}],"wp:term":[{"taxonomy":"product_brand","embeddable":true,"href":"https:\/\/augustocamiseiro.com\/lojaweb\/wp-json\/wp\/v2\/product_brand?post=43345"},{"taxonomy":"product_cat","embeddable":true,"href":"https:\/\/augustocamiseiro.com\/lojaweb\/wp-json\/wp\/v2\/product_cat?post=43345"},{"taxonomy":"product_tag","embeddable":true,"href":"https:\/\/augustocamiseiro.com\/lojaweb\/wp-json\/wp\/v2\/product_tag?post=43345"}],"curies":[{"name":"wp","href":"https:\/\/api.w.org\/{rel}","templated":true}]}}