{"id":43267,"date":"2025-01-20T20:19:10","date_gmt":"2025-01-20T20:19:10","guid":{"rendered":"https:\/\/augustocamiseiro.com\/lojaweb\/?post_type=product&#038;p=43267"},"modified":"2026-04-15T20:42:09","modified_gmt":"2026-04-15T20:42:09","slug":"calca-linho-verde-resort","status":"publish","type":"product","link":"https:\/\/augustocamiseiro.com\/lojaweb\/produto\/calca-linho-verde-resort\/","title":{"rendered":"Cal\u00e7a Linho Resort Verde"},"content":{"rendered":"<p>Cal\u00e7a linho resort na cor verde. Essa pe\u00e7a combina a leveza do linho com um toque contempor\u00e2neo.<\/p>\n<p>&nbsp;<\/p>\n<ul>\n<li><span style=\"font-size: 14pt;color: #000000\"><strong>Composi\u00e7\u00e3o do tecido &#8211; <\/strong>100% linho<br \/>\n<\/span><\/li>\n<\/ul>\n<h3><strong><em>Cuidados<\/em><\/strong><\/h3>\n<ul>\n<li>Lavagem a m\u00e3o<\/li>\n<li>N\u00e3o alvejar<\/li>\n<li>N\u00e3o secar em tambor<\/li>\n<li>Secagem por gotejamento \u00e1 sombra<\/li>\n<li>Temperatura m\u00e1xima da base do ferro de 100\u00b0<\/li>\n<li>Limpeza \u00e1 seco profissional<\/li>\n<\/ul>\n<p>&nbsp;<\/p>\n<p><span style=\"font-size: 14pt;color: #000000\">\u00a0 <strong>Uso e looks<\/strong><\/span><\/p>\n<p>Para cal\u00e7a verde, sua cor proporciona versatilidade para diferentes combina\u00e7\u00f5es. Para um visual mais sofisticado, combine-a com uma camiseta branca ou bege de algod\u00e3o pima, juntamente \u00e0 mocassim. No caso de um look mais casual, opte por uma camisa cinza b\u00e1sica e sapat\u00eanis branco, assim, criando um contraste moderno.<\/p>\n<p>Essas op\u00e7\u00f5es de looks ajudam a valoriza o estilo, conferindo um toque sofisticado e ao mesmo tempo relaxado, ideal para diferentes ocasi\u00f5es.<\/p>\n<p>&nbsp;<\/p>\n","protected":false},"excerpt":{"rendered":"<p>Cal\u00e7a de linho resort na cor verde. Ideal para ocasi\u00f5es que pedem eleg\u00e2ncia despojada, como jantares, eventos ao ar livre ou at\u00e9 mesmo em um dia de trabalho mais casual.<\/p>\n","protected":false},"featured_media":50718,"comment_status":"open","ping_status":"closed","template":"","meta":{"_acf_changed":false},"product_brand":[],"product_cat":[362],"product_tag":[418,500,1290,1687,1292,1293,812,1688,1406,1661],"class_list":{"0":"post-43267","1":"product","2":"type-product","3":"status-publish","4":"has-post-thumbnail","6":"product_cat-calcas","7":"product_tag-calca-casual","8":"product_tag-calca-esportiva","9":"product_tag-calca-linho","10":"product_tag-calca-linho-verde","11":"product_tag-calca-masculina","12":"product_tag-calca-praia","13":"product_tag-calca-verde","14":"product_tag-linho-verde","15":"product_tag-moda-masculina","16":"product_tag-praia","18":"first","19":"instock","20":"taxable","21":"shipping-taxable","22":"purchasable","23":"product-type-variable"},"acf":[],"yoast_head":"<!-- This site is optimized with the Yoast SEO plugin v25.3.1 - https:\/\/yoast.com\/wordpress\/plugins\/seo\/ -->\n<title>Cal\u00e7a Linho Resort Verde - Augusto Camiseiro<\/title>\n<meta name=\"description\" content=\"Cal\u00e7a Linho Resort Verde. Composi\u00e7\u00e3o 100% linho. Cal\u00e7a elegante para se usar na praia ou eventos urbanos casuais.\" \/>\n<meta name=\"robots\" content=\"index, follow, max-snippet:-1, max-image-preview:large, max-video-preview:-1\" \/>\n<link rel=\"canonical\" href=\"https:\/\/augustocamiseiro.com\/lojaweb\/produto\/calca-linho-verde-resort\/\" \/>\n<meta property=\"og:locale\" content=\"pt_BR\" \/>\n<meta property=\"og:type\" content=\"article\" \/>\n<meta property=\"og:title\" content=\"Cal\u00e7a Linho Resort Verde - Augusto Camiseiro\" \/>\n<meta property=\"og:description\" content=\"Cal\u00e7a Linho Resort Verde. Composi\u00e7\u00e3o 100% linho. Cal\u00e7a elegante para se usar na praia ou eventos urbanos casuais.\" \/>\n<meta property=\"og:url\" content=\"https:\/\/augustocamiseiro.com\/lojaweb\/produto\/calca-linho-verde-resort\/\" \/>\n<meta property=\"og:site_name\" content=\"Augusto Camiseiro\" \/>\n<meta property=\"article:modified_time\" content=\"2026-04-15T20:42:09+00:00\" \/>\n<meta property=\"og:image\" content=\"https:\/\/augustocamiseiro.com\/lojaweb\/wp-content\/uploads\/2025\/01\/calca-linho-verde-ref4342_webp.webp\" \/>\n\t<meta property=\"og:image:width\" content=\"1200\" \/>\n\t<meta property=\"og:image:height\" content=\"1500\" \/>\n\t<meta property=\"og:image:type\" content=\"image\/webp\" \/>\n<meta name=\"twitter:card\" content=\"summary_large_image\" \/>\n<meta name=\"twitter:label1\" content=\"Est. tempo de leitura\" \/>\n\t<meta name=\"twitter:data1\" content=\"1 minuto\" \/>\n<!-- \/ Yoast SEO plugin. -->","yoast_head_json":{"title":"Cal\u00e7a Linho Resort Verde - Augusto Camiseiro","description":"Cal\u00e7a Linho Resort Verde. Composi\u00e7\u00e3o 100% linho. Cal\u00e7a elegante para se usar na praia ou eventos urbanos casuais.","robots":{"index":"index","follow":"follow","max-snippet":"max-snippet:-1","max-image-preview":"max-image-preview:large","max-video-preview":"max-video-preview:-1"},"canonical":"https:\/\/augustocamiseiro.com\/lojaweb\/produto\/calca-linho-verde-resort\/","og_locale":"pt_BR","og_type":"article","og_title":"Cal\u00e7a Linho Resort Verde - Augusto Camiseiro","og_description":"Cal\u00e7a Linho Resort Verde. Composi\u00e7\u00e3o 100% linho. Cal\u00e7a elegante para se usar na praia ou eventos urbanos casuais.","og_url":"https:\/\/augustocamiseiro.com\/lojaweb\/produto\/calca-linho-verde-resort\/","og_site_name":"Augusto Camiseiro","article_modified_time":"2026-04-15T20:42:09+00:00","og_image":[{"width":1200,"height":1500,"url":"https:\/\/augustocamiseiro.com\/lojaweb\/wp-content\/uploads\/2025\/01\/calca-linho-verde-ref4342_webp.webp","type":"image\/webp"}],"twitter_card":"summary_large_image","twitter_misc":{"Est. tempo de leitura":"1 minuto"},"schema":{"@context":"https:\/\/schema.org","@graph":[{"@type":"WebPage","@id":"https:\/\/augustocamiseiro.com\/lojaweb\/produto\/calca-linho-verde-resort\/","url":"https:\/\/augustocamiseiro.com\/lojaweb\/produto\/calca-linho-verde-resort\/","name":"Cal\u00e7a Linho Resort Verde - Augusto Camiseiro","isPartOf":{"@id":"https:\/\/augustocamiseiro.com\/lojaweb\/#website"},"primaryImageOfPage":{"@id":"https:\/\/augustocamiseiro.com\/lojaweb\/produto\/calca-linho-verde-resort\/#primaryimage"},"image":{"@id":"https:\/\/augustocamiseiro.com\/lojaweb\/produto\/calca-linho-verde-resort\/#primaryimage"},"thumbnailUrl":"https:\/\/i0.wp.com\/augustocamiseiro.com\/lojaweb\/wp-content\/uploads\/2025\/01\/calca-linho-verde-ref4342_webp.webp?fit=1200%2C1500&ssl=1","datePublished":"2025-01-20T20:19:10+00:00","dateModified":"2026-04-15T20:42:09+00:00","description":"Cal\u00e7a Linho Resort Verde. Composi\u00e7\u00e3o 100% linho. Cal\u00e7a elegante para se usar na praia ou eventos urbanos casuais.","breadcrumb":{"@id":"https:\/\/augustocamiseiro.com\/lojaweb\/produto\/calca-linho-verde-resort\/#breadcrumb"},"inLanguage":"pt-BR","potentialAction":[{"@type":"ReadAction","target":["https:\/\/augustocamiseiro.com\/lojaweb\/produto\/calca-linho-verde-resort\/"]}]},{"@type":"ImageObject","inLanguage":"pt-BR","@id":"https:\/\/augustocamiseiro.com\/lojaweb\/produto\/calca-linho-verde-resort\/#primaryimage","url":"https:\/\/i0.wp.com\/augustocamiseiro.com\/lojaweb\/wp-content\/uploads\/2025\/01\/calca-linho-verde-ref4342_webp.webp?fit=1200%2C1500&ssl=1","contentUrl":"https:\/\/i0.wp.com\/augustocamiseiro.com\/lojaweb\/wp-content\/uploads\/2025\/01\/calca-linho-verde-ref4342_webp.webp?fit=1200%2C1500&ssl=1","width":1200,"height":1500,"caption":"calca-linho-verde"},{"@type":"BreadcrumbList","@id":"https:\/\/augustocamiseiro.com\/lojaweb\/produto\/calca-linho-verde-resort\/#breadcrumb","itemListElement":[{"@type":"ListItem","position":1,"name":"In\u00edcio","item":"https:\/\/augustocamiseiro.com\/lojaweb\/"},{"@type":"ListItem","position":2,"name":"Shop","item":"https:\/\/augustocamiseiro.com\/lojaweb\/shop\/"},{"@type":"ListItem","position":3,"name":"Cal\u00e7a Linho Resort Verde"}]},{"@type":"WebSite","@id":"https:\/\/augustocamiseiro.com\/lojaweb\/#website","url":"https:\/\/augustocamiseiro.com\/lojaweb\/","name":"Augusto Camiseiro","description":"Roupa Masculina","publisher":{"@id":"https:\/\/augustocamiseiro.com\/lojaweb\/#organization"},"potentialAction":[{"@type":"SearchAction","target":{"@type":"EntryPoint","urlTemplate":"https:\/\/augustocamiseiro.com\/lojaweb\/?s={search_term_string}"},"query-input":{"@type":"PropertyValueSpecification","valueRequired":true,"valueName":"search_term_string"}}],"inLanguage":"pt-BR"},{"@type":"Organization","@id":"https:\/\/augustocamiseiro.com\/lojaweb\/#organization","name":"Augusto Camiseiro","url":"https:\/\/augustocamiseiro.com\/lojaweb\/","logo":{"@type":"ImageObject","inLanguage":"pt-BR","@id":"https:\/\/augustocamiseiro.com\/lojaweb\/#\/schema\/logo\/image\/","url":"https:\/\/i0.wp.com\/augustocamiseiro.com\/lojaweb\/wp-content\/uploads\/2024\/04\/cropped-logo-augusto-white-1.png?fit=550%2C310&ssl=1","contentUrl":"https:\/\/i0.wp.com\/augustocamiseiro.com\/lojaweb\/wp-content\/uploads\/2024\/04\/cropped-logo-augusto-white-1.png?fit=550%2C310&ssl=1","width":550,"height":310,"caption":"Augusto Camiseiro"},"image":{"@id":"https:\/\/augustocamiseiro.com\/lojaweb\/#\/schema\/logo\/image\/"}}]}},"jetpack_sharing_enabled":true,"_links":{"self":[{"href":"https:\/\/augustocamiseiro.com\/lojaweb\/wp-json\/wp\/v2\/product\/43267","targetHints":{"allow":["GET"]}}],"collection":[{"href":"https:\/\/augustocamiseiro.com\/lojaweb\/wp-json\/wp\/v2\/product"}],"about":[{"href":"https:\/\/augustocamiseiro.com\/lojaweb\/wp-json\/wp\/v2\/types\/product"}],"replies":[{"embeddable":true,"href":"https:\/\/augustocamiseiro.com\/lojaweb\/wp-json\/wp\/v2\/comments?post=43267"}],"wp:featuredmedia":[{"embeddable":true,"href":"https:\/\/augustocamiseiro.com\/lojaweb\/wp-json\/wp\/v2\/media\/50718"}],"wp:attachment":[{"href":"https:\/\/augustocamiseiro.com\/lojaweb\/wp-json\/wp\/v2\/media?parent=43267"}],"wp:term":[{"taxonomy":"product_brand","embeddable":true,"href":"https:\/\/augustocamiseiro.com\/lojaweb\/wp-json\/wp\/v2\/product_brand?post=43267"},{"taxonomy":"product_cat","embeddable":true,"href":"https:\/\/augustocamiseiro.com\/lojaweb\/wp-json\/wp\/v2\/product_cat?post=43267"},{"taxonomy":"product_tag","embeddable":true,"href":"https:\/\/augustocamiseiro.com\/lojaweb\/wp-json\/wp\/v2\/product_tag?post=43267"}],"curies":[{"name":"wp","href":"https:\/\/api.w.org\/{rel}","templated":true}]}}