{"id":43093,"date":"2025-01-13T20:45:16","date_gmt":"2025-01-13T20:45:16","guid":{"rendered":"https:\/\/augustocamiseiro.com\/lojaweb\/?post_type=product&#038;p=43093"},"modified":"2026-04-20T21:05:32","modified_gmt":"2026-04-20T21:05:32","slug":"pijama-masculino-curto-listrado-azul","status":"publish","type":"product","link":"https:\/\/augustocamiseiro.com\/lojaweb\/produto\/pijama-masculino-curto-listrado-azul\/","title":{"rendered":"Pijama Masculino Curto Listrado Azul"},"content":{"rendered":"<p>Nosso pijama masculino curto listrado azul tem fabrica\u00e7\u00e3o pr\u00f3pria, assim sendo usa nossas costuras rebatidas artesanais e bot\u00f5es de madrep\u00e9rola. Definitivamente o \u00fanico no mercado com essas caracter\u00edsticas.<\/p>\n<p>Al\u00e9m disso tem palet\u00f3 com mangas curtas, vivos embutidos, gola japonesa ( sem gola ) e tr\u00eas bolsos. Assim como cal\u00e7as curtas com el\u00e1stico e bot\u00e3o.<\/p>\n<p>O tecido deste pijama \u00e9 uma popeline\u00a0 leve de puro algod\u00e3o fio 50&#215;1, que \u00e9 muito confort\u00e1vel, leve e chique. Perfeito para uma noite mais quente. O desenho \u00e9 um listrado de fundo azul com listras brancas e detalhes verdes, decerto ideal para um pijama masculino curto listrado um pouco mais alegre.<\/p>\n<p>Aqui n\u00e3o tem usos e looks, \u00e9 home office, chinelo e cama. De qualquer forma \u00e9 uma \u00f3tima op\u00e7\u00e3o para quem usa camiseta e cueca. Certamente vai ter conforto e eleg\u00e2ncia.<\/p>\n<p>Em resumo este \u00e9 um pijama cl\u00e1ssico, artesanal e confort\u00e1vel.<\/p>\n<p>&nbsp;<\/p>\n","protected":false},"excerpt":{"rendered":"<p>Pijama masculino\u00a0 curto de algod\u00e3o listrado azul marinho e branco. Fabrica\u00e7\u00e3o pr\u00f3pria em puro algod\u00e3o.<\/p>\n","protected":false},"featured_media":42850,"comment_status":"open","ping_status":"closed","template":"","meta":{"_acf_changed":false},"product_brand":[],"product_cat":[338],"product_tag":[335,524,517,518,1811,528,521,522,977],"class_list":{"0":"post-43093","1":"product","2":"type-product","3":"status-publish","4":"has-post-thumbnail","6":"product_cat-pijamas","7":"product_tag-pijama","8":"product_tag-pijama-azul","9":"product_tag-pijama-branco","10":"product_tag-pijama-curto","11":"product_tag-pijama-listrado","12":"product_tag-pijama-listrado-azul-e-branco","13":"product_tag-pijama-marinho","14":"product_tag-pijama-masculino","15":"product_tag-pijama-masculino-curto","17":"first","18":"instock","19":"shipping-taxable","20":"purchasable","21":"product-type-variable"},"acf":[],"yoast_head":"<!-- This site is optimized with the Yoast SEO plugin v25.3.1 - https:\/\/yoast.com\/wordpress\/plugins\/seo\/ -->\n<title>Pijama Masculino Curto Listrado Azul - Augusto Camiseiro<\/title>\n<meta name=\"description\" content=\"Pijama masculino curto listrado azul. Fabrica\u00e7\u00e3o pr\u00f3pria em tecido de puro algod\u00e3o leve. Acabamento artesanal. Eleg\u00e2ncia e conforto at\u00e9 dormindo.\" \/>\n<meta name=\"robots\" content=\"index, follow, max-snippet:-1, max-image-preview:large, max-video-preview:-1\" \/>\n<link rel=\"canonical\" href=\"https:\/\/augustocamiseiro.com\/lojaweb\/produto\/pijama-masculino-curto-listrado-azul\/\" \/>\n<meta property=\"og:locale\" content=\"pt_BR\" \/>\n<meta property=\"og:type\" content=\"article\" \/>\n<meta property=\"og:title\" content=\"Pijama Masculino Curto Listrado Azul - Augusto Camiseiro\" \/>\n<meta property=\"og:description\" content=\"Pijama masculino curto listrado azul. Fabrica\u00e7\u00e3o pr\u00f3pria em tecido de puro algod\u00e3o leve. Acabamento artesanal. Eleg\u00e2ncia e conforto at\u00e9 dormindo.\" \/>\n<meta property=\"og:url\" content=\"https:\/\/augustocamiseiro.com\/lojaweb\/produto\/pijama-masculino-curto-listrado-azul\/\" \/>\n<meta property=\"og:site_name\" content=\"Augusto Camiseiro\" \/>\n<meta property=\"article:modified_time\" content=\"2026-04-20T21:05:32+00:00\" \/>\n<meta property=\"og:image\" content=\"https:\/\/augustocamiseiro.com\/lojaweb\/wp-content\/uploads\/2024\/12\/Pijama-listrado-azul-marinho-ref840.jpg\" \/>\n\t<meta property=\"og:image:width\" content=\"960\" \/>\n\t<meta property=\"og:image:height\" content=\"1200\" \/>\n\t<meta property=\"og:image:type\" content=\"image\/jpeg\" \/>\n<meta name=\"twitter:card\" content=\"summary_large_image\" \/>\n<meta name=\"twitter:label1\" content=\"Est. tempo de leitura\" \/>\n\t<meta name=\"twitter:data1\" content=\"2 minutos\" \/>\n<!-- \/ Yoast SEO plugin. -->","yoast_head_json":{"title":"Pijama Masculino Curto Listrado Azul - Augusto Camiseiro","description":"Pijama masculino curto listrado azul. Fabrica\u00e7\u00e3o pr\u00f3pria em tecido de puro algod\u00e3o leve. Acabamento artesanal. Eleg\u00e2ncia e conforto at\u00e9 dormindo.","robots":{"index":"index","follow":"follow","max-snippet":"max-snippet:-1","max-image-preview":"max-image-preview:large","max-video-preview":"max-video-preview:-1"},"canonical":"https:\/\/augustocamiseiro.com\/lojaweb\/produto\/pijama-masculino-curto-listrado-azul\/","og_locale":"pt_BR","og_type":"article","og_title":"Pijama Masculino Curto Listrado Azul - Augusto Camiseiro","og_description":"Pijama masculino curto listrado azul. Fabrica\u00e7\u00e3o pr\u00f3pria em tecido de puro algod\u00e3o leve. Acabamento artesanal. Eleg\u00e2ncia e conforto at\u00e9 dormindo.","og_url":"https:\/\/augustocamiseiro.com\/lojaweb\/produto\/pijama-masculino-curto-listrado-azul\/","og_site_name":"Augusto Camiseiro","article_modified_time":"2026-04-20T21:05:32+00:00","og_image":[{"width":960,"height":1200,"url":"https:\/\/augustocamiseiro.com\/lojaweb\/wp-content\/uploads\/2024\/12\/Pijama-listrado-azul-marinho-ref840.jpg","type":"image\/jpeg"}],"twitter_card":"summary_large_image","twitter_misc":{"Est. tempo de leitura":"2 minutos"},"schema":{"@context":"https:\/\/schema.org","@graph":[{"@type":"WebPage","@id":"https:\/\/augustocamiseiro.com\/lojaweb\/produto\/pijama-masculino-curto-listrado-azul\/","url":"https:\/\/augustocamiseiro.com\/lojaweb\/produto\/pijama-masculino-curto-listrado-azul\/","name":"Pijama Masculino Curto Listrado Azul - Augusto Camiseiro","isPartOf":{"@id":"https:\/\/augustocamiseiro.com\/lojaweb\/#website"},"primaryImageOfPage":{"@id":"https:\/\/augustocamiseiro.com\/lojaweb\/produto\/pijama-masculino-curto-listrado-azul\/#primaryimage"},"image":{"@id":"https:\/\/augustocamiseiro.com\/lojaweb\/produto\/pijama-masculino-curto-listrado-azul\/#primaryimage"},"thumbnailUrl":"https:\/\/i0.wp.com\/augustocamiseiro.com\/lojaweb\/wp-content\/uploads\/2024\/12\/Pijama-listrado-azul-marinho-ref840.jpg?fit=960%2C1200&ssl=1","datePublished":"2025-01-13T20:45:16+00:00","dateModified":"2026-04-20T21:05:32+00:00","description":"Pijama masculino curto listrado azul. Fabrica\u00e7\u00e3o pr\u00f3pria em tecido de puro algod\u00e3o leve. Acabamento artesanal. Eleg\u00e2ncia e conforto at\u00e9 dormindo.","breadcrumb":{"@id":"https:\/\/augustocamiseiro.com\/lojaweb\/produto\/pijama-masculino-curto-listrado-azul\/#breadcrumb"},"inLanguage":"pt-BR","potentialAction":[{"@type":"ReadAction","target":["https:\/\/augustocamiseiro.com\/lojaweb\/produto\/pijama-masculino-curto-listrado-azul\/"]}]},{"@type":"ImageObject","inLanguage":"pt-BR","@id":"https:\/\/augustocamiseiro.com\/lojaweb\/produto\/pijama-masculino-curto-listrado-azul\/#primaryimage","url":"https:\/\/i0.wp.com\/augustocamiseiro.com\/lojaweb\/wp-content\/uploads\/2024\/12\/Pijama-listrado-azul-marinho-ref840.jpg?fit=960%2C1200&ssl=1","contentUrl":"https:\/\/i0.wp.com\/augustocamiseiro.com\/lojaweb\/wp-content\/uploads\/2024\/12\/Pijama-listrado-azul-marinho-ref840.jpg?fit=960%2C1200&ssl=1","width":960,"height":1200},{"@type":"BreadcrumbList","@id":"https:\/\/augustocamiseiro.com\/lojaweb\/produto\/pijama-masculino-curto-listrado-azul\/#breadcrumb","itemListElement":[{"@type":"ListItem","position":1,"name":"In\u00edcio","item":"https:\/\/augustocamiseiro.com\/lojaweb\/"},{"@type":"ListItem","position":2,"name":"Shop","item":"https:\/\/augustocamiseiro.com\/lojaweb\/shop\/"},{"@type":"ListItem","position":3,"name":"Pijama Masculino Curto Listrado Azul"}]},{"@type":"WebSite","@id":"https:\/\/augustocamiseiro.com\/lojaweb\/#website","url":"https:\/\/augustocamiseiro.com\/lojaweb\/","name":"Augusto Camiseiro","description":"Roupa Masculina","publisher":{"@id":"https:\/\/augustocamiseiro.com\/lojaweb\/#organization"},"potentialAction":[{"@type":"SearchAction","target":{"@type":"EntryPoint","urlTemplate":"https:\/\/augustocamiseiro.com\/lojaweb\/?s={search_term_string}"},"query-input":{"@type":"PropertyValueSpecification","valueRequired":true,"valueName":"search_term_string"}}],"inLanguage":"pt-BR"},{"@type":"Organization","@id":"https:\/\/augustocamiseiro.com\/lojaweb\/#organization","name":"Augusto Camiseiro","url":"https:\/\/augustocamiseiro.com\/lojaweb\/","logo":{"@type":"ImageObject","inLanguage":"pt-BR","@id":"https:\/\/augustocamiseiro.com\/lojaweb\/#\/schema\/logo\/image\/","url":"https:\/\/i0.wp.com\/augustocamiseiro.com\/lojaweb\/wp-content\/uploads\/2024\/04\/cropped-logo-augusto-white-1.png?fit=550%2C310&ssl=1","contentUrl":"https:\/\/i0.wp.com\/augustocamiseiro.com\/lojaweb\/wp-content\/uploads\/2024\/04\/cropped-logo-augusto-white-1.png?fit=550%2C310&ssl=1","width":550,"height":310,"caption":"Augusto Camiseiro"},"image":{"@id":"https:\/\/augustocamiseiro.com\/lojaweb\/#\/schema\/logo\/image\/"}}]}},"jetpack_sharing_enabled":true,"_links":{"self":[{"href":"https:\/\/augustocamiseiro.com\/lojaweb\/wp-json\/wp\/v2\/product\/43093","targetHints":{"allow":["GET"]}}],"collection":[{"href":"https:\/\/augustocamiseiro.com\/lojaweb\/wp-json\/wp\/v2\/product"}],"about":[{"href":"https:\/\/augustocamiseiro.com\/lojaweb\/wp-json\/wp\/v2\/types\/product"}],"replies":[{"embeddable":true,"href":"https:\/\/augustocamiseiro.com\/lojaweb\/wp-json\/wp\/v2\/comments?post=43093"}],"wp:featuredmedia":[{"embeddable":true,"href":"https:\/\/augustocamiseiro.com\/lojaweb\/wp-json\/wp\/v2\/media\/42850"}],"wp:attachment":[{"href":"https:\/\/augustocamiseiro.com\/lojaweb\/wp-json\/wp\/v2\/media?parent=43093"}],"wp:term":[{"taxonomy":"product_brand","embeddable":true,"href":"https:\/\/augustocamiseiro.com\/lojaweb\/wp-json\/wp\/v2\/product_brand?post=43093"},{"taxonomy":"product_cat","embeddable":true,"href":"https:\/\/augustocamiseiro.com\/lojaweb\/wp-json\/wp\/v2\/product_cat?post=43093"},{"taxonomy":"product_tag","embeddable":true,"href":"https:\/\/augustocamiseiro.com\/lojaweb\/wp-json\/wp\/v2\/product_tag?post=43093"}],"curies":[{"name":"wp","href":"https:\/\/api.w.org\/{rel}","templated":true}]}}