{"id":42779,"date":"2024-12-12T19:32:15","date_gmt":"2024-12-12T19:32:15","guid":{"rendered":"https:\/\/augustocamiseiro.com\/lojaweb\/?post_type=product&#038;p=42779"},"modified":"2026-04-15T20:41:39","modified_gmt":"2026-04-15T20:41:39","slug":"camisa-pinpoint-azul","status":"publish","type":"product","link":"https:\/\/augustocamiseiro.com\/lojaweb\/produto\/camisa-pinpoint-azul\/","title":{"rendered":"Camisa Pinpoint Azul Celeste"},"content":{"rendered":"<p>Camisa social azul celeste pinpoint \u00e9 uma camisa cl\u00e1ssica extremamente dur\u00e1vel.<\/p>\n<p>Esta camisa \u00e9 feita em nossas oficinas, portanto s\u00e3o usados\u00a0 os mesmos recursos de nossas camisas sob medida.<\/p>\n<p>Tanto no que se refere \u00e0 m\u00e3o de obra, al\u00e9m dos\u00a0 m\u00e9todos e aviamentos.<\/p>\n<p>O resultado \u00e9 uma camisa sem igual no mercado de camisas pronta-entrega.<\/p>\n<p>&nbsp;<\/p>\n<p><strong>Caracter\u00edsticas<\/strong><\/p>\n<p>&nbsp;<\/p>\n<ul>\n<li>Tecido de puro algod\u00e3o na estrutura pinpoint.<\/li>\n<li>Fio 60&#215;2.<\/li>\n<li>Manga longa.<\/li>\n<li>Costuras rebatidas artesanais.<\/li>\n<li>Camisa muito dur\u00e1vel e mais encorpada.<\/li>\n<li>Pouco amassamento.<\/li>\n<li>Colarinho mais estruturado.<\/li>\n<li>Frente lisa.<\/li>\n<li>Traseiro com pences (costuras) a fim de\u00a0 ajustar cintura.<strong>\u00a0\u00a0 <\/strong><\/li>\n<\/ul>\n<p>&nbsp;<\/p>\n","protected":false},"excerpt":{"rendered":"<p>Camisa Pinpoint Azul Celeste fio 60\/2 60\/2.<\/p>\n","protected":false},"featured_media":50937,"comment_status":"open","ping_status":"closed","template":"","meta":{"_acf_changed":false},"product_brand":[],"product_cat":[1067],"product_tag":[442,1444,832,450,1769,833,1766,1765,437,1971,1406,441,1768,1767],"class_list":{"0":"post-42779","1":"product","2":"type-product","3":"status-publish","4":"has-post-thumbnail","6":"product_cat-camisas","7":"product_tag-camisa-azul","8":"product_tag-camisa-azul-celeste","9":"product_tag-camisa-azul-pinpoint","10":"product_tag-camisa-casual","11":"product_tag-camisa-classica","12":"product_tag-camisa-pinpoint","13":"product_tag-camisa-pinpoint-azul-celeste","14":"product_tag-camisa-pinpoint-celeste","15":"product_tag-camisa-social","16":"product_tag-look-outono-1","17":"product_tag-moda-masculina","18":"product_tag-pinpoint","19":"product_tag-pinpoint-azul","20":"product_tag-pinpoint-azul-celeste","22":"first","23":"instock","24":"taxable","25":"shipping-taxable","26":"purchasable","27":"product-type-variable"},"acf":[],"yoast_head":"<!-- This site is optimized with the Yoast SEO plugin v25.3.1 - https:\/\/yoast.com\/wordpress\/plugins\/seo\/ -->\n<title>Camisa Pinpoint Azul Celeste - Augusto Camiseiro<\/title>\n<meta name=\"description\" content=\"Camisa Pinpoint Azul Celeste. Item obrigat\u00f3rio em seu guarda roupa. Fio 60x2. Acabamento artesanal e muita durabilidade. Fabrica\u00e7\u00e3o pr\u00f3pria.\" \/>\n<meta name=\"robots\" content=\"index, follow, max-snippet:-1, max-image-preview:large, max-video-preview:-1\" \/>\n<link rel=\"canonical\" href=\"https:\/\/augustocamiseiro.com\/lojaweb\/produto\/camisa-pinpoint-azul\/\" \/>\n<meta property=\"og:locale\" content=\"pt_BR\" \/>\n<meta property=\"og:type\" content=\"article\" \/>\n<meta property=\"og:title\" content=\"Camisa Pinpoint Azul Celeste - Augusto Camiseiro\" \/>\n<meta property=\"og:description\" content=\"Camisa Pinpoint Azul Celeste. Item obrigat\u00f3rio em seu guarda roupa. Fio 60x2. Acabamento artesanal e muita durabilidade. Fabrica\u00e7\u00e3o pr\u00f3pria.\" \/>\n<meta property=\"og:url\" content=\"https:\/\/augustocamiseiro.com\/lojaweb\/produto\/camisa-pinpoint-azul\/\" \/>\n<meta property=\"og:site_name\" content=\"Augusto Camiseiro\" \/>\n<meta property=\"article:modified_time\" content=\"2026-04-15T20:41:39+00:00\" \/>\n<meta property=\"og:image\" content=\"https:\/\/augustocamiseiro.com\/lojaweb\/wp-content\/uploads\/2026\/03\/camisa-108-pinpoint-celeste-ref4263-819x1024.png\" \/>\n\t<meta property=\"og:image:width\" content=\"819\" \/>\n\t<meta property=\"og:image:height\" content=\"1024\" \/>\n\t<meta property=\"og:image:type\" content=\"image\/png\" \/>\n<meta name=\"twitter:card\" content=\"summary_large_image\" \/>\n<meta name=\"twitter:label1\" content=\"Est. tempo de leitura\" \/>\n\t<meta name=\"twitter:data1\" content=\"1 minuto\" \/>\n<!-- \/ Yoast SEO plugin. -->","yoast_head_json":{"title":"Camisa Pinpoint Azul Celeste - Augusto Camiseiro","description":"Camisa Pinpoint Azul Celeste. Item obrigat\u00f3rio em seu guarda roupa. Fio 60x2. Acabamento artesanal e muita durabilidade. Fabrica\u00e7\u00e3o pr\u00f3pria.","robots":{"index":"index","follow":"follow","max-snippet":"max-snippet:-1","max-image-preview":"max-image-preview:large","max-video-preview":"max-video-preview:-1"},"canonical":"https:\/\/augustocamiseiro.com\/lojaweb\/produto\/camisa-pinpoint-azul\/","og_locale":"pt_BR","og_type":"article","og_title":"Camisa Pinpoint Azul Celeste - Augusto Camiseiro","og_description":"Camisa Pinpoint Azul Celeste. Item obrigat\u00f3rio em seu guarda roupa. Fio 60x2. Acabamento artesanal e muita durabilidade. Fabrica\u00e7\u00e3o pr\u00f3pria.","og_url":"https:\/\/augustocamiseiro.com\/lojaweb\/produto\/camisa-pinpoint-azul\/","og_site_name":"Augusto Camiseiro","article_modified_time":"2026-04-15T20:41:39+00:00","og_image":[{"width":819,"height":1024,"url":"https:\/\/augustocamiseiro.com\/lojaweb\/wp-content\/uploads\/2026\/03\/camisa-108-pinpoint-celeste-ref4263-819x1024.png","type":"image\/png"}],"twitter_card":"summary_large_image","twitter_misc":{"Est. tempo de leitura":"1 minuto"},"schema":{"@context":"https:\/\/schema.org","@graph":[{"@type":"WebPage","@id":"https:\/\/augustocamiseiro.com\/lojaweb\/produto\/camisa-pinpoint-azul\/","url":"https:\/\/augustocamiseiro.com\/lojaweb\/produto\/camisa-pinpoint-azul\/","name":"Camisa Pinpoint Azul Celeste - Augusto Camiseiro","isPartOf":{"@id":"https:\/\/augustocamiseiro.com\/lojaweb\/#website"},"primaryImageOfPage":{"@id":"https:\/\/augustocamiseiro.com\/lojaweb\/produto\/camisa-pinpoint-azul\/#primaryimage"},"image":{"@id":"https:\/\/augustocamiseiro.com\/lojaweb\/produto\/camisa-pinpoint-azul\/#primaryimage"},"thumbnailUrl":"https:\/\/i0.wp.com\/augustocamiseiro.com\/lojaweb\/wp-content\/uploads\/2026\/03\/camisa-108-pinpoint-celeste-ref4263.png?fit=1200%2C1501&ssl=1","datePublished":"2024-12-12T19:32:15+00:00","dateModified":"2026-04-15T20:41:39+00:00","description":"Camisa Pinpoint Azul Celeste. Item obrigat\u00f3rio em seu guarda roupa. Fio 60x2. Acabamento artesanal e muita durabilidade. Fabrica\u00e7\u00e3o pr\u00f3pria.","breadcrumb":{"@id":"https:\/\/augustocamiseiro.com\/lojaweb\/produto\/camisa-pinpoint-azul\/#breadcrumb"},"inLanguage":"pt-BR","potentialAction":[{"@type":"ReadAction","target":["https:\/\/augustocamiseiro.com\/lojaweb\/produto\/camisa-pinpoint-azul\/"]}]},{"@type":"ImageObject","inLanguage":"pt-BR","@id":"https:\/\/augustocamiseiro.com\/lojaweb\/produto\/camisa-pinpoint-azul\/#primaryimage","url":"https:\/\/i0.wp.com\/augustocamiseiro.com\/lojaweb\/wp-content\/uploads\/2026\/03\/camisa-108-pinpoint-celeste-ref4263.png?fit=1200%2C1501&ssl=1","contentUrl":"https:\/\/i0.wp.com\/augustocamiseiro.com\/lojaweb\/wp-content\/uploads\/2026\/03\/camisa-108-pinpoint-celeste-ref4263.png?fit=1200%2C1501&ssl=1","width":1200,"height":1501,"caption":"camisa-pinpoint-celeste"},{"@type":"BreadcrumbList","@id":"https:\/\/augustocamiseiro.com\/lojaweb\/produto\/camisa-pinpoint-azul\/#breadcrumb","itemListElement":[{"@type":"ListItem","position":1,"name":"In\u00edcio","item":"https:\/\/augustocamiseiro.com\/lojaweb\/"},{"@type":"ListItem","position":2,"name":"Shop","item":"https:\/\/augustocamiseiro.com\/lojaweb\/shop\/"},{"@type":"ListItem","position":3,"name":"Camisa Pinpoint Azul Celeste"}]},{"@type":"WebSite","@id":"https:\/\/augustocamiseiro.com\/lojaweb\/#website","url":"https:\/\/augustocamiseiro.com\/lojaweb\/","name":"Augusto Camiseiro","description":"Roupa Masculina","publisher":{"@id":"https:\/\/augustocamiseiro.com\/lojaweb\/#organization"},"potentialAction":[{"@type":"SearchAction","target":{"@type":"EntryPoint","urlTemplate":"https:\/\/augustocamiseiro.com\/lojaweb\/?s={search_term_string}"},"query-input":{"@type":"PropertyValueSpecification","valueRequired":true,"valueName":"search_term_string"}}],"inLanguage":"pt-BR"},{"@type":"Organization","@id":"https:\/\/augustocamiseiro.com\/lojaweb\/#organization","name":"Augusto Camiseiro","url":"https:\/\/augustocamiseiro.com\/lojaweb\/","logo":{"@type":"ImageObject","inLanguage":"pt-BR","@id":"https:\/\/augustocamiseiro.com\/lojaweb\/#\/schema\/logo\/image\/","url":"https:\/\/i0.wp.com\/augustocamiseiro.com\/lojaweb\/wp-content\/uploads\/2024\/04\/cropped-logo-augusto-white-1.png?fit=550%2C310&ssl=1","contentUrl":"https:\/\/i0.wp.com\/augustocamiseiro.com\/lojaweb\/wp-content\/uploads\/2024\/04\/cropped-logo-augusto-white-1.png?fit=550%2C310&ssl=1","width":550,"height":310,"caption":"Augusto Camiseiro"},"image":{"@id":"https:\/\/augustocamiseiro.com\/lojaweb\/#\/schema\/logo\/image\/"}}]}},"jetpack_sharing_enabled":true,"_links":{"self":[{"href":"https:\/\/augustocamiseiro.com\/lojaweb\/wp-json\/wp\/v2\/product\/42779","targetHints":{"allow":["GET"]}}],"collection":[{"href":"https:\/\/augustocamiseiro.com\/lojaweb\/wp-json\/wp\/v2\/product"}],"about":[{"href":"https:\/\/augustocamiseiro.com\/lojaweb\/wp-json\/wp\/v2\/types\/product"}],"replies":[{"embeddable":true,"href":"https:\/\/augustocamiseiro.com\/lojaweb\/wp-json\/wp\/v2\/comments?post=42779"}],"wp:featuredmedia":[{"embeddable":true,"href":"https:\/\/augustocamiseiro.com\/lojaweb\/wp-json\/wp\/v2\/media\/50937"}],"wp:attachment":[{"href":"https:\/\/augustocamiseiro.com\/lojaweb\/wp-json\/wp\/v2\/media?parent=42779"}],"wp:term":[{"taxonomy":"product_brand","embeddable":true,"href":"https:\/\/augustocamiseiro.com\/lojaweb\/wp-json\/wp\/v2\/product_brand?post=42779"},{"taxonomy":"product_cat","embeddable":true,"href":"https:\/\/augustocamiseiro.com\/lojaweb\/wp-json\/wp\/v2\/product_cat?post=42779"},{"taxonomy":"product_tag","embeddable":true,"href":"https:\/\/augustocamiseiro.com\/lojaweb\/wp-json\/wp\/v2\/product_tag?post=42779"}],"curies":[{"name":"wp","href":"https:\/\/api.w.org\/{rel}","templated":true}]}}