{"id":42268,"date":"2024-09-24T20:29:57","date_gmt":"2024-09-24T20:29:57","guid":{"rendered":"https:\/\/augustocamiseiro.com\/lojaweb\/?post_type=product&#038;p=42268"},"modified":"2026-04-20T21:05:37","modified_gmt":"2026-04-20T21:05:37","slug":"blazer-azul-canonico","status":"publish","type":"product","link":"https:\/\/augustocamiseiro.com\/lojaweb\/produto\/blazer-azul-canonico\/","title":{"rendered":"Blazer Azul Canonico"},"content":{"rendered":"<p>Este blazer social azul \u00e9 a express\u00e3o m\u00e1xima de sofistica\u00e7\u00e3o e versatilidade. Confeccionado em tecido 100% em l\u00e3, seu corte impec\u00e1vel oferece um caimento estruturado que valoriza a silhueta masculina. O tom de azul, permite combina\u00e7\u00f5es elegantes tanto para ocasi\u00f5es formais quanto para ambientes profissionais mais descontra\u00eddos.<\/p>\n<p><strong>Composi\u00e7\u00e3o: <\/strong>100%L\u00e3<\/p>\n<p><strong>Forro: <\/strong>100% acetado<\/p>\n<p><em>IMPORTANTE: LAVAGEM A SECO<\/em><\/p>\n<p>&nbsp;<\/p>\n","protected":false},"excerpt":{"rendered":"<p>Blazer Azul Canonico. \u00c9 um blazer pensado para inverno, composto por um tecido 100% em l\u00e3. tecido fabricado em solo nacional. Tecido produzido na Italia.<\/p>\n","protected":false},"featured_media":41996,"comment_status":"open","ping_status":"closed","template":"","meta":{"_acf_changed":false},"product_brand":[],"product_cat":[1066],"product_tag":[424,596,841,310,1406,1641],"class_list":{"0":"post-42268","1":"product","2":"type-product","3":"status-publish","4":"has-post-thumbnail","6":"product_cat-blazers","7":"product_tag-blazer","8":"product_tag-blazer-azul","9":"product_tag-blazer-social","10":"product_tag-inverno","11":"product_tag-moda-masculina","12":"product_tag-moda-social","14":"first","15":"instock","16":"taxable","17":"shipping-taxable","18":"purchasable","19":"product-type-variable"},"acf":[],"yoast_head":"<!-- This site is optimized with the Yoast SEO plugin v25.3.1 - https:\/\/yoast.com\/wordpress\/plugins\/seo\/ -->\n<title>Blazer Azul Canonico - Augusto Camiseiro<\/title>\n<meta name=\"description\" content=\"Blazer Azul Canonico. Tecido 100% l\u00e3. Traz consigo um aspecto muito elegante, confort\u00e1vel. Uma pe\u00e7a perfeita para o inverno. Tecido feito na It\u00e1lia.\" \/>\n<meta name=\"robots\" content=\"index, follow, max-snippet:-1, max-image-preview:large, max-video-preview:-1\" \/>\n<link rel=\"canonical\" href=\"https:\/\/augustocamiseiro.com\/lojaweb\/produto\/blazer-azul-canonico\/\" \/>\n<meta property=\"og:locale\" content=\"pt_BR\" \/>\n<meta property=\"og:type\" content=\"article\" \/>\n<meta property=\"og:title\" content=\"Blazer Azul Canonico - Augusto Camiseiro\" \/>\n<meta property=\"og:description\" content=\"Blazer Azul Canonico. Tecido 100% l\u00e3. Traz consigo um aspecto muito elegante, confort\u00e1vel. Uma pe\u00e7a perfeita para o inverno. Tecido feito na It\u00e1lia.\" \/>\n<meta property=\"og:url\" content=\"https:\/\/augustocamiseiro.com\/lojaweb\/produto\/blazer-azul-canonico\/\" \/>\n<meta property=\"og:site_name\" content=\"Augusto Camiseiro\" \/>\n<meta property=\"article:modified_time\" content=\"2026-04-20T21:05:37+00:00\" \/>\n<meta property=\"og:image\" content=\"https:\/\/augustocamiseiro.com\/lojaweb\/wp-content\/uploads\/2024\/09\/jpeg-optimizer_BLAZER-CANONICO-AZUL-BIC-3875.jpg\" \/>\n\t<meta property=\"og:image:width\" content=\"912\" \/>\n\t<meta property=\"og:image:height\" content=\"1140\" \/>\n\t<meta property=\"og:image:type\" content=\"image\/jpeg\" \/>\n<meta name=\"twitter:card\" content=\"summary_large_image\" \/>\n<meta name=\"twitter:label1\" content=\"Est. tempo de leitura\" \/>\n\t<meta name=\"twitter:data1\" content=\"1 minuto\" \/>\n<!-- \/ Yoast SEO plugin. -->","yoast_head_json":{"title":"Blazer Azul Canonico - Augusto Camiseiro","description":"Blazer Azul Canonico. Tecido 100% l\u00e3. Traz consigo um aspecto muito elegante, confort\u00e1vel. Uma pe\u00e7a perfeita para o inverno. Tecido feito na It\u00e1lia.","robots":{"index":"index","follow":"follow","max-snippet":"max-snippet:-1","max-image-preview":"max-image-preview:large","max-video-preview":"max-video-preview:-1"},"canonical":"https:\/\/augustocamiseiro.com\/lojaweb\/produto\/blazer-azul-canonico\/","og_locale":"pt_BR","og_type":"article","og_title":"Blazer Azul Canonico - Augusto Camiseiro","og_description":"Blazer Azul Canonico. Tecido 100% l\u00e3. Traz consigo um aspecto muito elegante, confort\u00e1vel. Uma pe\u00e7a perfeita para o inverno. Tecido feito na It\u00e1lia.","og_url":"https:\/\/augustocamiseiro.com\/lojaweb\/produto\/blazer-azul-canonico\/","og_site_name":"Augusto Camiseiro","article_modified_time":"2026-04-20T21:05:37+00:00","og_image":[{"width":912,"height":1140,"url":"https:\/\/augustocamiseiro.com\/lojaweb\/wp-content\/uploads\/2024\/09\/jpeg-optimizer_BLAZER-CANONICO-AZUL-BIC-3875.jpg","type":"image\/jpeg"}],"twitter_card":"summary_large_image","twitter_misc":{"Est. tempo de leitura":"1 minuto"},"schema":{"@context":"https:\/\/schema.org","@graph":[{"@type":"WebPage","@id":"https:\/\/augustocamiseiro.com\/lojaweb\/produto\/blazer-azul-canonico\/","url":"https:\/\/augustocamiseiro.com\/lojaweb\/produto\/blazer-azul-canonico\/","name":"Blazer Azul Canonico - Augusto Camiseiro","isPartOf":{"@id":"https:\/\/augustocamiseiro.com\/lojaweb\/#website"},"primaryImageOfPage":{"@id":"https:\/\/augustocamiseiro.com\/lojaweb\/produto\/blazer-azul-canonico\/#primaryimage"},"image":{"@id":"https:\/\/augustocamiseiro.com\/lojaweb\/produto\/blazer-azul-canonico\/#primaryimage"},"thumbnailUrl":"https:\/\/i0.wp.com\/augustocamiseiro.com\/lojaweb\/wp-content\/uploads\/2024\/09\/jpeg-optimizer_BLAZER-CANONICO-AZUL-BIC-3875.jpg?fit=912%2C1140&ssl=1","datePublished":"2024-09-24T20:29:57+00:00","dateModified":"2026-04-20T21:05:37+00:00","description":"Blazer Azul Canonico. Tecido 100% l\u00e3. Traz consigo um aspecto muito elegante, confort\u00e1vel. Uma pe\u00e7a perfeita para o inverno. Tecido feito na It\u00e1lia.","breadcrumb":{"@id":"https:\/\/augustocamiseiro.com\/lojaweb\/produto\/blazer-azul-canonico\/#breadcrumb"},"inLanguage":"pt-BR","potentialAction":[{"@type":"ReadAction","target":["https:\/\/augustocamiseiro.com\/lojaweb\/produto\/blazer-azul-canonico\/"]}]},{"@type":"ImageObject","inLanguage":"pt-BR","@id":"https:\/\/augustocamiseiro.com\/lojaweb\/produto\/blazer-azul-canonico\/#primaryimage","url":"https:\/\/i0.wp.com\/augustocamiseiro.com\/lojaweb\/wp-content\/uploads\/2024\/09\/jpeg-optimizer_BLAZER-CANONICO-AZUL-BIC-3875.jpg?fit=912%2C1140&ssl=1","contentUrl":"https:\/\/i0.wp.com\/augustocamiseiro.com\/lojaweb\/wp-content\/uploads\/2024\/09\/jpeg-optimizer_BLAZER-CANONICO-AZUL-BIC-3875.jpg?fit=912%2C1140&ssl=1","width":912,"height":1140,"caption":"BLAZER CANONICO"},{"@type":"BreadcrumbList","@id":"https:\/\/augustocamiseiro.com\/lojaweb\/produto\/blazer-azul-canonico\/#breadcrumb","itemListElement":[{"@type":"ListItem","position":1,"name":"In\u00edcio","item":"https:\/\/augustocamiseiro.com\/lojaweb\/"},{"@type":"ListItem","position":2,"name":"Shop","item":"https:\/\/augustocamiseiro.com\/lojaweb\/shop\/"},{"@type":"ListItem","position":3,"name":"Blazer Azul Canonico"}]},{"@type":"WebSite","@id":"https:\/\/augustocamiseiro.com\/lojaweb\/#website","url":"https:\/\/augustocamiseiro.com\/lojaweb\/","name":"Augusto Camiseiro","description":"Roupa Masculina","publisher":{"@id":"https:\/\/augustocamiseiro.com\/lojaweb\/#organization"},"potentialAction":[{"@type":"SearchAction","target":{"@type":"EntryPoint","urlTemplate":"https:\/\/augustocamiseiro.com\/lojaweb\/?s={search_term_string}"},"query-input":{"@type":"PropertyValueSpecification","valueRequired":true,"valueName":"search_term_string"}}],"inLanguage":"pt-BR"},{"@type":"Organization","@id":"https:\/\/augustocamiseiro.com\/lojaweb\/#organization","name":"Augusto Camiseiro","url":"https:\/\/augustocamiseiro.com\/lojaweb\/","logo":{"@type":"ImageObject","inLanguage":"pt-BR","@id":"https:\/\/augustocamiseiro.com\/lojaweb\/#\/schema\/logo\/image\/","url":"https:\/\/i0.wp.com\/augustocamiseiro.com\/lojaweb\/wp-content\/uploads\/2024\/04\/cropped-logo-augusto-white-1.png?fit=550%2C310&ssl=1","contentUrl":"https:\/\/i0.wp.com\/augustocamiseiro.com\/lojaweb\/wp-content\/uploads\/2024\/04\/cropped-logo-augusto-white-1.png?fit=550%2C310&ssl=1","width":550,"height":310,"caption":"Augusto Camiseiro"},"image":{"@id":"https:\/\/augustocamiseiro.com\/lojaweb\/#\/schema\/logo\/image\/"}}]}},"jetpack_sharing_enabled":true,"_links":{"self":[{"href":"https:\/\/augustocamiseiro.com\/lojaweb\/wp-json\/wp\/v2\/product\/42268","targetHints":{"allow":["GET"]}}],"collection":[{"href":"https:\/\/augustocamiseiro.com\/lojaweb\/wp-json\/wp\/v2\/product"}],"about":[{"href":"https:\/\/augustocamiseiro.com\/lojaweb\/wp-json\/wp\/v2\/types\/product"}],"replies":[{"embeddable":true,"href":"https:\/\/augustocamiseiro.com\/lojaweb\/wp-json\/wp\/v2\/comments?post=42268"}],"wp:featuredmedia":[{"embeddable":true,"href":"https:\/\/augustocamiseiro.com\/lojaweb\/wp-json\/wp\/v2\/media\/41996"}],"wp:attachment":[{"href":"https:\/\/augustocamiseiro.com\/lojaweb\/wp-json\/wp\/v2\/media?parent=42268"}],"wp:term":[{"taxonomy":"product_brand","embeddable":true,"href":"https:\/\/augustocamiseiro.com\/lojaweb\/wp-json\/wp\/v2\/product_brand?post=42268"},{"taxonomy":"product_cat","embeddable":true,"href":"https:\/\/augustocamiseiro.com\/lojaweb\/wp-json\/wp\/v2\/product_cat?post=42268"},{"taxonomy":"product_tag","embeddable":true,"href":"https:\/\/augustocamiseiro.com\/lojaweb\/wp-json\/wp\/v2\/product_tag?post=42268"}],"curies":[{"name":"wp","href":"https:\/\/api.w.org\/{rel}","templated":true}]}}