{"id":41835,"date":"2024-08-27T14:20:18","date_gmt":"2024-08-27T14:20:18","guid":{"rendered":"https:\/\/augustocamiseiro.com\/lojaweb\/?post_type=product&#038;p=41835"},"modified":"2026-04-15T20:41:37","modified_gmt":"2026-04-15T20:41:37","slug":"calca-poliviscose-2","status":"publish","type":"product","link":"https:\/\/augustocamiseiro.com\/lojaweb\/produto\/calca-poliviscose-2\/","title":{"rendered":"Cal\u00e7a Poliviscose"},"content":{"rendered":"<p>Cal\u00e7a poliviscose \u00e9 uma pe\u00e7a muito moderna que tem feito extremo sucesso.<\/p>\n<p>Ao mesmo tempo tem um visual mais cl\u00e1ssico, mas tem todo conforto do elastano e da viscose.<\/p>\n<p>Apresenta um visual moderno. Por isso essas pe\u00e7as de poliviscose tem feito uma verdadeira revolu\u00e7\u00e3o na moda masculina. Pode ser lavada em casa.<\/p>\n<p>O que algu\u00e9m pode mais querer al\u00e9m de caimento moderno, cor cl\u00e1ssica, conforto e praticidade?<\/p>\n<p>Essa \u00e9 a raz\u00e3o das prateleiras ficarem vazias rapidamente.<\/p>\n<p>&nbsp;<\/p>\n<h3><strong>Caracter\u00edsticas\u00a0<\/strong><\/h3>\n<p>&nbsp;<\/p>\n<ul>\n<li>C\u00f3s refor\u00e7ado.<\/li>\n<li>Bolso faca.<\/li>\n<\/ul>\n<p>&nbsp;<\/p>\n<h3><strong>Composi\u00e7\u00e3o:<\/strong><\/h3>\n<ul>\n<li>69% poli\u00e9ster;<\/li>\n<li>29% viscose;<\/li>\n<li>2% elastano<\/li>\n<\/ul>\n<p>&nbsp;<\/p>\n<p><strong>\u00a0 \u00a0 Forro bolso:<\/strong> 100% algod\u00e3o<\/p>\n<p>&nbsp;<\/p>\n<p>&nbsp;<\/p>\n","protected":false},"excerpt":{"rendered":"<p>Cal\u00e7a de Poliviscose feita com poli\u00e9ster, viscose e elastano. Muito conforto e toque agrad\u00e1vel.<\/p>\n","protected":false},"featured_media":41818,"comment_status":"open","ping_status":"closed","template":"","meta":{"_acf_changed":false},"product_brand":[],"product_cat":[362],"product_tag":[409,358,359,959,418,928,667,1136,668,669,1611,1609,1612,1610,1604,1605,930,361,1603,1613,1606,1608,1607,1614],"class_list":{"0":"post-41835","1":"product","2":"type-product","3":"status-publish","4":"has-post-thumbnail","6":"product_cat-calcas","7":"product_tag-calca","8":"product_tag-calca-alfaiataria","9":"product_tag-calca-azul","10":"product_tag-calca-azul-marinho","11":"product_tag-calca-casual","12":"product_tag-calca-cinza","13":"product_tag-calca-com-elastano","14":"product_tag-calca-marinho","15":"product_tag-calca-moderna","16":"product_tag-calca-poliviscose","17":"product_tag-calca-poliviscose-azul","18":"product_tag-calca-poliviscose-azul-marinho","19":"product_tag-calca-poliviscose-cinza","20":"product_tag-calca-poliviscose-marinho","21":"product_tag-calca-social-azul","22":"product_tag-calca-social-azul-marinho","23":"product_tag-calca-social-cinza","24":"product_tag-calca-social","25":"product_tag-poliviscose","26":"product_tag-poliviscose-azul","27":"product_tag-poliviscose-azul-marinho","28":"product_tag-poliviscose-cinza","29":"product_tag-poliviscose-marinho","30":"product_tag-tecido-poliviscose","32":"first","33":"instock","34":"taxable","35":"shipping-taxable","36":"purchasable","37":"product-type-variable"},"acf":[],"yoast_head":"<!-- This site is optimized with the Yoast SEO plugin v25.3.1 - https:\/\/yoast.com\/wordpress\/plugins\/seo\/ -->\n<title>Cal\u00e7a Poliviscose - Augusto Camiseiro<\/title>\n<meta name=\"description\" content=\"Cal\u00e7a poliviscose social. Feita de poli\u00e9ster, viscose e elastano. Visual formal e conforto casual. Cal\u00e7a dos sonhos.\" \/>\n<meta name=\"robots\" content=\"index, follow, max-snippet:-1, max-image-preview:large, max-video-preview:-1\" \/>\n<link rel=\"canonical\" href=\"https:\/\/augustocamiseiro.com\/lojaweb\/produto\/calca-poliviscose-2\/\" \/>\n<meta property=\"og:locale\" content=\"pt_BR\" \/>\n<meta property=\"og:type\" content=\"article\" \/>\n<meta property=\"og:title\" content=\"Cal\u00e7a Poliviscose - Augusto Camiseiro\" \/>\n<meta property=\"og:description\" content=\"Cal\u00e7a poliviscose social. Feita de poli\u00e9ster, viscose e elastano. Visual formal e conforto casual. Cal\u00e7a dos sonhos.\" \/>\n<meta property=\"og:url\" content=\"https:\/\/augustocamiseiro.com\/lojaweb\/produto\/calca-poliviscose-2\/\" \/>\n<meta property=\"og:site_name\" content=\"Augusto Camiseiro\" \/>\n<meta property=\"article:modified_time\" content=\"2026-04-15T20:41:37+00:00\" \/>\n<meta property=\"og:image\" content=\"https:\/\/augustocamiseiro.com\/lojaweb\/wp-content\/uploads\/2024\/08\/Calca-social-PV-marinho-cor-544-ref-4223-min.jpg\" \/>\n\t<meta property=\"og:image:width\" content=\"1080\" \/>\n\t<meta property=\"og:image:height\" content=\"1350\" \/>\n\t<meta property=\"og:image:type\" content=\"image\/jpeg\" \/>\n<meta name=\"twitter:card\" content=\"summary_large_image\" \/>\n<meta name=\"twitter:label1\" content=\"Est. tempo de leitura\" \/>\n\t<meta name=\"twitter:data1\" content=\"1 minuto\" \/>\n<!-- \/ Yoast SEO plugin. -->","yoast_head_json":{"title":"Cal\u00e7a Poliviscose - Augusto Camiseiro","description":"Cal\u00e7a poliviscose social. Feita de poli\u00e9ster, viscose e elastano. Visual formal e conforto casual. Cal\u00e7a dos sonhos.","robots":{"index":"index","follow":"follow","max-snippet":"max-snippet:-1","max-image-preview":"max-image-preview:large","max-video-preview":"max-video-preview:-1"},"canonical":"https:\/\/augustocamiseiro.com\/lojaweb\/produto\/calca-poliviscose-2\/","og_locale":"pt_BR","og_type":"article","og_title":"Cal\u00e7a Poliviscose - Augusto Camiseiro","og_description":"Cal\u00e7a poliviscose social. Feita de poli\u00e9ster, viscose e elastano. Visual formal e conforto casual. Cal\u00e7a dos sonhos.","og_url":"https:\/\/augustocamiseiro.com\/lojaweb\/produto\/calca-poliviscose-2\/","og_site_name":"Augusto Camiseiro","article_modified_time":"2026-04-15T20:41:37+00:00","og_image":[{"width":1080,"height":1350,"url":"https:\/\/augustocamiseiro.com\/lojaweb\/wp-content\/uploads\/2024\/08\/Calca-social-PV-marinho-cor-544-ref-4223-min.jpg","type":"image\/jpeg"}],"twitter_card":"summary_large_image","twitter_misc":{"Est. tempo de leitura":"1 minuto"},"schema":{"@context":"https:\/\/schema.org","@graph":[{"@type":"WebPage","@id":"https:\/\/augustocamiseiro.com\/lojaweb\/produto\/calca-poliviscose-2\/","url":"https:\/\/augustocamiseiro.com\/lojaweb\/produto\/calca-poliviscose-2\/","name":"Cal\u00e7a Poliviscose - Augusto Camiseiro","isPartOf":{"@id":"https:\/\/augustocamiseiro.com\/lojaweb\/#website"},"primaryImageOfPage":{"@id":"https:\/\/augustocamiseiro.com\/lojaweb\/produto\/calca-poliviscose-2\/#primaryimage"},"image":{"@id":"https:\/\/augustocamiseiro.com\/lojaweb\/produto\/calca-poliviscose-2\/#primaryimage"},"thumbnailUrl":"https:\/\/i0.wp.com\/augustocamiseiro.com\/lojaweb\/wp-content\/uploads\/2024\/08\/Calca-social-PV-marinho-cor-544-ref-4223-min.jpg?fit=1080%2C1350&ssl=1","datePublished":"2024-08-27T14:20:18+00:00","dateModified":"2026-04-15T20:41:37+00:00","description":"Cal\u00e7a poliviscose social. Feita de poli\u00e9ster, viscose e elastano. Visual formal e conforto casual. Cal\u00e7a dos sonhos.","breadcrumb":{"@id":"https:\/\/augustocamiseiro.com\/lojaweb\/produto\/calca-poliviscose-2\/#breadcrumb"},"inLanguage":"pt-BR","potentialAction":[{"@type":"ReadAction","target":["https:\/\/augustocamiseiro.com\/lojaweb\/produto\/calca-poliviscose-2\/"]}]},{"@type":"ImageObject","inLanguage":"pt-BR","@id":"https:\/\/augustocamiseiro.com\/lojaweb\/produto\/calca-poliviscose-2\/#primaryimage","url":"https:\/\/i0.wp.com\/augustocamiseiro.com\/lojaweb\/wp-content\/uploads\/2024\/08\/Calca-social-PV-marinho-cor-544-ref-4223-min.jpg?fit=1080%2C1350&ssl=1","contentUrl":"https:\/\/i0.wp.com\/augustocamiseiro.com\/lojaweb\/wp-content\/uploads\/2024\/08\/Calca-social-PV-marinho-cor-544-ref-4223-min.jpg?fit=1080%2C1350&ssl=1","width":1080,"height":1350,"caption":"Cal\u00e7a social PV marinho"},{"@type":"BreadcrumbList","@id":"https:\/\/augustocamiseiro.com\/lojaweb\/produto\/calca-poliviscose-2\/#breadcrumb","itemListElement":[{"@type":"ListItem","position":1,"name":"In\u00edcio","item":"https:\/\/augustocamiseiro.com\/lojaweb\/"},{"@type":"ListItem","position":2,"name":"Shop","item":"https:\/\/augustocamiseiro.com\/lojaweb\/shop\/"},{"@type":"ListItem","position":3,"name":"Cal\u00e7a Poliviscose"}]},{"@type":"WebSite","@id":"https:\/\/augustocamiseiro.com\/lojaweb\/#website","url":"https:\/\/augustocamiseiro.com\/lojaweb\/","name":"Augusto Camiseiro","description":"Roupa Masculina","publisher":{"@id":"https:\/\/augustocamiseiro.com\/lojaweb\/#organization"},"potentialAction":[{"@type":"SearchAction","target":{"@type":"EntryPoint","urlTemplate":"https:\/\/augustocamiseiro.com\/lojaweb\/?s={search_term_string}"},"query-input":{"@type":"PropertyValueSpecification","valueRequired":true,"valueName":"search_term_string"}}],"inLanguage":"pt-BR"},{"@type":"Organization","@id":"https:\/\/augustocamiseiro.com\/lojaweb\/#organization","name":"Augusto Camiseiro","url":"https:\/\/augustocamiseiro.com\/lojaweb\/","logo":{"@type":"ImageObject","inLanguage":"pt-BR","@id":"https:\/\/augustocamiseiro.com\/lojaweb\/#\/schema\/logo\/image\/","url":"https:\/\/i0.wp.com\/augustocamiseiro.com\/lojaweb\/wp-content\/uploads\/2024\/04\/cropped-logo-augusto-white-1.png?fit=550%2C310&ssl=1","contentUrl":"https:\/\/i0.wp.com\/augustocamiseiro.com\/lojaweb\/wp-content\/uploads\/2024\/04\/cropped-logo-augusto-white-1.png?fit=550%2C310&ssl=1","width":550,"height":310,"caption":"Augusto Camiseiro"},"image":{"@id":"https:\/\/augustocamiseiro.com\/lojaweb\/#\/schema\/logo\/image\/"}}]}},"jetpack_sharing_enabled":true,"_links":{"self":[{"href":"https:\/\/augustocamiseiro.com\/lojaweb\/wp-json\/wp\/v2\/product\/41835","targetHints":{"allow":["GET"]}}],"collection":[{"href":"https:\/\/augustocamiseiro.com\/lojaweb\/wp-json\/wp\/v2\/product"}],"about":[{"href":"https:\/\/augustocamiseiro.com\/lojaweb\/wp-json\/wp\/v2\/types\/product"}],"replies":[{"embeddable":true,"href":"https:\/\/augustocamiseiro.com\/lojaweb\/wp-json\/wp\/v2\/comments?post=41835"}],"wp:featuredmedia":[{"embeddable":true,"href":"https:\/\/augustocamiseiro.com\/lojaweb\/wp-json\/wp\/v2\/media\/41818"}],"wp:attachment":[{"href":"https:\/\/augustocamiseiro.com\/lojaweb\/wp-json\/wp\/v2\/media?parent=41835"}],"wp:term":[{"taxonomy":"product_brand","embeddable":true,"href":"https:\/\/augustocamiseiro.com\/lojaweb\/wp-json\/wp\/v2\/product_brand?post=41835"},{"taxonomy":"product_cat","embeddable":true,"href":"https:\/\/augustocamiseiro.com\/lojaweb\/wp-json\/wp\/v2\/product_cat?post=41835"},{"taxonomy":"product_tag","embeddable":true,"href":"https:\/\/augustocamiseiro.com\/lojaweb\/wp-json\/wp\/v2\/product_tag?post=41835"}],"curies":[{"name":"wp","href":"https:\/\/api.w.org\/{rel}","templated":true}]}}