{"id":41782,"date":"2024-08-22T18:39:31","date_gmt":"2024-08-22T18:39:31","guid":{"rendered":"https:\/\/augustocamiseiro.com\/lojaweb\/?post_type=product&#038;p=41782"},"modified":"2026-04-15T20:41:53","modified_gmt":"2026-04-15T20:41:53","slug":"polo-masculina","status":"publish","type":"product","link":"https:\/\/augustocamiseiro.com\/lojaweb\/produto\/polo-masculina\/","title":{"rendered":"Polo Pima Piquet"},"content":{"rendered":"<p>A camiseta polo pima piquet \u00e9 a pe\u00e7a perfeita para o homem que aprecia eleg\u00e2ncia e conforto. Feita com o mais fino algod\u00e3o peruano, esta polo oferece uma suavidade incompar\u00e1vel e durabilidade excepcional. Seu design cl\u00e1ssico e atemporal permite compor looks sofisticados para diversas ocasi\u00f5es, mantendo voc\u00ea sempre alinhado e confort\u00e1vel. Est\u00e1 pe\u00e7a \u00e9 formada feita algod\u00e3o peruano.<\/p>\n<p><strong>Dicas de uso:<\/strong><br \/>\nPara um visual casual sofisticado, combine a camiseta polo com cal\u00e7as chino e sapt\u00eanis. Em ambientes de trabalho, lazer ou eventos sociais. Nos dias mais frios, adicione um tricot leve para maior conforto.<\/p>\n","protected":false},"excerpt":{"rendered":"<p>&#8211; Tecido de algod\u00e3o peruano de alta qualidade<br \/>\n&#8211; Corte ajustado que valoriza a silhueta<br \/>\n&#8211; Gola polo cl\u00e1ssica com bot\u00f5es<br \/>\n&#8211; Dispon\u00edvel em cores preta, roxa, verde e azul\u00a0 \u00a0 \u00a0 \u00a0 \u00a0 \u00a0 \u00a0 \u00a0 \u00a0 \u00a0 \u00a0 \u00a0 \u00a0 \u00a0 \u00a0 \u00a0 \u00a0 \u00a0 \u00a0 \u00a0 \u00a0 \u00a0 \u00a0 \u00a0 \u00a0 \u00a0 \u00a0 \u00a0 \u00a0 \u00a0 \u00a0 \u00a0 \u00a0 \u00a0 \u00a0 \u00a0 \u00a0 \u00a0 \u00a0 \u00a0 \u00a0 \u00a0 \u00a0 \u00a0 \u00a0 \u00a0 \u00a0 \u00a0 \u00a0 \u00a0 \u00a0 \u00a0 \u00a0 \u00a0 \u00a0 \u00a0 \u00a0 &#8211; Modelagem ajustada\u00a0 \u00a0 \u00a0 \u00a0 \u00a0 \u00a0 \u00a0 \u00a0 \u00a0 \u00a0 \u00a0 \u00a0 \u00a0 \u00a0 \u00a0 \u00a0 \u00a0 \u00a0 \u00a0 \u00a0 \u00a0 \u00a0 \u00a0 \u00a0 \u00a0 \u00a0 \u00a0 \u00a0 \u00a0 \u00a0 \u00a0 \u00a0 \u00a0 \u00a0 \u00a0 \u00a0 \u00a0 \u00a0 \u00a0 \u00a0 \u00a0 \u00a0 \u00a0 \u00a0 \u00a0 \u00a0 \u00a0 \u00a0 \u00a0 \u00a0 \u00a0 \u00a0 \u00a0 \u00a0 \u00a0 \u00a0 \u00a0 \u00a0 \u00a0 \u00a0 \u00a0 \u00a0 \u00a0 \u00a0 \u00a0 \u00a0 \u00a0 \u00a0 \u00a0 \u00a0 \u00a0 \u00a0 \u00a0 \u00a0 \u00a0 \u00a0 \u00a0 &#8211; Fio 30\/1\u00a0 \u00a0 \u00a0 \u00a0 \u00a0 \u00a0 \u00a0 \u00a0 \u00a0 \u00a0 \u00a0 \u00a0 \u00a0 \u00a0 \u00a0 \u00a0 \u00a0 \u00a0 \u00a0 \u00a0 \u00a0 \u00a0 \u00a0 \u00a0 \u00a0 \u00a0 \u00a0 \u00a0 \u00a0 \u00a0 \u00a0 \u00a0 \u00a0 \u00a0 \u00a0 \u00a0 \u00a0 \u00a0 \u00a0 \u00a0 \u00a0 \u00a0 \u00a0 \u00a0 \u00a0 \u00a0 \u00a0 \u00a0 \u00a0 \u00a0 \u00a0 \u00a0 \u00a0 \u00a0 \u00a0 \u00a0 \u00a0 \u00a0 \u00a0 \u00a0 \u00a0 \u00a0 \u00a0 \u00a0 \u00a0 \u00a0 \u00a0 \u00a0 \u00a0 \u00a0 \u00a0 \u00a0 \u00a0 \u00a0 \u00a0 \u00a0 \u00a0 \u00a0 \u00a0 \u00a0 \u00a0 \u00a0 \u00a0 \u00a0 \u00a0 \u00a0 \u00a0 &#8211; Gamuza<\/p>\n<h3><strong>Composi\u00e7\u00e3o:<\/strong><\/h3>\n<p>Tecido &#8211; 100% algod\u00e3o Peruano<\/p>\n<p>&nbsp;<\/p>\n<p>&nbsp;<\/p>\n<p><strong>Composi\u00e7\u00e3o:<\/strong><br \/>\n&#8211; 100% Algod\u00e3o Peruano<\/p>\n<p>&nbsp;<\/p>\n","protected":false},"featured_media":41918,"comment_status":"open","ping_status":"closed","template":"","meta":{"_acf_changed":false},"product_brand":[],"product_cat":[1076],"product_tag":[1619,774,641,1572,1618,1602,1600,1601,1529,1528,1571,616,1574,621,1573,1569,619,1615,1620,1625,1622,1623,1621,608,1598,1599],"class_list":{"0":"post-41782","1":"product","2":"type-product","3":"status-publish","4":"has-post-thumbnail","6":"product_cat-camisetas","7":"product_tag-algodao-peruano","8":"product_tag-camiseta-azul","9":"product_tag-camiseta-branca","10":"product_tag-camiseta-polo","11":"product_tag-camiseta-polo-piquet","12":"product_tag-camiseta-prata","13":"product_tag-camiseta-roxa","14":"product_tag-camiseta-verde","15":"product_tag-casual-chic","16":"product_tag-elegancia","17":"product_tag-moda-alta-padrao","18":"product_tag-polo","19":"product_tag-polo-azul","20":"product_tag-polo-branca","21":"product_tag-polo-casual","22":"product_tag-polo-manga-longa","23":"product_tag-polo-masculina","24":"product_tag-polo-piquet","25":"product_tag-polo-piquet-azul","26":"product_tag-polo-piquet-branca","27":"product_tag-polo-piquet-preta","28":"product_tag-polo-piquet-roxa","29":"product_tag-polo-piquet-verde","30":"product_tag-polo-preta","31":"product_tag-polo-roxa","32":"product_tag-polo-verde","33":"pa_tamanho-de-camiseta-egg","34":"pa_tamanho-de-camiseta-g","35":"pa_tamanho-de-camiseta-gg","36":"pa_tamanho-de-camiseta-m","37":"pa_tamanho-de-camiseta-p","38":"pa_tamanho-de-camiseta-pp","40":"first","41":"instock","42":"taxable","43":"shipping-taxable","44":"purchasable","45":"product-type-variable"},"acf":[],"yoast_head":"<!-- This site is optimized with the Yoast SEO plugin v25.3.1 - https:\/\/yoast.com\/wordpress\/plugins\/seo\/ -->\n<title>Polo Pima Piquet - Augusto Camiseiro<\/title>\n<meta name=\"description\" content=\"Classica Polo Pima Piquet, pe\u00e7a muito confort\u00e1vel e leve para diversas ocasi\u00f5es. Composta com tecido peruano.\" \/>\n<meta name=\"robots\" content=\"index, follow, max-snippet:-1, max-image-preview:large, max-video-preview:-1\" \/>\n<link rel=\"canonical\" href=\"https:\/\/augustocamiseiro.com\/lojaweb\/produto\/polo-masculina\/\" \/>\n<meta property=\"og:locale\" content=\"pt_BR\" \/>\n<meta property=\"og:type\" content=\"article\" \/>\n<meta property=\"og:title\" content=\"Polo Pima Piquet - Augusto Camiseiro\" \/>\n<meta property=\"og:description\" content=\"Classica Polo Pima Piquet, pe\u00e7a muito confort\u00e1vel e leve para diversas ocasi\u00f5es. Composta com tecido peruano.\" \/>\n<meta property=\"og:url\" content=\"https:\/\/augustocamiseiro.com\/lojaweb\/produto\/polo-masculina\/\" \/>\n<meta property=\"og:site_name\" content=\"Augusto Camiseiro\" \/>\n<meta property=\"article:modified_time\" content=\"2026-04-15T20:41:53+00:00\" \/>\n<meta property=\"og:image\" content=\"https:\/\/augustocamiseiro.com\/lojaweb\/wp-content\/uploads\/2024\/08\/camiseta-polo-botao-piquet-MARINHO-OCEAN-CAVERN-ref-4302-min.jpg\" \/>\n\t<meta property=\"og:image:width\" content=\"1080\" \/>\n\t<meta property=\"og:image:height\" content=\"1350\" \/>\n\t<meta property=\"og:image:type\" content=\"image\/jpeg\" \/>\n<meta name=\"twitter:card\" content=\"summary_large_image\" \/>\n<meta name=\"twitter:label1\" content=\"Est. tempo de leitura\" \/>\n\t<meta name=\"twitter:data1\" content=\"1 minuto\" \/>\n<!-- \/ Yoast SEO plugin. -->","yoast_head_json":{"title":"Polo Pima Piquet - Augusto Camiseiro","description":"Classica Polo Pima Piquet, pe\u00e7a muito confort\u00e1vel e leve para diversas ocasi\u00f5es. Composta com tecido peruano.","robots":{"index":"index","follow":"follow","max-snippet":"max-snippet:-1","max-image-preview":"max-image-preview:large","max-video-preview":"max-video-preview:-1"},"canonical":"https:\/\/augustocamiseiro.com\/lojaweb\/produto\/polo-masculina\/","og_locale":"pt_BR","og_type":"article","og_title":"Polo Pima Piquet - Augusto Camiseiro","og_description":"Classica Polo Pima Piquet, pe\u00e7a muito confort\u00e1vel e leve para diversas ocasi\u00f5es. Composta com tecido peruano.","og_url":"https:\/\/augustocamiseiro.com\/lojaweb\/produto\/polo-masculina\/","og_site_name":"Augusto Camiseiro","article_modified_time":"2026-04-15T20:41:53+00:00","og_image":[{"width":1080,"height":1350,"url":"https:\/\/augustocamiseiro.com\/lojaweb\/wp-content\/uploads\/2024\/08\/camiseta-polo-botao-piquet-MARINHO-OCEAN-CAVERN-ref-4302-min.jpg","type":"image\/jpeg"}],"twitter_card":"summary_large_image","twitter_misc":{"Est. tempo de leitura":"1 minuto"},"schema":{"@context":"https:\/\/schema.org","@graph":[{"@type":"WebPage","@id":"https:\/\/augustocamiseiro.com\/lojaweb\/produto\/polo-masculina\/","url":"https:\/\/augustocamiseiro.com\/lojaweb\/produto\/polo-masculina\/","name":"Polo Pima Piquet - Augusto Camiseiro","isPartOf":{"@id":"https:\/\/augustocamiseiro.com\/lojaweb\/#website"},"primaryImageOfPage":{"@id":"https:\/\/augustocamiseiro.com\/lojaweb\/produto\/polo-masculina\/#primaryimage"},"image":{"@id":"https:\/\/augustocamiseiro.com\/lojaweb\/produto\/polo-masculina\/#primaryimage"},"thumbnailUrl":"https:\/\/i0.wp.com\/augustocamiseiro.com\/lojaweb\/wp-content\/uploads\/2024\/08\/camiseta-polo-botao-piquet-MARINHO-OCEAN-CAVERN-ref-4302-min.jpg?fit=1080%2C1350&ssl=1","datePublished":"2024-08-22T18:39:31+00:00","dateModified":"2026-04-15T20:41:53+00:00","description":"Classica Polo Pima Piquet, pe\u00e7a muito confort\u00e1vel e leve para diversas ocasi\u00f5es. Composta com tecido peruano.","breadcrumb":{"@id":"https:\/\/augustocamiseiro.com\/lojaweb\/produto\/polo-masculina\/#breadcrumb"},"inLanguage":"pt-BR","potentialAction":[{"@type":"ReadAction","target":["https:\/\/augustocamiseiro.com\/lojaweb\/produto\/polo-masculina\/"]}]},{"@type":"ImageObject","inLanguage":"pt-BR","@id":"https:\/\/augustocamiseiro.com\/lojaweb\/produto\/polo-masculina\/#primaryimage","url":"https:\/\/i0.wp.com\/augustocamiseiro.com\/lojaweb\/wp-content\/uploads\/2024\/08\/camiseta-polo-botao-piquet-MARINHO-OCEAN-CAVERN-ref-4302-min.jpg?fit=1080%2C1350&ssl=1","contentUrl":"https:\/\/i0.wp.com\/augustocamiseiro.com\/lojaweb\/wp-content\/uploads\/2024\/08\/camiseta-polo-botao-piquet-MARINHO-OCEAN-CAVERN-ref-4302-min.jpg?fit=1080%2C1350&ssl=1","width":1080,"height":1350,"caption":"camiseta polo botao"},{"@type":"BreadcrumbList","@id":"https:\/\/augustocamiseiro.com\/lojaweb\/produto\/polo-masculina\/#breadcrumb","itemListElement":[{"@type":"ListItem","position":1,"name":"In\u00edcio","item":"https:\/\/augustocamiseiro.com\/lojaweb\/"},{"@type":"ListItem","position":2,"name":"Shop","item":"https:\/\/augustocamiseiro.com\/lojaweb\/shop\/"},{"@type":"ListItem","position":3,"name":"Polo Pima Piquet"}]},{"@type":"WebSite","@id":"https:\/\/augustocamiseiro.com\/lojaweb\/#website","url":"https:\/\/augustocamiseiro.com\/lojaweb\/","name":"Augusto Camiseiro","description":"Roupa Masculina","publisher":{"@id":"https:\/\/augustocamiseiro.com\/lojaweb\/#organization"},"potentialAction":[{"@type":"SearchAction","target":{"@type":"EntryPoint","urlTemplate":"https:\/\/augustocamiseiro.com\/lojaweb\/?s={search_term_string}"},"query-input":{"@type":"PropertyValueSpecification","valueRequired":true,"valueName":"search_term_string"}}],"inLanguage":"pt-BR"},{"@type":"Organization","@id":"https:\/\/augustocamiseiro.com\/lojaweb\/#organization","name":"Augusto Camiseiro","url":"https:\/\/augustocamiseiro.com\/lojaweb\/","logo":{"@type":"ImageObject","inLanguage":"pt-BR","@id":"https:\/\/augustocamiseiro.com\/lojaweb\/#\/schema\/logo\/image\/","url":"https:\/\/i0.wp.com\/augustocamiseiro.com\/lojaweb\/wp-content\/uploads\/2024\/04\/cropped-logo-augusto-white-1.png?fit=550%2C310&ssl=1","contentUrl":"https:\/\/i0.wp.com\/augustocamiseiro.com\/lojaweb\/wp-content\/uploads\/2024\/04\/cropped-logo-augusto-white-1.png?fit=550%2C310&ssl=1","width":550,"height":310,"caption":"Augusto Camiseiro"},"image":{"@id":"https:\/\/augustocamiseiro.com\/lojaweb\/#\/schema\/logo\/image\/"}}]}},"jetpack_sharing_enabled":true,"_links":{"self":[{"href":"https:\/\/augustocamiseiro.com\/lojaweb\/wp-json\/wp\/v2\/product\/41782","targetHints":{"allow":["GET"]}}],"collection":[{"href":"https:\/\/augustocamiseiro.com\/lojaweb\/wp-json\/wp\/v2\/product"}],"about":[{"href":"https:\/\/augustocamiseiro.com\/lojaweb\/wp-json\/wp\/v2\/types\/product"}],"replies":[{"embeddable":true,"href":"https:\/\/augustocamiseiro.com\/lojaweb\/wp-json\/wp\/v2\/comments?post=41782"}],"wp:featuredmedia":[{"embeddable":true,"href":"https:\/\/augustocamiseiro.com\/lojaweb\/wp-json\/wp\/v2\/media\/41918"}],"wp:attachment":[{"href":"https:\/\/augustocamiseiro.com\/lojaweb\/wp-json\/wp\/v2\/media?parent=41782"}],"wp:term":[{"taxonomy":"product_brand","embeddable":true,"href":"https:\/\/augustocamiseiro.com\/lojaweb\/wp-json\/wp\/v2\/product_brand?post=41782"},{"taxonomy":"product_cat","embeddable":true,"href":"https:\/\/augustocamiseiro.com\/lojaweb\/wp-json\/wp\/v2\/product_cat?post=41782"},{"taxonomy":"product_tag","embeddable":true,"href":"https:\/\/augustocamiseiro.com\/lojaweb\/wp-json\/wp\/v2\/product_tag?post=41782"}],"curies":[{"name":"wp","href":"https:\/\/api.w.org\/{rel}","templated":true}]}}