{"id":26703,"date":"2024-04-19T14:05:00","date_gmt":"2024-04-19T14:05:00","guid":{"rendered":"https:\/\/bsit.com.br\/loja\/?post_type=product&#038;p=26703"},"modified":"2026-04-15T20:41:05","modified_gmt":"2026-04-15T20:41:05","slug":"calca-de-moletom","status":"publish","type":"product","link":"https:\/\/augustocamiseiro.com\/lojaweb\/produto\/calca-de-moletom\/","title":{"rendered":"Cal\u00e7a de Moletom Alfaiataria"},"content":{"rendered":"<p>Cal\u00e7a de moletom alfaiataria \u00e9 uma cal\u00e7a de moletom da Miroglio com corte totalmente de alfaiataria. Temos op\u00e7\u00e3o nas cores bege, preto, azul marinho, cinza chumbo e verde militar. Esta \u00e9 uma pe\u00e7a extremamente moderna e confort\u00e1vel. Portanto use em ocasi\u00f5es mais relaxadas e, al\u00e9m disso, em ambientes profissionais mais descontra\u00eddos. Cal\u00e7a perfeita para ser usada em viagens ; especialmente de avi\u00e3o ; pelo fato de ser muito confort\u00e1vel, n\u00e3o amassar e chegar no destino com uma apar\u00eancia muito elegante e s\u00f3bria.<\/p>\n<p><span style=\"font-size: 14pt\"><strong>Composi\u00e7\u00e3o <\/strong><\/span><\/p>\n<p>68% poli\u00e9ster; 2% elastano; 30% viscose<\/p>\n<p>Tecelagem Miroglio.<\/p>\n<p>Forro: 60% poli\u00e9ster; 40% algod\u00e3o<\/p>\n<p>Detalhes de acabamento totalmente de alfaiataria , bolso faca , corte social.\u00a0 Enfim, uma pe\u00e7a imprescind\u00edvel em qualquer guarda-roupa masculino.<\/p>\n<p><strong><span style=\"font-size: 14pt\">Cores:<\/span><\/strong><\/p>\n<ul>\n<li>Preto<\/li>\n<li><span style=\"color: #003366\">Azul Marinho<\/span><\/li>\n<li><span style=\"color: #003300\">Verde Militar<\/span><\/li>\n<li><span style=\"color: #c4874b\">Bege<\/span><\/li>\n<li><span style=\"color: #474545\">Cinza Chumbo<\/span><\/li>\n<\/ul>\n<p><strong>Dicas de conserva\u00e7\u00e3o<\/strong><\/p>\n<p>N\u00e3o lavar, n\u00e3o alvejar e nem secar em tambor. Secagem em varal \u00e0 sombra. N\u00e3o passar e nem limpar a seco. Limpeza a \u00famido profissional. Processo suave.<\/p>\n","protected":false},"excerpt":{"rendered":"<p>Cal\u00e7a de moletom com corte totalmente de alfaiataria nas\u00a0 cores bege, preto, azul marinho, cinza chumbo e verde militar. Tecido em poliviscose da Tecelagem Miroglio da It\u00e1lia.<\/p>\n","protected":false},"featured_media":42329,"comment_status":"open","ping_status":"closed","template":"","meta":{"_acf_changed":false},"product_brand":[],"product_cat":[362],"product_tag":[1195,897,391,941,359,959,417,928,396,1057,960,1314,965,1476,500,1292,668,964,812,1477,1478,1452,1479,1503,310,1504,1480,1435,311,1481,904,1482,1392],"class_list":{"0":"post-26703","1":"product","2":"type-product","3":"status-publish","4":"has-post-thumbnail","6":"product_cat-calcas","7":"product_tag-algodao","8":"product_tag-azul","9":"product_tag-azul-marinho","10":"product_tag-bege","11":"product_tag-calca-azul","12":"product_tag-calca-azul-marinho","13":"product_tag-calca-bege","14":"product_tag-calca-cinza","15":"product_tag-calca-cinza-chumbo","16":"product_tag-calca-confortavel","17":"product_tag-calca-de-moletom","18":"product_tag-calca-de-moletom-chumbo","19":"product_tag-calca-de-moletom-cinza","20":"product_tag-calca-elastano","21":"product_tag-calca-esportiva","22":"product_tag-calca-masculina","23":"product_tag-calca-moderna","24":"product_tag-calca-preta","25":"product_tag-calca-verde","26":"product_tag-calca-verde-militar","27":"product_tag-chumbo","28":"product_tag-cinza","29":"product_tag-cinza-chumbo","30":"product_tag-dia-dos-namorados","31":"product_tag-inverno","32":"product_tag-look-conforto","33":"product_tag-marinho","34":"product_tag-moletom","35":"product_tag-outono","36":"product_tag-poliester","37":"product_tag-preto","38":"product_tag-verde-militar","39":"product_tag-viscose","41":"first","42":"instock","43":"shipping-taxable","44":"purchasable","45":"product-type-variable"},"acf":[],"yoast_head":"<!-- This site is optimized with the Yoast SEO plugin v25.3.1 - https:\/\/yoast.com\/wordpress\/plugins\/seo\/ -->\n<title>Cal\u00e7a de Moletom Alfaiataria - Augusto Camiseiro<\/title>\n<meta name=\"description\" content=\"Cal\u00e7a de Moletom Alfaiataria. Para momentos de trabalho, assim como, eventos noturnos, certamente, uma cal\u00e7a que trar\u00e1 aten\u00e7\u00e3o pelo seu estilo \u00fanico.\" \/>\n<meta name=\"robots\" content=\"index, follow, max-snippet:-1, max-image-preview:large, max-video-preview:-1\" \/>\n<link rel=\"canonical\" href=\"https:\/\/augustocamiseiro.com\/lojaweb\/produto\/calca-de-moletom\/\" \/>\n<meta property=\"og:locale\" content=\"pt_BR\" \/>\n<meta property=\"og:type\" content=\"article\" \/>\n<meta property=\"og:title\" content=\"Cal\u00e7a de Moletom Alfaiataria - Augusto Camiseiro\" \/>\n<meta property=\"og:description\" content=\"Cal\u00e7a de Moletom Alfaiataria. Para momentos de trabalho, assim como, eventos noturnos, certamente, uma cal\u00e7a que trar\u00e1 aten\u00e7\u00e3o pelo seu estilo \u00fanico.\" \/>\n<meta property=\"og:url\" content=\"https:\/\/augustocamiseiro.com\/lojaweb\/produto\/calca-de-moletom\/\" \/>\n<meta property=\"og:site_name\" content=\"Augusto Camiseiro\" \/>\n<meta property=\"article:modified_time\" content=\"2026-04-15T20:41:05+00:00\" \/>\n<meta property=\"og:image\" content=\"https:\/\/augustocamiseiro.com\/lojaweb\/wp-content\/uploads\/2024\/10\/CALCA-MALHA-CINZA-CHUMBO-GROSSA-4087.jpg\" \/>\n\t<meta property=\"og:image:width\" content=\"960\" \/>\n\t<meta property=\"og:image:height\" content=\"1200\" \/>\n\t<meta property=\"og:image:type\" content=\"image\/jpeg\" \/>\n<meta name=\"twitter:card\" content=\"summary_large_image\" \/>\n<meta name=\"twitter:label1\" content=\"Est. tempo de leitura\" \/>\n\t<meta name=\"twitter:data1\" content=\"2 minutos\" \/>\n<!-- \/ Yoast SEO plugin. -->","yoast_head_json":{"title":"Cal\u00e7a de Moletom Alfaiataria - Augusto Camiseiro","description":"Cal\u00e7a de Moletom Alfaiataria. Para momentos de trabalho, assim como, eventos noturnos, certamente, uma cal\u00e7a que trar\u00e1 aten\u00e7\u00e3o pelo seu estilo \u00fanico.","robots":{"index":"index","follow":"follow","max-snippet":"max-snippet:-1","max-image-preview":"max-image-preview:large","max-video-preview":"max-video-preview:-1"},"canonical":"https:\/\/augustocamiseiro.com\/lojaweb\/produto\/calca-de-moletom\/","og_locale":"pt_BR","og_type":"article","og_title":"Cal\u00e7a de Moletom Alfaiataria - Augusto Camiseiro","og_description":"Cal\u00e7a de Moletom Alfaiataria. Para momentos de trabalho, assim como, eventos noturnos, certamente, uma cal\u00e7a que trar\u00e1 aten\u00e7\u00e3o pelo seu estilo \u00fanico.","og_url":"https:\/\/augustocamiseiro.com\/lojaweb\/produto\/calca-de-moletom\/","og_site_name":"Augusto Camiseiro","article_modified_time":"2026-04-15T20:41:05+00:00","og_image":[{"width":960,"height":1200,"url":"https:\/\/augustocamiseiro.com\/lojaweb\/wp-content\/uploads\/2024\/10\/CALCA-MALHA-CINZA-CHUMBO-GROSSA-4087.jpg","type":"image\/jpeg"}],"twitter_card":"summary_large_image","twitter_misc":{"Est. tempo de leitura":"2 minutos"},"schema":{"@context":"https:\/\/schema.org","@graph":[{"@type":"WebPage","@id":"https:\/\/augustocamiseiro.com\/lojaweb\/produto\/calca-de-moletom\/","url":"https:\/\/augustocamiseiro.com\/lojaweb\/produto\/calca-de-moletom\/","name":"Cal\u00e7a de Moletom Alfaiataria - Augusto Camiseiro","isPartOf":{"@id":"https:\/\/augustocamiseiro.com\/lojaweb\/#website"},"primaryImageOfPage":{"@id":"https:\/\/augustocamiseiro.com\/lojaweb\/produto\/calca-de-moletom\/#primaryimage"},"image":{"@id":"https:\/\/augustocamiseiro.com\/lojaweb\/produto\/calca-de-moletom\/#primaryimage"},"thumbnailUrl":"https:\/\/i0.wp.com\/augustocamiseiro.com\/lojaweb\/wp-content\/uploads\/2024\/10\/CALCA-MALHA-CINZA-CHUMBO-GROSSA-4087.jpg?fit=960%2C1200&ssl=1","datePublished":"2024-04-19T14:05:00+00:00","dateModified":"2026-04-15T20:41:05+00:00","description":"Cal\u00e7a de Moletom Alfaiataria. Para momentos de trabalho, assim como, eventos noturnos, certamente, uma cal\u00e7a que trar\u00e1 aten\u00e7\u00e3o pelo seu estilo \u00fanico.","breadcrumb":{"@id":"https:\/\/augustocamiseiro.com\/lojaweb\/produto\/calca-de-moletom\/#breadcrumb"},"inLanguage":"pt-BR","potentialAction":[{"@type":"ReadAction","target":["https:\/\/augustocamiseiro.com\/lojaweb\/produto\/calca-de-moletom\/"]}]},{"@type":"ImageObject","inLanguage":"pt-BR","@id":"https:\/\/augustocamiseiro.com\/lojaweb\/produto\/calca-de-moletom\/#primaryimage","url":"https:\/\/i0.wp.com\/augustocamiseiro.com\/lojaweb\/wp-content\/uploads\/2024\/10\/CALCA-MALHA-CINZA-CHUMBO-GROSSA-4087.jpg?fit=960%2C1200&ssl=1","contentUrl":"https:\/\/i0.wp.com\/augustocamiseiro.com\/lojaweb\/wp-content\/uploads\/2024\/10\/CALCA-MALHA-CINZA-CHUMBO-GROSSA-4087.jpg?fit=960%2C1200&ssl=1","width":960,"height":1200,"caption":"CAL\u00c7A MALHA CINZA CHUMBO"},{"@type":"BreadcrumbList","@id":"https:\/\/augustocamiseiro.com\/lojaweb\/produto\/calca-de-moletom\/#breadcrumb","itemListElement":[{"@type":"ListItem","position":1,"name":"In\u00edcio","item":"https:\/\/augustocamiseiro.com\/lojaweb\/"},{"@type":"ListItem","position":2,"name":"Shop","item":"https:\/\/augustocamiseiro.com\/lojaweb\/shop\/"},{"@type":"ListItem","position":3,"name":"Cal\u00e7a de Moletom Alfaiataria"}]},{"@type":"WebSite","@id":"https:\/\/augustocamiseiro.com\/lojaweb\/#website","url":"https:\/\/augustocamiseiro.com\/lojaweb\/","name":"Augusto Camiseiro","description":"Roupa Masculina","publisher":{"@id":"https:\/\/augustocamiseiro.com\/lojaweb\/#organization"},"potentialAction":[{"@type":"SearchAction","target":{"@type":"EntryPoint","urlTemplate":"https:\/\/augustocamiseiro.com\/lojaweb\/?s={search_term_string}"},"query-input":{"@type":"PropertyValueSpecification","valueRequired":true,"valueName":"search_term_string"}}],"inLanguage":"pt-BR"},{"@type":"Organization","@id":"https:\/\/augustocamiseiro.com\/lojaweb\/#organization","name":"Augusto Camiseiro","url":"https:\/\/augustocamiseiro.com\/lojaweb\/","logo":{"@type":"ImageObject","inLanguage":"pt-BR","@id":"https:\/\/augustocamiseiro.com\/lojaweb\/#\/schema\/logo\/image\/","url":"https:\/\/i0.wp.com\/augustocamiseiro.com\/lojaweb\/wp-content\/uploads\/2024\/04\/cropped-logo-augusto-white-1.png?fit=550%2C310&ssl=1","contentUrl":"https:\/\/i0.wp.com\/augustocamiseiro.com\/lojaweb\/wp-content\/uploads\/2024\/04\/cropped-logo-augusto-white-1.png?fit=550%2C310&ssl=1","width":550,"height":310,"caption":"Augusto Camiseiro"},"image":{"@id":"https:\/\/augustocamiseiro.com\/lojaweb\/#\/schema\/logo\/image\/"}}]}},"jetpack_sharing_enabled":true,"_links":{"self":[{"href":"https:\/\/augustocamiseiro.com\/lojaweb\/wp-json\/wp\/v2\/product\/26703","targetHints":{"allow":["GET"]}}],"collection":[{"href":"https:\/\/augustocamiseiro.com\/lojaweb\/wp-json\/wp\/v2\/product"}],"about":[{"href":"https:\/\/augustocamiseiro.com\/lojaweb\/wp-json\/wp\/v2\/types\/product"}],"replies":[{"embeddable":true,"href":"https:\/\/augustocamiseiro.com\/lojaweb\/wp-json\/wp\/v2\/comments?post=26703"}],"wp:featuredmedia":[{"embeddable":true,"href":"https:\/\/augustocamiseiro.com\/lojaweb\/wp-json\/wp\/v2\/media\/42329"}],"wp:attachment":[{"href":"https:\/\/augustocamiseiro.com\/lojaweb\/wp-json\/wp\/v2\/media?parent=26703"}],"wp:term":[{"taxonomy":"product_brand","embeddable":true,"href":"https:\/\/augustocamiseiro.com\/lojaweb\/wp-json\/wp\/v2\/product_brand?post=26703"},{"taxonomy":"product_cat","embeddable":true,"href":"https:\/\/augustocamiseiro.com\/lojaweb\/wp-json\/wp\/v2\/product_cat?post=26703"},{"taxonomy":"product_tag","embeddable":true,"href":"https:\/\/augustocamiseiro.com\/lojaweb\/wp-json\/wp\/v2\/product_tag?post=26703"}],"curies":[{"name":"wp","href":"https:\/\/api.w.org\/{rel}","templated":true}]}}