{"id":26385,"date":"2024-04-19T13:02:16","date_gmt":"2024-04-19T13:02:16","guid":{"rendered":"https:\/\/bsit.com.br\/loja\/?post_type=product&#038;p=26385"},"modified":"2026-04-15T20:41:30","modified_gmt":"2026-04-15T20:41:30","slug":"mocassim-camurca-liso","status":"publish","type":"product","link":"https:\/\/augustocamiseiro.com\/lojaweb\/produto\/mocassim-camurca-liso\/","title":{"rendered":"Mocassim Camur\u00e7a Liso"},"content":{"rendered":"<p>Mocassim de camur\u00e7a liso. Solado emborrachado e forro interno de couro. Sapato de camur\u00e7a. Look esportivo realmente diferenciado e elegante. Um sapato para usar em todas situa\u00e7\u00f5es, seja para trabalhar, assim como, para eventos festivos.<\/p>\n<p>&nbsp;<\/p>\n<p>&nbsp;<\/p>\n<p>&nbsp;<\/p>\n<p><span style=\"font-size: 14pt\"><strong>Cores<\/strong><\/span><\/p>\n<ul>\n<li><span style=\"color: #dbb793;font-size: 14pt\">Bege<\/span><\/li>\n<li><span style=\"color: #664b41;font-size: 14pt\">Marrom<\/span><\/li>\n<li><span style=\"color: #000080;font-size: 14pt\">Azul<\/span><\/li>\n<\/ul>\n<p>&nbsp;<\/p>\n<p>&nbsp;<\/p>\n<p><span style=\"font-size: 14pt\"><strong>Usos e Looks<\/strong><\/span><\/p>\n<p>&nbsp;<\/p>\n<p>Que tal uma bermudas claras, escuras ou <a href=\"https:\/\/augustocamiseiro.com\/lojaweb\/?product=bermuda-sarja-italian-blue\">azul<\/a> para combinar com este sapato? Ou at\u00e9 mesmo essa <a href=\"https:\/\/augustocamiseiro.com\/lojaweb\/?product=calca-sarja-chumbo\">cal\u00e7a chumbo<\/a> com uma <a href=\"https:\/\/augustocamiseiro.com\/lojaweb\/?product=camisa-azul-xadrez\">camisa xadrez azul pequeno<\/a> ou <a href=\"https:\/\/augustocamiseiro.com\/lojaweb\/?product=camisa-social-branca\">branca<\/a> para uma ocasi\u00e3o mais formal. <a href=\"https:\/\/augustocamiseiro.com\/lojaweb\/?product=polo-pima-marinho\">Camisetas Polo<\/a> com cores mais cl\u00e1ssicas, assim como, preta, cinza e branca.<\/p>\n<div><\/div>\n","protected":false},"excerpt":{"rendered":"<p>&nbsp;<\/p>\n<div>Mocassim de camur\u00e7a liso. Traz muito conforto e estilo para se usar em qualquer ocasi\u00e3o.<\/div>\n<div><\/div>\n<div><span style=\"font-size: 14pt;color: #ff0000\"><strong>\u00a0Cuidados para o seu mocassim<\/strong><\/span>:<\/div>\n<ul>\n<li>Utilizar escovas com cerdas bem macias, escovar com delicadeza, fazendo o movimentos para o mesmo sentido<\/li>\n<li>N\u00e3o secar no Sol ou m\u00e1quina<\/li>\n<li>Deix\u00e1-lo em um ambiente arejado<\/li>\n<\/ul>\n<div><\/div>\n","protected":false},"featured_media":26413,"comment_status":"open","ping_status":"closed","template":"","meta":{"_acf_changed":false},"product_brand":[],"product_cat":[1495],"product_tag":[325,1409,1410,1147,309,1411,1503,625,646,1412,312,1252,1413,1151,1414,649,1415,1254,1282,334,1416],"class_list":{"0":"post-26385","1":"product","2":"type-product","3":"status-publish","4":"has-post-thumbnail","6":"product_cat-mocassim","7":"product_tag-camurca","8":"product_tag-camurca-azul","9":"product_tag-camurca-bege","10":"product_tag-camurca-marrom","11":"product_tag-couro","12":"product_tag-couro-camurca","13":"product_tag-dia-dos-namorados","14":"product_tag-mocassim","15":"product_tag-mocassim-azul","16":"product_tag-mocassim-liso","17":"product_tag-sapato","18":"product_tag-sapato-azul","19":"product_tag-sapato-bege","20":"product_tag-sapato-camurca","21":"product_tag-sapato-couro-camurca","22":"product_tag-sapato-de-camurca","23":"product_tag-sapato-liso","24":"product_tag-sapato-marinho","25":"product_tag-sapato-marrom","26":"product_tag-sapato-social","27":"product_tag-solado-emborrachado","29":"first","30":"instock","31":"shipping-taxable","32":"purchasable","33":"product-type-variable"},"acf":[],"yoast_head":"<!-- This site is optimized with the Yoast SEO plugin v25.3.1 - https:\/\/yoast.com\/wordpress\/plugins\/seo\/ -->\n<title>Mocassim Camur\u00e7a Liso - Augusto Camiseiro<\/title>\n<meta name=\"description\" content=\"mocassim camur\u00e7a liso. Um sapato para situa\u00e7\u00f5es casuais, assim como, para trabalho. Elegante e trazendo muito conforto.\" \/>\n<meta name=\"robots\" content=\"index, follow, max-snippet:-1, max-image-preview:large, max-video-preview:-1\" \/>\n<link rel=\"canonical\" href=\"https:\/\/augustocamiseiro.com\/lojaweb\/produto\/mocassim-camurca-liso\/\" \/>\n<meta property=\"og:locale\" content=\"pt_BR\" \/>\n<meta property=\"og:type\" content=\"article\" \/>\n<meta property=\"og:title\" content=\"Mocassim Camur\u00e7a Liso - Augusto Camiseiro\" \/>\n<meta property=\"og:description\" content=\"mocassim camur\u00e7a liso. Um sapato para situa\u00e7\u00f5es casuais, assim como, para trabalho. Elegante e trazendo muito conforto.\" \/>\n<meta property=\"og:url\" content=\"https:\/\/augustocamiseiro.com\/lojaweb\/produto\/mocassim-camurca-liso\/\" \/>\n<meta property=\"og:site_name\" content=\"Augusto Camiseiro\" \/>\n<meta property=\"article:modified_time\" content=\"2026-04-15T20:41:30+00:00\" \/>\n<meta property=\"og:image\" content=\"https:\/\/augustocamiseiro.com\/lojaweb\/wp-content\/uploads\/2024\/04\/sapato-camurca-azul-marlin-liso-4161.jpg\" \/>\n\t<meta property=\"og:image:width\" content=\"1000\" \/>\n\t<meta property=\"og:image:height\" content=\"1000\" \/>\n\t<meta property=\"og:image:type\" content=\"image\/jpeg\" \/>\n<meta name=\"twitter:card\" content=\"summary_large_image\" \/>\n<meta name=\"twitter:label1\" content=\"Est. tempo de leitura\" \/>\n\t<meta name=\"twitter:data1\" content=\"1 minuto\" \/>\n<!-- \/ Yoast SEO plugin. -->","yoast_head_json":{"title":"Mocassim Camur\u00e7a Liso - Augusto Camiseiro","description":"mocassim camur\u00e7a liso. Um sapato para situa\u00e7\u00f5es casuais, assim como, para trabalho. Elegante e trazendo muito conforto.","robots":{"index":"index","follow":"follow","max-snippet":"max-snippet:-1","max-image-preview":"max-image-preview:large","max-video-preview":"max-video-preview:-1"},"canonical":"https:\/\/augustocamiseiro.com\/lojaweb\/produto\/mocassim-camurca-liso\/","og_locale":"pt_BR","og_type":"article","og_title":"Mocassim Camur\u00e7a Liso - Augusto Camiseiro","og_description":"mocassim camur\u00e7a liso. Um sapato para situa\u00e7\u00f5es casuais, assim como, para trabalho. Elegante e trazendo muito conforto.","og_url":"https:\/\/augustocamiseiro.com\/lojaweb\/produto\/mocassim-camurca-liso\/","og_site_name":"Augusto Camiseiro","article_modified_time":"2026-04-15T20:41:30+00:00","og_image":[{"width":1000,"height":1000,"url":"https:\/\/augustocamiseiro.com\/lojaweb\/wp-content\/uploads\/2024\/04\/sapato-camurca-azul-marlin-liso-4161.jpg","type":"image\/jpeg"}],"twitter_card":"summary_large_image","twitter_misc":{"Est. tempo de leitura":"1 minuto"},"schema":{"@context":"https:\/\/schema.org","@graph":[{"@type":"WebPage","@id":"https:\/\/augustocamiseiro.com\/lojaweb\/produto\/mocassim-camurca-liso\/","url":"https:\/\/augustocamiseiro.com\/lojaweb\/produto\/mocassim-camurca-liso\/","name":"Mocassim Camur\u00e7a Liso - Augusto Camiseiro","isPartOf":{"@id":"https:\/\/augustocamiseiro.com\/lojaweb\/#website"},"primaryImageOfPage":{"@id":"https:\/\/augustocamiseiro.com\/lojaweb\/produto\/mocassim-camurca-liso\/#primaryimage"},"image":{"@id":"https:\/\/augustocamiseiro.com\/lojaweb\/produto\/mocassim-camurca-liso\/#primaryimage"},"thumbnailUrl":"https:\/\/i0.wp.com\/augustocamiseiro.com\/lojaweb\/wp-content\/uploads\/2024\/04\/sapato-camurca-azul-marlin-liso-4161.jpg?fit=1000%2C1000&ssl=1","datePublished":"2024-04-19T13:02:16+00:00","dateModified":"2026-04-15T20:41:30+00:00","description":"mocassim camur\u00e7a liso. Um sapato para situa\u00e7\u00f5es casuais, assim como, para trabalho. Elegante e trazendo muito conforto.","breadcrumb":{"@id":"https:\/\/augustocamiseiro.com\/lojaweb\/produto\/mocassim-camurca-liso\/#breadcrumb"},"inLanguage":"pt-BR","potentialAction":[{"@type":"ReadAction","target":["https:\/\/augustocamiseiro.com\/lojaweb\/produto\/mocassim-camurca-liso\/"]}]},{"@type":"ImageObject","inLanguage":"pt-BR","@id":"https:\/\/augustocamiseiro.com\/lojaweb\/produto\/mocassim-camurca-liso\/#primaryimage","url":"https:\/\/i0.wp.com\/augustocamiseiro.com\/lojaweb\/wp-content\/uploads\/2024\/04\/sapato-camurca-azul-marlin-liso-4161.jpg?fit=1000%2C1000&ssl=1","contentUrl":"https:\/\/i0.wp.com\/augustocamiseiro.com\/lojaweb\/wp-content\/uploads\/2024\/04\/sapato-camurca-azul-marlin-liso-4161.jpg?fit=1000%2C1000&ssl=1","width":1000,"height":1000,"caption":"Sapato Camur\u00e7a Azul Marlin"},{"@type":"BreadcrumbList","@id":"https:\/\/augustocamiseiro.com\/lojaweb\/produto\/mocassim-camurca-liso\/#breadcrumb","itemListElement":[{"@type":"ListItem","position":1,"name":"In\u00edcio","item":"https:\/\/augustocamiseiro.com\/lojaweb\/"},{"@type":"ListItem","position":2,"name":"Shop","item":"https:\/\/augustocamiseiro.com\/lojaweb\/shop\/"},{"@type":"ListItem","position":3,"name":"Mocassim Camur\u00e7a Liso"}]},{"@type":"WebSite","@id":"https:\/\/augustocamiseiro.com\/lojaweb\/#website","url":"https:\/\/augustocamiseiro.com\/lojaweb\/","name":"Augusto Camiseiro","description":"Roupa Masculina","publisher":{"@id":"https:\/\/augustocamiseiro.com\/lojaweb\/#organization"},"potentialAction":[{"@type":"SearchAction","target":{"@type":"EntryPoint","urlTemplate":"https:\/\/augustocamiseiro.com\/lojaweb\/?s={search_term_string}"},"query-input":{"@type":"PropertyValueSpecification","valueRequired":true,"valueName":"search_term_string"}}],"inLanguage":"pt-BR"},{"@type":"Organization","@id":"https:\/\/augustocamiseiro.com\/lojaweb\/#organization","name":"Augusto Camiseiro","url":"https:\/\/augustocamiseiro.com\/lojaweb\/","logo":{"@type":"ImageObject","inLanguage":"pt-BR","@id":"https:\/\/augustocamiseiro.com\/lojaweb\/#\/schema\/logo\/image\/","url":"https:\/\/i0.wp.com\/augustocamiseiro.com\/lojaweb\/wp-content\/uploads\/2024\/04\/cropped-logo-augusto-white-1.png?fit=550%2C310&ssl=1","contentUrl":"https:\/\/i0.wp.com\/augustocamiseiro.com\/lojaweb\/wp-content\/uploads\/2024\/04\/cropped-logo-augusto-white-1.png?fit=550%2C310&ssl=1","width":550,"height":310,"caption":"Augusto Camiseiro"},"image":{"@id":"https:\/\/augustocamiseiro.com\/lojaweb\/#\/schema\/logo\/image\/"}}]}},"jetpack_sharing_enabled":true,"_links":{"self":[{"href":"https:\/\/augustocamiseiro.com\/lojaweb\/wp-json\/wp\/v2\/product\/26385","targetHints":{"allow":["GET"]}}],"collection":[{"href":"https:\/\/augustocamiseiro.com\/lojaweb\/wp-json\/wp\/v2\/product"}],"about":[{"href":"https:\/\/augustocamiseiro.com\/lojaweb\/wp-json\/wp\/v2\/types\/product"}],"replies":[{"embeddable":true,"href":"https:\/\/augustocamiseiro.com\/lojaweb\/wp-json\/wp\/v2\/comments?post=26385"}],"wp:featuredmedia":[{"embeddable":true,"href":"https:\/\/augustocamiseiro.com\/lojaweb\/wp-json\/wp\/v2\/media\/26413"}],"wp:attachment":[{"href":"https:\/\/augustocamiseiro.com\/lojaweb\/wp-json\/wp\/v2\/media?parent=26385"}],"wp:term":[{"taxonomy":"product_brand","embeddable":true,"href":"https:\/\/augustocamiseiro.com\/lojaweb\/wp-json\/wp\/v2\/product_brand?post=26385"},{"taxonomy":"product_cat","embeddable":true,"href":"https:\/\/augustocamiseiro.com\/lojaweb\/wp-json\/wp\/v2\/product_cat?post=26385"},{"taxonomy":"product_tag","embeddable":true,"href":"https:\/\/augustocamiseiro.com\/lojaweb\/wp-json\/wp\/v2\/product_tag?post=26385"}],"curies":[{"name":"wp","href":"https:\/\/api.w.org\/{rel}","templated":true}]}}