{"id":26351,"date":"2024-04-19T13:01:12","date_gmt":"2024-04-19T13:01:12","guid":{"rendered":"https:\/\/bsit.com.br\/loja\/?post_type=product&#038;p=26351"},"modified":"2026-04-15T20:41:11","modified_gmt":"2026-04-15T20:41:11","slug":"alpargata-masculina","status":"publish","type":"product","link":"https:\/\/augustocamiseiro.com\/lojaweb\/produto\/alpargata-masculina\/","title":{"rendered":"Alpargata Masculina"},"content":{"rendered":"<p>Com a chegada do ver\u00e3o, nada melhor do que usar nossa alpargata masculina ; um cal\u00e7ado leve, confort\u00e1vel e estiloso. Op\u00e7\u00f5es nas cores azul, bege e verde.<\/p>\n<p>Essa alpargata masculina \u00e9 um item com a cara do Brasil e fabricada aqui mesmo. Um genu\u00edno Made in Brazil com qualidade, estilo, conforto e consumo consciente.<\/p>\n<p>&nbsp;<\/p>\n<p><strong>Composi\u00e7\u00e3o: <\/strong>Material de camur\u00e7a com couro nas extremidades e solado de juta biodegrad\u00e1vel emborrachado.<\/p>\n<p>&nbsp;<\/p>\n<p><strong>Juta: <\/strong>\u00c9 uma fibra natural e biodegrad\u00e1vel, que usada no solado anat\u00f4mico emborrachado, propicia permanente ventila\u00e7\u00e3o dos p\u00e9s e descarga de energia est\u00e1tica acumulada pelo corpo.<\/p>\n<p>&nbsp;<\/p>\n<p><strong>Looks<\/strong><strong>: <\/strong>Use com roupas leves, bermudas, camisetas, camisas e cal\u00e7as de linho e camisas esportivas.<\/p>\n<p>&nbsp;<\/p>\n<blockquote><p><span style=\"color: #ff0000;font-size: 14pt\"><strong>Cuidados|: <\/strong><em><span style=\"color: #000000\">Ap\u00f3s o uso, o cal\u00e7ado deve permancer em um ambiente fresco, ventilado, para eliminar a umidade da transpira\u00e7\u00e3o.\u00a0<\/span><\/em><\/span><\/p>\n<ul>\n<li><span style=\"font-size: 14pt\"><em><strong>Limpeza: <\/strong>escovagem com produtos para <\/em><em>lavagem \u00e0 seco ap\u00f3s o uso. <strong><span style=\"color: #ff0000\">N\u00c3O MOLHAR O CAL\u00c7ADO<span style=\"color: #000000\">.<\/span><\/span><\/strong><\/em><\/span><\/li>\n<\/ul>\n<\/blockquote>\n","protected":false},"excerpt":{"rendered":"<p>A perfeita escolha para o ver\u00e3o, tanto em\u00a0 eventos casuais ou festivos \u00e9 nossa alpargata masculina. Seu solado feito em fibra natural e biodegrad\u00e1vel, traz um aspecto r\u00fastico e casual. Item perfeito que alia conforto e estilo, al\u00e9m de consumo consciente.<\/p>\n<p>As alpargatas s\u00e3o confeccionadas artesanalmente no Brasil. S\u00e3o usados somente materiais naturais, e por isso, podem apresentar pequenas varia\u00e7\u00f5es nas costuras manuais, assim como no urdume do solado.<\/p>\n","protected":false},"featured_media":26387,"comment_status":"open","ping_status":"closed","template":"","meta":{"_acf_changed":false},"product_brand":[],"product_cat":[1494],"product_tag":[1393,1394,1395,1396,1397,1398,1399,325,1400,1401,309,1402,1403,2443,1404,1405,1406,1407,1408],"class_list":{"0":"post-26351","1":"product","2":"type-product","3":"status-publish","4":"has-post-thumbnail","6":"product_cat-alpargatas","7":"product_tag-alpargata-azul","8":"product_tag-alpargata-bege","9":"product_tag-alpargata-de-juta","10":"product_tag-alpargata-verde","11":"product_tag-alpargatas","12":"product_tag-artesanal","13":"product_tag-borracha","14":"product_tag-camurca","15":"product_tag-chinelo","16":"product_tag-corda","17":"product_tag-couro","18":"product_tag-flip-flops","19":"product_tag-juta","20":"product_tag-look-verao-augusto-001","21":"product_tag-made-in-brazil","22":"product_tag-material-natural","23":"product_tag-moda-masculina","24":"product_tag-sandalia","25":"product_tag-verao","27":"first","28":"instock","29":"taxable","30":"shipping-taxable","31":"purchasable","32":"product-type-variable"},"acf":[],"yoast_head":"<!-- This site is optimized with the Yoast SEO plugin v25.3.1 - https:\/\/yoast.com\/wordpress\/plugins\/seo\/ -->\n<title>Alpargata Masculina - Augusto Camiseiro<\/title>\n<meta name=\"description\" content=\"Alpargata masculina. Use em momentos de lazer como ir \u00e0 praia ou at\u00e9 em festas mais casuais. Alpargata de camur\u00e7a, solado anat\u00f4mico de juta emborrachado.\" \/>\n<meta name=\"robots\" content=\"index, follow, max-snippet:-1, max-image-preview:large, max-video-preview:-1\" \/>\n<link rel=\"canonical\" href=\"https:\/\/augustocamiseiro.com\/lojaweb\/produto\/alpargata-masculina\/\" \/>\n<meta property=\"og:locale\" content=\"pt_BR\" \/>\n<meta property=\"og:type\" content=\"article\" \/>\n<meta property=\"og:title\" content=\"Alpargata Masculina - Augusto Camiseiro\" \/>\n<meta property=\"og:description\" content=\"Alpargata masculina. Use em momentos de lazer como ir \u00e0 praia ou at\u00e9 em festas mais casuais. Alpargata de camur\u00e7a, solado anat\u00f4mico de juta emborrachado.\" \/>\n<meta property=\"og:url\" content=\"https:\/\/augustocamiseiro.com\/lojaweb\/produto\/alpargata-masculina\/\" \/>\n<meta property=\"og:site_name\" content=\"Augusto Camiseiro\" \/>\n<meta property=\"article:modified_time\" content=\"2026-04-15T20:41:11+00:00\" \/>\n<meta property=\"og:image\" content=\"https:\/\/augustocamiseiro.com\/lojaweb\/wp-content\/uploads\/2024\/04\/Alpargatas-bege-3117.jpg\" \/>\n\t<meta property=\"og:image:width\" content=\"1000\" \/>\n\t<meta property=\"og:image:height\" content=\"1000\" \/>\n\t<meta property=\"og:image:type\" content=\"image\/jpeg\" \/>\n<meta name=\"twitter:card\" content=\"summary_large_image\" \/>\n<meta name=\"twitter:label1\" content=\"Est. tempo de leitura\" \/>\n\t<meta name=\"twitter:data1\" content=\"1 minuto\" \/>\n<!-- \/ Yoast SEO plugin. -->","yoast_head_json":{"title":"Alpargata Masculina - Augusto Camiseiro","description":"Alpargata masculina. Use em momentos de lazer como ir \u00e0 praia ou at\u00e9 em festas mais casuais. Alpargata de camur\u00e7a, solado anat\u00f4mico de juta emborrachado.","robots":{"index":"index","follow":"follow","max-snippet":"max-snippet:-1","max-image-preview":"max-image-preview:large","max-video-preview":"max-video-preview:-1"},"canonical":"https:\/\/augustocamiseiro.com\/lojaweb\/produto\/alpargata-masculina\/","og_locale":"pt_BR","og_type":"article","og_title":"Alpargata Masculina - Augusto Camiseiro","og_description":"Alpargata masculina. Use em momentos de lazer como ir \u00e0 praia ou at\u00e9 em festas mais casuais. Alpargata de camur\u00e7a, solado anat\u00f4mico de juta emborrachado.","og_url":"https:\/\/augustocamiseiro.com\/lojaweb\/produto\/alpargata-masculina\/","og_site_name":"Augusto Camiseiro","article_modified_time":"2026-04-15T20:41:11+00:00","og_image":[{"width":1000,"height":1000,"url":"https:\/\/augustocamiseiro.com\/lojaweb\/wp-content\/uploads\/2024\/04\/Alpargatas-bege-3117.jpg","type":"image\/jpeg"}],"twitter_card":"summary_large_image","twitter_misc":{"Est. tempo de leitura":"1 minuto"},"schema":{"@context":"https:\/\/schema.org","@graph":[{"@type":"WebPage","@id":"https:\/\/augustocamiseiro.com\/lojaweb\/produto\/alpargata-masculina\/","url":"https:\/\/augustocamiseiro.com\/lojaweb\/produto\/alpargata-masculina\/","name":"Alpargata Masculina - Augusto Camiseiro","isPartOf":{"@id":"https:\/\/augustocamiseiro.com\/lojaweb\/#website"},"primaryImageOfPage":{"@id":"https:\/\/augustocamiseiro.com\/lojaweb\/produto\/alpargata-masculina\/#primaryimage"},"image":{"@id":"https:\/\/augustocamiseiro.com\/lojaweb\/produto\/alpargata-masculina\/#primaryimage"},"thumbnailUrl":"https:\/\/i0.wp.com\/augustocamiseiro.com\/lojaweb\/wp-content\/uploads\/2024\/04\/Alpargatas-bege-3117.jpg?fit=1000%2C1000&ssl=1","datePublished":"2024-04-19T13:01:12+00:00","dateModified":"2026-04-15T20:41:11+00:00","description":"Alpargata masculina. Use em momentos de lazer como ir \u00e0 praia ou at\u00e9 em festas mais casuais. Alpargata de camur\u00e7a, solado anat\u00f4mico de juta emborrachado.","breadcrumb":{"@id":"https:\/\/augustocamiseiro.com\/lojaweb\/produto\/alpargata-masculina\/#breadcrumb"},"inLanguage":"pt-BR","potentialAction":[{"@type":"ReadAction","target":["https:\/\/augustocamiseiro.com\/lojaweb\/produto\/alpargata-masculina\/"]}]},{"@type":"ImageObject","inLanguage":"pt-BR","@id":"https:\/\/augustocamiseiro.com\/lojaweb\/produto\/alpargata-masculina\/#primaryimage","url":"https:\/\/i0.wp.com\/augustocamiseiro.com\/lojaweb\/wp-content\/uploads\/2024\/04\/Alpargatas-bege-3117.jpg?fit=1000%2C1000&ssl=1","contentUrl":"https:\/\/i0.wp.com\/augustocamiseiro.com\/lojaweb\/wp-content\/uploads\/2024\/04\/Alpargatas-bege-3117.jpg?fit=1000%2C1000&ssl=1","width":1000,"height":1000},{"@type":"BreadcrumbList","@id":"https:\/\/augustocamiseiro.com\/lojaweb\/produto\/alpargata-masculina\/#breadcrumb","itemListElement":[{"@type":"ListItem","position":1,"name":"In\u00edcio","item":"https:\/\/augustocamiseiro.com\/lojaweb\/"},{"@type":"ListItem","position":2,"name":"Shop","item":"https:\/\/augustocamiseiro.com\/lojaweb\/shop\/"},{"@type":"ListItem","position":3,"name":"Alpargata Masculina"}]},{"@type":"WebSite","@id":"https:\/\/augustocamiseiro.com\/lojaweb\/#website","url":"https:\/\/augustocamiseiro.com\/lojaweb\/","name":"Augusto Camiseiro","description":"Roupa Masculina","publisher":{"@id":"https:\/\/augustocamiseiro.com\/lojaweb\/#organization"},"potentialAction":[{"@type":"SearchAction","target":{"@type":"EntryPoint","urlTemplate":"https:\/\/augustocamiseiro.com\/lojaweb\/?s={search_term_string}"},"query-input":{"@type":"PropertyValueSpecification","valueRequired":true,"valueName":"search_term_string"}}],"inLanguage":"pt-BR"},{"@type":"Organization","@id":"https:\/\/augustocamiseiro.com\/lojaweb\/#organization","name":"Augusto Camiseiro","url":"https:\/\/augustocamiseiro.com\/lojaweb\/","logo":{"@type":"ImageObject","inLanguage":"pt-BR","@id":"https:\/\/augustocamiseiro.com\/lojaweb\/#\/schema\/logo\/image\/","url":"https:\/\/i0.wp.com\/augustocamiseiro.com\/lojaweb\/wp-content\/uploads\/2024\/04\/cropped-logo-augusto-white-1.png?fit=550%2C310&ssl=1","contentUrl":"https:\/\/i0.wp.com\/augustocamiseiro.com\/lojaweb\/wp-content\/uploads\/2024\/04\/cropped-logo-augusto-white-1.png?fit=550%2C310&ssl=1","width":550,"height":310,"caption":"Augusto Camiseiro"},"image":{"@id":"https:\/\/augustocamiseiro.com\/lojaweb\/#\/schema\/logo\/image\/"}}]}},"jetpack_sharing_enabled":true,"_links":{"self":[{"href":"https:\/\/augustocamiseiro.com\/lojaweb\/wp-json\/wp\/v2\/product\/26351","targetHints":{"allow":["GET"]}}],"collection":[{"href":"https:\/\/augustocamiseiro.com\/lojaweb\/wp-json\/wp\/v2\/product"}],"about":[{"href":"https:\/\/augustocamiseiro.com\/lojaweb\/wp-json\/wp\/v2\/types\/product"}],"replies":[{"embeddable":true,"href":"https:\/\/augustocamiseiro.com\/lojaweb\/wp-json\/wp\/v2\/comments?post=26351"}],"wp:featuredmedia":[{"embeddable":true,"href":"https:\/\/augustocamiseiro.com\/lojaweb\/wp-json\/wp\/v2\/media\/26387"}],"wp:attachment":[{"href":"https:\/\/augustocamiseiro.com\/lojaweb\/wp-json\/wp\/v2\/media?parent=26351"}],"wp:term":[{"taxonomy":"product_brand","embeddable":true,"href":"https:\/\/augustocamiseiro.com\/lojaweb\/wp-json\/wp\/v2\/product_brand?post=26351"},{"taxonomy":"product_cat","embeddable":true,"href":"https:\/\/augustocamiseiro.com\/lojaweb\/wp-json\/wp\/v2\/product_cat?post=26351"},{"taxonomy":"product_tag","embeddable":true,"href":"https:\/\/augustocamiseiro.com\/lojaweb\/wp-json\/wp\/v2\/product_tag?post=26351"}],"curies":[{"name":"wp","href":"https:\/\/api.w.org\/{rel}","templated":true}]}}