{"id":26342,"date":"2024-04-19T12:59:49","date_gmt":"2024-04-19T12:59:49","guid":{"rendered":"https:\/\/bsit.com.br\/loja\/?post_type=product&#038;p=26342"},"modified":"2026-04-15T20:41:01","modified_gmt":"2026-04-15T20:41:01","slug":"calca-branca-algodao-com-viscose","status":"publish","type":"product","link":"https:\/\/augustocamiseiro.com\/lojaweb\/produto\/calca-branca-algodao-com-viscose\/","title":{"rendered":"Cal\u00e7a Branca Algod\u00e3o com Viscose"},"content":{"rendered":"<p>Cal\u00e7a masculina branca, feita com algod\u00e3o e viscose. Uma excelente escolha para dias mais frescos, assim como, eventos diurnos e noturnos. Essa cal\u00e7a possui um tecido texturizado, dando um maior destaque das demais. Cal\u00e7a fabricada no Brasil.<\/p>\n<p>&nbsp;<\/p>\n<p><strong>Composi\u00e7\u00e3o:<\/strong><\/p>\n<ul>\n<li>Viscose: 60%<\/li>\n<li>Algod\u00e3o: 40%<\/li>\n<li>Forro de bolso: 100% algod\u00e3o<\/li>\n<\/ul>\n<p>&nbsp;<\/p>\n<p><span style=\"font-size: 12pt\"><strong>Usos e looks:<\/strong><\/span><\/p>\n<p>Por ser uma cal\u00e7a bem vers\u00e1til, fica a crit\u00e9rio de cada um a melhor op\u00e7\u00e3o de combina\u00e7\u00e3o. Tem um caimento interessante com <a href=\"https:\/\/augustocamiseiro.com\/lojaweb\/?product=camiseta-pima\">camiseta pima<\/a>, <a href=\"https:\/\/augustocamiseiro.com\/lojaweb\/?product=polo-pima-sem-botao\">polo<\/a>, da mesma forma que, <a href=\"https:\/\/augustocamiseiro.com\/lojaweb\/?product=camisa-linho-bege\">camisa de linho<\/a> ter\u00e1 uma bel\u00edssima jun\u00e7\u00e3o. Experimente <a href=\"https:\/\/augustocamiseiro.com\/lojaweb\/?product=sapatenis-couro-preto\">sapat\u00eanis<\/a> para um visual moderno e bonito.<\/p>\n","protected":false},"excerpt":{"rendered":"<p>Cal\u00e7a Branca Algod\u00e3o com Viscose. Conforto e leveza para diversas ocasi\u00f5es. Tecido com 40% algod\u00e3o e 60% viscose. Tecido texturizado e muito macio.<\/p>\n","protected":false},"featured_media":50720,"comment_status":"open","ping_status":"closed","template":"","meta":{"_acf_changed":false},"product_brand":[],"product_cat":[362],"product_tag":[1195,409,1386,1384,1387,1388,1389,1292,1390,1391,1392],"class_list":{"0":"post-26342","1":"product","2":"type-product","3":"status-publish","4":"has-post-thumbnail","6":"product_cat-calcas","7":"product_tag-algodao","8":"product_tag-calca","9":"product_tag-calca-algodao","10":"product_tag-calca-branca","11":"product_tag-calca-branca-algodao","12":"product_tag-calca-branca-masculina","13":"product_tag-calca-branca-viscose","14":"product_tag-calca-masculina","15":"product_tag-calca-texturizada","16":"product_tag-calca-viscose","17":"product_tag-viscose","19":"first","20":"instock","21":"taxable","22":"shipping-taxable","23":"purchasable","24":"product-type-variable"},"acf":[],"yoast_head":"<!-- This site is optimized with the Yoast SEO plugin v25.3.1 - https:\/\/yoast.com\/wordpress\/plugins\/seo\/ -->\n<title>Cal\u00e7a Branca Algod\u00e3o com Viscose - Augusto Camiseiro<\/title>\n<meta name=\"description\" content=\"Cal\u00e7a Branca Algod\u00e3o com Viscose. Composi\u00e7\u00e3o 40% algod\u00e3o e 60% viscose. Cal\u00e7a leve com toque muito macio e agrad\u00e1vel. Pe\u00e7a refinada e diferenciada.\" \/>\n<meta name=\"robots\" content=\"index, follow, max-snippet:-1, max-image-preview:large, max-video-preview:-1\" \/>\n<link rel=\"canonical\" href=\"https:\/\/augustocamiseiro.com\/lojaweb\/produto\/calca-branca-algodao-com-viscose\/\" \/>\n<meta property=\"og:locale\" content=\"pt_BR\" \/>\n<meta property=\"og:type\" content=\"article\" \/>\n<meta property=\"og:title\" content=\"Cal\u00e7a Branca Algod\u00e3o com Viscose - Augusto Camiseiro\" \/>\n<meta property=\"og:description\" content=\"Cal\u00e7a Branca Algod\u00e3o com Viscose. Composi\u00e7\u00e3o 40% algod\u00e3o e 60% viscose. Cal\u00e7a leve com toque muito macio e agrad\u00e1vel. Pe\u00e7a refinada e diferenciada.\" \/>\n<meta property=\"og:url\" content=\"https:\/\/augustocamiseiro.com\/lojaweb\/produto\/calca-branca-algodao-com-viscose\/\" \/>\n<meta property=\"og:site_name\" content=\"Augusto Camiseiro\" \/>\n<meta property=\"article:modified_time\" content=\"2026-04-15T20:41:01+00:00\" \/>\n<meta property=\"og:image\" content=\"https:\/\/augustocamiseiro.com\/lojaweb\/wp-content\/uploads\/2024\/04\/calca-branca-algodao-4084_webp.webp\" \/>\n\t<meta property=\"og:image:width\" content=\"1200\" \/>\n\t<meta property=\"og:image:height\" content=\"1500\" \/>\n\t<meta property=\"og:image:type\" content=\"image\/webp\" \/>\n<meta name=\"twitter:card\" content=\"summary_large_image\" \/>\n<meta name=\"twitter:label1\" content=\"Est. tempo de leitura\" \/>\n\t<meta name=\"twitter:data1\" content=\"1 minuto\" \/>\n<!-- \/ Yoast SEO plugin. -->","yoast_head_json":{"title":"Cal\u00e7a Branca Algod\u00e3o com Viscose - Augusto Camiseiro","description":"Cal\u00e7a Branca Algod\u00e3o com Viscose. Composi\u00e7\u00e3o 40% algod\u00e3o e 60% viscose. Cal\u00e7a leve com toque muito macio e agrad\u00e1vel. Pe\u00e7a refinada e diferenciada.","robots":{"index":"index","follow":"follow","max-snippet":"max-snippet:-1","max-image-preview":"max-image-preview:large","max-video-preview":"max-video-preview:-1"},"canonical":"https:\/\/augustocamiseiro.com\/lojaweb\/produto\/calca-branca-algodao-com-viscose\/","og_locale":"pt_BR","og_type":"article","og_title":"Cal\u00e7a Branca Algod\u00e3o com Viscose - Augusto Camiseiro","og_description":"Cal\u00e7a Branca Algod\u00e3o com Viscose. Composi\u00e7\u00e3o 40% algod\u00e3o e 60% viscose. Cal\u00e7a leve com toque muito macio e agrad\u00e1vel. Pe\u00e7a refinada e diferenciada.","og_url":"https:\/\/augustocamiseiro.com\/lojaweb\/produto\/calca-branca-algodao-com-viscose\/","og_site_name":"Augusto Camiseiro","article_modified_time":"2026-04-15T20:41:01+00:00","og_image":[{"width":1200,"height":1500,"url":"https:\/\/augustocamiseiro.com\/lojaweb\/wp-content\/uploads\/2024\/04\/calca-branca-algodao-4084_webp.webp","type":"image\/webp"}],"twitter_card":"summary_large_image","twitter_misc":{"Est. tempo de leitura":"1 minuto"},"schema":{"@context":"https:\/\/schema.org","@graph":[{"@type":"WebPage","@id":"https:\/\/augustocamiseiro.com\/lojaweb\/produto\/calca-branca-algodao-com-viscose\/","url":"https:\/\/augustocamiseiro.com\/lojaweb\/produto\/calca-branca-algodao-com-viscose\/","name":"Cal\u00e7a Branca Algod\u00e3o com Viscose - Augusto Camiseiro","isPartOf":{"@id":"https:\/\/augustocamiseiro.com\/lojaweb\/#website"},"primaryImageOfPage":{"@id":"https:\/\/augustocamiseiro.com\/lojaweb\/produto\/calca-branca-algodao-com-viscose\/#primaryimage"},"image":{"@id":"https:\/\/augustocamiseiro.com\/lojaweb\/produto\/calca-branca-algodao-com-viscose\/#primaryimage"},"thumbnailUrl":"https:\/\/i0.wp.com\/augustocamiseiro.com\/lojaweb\/wp-content\/uploads\/2024\/04\/calca-branca-algodao-4084_webp.webp?fit=1200%2C1500&ssl=1","datePublished":"2024-04-19T12:59:49+00:00","dateModified":"2026-04-15T20:41:01+00:00","description":"Cal\u00e7a Branca Algod\u00e3o com Viscose. Composi\u00e7\u00e3o 40% algod\u00e3o e 60% viscose. Cal\u00e7a leve com toque muito macio e agrad\u00e1vel. Pe\u00e7a refinada e diferenciada.","breadcrumb":{"@id":"https:\/\/augustocamiseiro.com\/lojaweb\/produto\/calca-branca-algodao-com-viscose\/#breadcrumb"},"inLanguage":"pt-BR","potentialAction":[{"@type":"ReadAction","target":["https:\/\/augustocamiseiro.com\/lojaweb\/produto\/calca-branca-algodao-com-viscose\/"]}]},{"@type":"ImageObject","inLanguage":"pt-BR","@id":"https:\/\/augustocamiseiro.com\/lojaweb\/produto\/calca-branca-algodao-com-viscose\/#primaryimage","url":"https:\/\/i0.wp.com\/augustocamiseiro.com\/lojaweb\/wp-content\/uploads\/2024\/04\/calca-branca-algodao-4084_webp.webp?fit=1200%2C1500&ssl=1","contentUrl":"https:\/\/i0.wp.com\/augustocamiseiro.com\/lojaweb\/wp-content\/uploads\/2024\/04\/calca-branca-algodao-4084_webp.webp?fit=1200%2C1500&ssl=1","width":1200,"height":1500,"caption":"calca-branca-algodao"},{"@type":"BreadcrumbList","@id":"https:\/\/augustocamiseiro.com\/lojaweb\/produto\/calca-branca-algodao-com-viscose\/#breadcrumb","itemListElement":[{"@type":"ListItem","position":1,"name":"In\u00edcio","item":"https:\/\/augustocamiseiro.com\/lojaweb\/"},{"@type":"ListItem","position":2,"name":"Shop","item":"https:\/\/augustocamiseiro.com\/lojaweb\/shop\/"},{"@type":"ListItem","position":3,"name":"Cal\u00e7a Branca Algod\u00e3o com Viscose"}]},{"@type":"WebSite","@id":"https:\/\/augustocamiseiro.com\/lojaweb\/#website","url":"https:\/\/augustocamiseiro.com\/lojaweb\/","name":"Augusto Camiseiro","description":"Roupa Masculina","publisher":{"@id":"https:\/\/augustocamiseiro.com\/lojaweb\/#organization"},"potentialAction":[{"@type":"SearchAction","target":{"@type":"EntryPoint","urlTemplate":"https:\/\/augustocamiseiro.com\/lojaweb\/?s={search_term_string}"},"query-input":{"@type":"PropertyValueSpecification","valueRequired":true,"valueName":"search_term_string"}}],"inLanguage":"pt-BR"},{"@type":"Organization","@id":"https:\/\/augustocamiseiro.com\/lojaweb\/#organization","name":"Augusto Camiseiro","url":"https:\/\/augustocamiseiro.com\/lojaweb\/","logo":{"@type":"ImageObject","inLanguage":"pt-BR","@id":"https:\/\/augustocamiseiro.com\/lojaweb\/#\/schema\/logo\/image\/","url":"https:\/\/i0.wp.com\/augustocamiseiro.com\/lojaweb\/wp-content\/uploads\/2024\/04\/cropped-logo-augusto-white-1.png?fit=550%2C310&ssl=1","contentUrl":"https:\/\/i0.wp.com\/augustocamiseiro.com\/lojaweb\/wp-content\/uploads\/2024\/04\/cropped-logo-augusto-white-1.png?fit=550%2C310&ssl=1","width":550,"height":310,"caption":"Augusto Camiseiro"},"image":{"@id":"https:\/\/augustocamiseiro.com\/lojaweb\/#\/schema\/logo\/image\/"}}]}},"jetpack_sharing_enabled":true,"_links":{"self":[{"href":"https:\/\/augustocamiseiro.com\/lojaweb\/wp-json\/wp\/v2\/product\/26342","targetHints":{"allow":["GET"]}}],"collection":[{"href":"https:\/\/augustocamiseiro.com\/lojaweb\/wp-json\/wp\/v2\/product"}],"about":[{"href":"https:\/\/augustocamiseiro.com\/lojaweb\/wp-json\/wp\/v2\/types\/product"}],"replies":[{"embeddable":true,"href":"https:\/\/augustocamiseiro.com\/lojaweb\/wp-json\/wp\/v2\/comments?post=26342"}],"wp:featuredmedia":[{"embeddable":true,"href":"https:\/\/augustocamiseiro.com\/lojaweb\/wp-json\/wp\/v2\/media\/50720"}],"wp:attachment":[{"href":"https:\/\/augustocamiseiro.com\/lojaweb\/wp-json\/wp\/v2\/media?parent=26342"}],"wp:term":[{"taxonomy":"product_brand","embeddable":true,"href":"https:\/\/augustocamiseiro.com\/lojaweb\/wp-json\/wp\/v2\/product_brand?post=26342"},{"taxonomy":"product_cat","embeddable":true,"href":"https:\/\/augustocamiseiro.com\/lojaweb\/wp-json\/wp\/v2\/product_cat?post=26342"},{"taxonomy":"product_tag","embeddable":true,"href":"https:\/\/augustocamiseiro.com\/lojaweb\/wp-json\/wp\/v2\/product_tag?post=26342"}],"curies":[{"name":"wp","href":"https:\/\/api.w.org\/{rel}","templated":true}]}}