{"id":26330,"date":"2024-04-19T12:58:25","date_gmt":"2024-04-19T12:58:25","guid":{"rendered":"https:\/\/bsit.com.br\/loja\/?post_type=product&#038;p=26330"},"modified":"2026-04-15T20:38:50","modified_gmt":"2026-04-15T20:38:50","slug":"calca-sarja-branca","status":"publish","type":"product","link":"https:\/\/augustocamiseiro.com\/lojaweb\/produto\/calca-sarja-branca\/","title":{"rendered":"Cal\u00e7a Sarja Branca"},"content":{"rendered":"<p>Cal\u00e7a sarja branca \u00e9 uma excelente op\u00e7\u00e3o de cal\u00e7a casual devido a sua composi\u00e7\u00e3o, cor e caimento slim.<\/p>\n<p>Igualmente se tem muito conforto e muito estilo, pois seu caimento slimfit empresta um visual moderno a esta pe\u00e7a cl\u00e1ssica.<\/p>\n<p>Al\u00e9m disso, conta com um el\u00e1stico embutido no c\u00f3s que garante excelente adapta\u00e7\u00e3o entre cintura e quadril.<\/p>\n<p>O que se pode querer al\u00e9m de caimento, cor cl\u00e1ssica, conforto e praticidade?<\/p>\n<p>&nbsp;<\/p>\n<p><strong>Caracter\u00edsticas\u00a0<\/strong><\/p>\n<p>&nbsp;<\/p>\n<ul>\n<li>Modelagem slimfit.<\/li>\n<li>Acabamentos internos esportivos.<\/li>\n<li>Bolso faca. Forro 100% algod\u00e3o.<\/li>\n<li>Composi\u00e7\u00e3o 98% algod\u00e3o 2% elastano.<\/li>\n<li>Acabamento peletizado ( amaciado ).<\/li>\n<li>C\u00f3s com el\u00e1stico embutido atr\u00e1s para melhor ajuste.<\/li>\n<li>Bolsinho lateral junto ao bolso faca.<\/li>\n<li>Pode ser lavada em casa.<\/li>\n<\/ul>\n<p>&nbsp;<\/p>\n<p><strong>Usos e looks<\/strong><\/p>\n<p>&nbsp;<\/p>\n<p>Pode usar tanto em situa\u00e7\u00f5es casuais como em ambiente de trabalho mais relaxados.<\/p>\n<p>Assim sendo\u00a0 esta \u00e9 uma pe\u00e7a extremamente vers\u00e1til.<\/p>\n<p>Assim como <a href=\"https:\/\/augustocamiseiro.com\/lojaweb\/?product=camisa-social-azul\"><span style=\"color: #0000ff;\">camisas azuis<\/span><\/a>, <span style=\"color: #0000ff;\"><a style=\"color: #0000ff;\" href=\"https:\/\/augustocamiseiro.com\/lojaweb\/?product=camisa-social-branca-de-pinpoint\">camisa branca<\/a><\/span> ou <a href=\"https:\/\/augustocamiseiro.com\/lojaweb\/?product=camisa-social-cinza\"><span style=\"color: #0000ff;\">cinza<\/span><\/a> ficam \u00f3timas com esta cal\u00e7a.<\/p>\n<p>Certamente esta cal\u00e7a de sarja branca \u00e9 perfeita para usar com qualquer uma destas camisas em um contexto mais casual: <a href=\"https:\/\/augustocamiseiro.com\/lojaweb\/?product=camiseta-pima-preta\"><span style=\"color: #0000ff;\">camiseta preta<\/span><\/a> e <a href=\"https:\/\/augustocamiseiro.com\/lojaweb\/?product=camiseta-pima-chumbo\"><span style=\"color: #0000ff;\">camiseta chumbo<\/span><\/a>.<\/p>\n<p>E qual seria o sapato perfeito?<\/p>\n<p>Sem d\u00favida esta cal\u00e7a mostra novamente sua versatilidade, permitindo uso de <a href=\"https:\/\/augustocamiseiro.com\/lojaweb\/?product=sapato-social-couro\"><span style=\"color: #0000ff;\">sapatos de couro cl\u00e1ssicos<\/span><\/a>, at\u00e9 <a href=\"https:\/\/augustocamiseiro.com\/lojaweb\/?product=mocassim-loafer-camurca-azul\"><span style=\"color: #0000ff;\">sapato mais esportivo<\/span>,<\/a> ou mesmo um<span style=\"color: #0000ff;\"><a style=\"color: #0000ff;\" href=\"https:\/\/augustocamiseiro.com\/lojaweb\/?product=mocassim-couro-social-com-fivela\"> mocassim social<\/a>.<\/span><\/p>\n<p>&nbsp;<\/p>\n<p>&nbsp;<\/p>\n<p>ESTA PE\u00c7A VAI SEM A BARRA COSTURADA.<\/p>\n<p>\u00c9 NECESS\u00c1RIO AJUST\u00c1-LA CONFORME SUA ALTURA.<\/p>\n<p>&nbsp;<\/p>\n","protected":false},"excerpt":{"rendered":"<p>Cal\u00e7a sarja na cor branca. Algod\u00e3o com elastano. El\u00e1stico embutido no c\u00f3s.<\/p>\n","protected":false},"featured_media":26352,"comment_status":"open","ping_status":"closed","template":"","meta":{"_acf_changed":false},"product_brand":[],"product_cat":[362],"product_tag":[409,1384,411,1385,413,414,416],"class_list":{"0":"post-26330","1":"product","2":"type-product","3":"status-publish","4":"has-post-thumbnail","6":"product_cat-calcas","7":"product_tag-calca","8":"product_tag-calca-branca","9":"product_tag-calca-de-sarja-com-elastano","10":"product_tag-calca-sarja-branca","11":"product_tag-calca-de-sarja","12":"product_tag-casual","13":"product_tag-slim-fit","15":"first","16":"instock","17":"shipping-taxable","18":"purchasable","19":"product-type-variable"},"acf":[],"yoast_head":"<!-- This site is optimized with the Yoast SEO plugin v25.3.1 - https:\/\/yoast.com\/wordpress\/plugins\/seo\/ -->\n<title>Cal\u00e7a Sarja Branca - Augusto Camiseiro<\/title>\n<meta name=\"description\" content=\"Cal\u00e7a sarja branca. Composi\u00e7\u00e3o 98% algod\u00e3o 2% elastano. Modelagem slimfit. Cal\u00e7a casual despojada de cor cl\u00e1ssica. Muito conforto.\" \/>\n<meta name=\"robots\" content=\"index, follow, max-snippet:-1, max-image-preview:large, max-video-preview:-1\" \/>\n<link rel=\"canonical\" href=\"https:\/\/augustocamiseiro.com\/lojaweb\/produto\/calca-sarja-branca\/\" \/>\n<meta property=\"og:locale\" content=\"pt_BR\" \/>\n<meta property=\"og:type\" content=\"article\" \/>\n<meta property=\"og:title\" content=\"Cal\u00e7a Sarja Branca - Augusto Camiseiro\" \/>\n<meta property=\"og:description\" content=\"Cal\u00e7a sarja branca. Composi\u00e7\u00e3o 98% algod\u00e3o 2% elastano. Modelagem slimfit. Cal\u00e7a casual despojada de cor cl\u00e1ssica. Muito conforto.\" \/>\n<meta property=\"og:url\" content=\"https:\/\/augustocamiseiro.com\/lojaweb\/produto\/calca-sarja-branca\/\" \/>\n<meta property=\"og:site_name\" content=\"Augusto Camiseiro\" \/>\n<meta property=\"article:modified_time\" content=\"2026-04-15T20:38:50+00:00\" \/>\n<meta property=\"og:image\" content=\"https:\/\/augustocamiseiro.com\/lojaweb\/wp-content\/uploads\/2024\/04\/calca-sarja-branca-3782.jpg\" \/>\n\t<meta property=\"og:image:width\" content=\"1000\" \/>\n\t<meta property=\"og:image:height\" content=\"1000\" \/>\n\t<meta property=\"og:image:type\" content=\"image\/jpeg\" \/>\n<meta name=\"twitter:card\" content=\"summary_large_image\" \/>\n<meta name=\"twitter:label1\" content=\"Est. tempo de leitura\" \/>\n\t<meta name=\"twitter:data1\" content=\"2 minutos\" \/>\n<!-- \/ Yoast SEO plugin. -->","yoast_head_json":{"title":"Cal\u00e7a Sarja Branca - Augusto Camiseiro","description":"Cal\u00e7a sarja branca. Composi\u00e7\u00e3o 98% algod\u00e3o 2% elastano. Modelagem slimfit. Cal\u00e7a casual despojada de cor cl\u00e1ssica. Muito conforto.","robots":{"index":"index","follow":"follow","max-snippet":"max-snippet:-1","max-image-preview":"max-image-preview:large","max-video-preview":"max-video-preview:-1"},"canonical":"https:\/\/augustocamiseiro.com\/lojaweb\/produto\/calca-sarja-branca\/","og_locale":"pt_BR","og_type":"article","og_title":"Cal\u00e7a Sarja Branca - Augusto Camiseiro","og_description":"Cal\u00e7a sarja branca. Composi\u00e7\u00e3o 98% algod\u00e3o 2% elastano. Modelagem slimfit. Cal\u00e7a casual despojada de cor cl\u00e1ssica. Muito conforto.","og_url":"https:\/\/augustocamiseiro.com\/lojaweb\/produto\/calca-sarja-branca\/","og_site_name":"Augusto Camiseiro","article_modified_time":"2026-04-15T20:38:50+00:00","og_image":[{"width":1000,"height":1000,"url":"https:\/\/augustocamiseiro.com\/lojaweb\/wp-content\/uploads\/2024\/04\/calca-sarja-branca-3782.jpg","type":"image\/jpeg"}],"twitter_card":"summary_large_image","twitter_misc":{"Est. tempo de leitura":"2 minutos"},"schema":{"@context":"https:\/\/schema.org","@graph":[{"@type":"WebPage","@id":"https:\/\/augustocamiseiro.com\/lojaweb\/produto\/calca-sarja-branca\/","url":"https:\/\/augustocamiseiro.com\/lojaweb\/produto\/calca-sarja-branca\/","name":"Cal\u00e7a Sarja Branca - Augusto Camiseiro","isPartOf":{"@id":"https:\/\/augustocamiseiro.com\/lojaweb\/#website"},"primaryImageOfPage":{"@id":"https:\/\/augustocamiseiro.com\/lojaweb\/produto\/calca-sarja-branca\/#primaryimage"},"image":{"@id":"https:\/\/augustocamiseiro.com\/lojaweb\/produto\/calca-sarja-branca\/#primaryimage"},"thumbnailUrl":"https:\/\/i0.wp.com\/augustocamiseiro.com\/lojaweb\/wp-content\/uploads\/2024\/04\/calca-sarja-branca-3782.jpg?fit=1000%2C1000&ssl=1","datePublished":"2024-04-19T12:58:25+00:00","dateModified":"2026-04-15T20:38:50+00:00","description":"Cal\u00e7a sarja branca. Composi\u00e7\u00e3o 98% algod\u00e3o 2% elastano. Modelagem slimfit. Cal\u00e7a casual despojada de cor cl\u00e1ssica. Muito conforto.","breadcrumb":{"@id":"https:\/\/augustocamiseiro.com\/lojaweb\/produto\/calca-sarja-branca\/#breadcrumb"},"inLanguage":"pt-BR","potentialAction":[{"@type":"ReadAction","target":["https:\/\/augustocamiseiro.com\/lojaweb\/produto\/calca-sarja-branca\/"]}]},{"@type":"ImageObject","inLanguage":"pt-BR","@id":"https:\/\/augustocamiseiro.com\/lojaweb\/produto\/calca-sarja-branca\/#primaryimage","url":"https:\/\/i0.wp.com\/augustocamiseiro.com\/lojaweb\/wp-content\/uploads\/2024\/04\/calca-sarja-branca-3782.jpg?fit=1000%2C1000&ssl=1","contentUrl":"https:\/\/i0.wp.com\/augustocamiseiro.com\/lojaweb\/wp-content\/uploads\/2024\/04\/calca-sarja-branca-3782.jpg?fit=1000%2C1000&ssl=1","width":1000,"height":1000},{"@type":"BreadcrumbList","@id":"https:\/\/augustocamiseiro.com\/lojaweb\/produto\/calca-sarja-branca\/#breadcrumb","itemListElement":[{"@type":"ListItem","position":1,"name":"In\u00edcio","item":"https:\/\/augustocamiseiro.com\/lojaweb\/"},{"@type":"ListItem","position":2,"name":"Shop","item":"https:\/\/augustocamiseiro.com\/lojaweb\/shop\/"},{"@type":"ListItem","position":3,"name":"Cal\u00e7a Sarja Branca"}]},{"@type":"WebSite","@id":"https:\/\/augustocamiseiro.com\/lojaweb\/#website","url":"https:\/\/augustocamiseiro.com\/lojaweb\/","name":"Augusto Camiseiro","description":"Roupa Masculina","publisher":{"@id":"https:\/\/augustocamiseiro.com\/lojaweb\/#organization"},"potentialAction":[{"@type":"SearchAction","target":{"@type":"EntryPoint","urlTemplate":"https:\/\/augustocamiseiro.com\/lojaweb\/?s={search_term_string}"},"query-input":{"@type":"PropertyValueSpecification","valueRequired":true,"valueName":"search_term_string"}}],"inLanguage":"pt-BR"},{"@type":"Organization","@id":"https:\/\/augustocamiseiro.com\/lojaweb\/#organization","name":"Augusto Camiseiro","url":"https:\/\/augustocamiseiro.com\/lojaweb\/","logo":{"@type":"ImageObject","inLanguage":"pt-BR","@id":"https:\/\/augustocamiseiro.com\/lojaweb\/#\/schema\/logo\/image\/","url":"https:\/\/i0.wp.com\/augustocamiseiro.com\/lojaweb\/wp-content\/uploads\/2024\/04\/cropped-logo-augusto-white-1.png?fit=550%2C310&ssl=1","contentUrl":"https:\/\/i0.wp.com\/augustocamiseiro.com\/lojaweb\/wp-content\/uploads\/2024\/04\/cropped-logo-augusto-white-1.png?fit=550%2C310&ssl=1","width":550,"height":310,"caption":"Augusto Camiseiro"},"image":{"@id":"https:\/\/augustocamiseiro.com\/lojaweb\/#\/schema\/logo\/image\/"}}]}},"jetpack_sharing_enabled":true,"_links":{"self":[{"href":"https:\/\/augustocamiseiro.com\/lojaweb\/wp-json\/wp\/v2\/product\/26330","targetHints":{"allow":["GET"]}}],"collection":[{"href":"https:\/\/augustocamiseiro.com\/lojaweb\/wp-json\/wp\/v2\/product"}],"about":[{"href":"https:\/\/augustocamiseiro.com\/lojaweb\/wp-json\/wp\/v2\/types\/product"}],"replies":[{"embeddable":true,"href":"https:\/\/augustocamiseiro.com\/lojaweb\/wp-json\/wp\/v2\/comments?post=26330"}],"wp:featuredmedia":[{"embeddable":true,"href":"https:\/\/augustocamiseiro.com\/lojaweb\/wp-json\/wp\/v2\/media\/26352"}],"wp:attachment":[{"href":"https:\/\/augustocamiseiro.com\/lojaweb\/wp-json\/wp\/v2\/media?parent=26330"}],"wp:term":[{"taxonomy":"product_brand","embeddable":true,"href":"https:\/\/augustocamiseiro.com\/lojaweb\/wp-json\/wp\/v2\/product_brand?post=26330"},{"taxonomy":"product_cat","embeddable":true,"href":"https:\/\/augustocamiseiro.com\/lojaweb\/wp-json\/wp\/v2\/product_cat?post=26330"},{"taxonomy":"product_tag","embeddable":true,"href":"https:\/\/augustocamiseiro.com\/lojaweb\/wp-json\/wp\/v2\/product_tag?post=26330"}],"curies":[{"name":"wp","href":"https:\/\/api.w.org\/{rel}","templated":true}]}}