{"id":26136,"date":"2024-04-19T12:45:40","date_gmt":"2024-04-19T12:45:40","guid":{"rendered":"https:\/\/bsit.com.br\/loja\/?post_type=product&#038;p=26136"},"modified":"2026-04-15T20:40:56","modified_gmt":"2026-04-15T20:40:56","slug":"blazer-de-la-areia","status":"publish","type":"product","link":"https:\/\/augustocamiseiro.com\/lojaweb\/produto\/blazer-de-la-areia\/","title":{"rendered":"Blazer de L\u00e3 Areia"},"content":{"rendered":"<p>Blazer xadrez de l\u00e3 na cor areia. \u00c9 um blazer pensado para inverno. Uma pe\u00e7a para ser usada para diversas ocasi\u00f5es, seja para trabalhar, assim como, momentos comemorativos. Muito conforto e requinte para aquecer. Al\u00e9m disso, \u00e9 um produto fabricado em solo nacional e possui caimento slimfit.<\/p>\n<p><em>IMPORTANTE: LAVAGEM A SECO<\/em><\/p>\n<p>&nbsp;<\/p>\n<p><span style=\"font-size: 14pt\"><strong>Usos e looks:<\/strong><\/span><\/p>\n<p>Para uma combina\u00e7\u00e3o, cal\u00e7as mais discretas como bege, <a href=\"https:\/\/augustocamiseiro.com\/lojaweb\/?product=calca-masculina-de-malha-cinza\">cinza<\/a> e <a href=\"https:\/\/augustocamiseiro.com\/lojaweb\/?product=calca-poliviscose-azul-clara\">azul<\/a>. Da mesma forma, uma camisa <a href=\"https:\/\/augustocamiseiro.com\/lojaweb\/?product=camisa-social-branca\">branca<\/a> ou at\u00e9 mesmo uma <a href=\"https:\/\/augustocamiseiro.com\/lojaweb\/?product=camisa-pied-pule-preta\">pied pule preta<\/a> para combinar com o blazer, juntamente com um <a href=\"https:\/\/augustocamiseiro.com\/lojaweb\/?product=sapato-derby-camurca-marrom\">derby camur\u00e7a marrom<\/a>.<\/p>\n<p>&nbsp;<\/p>\n<p><span style=\"font-size: 14pt\"><strong>Composi\u00e7\u00e3o:<\/strong><\/span><\/p>\n<ul>\n<li>tecido &#8211; 100% l\u00e3 (com peso de 330g por metro)<\/li>\n<li>forro &#8211; 100% acetado<\/li>\n<\/ul>\n<p>&nbsp;<\/p>\n","protected":false},"excerpt":{"rendered":"<p>blazer de l\u00e3 areia. Tecido feito 100% l\u00e3. pe\u00e7a excelente para o inverno e com um \u00f3timo caimento.<\/p>\n","protected":false},"featured_media":42322,"comment_status":"open","ping_status":"closed","template":"","meta":{"_acf_changed":false},"product_brand":[],"product_cat":[1066],"product_tag":[424,425,1371,460,1372,465,466,841,1503],"class_list":{"0":"post-26136","1":"product","2":"type-product","3":"status-publish","4":"has-post-thumbnail","6":"product_cat-blazers","7":"product_tag-blazer","8":"product_tag-blazer-alfaiataria","9":"product_tag-blazer-areia","10":"product_tag-blazer-casual","11":"product_tag-blazer-claro","12":"product_tag-blazer-de-inverno","13":"product_tag-blazer-de-la","14":"product_tag-blazer-social","15":"product_tag-dia-dos-namorados","17":"first","18":"instock","19":"taxable","20":"shipping-taxable","21":"purchasable","22":"product-type-variable"},"acf":[],"yoast_head":"<!-- This site is optimized with the Yoast SEO plugin v25.3.1 - https:\/\/yoast.com\/wordpress\/plugins\/seo\/ -->\n<title>Blazer de L\u00e3 Areia - Augusto Camiseiro<\/title>\n<meta name=\"description\" content=\"blazer de l\u00e3 areia. Tecido 100% l\u00e3. Traz consigo um aspecto muito elegante, confort\u00e1vel. Uma pe\u00e7a perfeita para o inverno.\" \/>\n<meta name=\"robots\" content=\"index, follow, max-snippet:-1, max-image-preview:large, max-video-preview:-1\" \/>\n<link rel=\"canonical\" href=\"https:\/\/augustocamiseiro.com\/lojaweb\/produto\/blazer-de-la-areia\/\" \/>\n<meta property=\"og:locale\" content=\"pt_BR\" \/>\n<meta property=\"og:type\" content=\"article\" \/>\n<meta property=\"og:title\" content=\"Blazer de L\u00e3 Areia - Augusto Camiseiro\" \/>\n<meta property=\"og:description\" content=\"blazer de l\u00e3 areia. Tecido 100% l\u00e3. Traz consigo um aspecto muito elegante, confort\u00e1vel. Uma pe\u00e7a perfeita para o inverno.\" \/>\n<meta property=\"og:url\" content=\"https:\/\/augustocamiseiro.com\/lojaweb\/produto\/blazer-de-la-areia\/\" \/>\n<meta property=\"og:site_name\" content=\"Augusto Camiseiro\" \/>\n<meta property=\"article:modified_time\" content=\"2026-04-15T20:40:56+00:00\" \/>\n<meta property=\"og:image\" content=\"https:\/\/augustocamiseiro.com\/lojaweb\/wp-content\/uploads\/2024\/10\/blazer-100la-AREIA-VITALE-BARBERIS-4069-2.jpg\" \/>\n\t<meta property=\"og:image:width\" content=\"960\" \/>\n\t<meta property=\"og:image:height\" content=\"1200\" \/>\n\t<meta property=\"og:image:type\" content=\"image\/jpeg\" \/>\n<meta name=\"twitter:card\" content=\"summary_large_image\" \/>\n<meta name=\"twitter:label1\" content=\"Est. tempo de leitura\" \/>\n\t<meta name=\"twitter:data1\" content=\"1 minuto\" \/>\n<!-- \/ Yoast SEO plugin. -->","yoast_head_json":{"title":"Blazer de L\u00e3 Areia - Augusto Camiseiro","description":"blazer de l\u00e3 areia. Tecido 100% l\u00e3. Traz consigo um aspecto muito elegante, confort\u00e1vel. Uma pe\u00e7a perfeita para o inverno.","robots":{"index":"index","follow":"follow","max-snippet":"max-snippet:-1","max-image-preview":"max-image-preview:large","max-video-preview":"max-video-preview:-1"},"canonical":"https:\/\/augustocamiseiro.com\/lojaweb\/produto\/blazer-de-la-areia\/","og_locale":"pt_BR","og_type":"article","og_title":"Blazer de L\u00e3 Areia - Augusto Camiseiro","og_description":"blazer de l\u00e3 areia. Tecido 100% l\u00e3. Traz consigo um aspecto muito elegante, confort\u00e1vel. Uma pe\u00e7a perfeita para o inverno.","og_url":"https:\/\/augustocamiseiro.com\/lojaweb\/produto\/blazer-de-la-areia\/","og_site_name":"Augusto Camiseiro","article_modified_time":"2026-04-15T20:40:56+00:00","og_image":[{"width":960,"height":1200,"url":"https:\/\/augustocamiseiro.com\/lojaweb\/wp-content\/uploads\/2024\/10\/blazer-100la-AREIA-VITALE-BARBERIS-4069-2.jpg","type":"image\/jpeg"}],"twitter_card":"summary_large_image","twitter_misc":{"Est. tempo de leitura":"1 minuto"},"schema":{"@context":"https:\/\/schema.org","@graph":[{"@type":"WebPage","@id":"https:\/\/augustocamiseiro.com\/lojaweb\/produto\/blazer-de-la-areia\/","url":"https:\/\/augustocamiseiro.com\/lojaweb\/produto\/blazer-de-la-areia\/","name":"Blazer de L\u00e3 Areia - Augusto Camiseiro","isPartOf":{"@id":"https:\/\/augustocamiseiro.com\/lojaweb\/#website"},"primaryImageOfPage":{"@id":"https:\/\/augustocamiseiro.com\/lojaweb\/produto\/blazer-de-la-areia\/#primaryimage"},"image":{"@id":"https:\/\/augustocamiseiro.com\/lojaweb\/produto\/blazer-de-la-areia\/#primaryimage"},"thumbnailUrl":"https:\/\/i0.wp.com\/augustocamiseiro.com\/lojaweb\/wp-content\/uploads\/2024\/10\/blazer-100la-AREIA-VITALE-BARBERIS-4069-2.jpg?fit=960%2C1200&ssl=1","datePublished":"2024-04-19T12:45:40+00:00","dateModified":"2026-04-15T20:40:56+00:00","description":"blazer de l\u00e3 areia. Tecido 100% l\u00e3. Traz consigo um aspecto muito elegante, confort\u00e1vel. Uma pe\u00e7a perfeita para o inverno.","breadcrumb":{"@id":"https:\/\/augustocamiseiro.com\/lojaweb\/produto\/blazer-de-la-areia\/#breadcrumb"},"inLanguage":"pt-BR","potentialAction":[{"@type":"ReadAction","target":["https:\/\/augustocamiseiro.com\/lojaweb\/produto\/blazer-de-la-areia\/"]}]},{"@type":"ImageObject","inLanguage":"pt-BR","@id":"https:\/\/augustocamiseiro.com\/lojaweb\/produto\/blazer-de-la-areia\/#primaryimage","url":"https:\/\/i0.wp.com\/augustocamiseiro.com\/lojaweb\/wp-content\/uploads\/2024\/10\/blazer-100la-AREIA-VITALE-BARBERIS-4069-2.jpg?fit=960%2C1200&ssl=1","contentUrl":"https:\/\/i0.wp.com\/augustocamiseiro.com\/lojaweb\/wp-content\/uploads\/2024\/10\/blazer-100la-AREIA-VITALE-BARBERIS-4069-2.jpg?fit=960%2C1200&ssl=1","width":960,"height":1200,"caption":"blazer 100% l\u00e3 AREIA"},{"@type":"BreadcrumbList","@id":"https:\/\/augustocamiseiro.com\/lojaweb\/produto\/blazer-de-la-areia\/#breadcrumb","itemListElement":[{"@type":"ListItem","position":1,"name":"In\u00edcio","item":"https:\/\/augustocamiseiro.com\/lojaweb\/"},{"@type":"ListItem","position":2,"name":"Shop","item":"https:\/\/augustocamiseiro.com\/lojaweb\/shop\/"},{"@type":"ListItem","position":3,"name":"Blazer de L\u00e3 Areia"}]},{"@type":"WebSite","@id":"https:\/\/augustocamiseiro.com\/lojaweb\/#website","url":"https:\/\/augustocamiseiro.com\/lojaweb\/","name":"Augusto Camiseiro","description":"Roupa Masculina","publisher":{"@id":"https:\/\/augustocamiseiro.com\/lojaweb\/#organization"},"potentialAction":[{"@type":"SearchAction","target":{"@type":"EntryPoint","urlTemplate":"https:\/\/augustocamiseiro.com\/lojaweb\/?s={search_term_string}"},"query-input":{"@type":"PropertyValueSpecification","valueRequired":true,"valueName":"search_term_string"}}],"inLanguage":"pt-BR"},{"@type":"Organization","@id":"https:\/\/augustocamiseiro.com\/lojaweb\/#organization","name":"Augusto Camiseiro","url":"https:\/\/augustocamiseiro.com\/lojaweb\/","logo":{"@type":"ImageObject","inLanguage":"pt-BR","@id":"https:\/\/augustocamiseiro.com\/lojaweb\/#\/schema\/logo\/image\/","url":"https:\/\/i0.wp.com\/augustocamiseiro.com\/lojaweb\/wp-content\/uploads\/2024\/04\/cropped-logo-augusto-white-1.png?fit=550%2C310&ssl=1","contentUrl":"https:\/\/i0.wp.com\/augustocamiseiro.com\/lojaweb\/wp-content\/uploads\/2024\/04\/cropped-logo-augusto-white-1.png?fit=550%2C310&ssl=1","width":550,"height":310,"caption":"Augusto Camiseiro"},"image":{"@id":"https:\/\/augustocamiseiro.com\/lojaweb\/#\/schema\/logo\/image\/"}}]}},"jetpack_sharing_enabled":true,"_links":{"self":[{"href":"https:\/\/augustocamiseiro.com\/lojaweb\/wp-json\/wp\/v2\/product\/26136","targetHints":{"allow":["GET"]}}],"collection":[{"href":"https:\/\/augustocamiseiro.com\/lojaweb\/wp-json\/wp\/v2\/product"}],"about":[{"href":"https:\/\/augustocamiseiro.com\/lojaweb\/wp-json\/wp\/v2\/types\/product"}],"replies":[{"embeddable":true,"href":"https:\/\/augustocamiseiro.com\/lojaweb\/wp-json\/wp\/v2\/comments?post=26136"}],"wp:featuredmedia":[{"embeddable":true,"href":"https:\/\/augustocamiseiro.com\/lojaweb\/wp-json\/wp\/v2\/media\/42322"}],"wp:attachment":[{"href":"https:\/\/augustocamiseiro.com\/lojaweb\/wp-json\/wp\/v2\/media?parent=26136"}],"wp:term":[{"taxonomy":"product_brand","embeddable":true,"href":"https:\/\/augustocamiseiro.com\/lojaweb\/wp-json\/wp\/v2\/product_brand?post=26136"},{"taxonomy":"product_cat","embeddable":true,"href":"https:\/\/augustocamiseiro.com\/lojaweb\/wp-json\/wp\/v2\/product_cat?post=26136"},{"taxonomy":"product_tag","embeddable":true,"href":"https:\/\/augustocamiseiro.com\/lojaweb\/wp-json\/wp\/v2\/product_tag?post=26136"}],"curies":[{"name":"wp","href":"https:\/\/api.w.org\/{rel}","templated":true}]}}