{"id":25161,"date":"2024-04-19T11:39:19","date_gmt":"2024-04-19T11:39:19","guid":{"rendered":"https:\/\/bsit.com.br\/loja\/?post_type=product&#038;p=25161"},"modified":"2026-04-15T20:39:17","modified_gmt":"2026-04-15T20:39:17","slug":"blazer-xadrez-de-la","status":"publish","type":"product","link":"https:\/\/augustocamiseiro.com\/lojaweb\/produto\/blazer-xadrez-de-la\/","title":{"rendered":"Blazer Moletom Preto"},"content":{"rendered":"<p>Blazer moletom preto. \u00c9 um blazer pensado para inverno. Uma pe\u00e7a para ser usada para diversas ocasi\u00f5es, seja para trabalhar, assim como, momentos comemorativos. Muito conforto e requinte para aquecer. Al\u00e9m disso, \u00e9 um produto fabricado em solo nacional.<\/p>\n<p>&nbsp;<\/p>\n<p><span style=\"font-size: 14pt\"><strong>Usos e looks:<\/strong><\/span><\/p>\n<p>Para uma combina\u00e7\u00e3o, cal\u00e7as mais discretas como <a href=\"https:\/\/augustocamiseiro.com\/lojaweb\/?product=calca-masculina-de-malha-cinza\">cinza<\/a> e <a href=\"https:\/\/augustocamiseiro.com\/lojaweb\/?product=calca-poliviscose-azul-clara\">azul<\/a>. Da mesma forma, uma camisa <a href=\"https:\/\/augustocamiseiro.com\/lojaweb\/?product=camisa-social-branca\">branca<\/a> ou at\u00e9 mesmo uma <a href=\"https:\/\/augustocamiseiro.com\/lojaweb\/?product=camisa-pied-pule-preta\">pied pule preta<\/a> para combinar com o blazer, juntamente com um <a href=\"https:\/\/augustocamiseiro.com\/lojaweb\/?product=sapato-derby-camurca-marrom\">derby camur\u00e7a marrom<\/a>.<\/p>\n<p>&nbsp;<\/p>\n<h3><span style=\"font-size: 14pt\"><strong>Composi\u00e7\u00e3o:<\/strong><\/span><\/h3>\n<ul>\n<li>tecido &#8211; 67% viscose<\/li>\n<li>29% poliester<\/li>\n<li>4% elastano<\/li>\n<\/ul>\n<h3><\/h3>\n<h3><strong>forro:<\/strong><\/h3>\n<ul>\n<li>45<span style=\"background-color: var(--body-bg-color);color: var(--body-color);font-family: var(--body-font-family),sans-serif;font-size: 1.125rem;font-weight: var(--body-font-weight,400)\">% viscose <\/span><\/li>\n<li><span style=\"background-color: var(--body-bg-color);color: var(--body-color);font-family: var(--body-font-family),sans-serif;font-size: 1.125rem;font-weight: var(--body-font-weight,400)\">55<\/span><span style=\"background-color: var(--body-bg-color);color: var(--body-color);font-family: var(--body-font-family),sans-serif;font-size: 1.125rem;font-weight: var(--body-font-weight,400)\">% poliester<\/span><\/li>\n<\/ul>\n","protected":false},"excerpt":{"rendered":"<p>Blazer moletom preto. Pe\u00e7a excelente para o inverno e com um \u00f3timo caimento.<\/p>\n","protected":false},"featured_media":42191,"comment_status":"open","ping_status":"closed","template":"","meta":{"_acf_changed":false},"product_brand":[],"product_cat":[1066],"product_tag":[424,425,460,465,496,1162,841,428,310,1435],"class_list":{"0":"post-25161","1":"product","2":"type-product","3":"status-publish","4":"has-post-thumbnail","6":"product_cat-blazers","7":"product_tag-blazer","8":"product_tag-blazer-alfaiataria","9":"product_tag-blazer-casual","10":"product_tag-blazer-de-inverno","11":"product_tag-blazer-moletom","12":"product_tag-blazer-preto","13":"product_tag-blazer-social","14":"product_tag-blazer-xadrez","15":"product_tag-inverno","16":"product_tag-moletom","18":"first","19":"instock","20":"taxable","21":"shipping-taxable","22":"purchasable","23":"product-type-variable"},"acf":[],"yoast_head":"<!-- This site is optimized with the Yoast SEO plugin v25.3.1 - https:\/\/yoast.com\/wordpress\/plugins\/seo\/ -->\n<title>Blazer Moletom Preto - Augusto Camiseiro<\/title>\n<meta name=\"description\" content=\"blazer moletom preto. Traz consigo um aspecto muito elegante, confort\u00e1vel. Uma pe\u00e7a perfeita para o inverno.\" \/>\n<meta name=\"robots\" content=\"index, follow, max-snippet:-1, max-image-preview:large, max-video-preview:-1\" \/>\n<link rel=\"canonical\" href=\"https:\/\/augustocamiseiro.com\/lojaweb\/produto\/blazer-xadrez-de-la\/\" \/>\n<meta property=\"og:locale\" content=\"pt_BR\" \/>\n<meta property=\"og:type\" content=\"article\" \/>\n<meta property=\"og:title\" content=\"Blazer Moletom Preto - Augusto Camiseiro\" \/>\n<meta property=\"og:description\" content=\"blazer moletom preto. Traz consigo um aspecto muito elegante, confort\u00e1vel. Uma pe\u00e7a perfeita para o inverno.\" \/>\n<meta property=\"og:url\" content=\"https:\/\/augustocamiseiro.com\/lojaweb\/produto\/blazer-xadrez-de-la\/\" \/>\n<meta property=\"og:site_name\" content=\"Augusto Camiseiro\" \/>\n<meta property=\"article:modified_time\" content=\"2026-04-15T20:39:17+00:00\" \/>\n<meta property=\"og:image\" content=\"https:\/\/augustocamiseiro.com\/lojaweb\/wp-content\/uploads\/2024\/09\/blazer-moleton-preto-3888.jpg\" \/>\n\t<meta property=\"og:image:width\" content=\"960\" \/>\n\t<meta property=\"og:image:height\" content=\"1200\" \/>\n\t<meta property=\"og:image:type\" content=\"image\/jpeg\" \/>\n<meta name=\"twitter:card\" content=\"summary_large_image\" \/>\n<meta name=\"twitter:label1\" content=\"Est. tempo de leitura\" \/>\n\t<meta name=\"twitter:data1\" content=\"1 minuto\" \/>\n<!-- \/ Yoast SEO plugin. -->","yoast_head_json":{"title":"Blazer Moletom Preto - Augusto Camiseiro","description":"blazer moletom preto. Traz consigo um aspecto muito elegante, confort\u00e1vel. Uma pe\u00e7a perfeita para o inverno.","robots":{"index":"index","follow":"follow","max-snippet":"max-snippet:-1","max-image-preview":"max-image-preview:large","max-video-preview":"max-video-preview:-1"},"canonical":"https:\/\/augustocamiseiro.com\/lojaweb\/produto\/blazer-xadrez-de-la\/","og_locale":"pt_BR","og_type":"article","og_title":"Blazer Moletom Preto - Augusto Camiseiro","og_description":"blazer moletom preto. Traz consigo um aspecto muito elegante, confort\u00e1vel. Uma pe\u00e7a perfeita para o inverno.","og_url":"https:\/\/augustocamiseiro.com\/lojaweb\/produto\/blazer-xadrez-de-la\/","og_site_name":"Augusto Camiseiro","article_modified_time":"2026-04-15T20:39:17+00:00","og_image":[{"width":960,"height":1200,"url":"https:\/\/augustocamiseiro.com\/lojaweb\/wp-content\/uploads\/2024\/09\/blazer-moleton-preto-3888.jpg","type":"image\/jpeg"}],"twitter_card":"summary_large_image","twitter_misc":{"Est. tempo de leitura":"1 minuto"},"schema":{"@context":"https:\/\/schema.org","@graph":[{"@type":"WebPage","@id":"https:\/\/augustocamiseiro.com\/lojaweb\/produto\/blazer-xadrez-de-la\/","url":"https:\/\/augustocamiseiro.com\/lojaweb\/produto\/blazer-xadrez-de-la\/","name":"Blazer Moletom Preto - Augusto Camiseiro","isPartOf":{"@id":"https:\/\/augustocamiseiro.com\/lojaweb\/#website"},"primaryImageOfPage":{"@id":"https:\/\/augustocamiseiro.com\/lojaweb\/produto\/blazer-xadrez-de-la\/#primaryimage"},"image":{"@id":"https:\/\/augustocamiseiro.com\/lojaweb\/produto\/blazer-xadrez-de-la\/#primaryimage"},"thumbnailUrl":"https:\/\/i0.wp.com\/augustocamiseiro.com\/lojaweb\/wp-content\/uploads\/2024\/09\/blazer-moleton-preto-3888.jpg?fit=960%2C1200&ssl=1","datePublished":"2024-04-19T11:39:19+00:00","dateModified":"2026-04-15T20:39:17+00:00","description":"blazer moletom preto. Traz consigo um aspecto muito elegante, confort\u00e1vel. Uma pe\u00e7a perfeita para o inverno.","breadcrumb":{"@id":"https:\/\/augustocamiseiro.com\/lojaweb\/produto\/blazer-xadrez-de-la\/#breadcrumb"},"inLanguage":"pt-BR","potentialAction":[{"@type":"ReadAction","target":["https:\/\/augustocamiseiro.com\/lojaweb\/produto\/blazer-xadrez-de-la\/"]}]},{"@type":"ImageObject","inLanguage":"pt-BR","@id":"https:\/\/augustocamiseiro.com\/lojaweb\/produto\/blazer-xadrez-de-la\/#primaryimage","url":"https:\/\/i0.wp.com\/augustocamiseiro.com\/lojaweb\/wp-content\/uploads\/2024\/09\/blazer-moleton-preto-3888.jpg?fit=960%2C1200&ssl=1","contentUrl":"https:\/\/i0.wp.com\/augustocamiseiro.com\/lojaweb\/wp-content\/uploads\/2024\/09\/blazer-moleton-preto-3888.jpg?fit=960%2C1200&ssl=1","width":960,"height":1200,"caption":"blazer moleton preto"},{"@type":"BreadcrumbList","@id":"https:\/\/augustocamiseiro.com\/lojaweb\/produto\/blazer-xadrez-de-la\/#breadcrumb","itemListElement":[{"@type":"ListItem","position":1,"name":"In\u00edcio","item":"https:\/\/augustocamiseiro.com\/lojaweb\/"},{"@type":"ListItem","position":2,"name":"Shop","item":"https:\/\/augustocamiseiro.com\/lojaweb\/shop\/"},{"@type":"ListItem","position":3,"name":"Blazer Moletom Preto"}]},{"@type":"WebSite","@id":"https:\/\/augustocamiseiro.com\/lojaweb\/#website","url":"https:\/\/augustocamiseiro.com\/lojaweb\/","name":"Augusto Camiseiro","description":"Roupa Masculina","publisher":{"@id":"https:\/\/augustocamiseiro.com\/lojaweb\/#organization"},"potentialAction":[{"@type":"SearchAction","target":{"@type":"EntryPoint","urlTemplate":"https:\/\/augustocamiseiro.com\/lojaweb\/?s={search_term_string}"},"query-input":{"@type":"PropertyValueSpecification","valueRequired":true,"valueName":"search_term_string"}}],"inLanguage":"pt-BR"},{"@type":"Organization","@id":"https:\/\/augustocamiseiro.com\/lojaweb\/#organization","name":"Augusto Camiseiro","url":"https:\/\/augustocamiseiro.com\/lojaweb\/","logo":{"@type":"ImageObject","inLanguage":"pt-BR","@id":"https:\/\/augustocamiseiro.com\/lojaweb\/#\/schema\/logo\/image\/","url":"https:\/\/i0.wp.com\/augustocamiseiro.com\/lojaweb\/wp-content\/uploads\/2024\/04\/cropped-logo-augusto-white-1.png?fit=550%2C310&ssl=1","contentUrl":"https:\/\/i0.wp.com\/augustocamiseiro.com\/lojaweb\/wp-content\/uploads\/2024\/04\/cropped-logo-augusto-white-1.png?fit=550%2C310&ssl=1","width":550,"height":310,"caption":"Augusto Camiseiro"},"image":{"@id":"https:\/\/augustocamiseiro.com\/lojaweb\/#\/schema\/logo\/image\/"}}]}},"jetpack_sharing_enabled":true,"_links":{"self":[{"href":"https:\/\/augustocamiseiro.com\/lojaweb\/wp-json\/wp\/v2\/product\/25161","targetHints":{"allow":["GET"]}}],"collection":[{"href":"https:\/\/augustocamiseiro.com\/lojaweb\/wp-json\/wp\/v2\/product"}],"about":[{"href":"https:\/\/augustocamiseiro.com\/lojaweb\/wp-json\/wp\/v2\/types\/product"}],"replies":[{"embeddable":true,"href":"https:\/\/augustocamiseiro.com\/lojaweb\/wp-json\/wp\/v2\/comments?post=25161"}],"wp:featuredmedia":[{"embeddable":true,"href":"https:\/\/augustocamiseiro.com\/lojaweb\/wp-json\/wp\/v2\/media\/42191"}],"wp:attachment":[{"href":"https:\/\/augustocamiseiro.com\/lojaweb\/wp-json\/wp\/v2\/media?parent=25161"}],"wp:term":[{"taxonomy":"product_brand","embeddable":true,"href":"https:\/\/augustocamiseiro.com\/lojaweb\/wp-json\/wp\/v2\/product_brand?post=25161"},{"taxonomy":"product_cat","embeddable":true,"href":"https:\/\/augustocamiseiro.com\/lojaweb\/wp-json\/wp\/v2\/product_cat?post=25161"},{"taxonomy":"product_tag","embeddable":true,"href":"https:\/\/augustocamiseiro.com\/lojaweb\/wp-json\/wp\/v2\/product_tag?post=25161"}],"curies":[{"name":"wp","href":"https:\/\/api.w.org\/{rel}","templated":true}]}}