{"id":25130,"date":"2024-04-19T11:37:12","date_gmt":"2024-04-19T11:37:12","guid":{"rendered":"https:\/\/bsit.com.br\/loja\/?post_type=product&#038;p=25130"},"modified":"2026-04-15T20:39:29","modified_gmt":"2026-04-15T20:39:29","slug":"malha-cashmere","status":"publish","type":"product","link":"https:\/\/augustocamiseiro.com\/lojaweb\/produto\/malha-cashmere\/","title":{"rendered":"Malha Cashmere"},"content":{"rendered":"<p>Nossa malha de cashmere \u00e9 uma \u00f3tima op\u00e7\u00e3o para os dias mais frios, com toque gostoso e muita maciez. Composi\u00e7\u00e3o 100% cashmere. Essas malhas s\u00e3o fabricadas na It\u00e1lia, com com fios provenientes de cabras da Mong\u00f3lia. O seu valor prov\u00e9m de de um tecido muito raro, de alta qualidade e sofistica\u00e7\u00e3o. Definitivamente\u00a0 um cl\u00e1ssico. Dispon\u00edvel nas cores cinza m\u00e9dio e azul marinho.<\/p>\n<p><span style=\"font-size: 14pt\"><em>Sobre o Cashmere:<\/em><\/span><\/p>\n<p>O nome Cashmere foi alterado v\u00e1rias vezes na cultura de diferentes povos, da \u00e1rea geogr\u00e1fica em que vivem as cabras que o produzem. S\u00e3o chamadas de Cabra Hyrcus blythi, da Caxemira (\u00c1sia Central). S\u00e3o r\u00fasticas e suas fibras de cashmere ajudam na sobreviv\u00eancia para frios extremos com 30\u00b0 negativos a uma altura de 5.000 &#8211; 6.000 metros, protegendo do congelamento. Essa s\u00e3o as cabras da Mong\u00f3lia de onde prov\u00eam as fibras de nossas malhas e correspondem\u00a0 apenas a 10% da produ\u00e7\u00e3o mundial.<\/p>\n<p><span style=\"font-size: 14pt\"><em>Dicas de conserva\u00e7\u00e3o:<\/em><\/span><\/p>\n<p>Para que sua malha de cashmere tenha boa durabilidade e mantenha suas qualidades, recomendada-se evitar us\u00e1-la por mais de dois dias seguidos. Guarde em\u00a0 local fresco, arejado, deitada em uma superf\u00edcie plana. O calor do corpo, em atrito com o tecido faz com que as fibras se alonguem, rompendo- se nas partes mais curtas. Elas tendem, assim, inevitavelmente a enrolar em si mesmas.<\/p>\n","protected":false},"excerpt":{"rendered":"<p>Malha cashmere de tons, cinza m\u00e9dio e azul marinho. Tecido 100% cashmere, fabricado na It\u00e1lia. Conforto e maciez.<\/p>\n","protected":false},"featured_media":25162,"comment_status":"open","ping_status":"closed","template":"","meta":{"_acf_changed":false},"product_brand":[],"product_cat":[1326],"product_tag":[1327,659,1328,862,1329,863,1330,1331,874],"class_list":{"0":"post-25130","1":"product","2":"type-product","3":"status-publish","4":"has-post-thumbnail","6":"product_cat-malhas","7":"product_tag-cashmere-puro","8":"product_tag-malha","9":"product_tag-malha-azul-marinho","10":"product_tag-malha-cashmere","11":"product_tag-malha-cashmere-italiana","12":"product_tag-malha-cinza","13":"product_tag-malha-gola-v","14":"product_tag-malha-italiana","15":"product_tag-malha-masculina","17":"first","18":"instock","19":"taxable","20":"shipping-taxable","21":"purchasable","22":"product-type-variable"},"acf":[],"yoast_head":"<!-- This site is optimized with the Yoast SEO plugin v25.3.1 - https:\/\/yoast.com\/wordpress\/plugins\/seo\/ -->\n<title>Malha Cashmere - Augusto Camiseiro<\/title>\n<meta name=\"description\" content=\"malha 100% cashmere nas cor cinza m\u00e9dio e azul marinho. Muito macia e com leveza. Pe\u00e7a que aquece, al\u00e9m de, conforto. Malha fabricada na It\u00e1lia.\" \/>\n<meta name=\"robots\" content=\"index, follow, max-snippet:-1, max-image-preview:large, max-video-preview:-1\" \/>\n<link rel=\"canonical\" href=\"https:\/\/augustocamiseiro.com\/lojaweb\/produto\/malha-cashmere\/\" \/>\n<meta property=\"og:locale\" content=\"pt_BR\" \/>\n<meta property=\"og:type\" content=\"article\" \/>\n<meta property=\"og:title\" content=\"Malha Cashmere - Augusto Camiseiro\" \/>\n<meta property=\"og:description\" content=\"malha 100% cashmere nas cor cinza m\u00e9dio e azul marinho. Muito macia e com leveza. Pe\u00e7a que aquece, al\u00e9m de, conforto. Malha fabricada na It\u00e1lia.\" \/>\n<meta property=\"og:url\" content=\"https:\/\/augustocamiseiro.com\/lojaweb\/produto\/malha-cashmere\/\" \/>\n<meta property=\"og:site_name\" content=\"Augusto Camiseiro\" \/>\n<meta property=\"article:modified_time\" content=\"2026-04-15T20:39:29+00:00\" \/>\n<meta property=\"og:image\" content=\"https:\/\/augustocamiseiro.com\/lojaweb\/wp-content\/uploads\/2024\/04\/malh-cashmere-cinza-medio-italy-3975.jpg\" \/>\n\t<meta property=\"og:image:width\" content=\"1000\" \/>\n\t<meta property=\"og:image:height\" content=\"1000\" \/>\n\t<meta property=\"og:image:type\" content=\"image\/jpeg\" \/>\n<meta name=\"twitter:card\" content=\"summary_large_image\" \/>\n<meta name=\"twitter:label1\" content=\"Est. tempo de leitura\" \/>\n\t<meta name=\"twitter:data1\" content=\"2 minutos\" \/>\n<!-- \/ Yoast SEO plugin. -->","yoast_head_json":{"title":"Malha Cashmere - Augusto Camiseiro","description":"malha 100% cashmere nas cor cinza m\u00e9dio e azul marinho. Muito macia e com leveza. Pe\u00e7a que aquece, al\u00e9m de, conforto. Malha fabricada na It\u00e1lia.","robots":{"index":"index","follow":"follow","max-snippet":"max-snippet:-1","max-image-preview":"max-image-preview:large","max-video-preview":"max-video-preview:-1"},"canonical":"https:\/\/augustocamiseiro.com\/lojaweb\/produto\/malha-cashmere\/","og_locale":"pt_BR","og_type":"article","og_title":"Malha Cashmere - Augusto Camiseiro","og_description":"malha 100% cashmere nas cor cinza m\u00e9dio e azul marinho. Muito macia e com leveza. Pe\u00e7a que aquece, al\u00e9m de, conforto. Malha fabricada na It\u00e1lia.","og_url":"https:\/\/augustocamiseiro.com\/lojaweb\/produto\/malha-cashmere\/","og_site_name":"Augusto Camiseiro","article_modified_time":"2026-04-15T20:39:29+00:00","og_image":[{"width":1000,"height":1000,"url":"https:\/\/augustocamiseiro.com\/lojaweb\/wp-content\/uploads\/2024\/04\/malh-cashmere-cinza-medio-italy-3975.jpg","type":"image\/jpeg"}],"twitter_card":"summary_large_image","twitter_misc":{"Est. tempo de leitura":"2 minutos"},"schema":{"@context":"https:\/\/schema.org","@graph":[{"@type":"WebPage","@id":"https:\/\/augustocamiseiro.com\/lojaweb\/produto\/malha-cashmere\/","url":"https:\/\/augustocamiseiro.com\/lojaweb\/produto\/malha-cashmere\/","name":"Malha Cashmere - Augusto Camiseiro","isPartOf":{"@id":"https:\/\/augustocamiseiro.com\/lojaweb\/#website"},"primaryImageOfPage":{"@id":"https:\/\/augustocamiseiro.com\/lojaweb\/produto\/malha-cashmere\/#primaryimage"},"image":{"@id":"https:\/\/augustocamiseiro.com\/lojaweb\/produto\/malha-cashmere\/#primaryimage"},"thumbnailUrl":"https:\/\/i0.wp.com\/augustocamiseiro.com\/lojaweb\/wp-content\/uploads\/2024\/04\/malh-cashmere-cinza-medio-italy-3975.jpg?fit=1000%2C1000&ssl=1","datePublished":"2024-04-19T11:37:12+00:00","dateModified":"2026-04-15T20:39:29+00:00","description":"malha 100% cashmere nas cor cinza m\u00e9dio e azul marinho. Muito macia e com leveza. Pe\u00e7a que aquece, al\u00e9m de, conforto. Malha fabricada na It\u00e1lia.","breadcrumb":{"@id":"https:\/\/augustocamiseiro.com\/lojaweb\/produto\/malha-cashmere\/#breadcrumb"},"inLanguage":"pt-BR","potentialAction":[{"@type":"ReadAction","target":["https:\/\/augustocamiseiro.com\/lojaweb\/produto\/malha-cashmere\/"]}]},{"@type":"ImageObject","inLanguage":"pt-BR","@id":"https:\/\/augustocamiseiro.com\/lojaweb\/produto\/malha-cashmere\/#primaryimage","url":"https:\/\/i0.wp.com\/augustocamiseiro.com\/lojaweb\/wp-content\/uploads\/2024\/04\/malh-cashmere-cinza-medio-italy-3975.jpg?fit=1000%2C1000&ssl=1","contentUrl":"https:\/\/i0.wp.com\/augustocamiseiro.com\/lojaweb\/wp-content\/uploads\/2024\/04\/malh-cashmere-cinza-medio-italy-3975.jpg?fit=1000%2C1000&ssl=1","width":1000,"height":1000},{"@type":"BreadcrumbList","@id":"https:\/\/augustocamiseiro.com\/lojaweb\/produto\/malha-cashmere\/#breadcrumb","itemListElement":[{"@type":"ListItem","position":1,"name":"In\u00edcio","item":"https:\/\/augustocamiseiro.com\/lojaweb\/"},{"@type":"ListItem","position":2,"name":"Shop","item":"https:\/\/augustocamiseiro.com\/lojaweb\/shop\/"},{"@type":"ListItem","position":3,"name":"Malha Cashmere"}]},{"@type":"WebSite","@id":"https:\/\/augustocamiseiro.com\/lojaweb\/#website","url":"https:\/\/augustocamiseiro.com\/lojaweb\/","name":"Augusto Camiseiro","description":"Roupa Masculina","publisher":{"@id":"https:\/\/augustocamiseiro.com\/lojaweb\/#organization"},"potentialAction":[{"@type":"SearchAction","target":{"@type":"EntryPoint","urlTemplate":"https:\/\/augustocamiseiro.com\/lojaweb\/?s={search_term_string}"},"query-input":{"@type":"PropertyValueSpecification","valueRequired":true,"valueName":"search_term_string"}}],"inLanguage":"pt-BR"},{"@type":"Organization","@id":"https:\/\/augustocamiseiro.com\/lojaweb\/#organization","name":"Augusto Camiseiro","url":"https:\/\/augustocamiseiro.com\/lojaweb\/","logo":{"@type":"ImageObject","inLanguage":"pt-BR","@id":"https:\/\/augustocamiseiro.com\/lojaweb\/#\/schema\/logo\/image\/","url":"https:\/\/i0.wp.com\/augustocamiseiro.com\/lojaweb\/wp-content\/uploads\/2024\/04\/cropped-logo-augusto-white-1.png?fit=550%2C310&ssl=1","contentUrl":"https:\/\/i0.wp.com\/augustocamiseiro.com\/lojaweb\/wp-content\/uploads\/2024\/04\/cropped-logo-augusto-white-1.png?fit=550%2C310&ssl=1","width":550,"height":310,"caption":"Augusto Camiseiro"},"image":{"@id":"https:\/\/augustocamiseiro.com\/lojaweb\/#\/schema\/logo\/image\/"}}]}},"jetpack_sharing_enabled":true,"_links":{"self":[{"href":"https:\/\/augustocamiseiro.com\/lojaweb\/wp-json\/wp\/v2\/product\/25130","targetHints":{"allow":["GET"]}}],"collection":[{"href":"https:\/\/augustocamiseiro.com\/lojaweb\/wp-json\/wp\/v2\/product"}],"about":[{"href":"https:\/\/augustocamiseiro.com\/lojaweb\/wp-json\/wp\/v2\/types\/product"}],"replies":[{"embeddable":true,"href":"https:\/\/augustocamiseiro.com\/lojaweb\/wp-json\/wp\/v2\/comments?post=25130"}],"wp:featuredmedia":[{"embeddable":true,"href":"https:\/\/augustocamiseiro.com\/lojaweb\/wp-json\/wp\/v2\/media\/25162"}],"wp:attachment":[{"href":"https:\/\/augustocamiseiro.com\/lojaweb\/wp-json\/wp\/v2\/media?parent=25130"}],"wp:term":[{"taxonomy":"product_brand","embeddable":true,"href":"https:\/\/augustocamiseiro.com\/lojaweb\/wp-json\/wp\/v2\/product_brand?post=25130"},{"taxonomy":"product_cat","embeddable":true,"href":"https:\/\/augustocamiseiro.com\/lojaweb\/wp-json\/wp\/v2\/product_cat?post=25130"},{"taxonomy":"product_tag","embeddable":true,"href":"https:\/\/augustocamiseiro.com\/lojaweb\/wp-json\/wp\/v2\/product_tag?post=25130"}],"curies":[{"name":"wp","href":"https:\/\/api.w.org\/{rel}","templated":true}]}}