{"id":25053,"date":"2024-04-19T11:30:01","date_gmt":"2024-04-19T11:30:01","guid":{"rendered":"https:\/\/bsit.com.br\/loja\/?post_type=product&#038;p=25053"},"modified":"2026-04-17T20:37:51","modified_gmt":"2026-04-17T20:37:51","slug":"sapatenis-sem-cadarco","status":"publish","type":"product","link":"https:\/\/augustocamiseiro.com\/lojaweb\/produto\/sapatenis-sem-cadarco\/","title":{"rendered":"Sapat\u00eanis sem Cadar\u00e7o"},"content":{"rendered":"<p>Nosso sapat\u00eanis tem fabrica\u00e7\u00e3o em couro e camur\u00e7a extremamente macio, assim como solado de borracha com tecnologia XL Extralight. Temos op\u00e7\u00f5es nas cores, trufle, azul marinho e cinza.<\/p>\n<p>A amarra\u00e7\u00e3o em el\u00e1stico fixo e colarinho atr\u00e1s na mesma cor, al\u00e9m do revestimento externo em camur\u00e7a e interno todo em couro, resultam em um toque cl\u00e1ssico a um item bem casual. O exterior destes sapatos s\u00e3o flex\u00edveis, resistentes e inovadores. Al\u00e9m disso seu solado garante um andar muito confort\u00e1vel.<\/p>\n<p>\u00c9 um t\u00eanis ideal para se usar em situa\u00e7\u00f5es casuais e at\u00e9 em ambientes de trabalho mais descontra\u00eddos. Finalmente o conforto do t\u00eanis em um visual mais arrumado e descolado ao mesmo tempo.<\/p>\n","protected":false},"excerpt":{"rendered":"<p>Sapat\u00eanis sem cadar\u00e7o, com op\u00e7\u00f5es nas cores cinza, trufle e azul marinho, moderno com muito conforto e estilo para todas ocasi\u00f5es. Revestimento externo com camur\u00e7a e interno em couro super macio. Solado de borracha com tecnologia XL Extralight.<\/p>\n","protected":false},"featured_media":25093,"comment_status":"open","ping_status":"closed","template":"","meta":{"_acf_changed":false},"product_brand":[],"product_cat":[1496],"product_tag":[1503,1318,510,1319,879,880,692,881,693,694,834,882,883,700],"class_list":{"0":"post-25053","1":"product","2":"type-product","3":"status-publish","4":"has-post-thumbnail","6":"product_cat-sapatenis","7":"product_tag-dia-dos-namorados","8":"product_tag-sapatenis-azul-marinho","9":"product_tag-sapatenis-casual","10":"product_tag-sapatenis-cinza","11":"product_tag-sapatenis-trufle","12":"product_tag-saptenis","13":"product_tag-solado-xl-extralight","14":"product_tag-tenis","15":"product_tag-tenis-azul","16":"product_tag-tenis-camurca","17":"product_tag-tenis-cinza","18":"product_tag-tenis-marrom","19":"product_tag-tenis-trufle","20":"product_tag-xl-extralight","22":"first","23":"instock","24":"taxable","25":"shipping-taxable","26":"purchasable","27":"product-type-variable"},"acf":[],"yoast_head":"<!-- This site is optimized with the Yoast SEO plugin v25.3.1 - https:\/\/yoast.com\/wordpress\/plugins\/seo\/ -->\n<title>Sapat\u00eanis sem Cadar\u00e7o - Augusto Camiseiro<\/title>\n<meta name=\"description\" content=\"Sapat\u00eanis camur\u00e7a, fabricado em couro macio na parte interna e camur\u00e7a na parte externa. Conforto e estilo. Op\u00e7\u00f5es nas cores, marinho, trufle e cinza.\" \/>\n<meta name=\"robots\" content=\"index, follow, max-snippet:-1, max-image-preview:large, max-video-preview:-1\" \/>\n<link rel=\"canonical\" href=\"https:\/\/augustocamiseiro.com\/lojaweb\/produto\/sapatenis-sem-cadarco\/\" \/>\n<meta property=\"og:locale\" content=\"pt_BR\" \/>\n<meta property=\"og:type\" content=\"article\" \/>\n<meta property=\"og:title\" content=\"Sapat\u00eanis sem Cadar\u00e7o - Augusto Camiseiro\" \/>\n<meta property=\"og:description\" content=\"Sapat\u00eanis camur\u00e7a, fabricado em couro macio na parte interna e camur\u00e7a na parte externa. Conforto e estilo. Op\u00e7\u00f5es nas cores, marinho, trufle e cinza.\" \/>\n<meta property=\"og:url\" content=\"https:\/\/augustocamiseiro.com\/lojaweb\/produto\/sapatenis-sem-cadarco\/\" \/>\n<meta property=\"og:site_name\" content=\"Augusto Camiseiro\" \/>\n<meta property=\"article:modified_time\" content=\"2026-04-17T20:37:51+00:00\" \/>\n<meta property=\"og:image\" content=\"https:\/\/augustocamiseiro.com\/lojaweb\/wp-content\/uploads\/2024\/04\/sapatenis-riad-trufle-3949.jpg\" \/>\n\t<meta property=\"og:image:width\" content=\"1000\" \/>\n\t<meta property=\"og:image:height\" content=\"1000\" \/>\n\t<meta property=\"og:image:type\" content=\"image\/jpeg\" \/>\n<meta name=\"twitter:card\" content=\"summary_large_image\" \/>\n<meta name=\"twitter:label1\" content=\"Est. tempo de leitura\" \/>\n\t<meta name=\"twitter:data1\" content=\"1 minuto\" \/>\n<!-- \/ Yoast SEO plugin. -->","yoast_head_json":{"title":"Sapat\u00eanis sem Cadar\u00e7o - Augusto Camiseiro","description":"Sapat\u00eanis camur\u00e7a, fabricado em couro macio na parte interna e camur\u00e7a na parte externa. Conforto e estilo. Op\u00e7\u00f5es nas cores, marinho, trufle e cinza.","robots":{"index":"index","follow":"follow","max-snippet":"max-snippet:-1","max-image-preview":"max-image-preview:large","max-video-preview":"max-video-preview:-1"},"canonical":"https:\/\/augustocamiseiro.com\/lojaweb\/produto\/sapatenis-sem-cadarco\/","og_locale":"pt_BR","og_type":"article","og_title":"Sapat\u00eanis sem Cadar\u00e7o - Augusto Camiseiro","og_description":"Sapat\u00eanis camur\u00e7a, fabricado em couro macio na parte interna e camur\u00e7a na parte externa. Conforto e estilo. Op\u00e7\u00f5es nas cores, marinho, trufle e cinza.","og_url":"https:\/\/augustocamiseiro.com\/lojaweb\/produto\/sapatenis-sem-cadarco\/","og_site_name":"Augusto Camiseiro","article_modified_time":"2026-04-17T20:37:51+00:00","og_image":[{"width":1000,"height":1000,"url":"https:\/\/augustocamiseiro.com\/lojaweb\/wp-content\/uploads\/2024\/04\/sapatenis-riad-trufle-3949.jpg","type":"image\/jpeg"}],"twitter_card":"summary_large_image","twitter_misc":{"Est. tempo de leitura":"1 minuto"},"schema":{"@context":"https:\/\/schema.org","@graph":[{"@type":"WebPage","@id":"https:\/\/augustocamiseiro.com\/lojaweb\/produto\/sapatenis-sem-cadarco\/","url":"https:\/\/augustocamiseiro.com\/lojaweb\/produto\/sapatenis-sem-cadarco\/","name":"Sapat\u00eanis sem Cadar\u00e7o - Augusto Camiseiro","isPartOf":{"@id":"https:\/\/augustocamiseiro.com\/lojaweb\/#website"},"primaryImageOfPage":{"@id":"https:\/\/augustocamiseiro.com\/lojaweb\/produto\/sapatenis-sem-cadarco\/#primaryimage"},"image":{"@id":"https:\/\/augustocamiseiro.com\/lojaweb\/produto\/sapatenis-sem-cadarco\/#primaryimage"},"thumbnailUrl":"https:\/\/i0.wp.com\/augustocamiseiro.com\/lojaweb\/wp-content\/uploads\/2024\/04\/sapatenis-riad-trufle-3949.jpg?fit=1000%2C1000&ssl=1","datePublished":"2024-04-19T11:30:01+00:00","dateModified":"2026-04-17T20:37:51+00:00","description":"Sapat\u00eanis camur\u00e7a, fabricado em couro macio na parte interna e camur\u00e7a na parte externa. Conforto e estilo. Op\u00e7\u00f5es nas cores, marinho, trufle e cinza.","breadcrumb":{"@id":"https:\/\/augustocamiseiro.com\/lojaweb\/produto\/sapatenis-sem-cadarco\/#breadcrumb"},"inLanguage":"pt-BR","potentialAction":[{"@type":"ReadAction","target":["https:\/\/augustocamiseiro.com\/lojaweb\/produto\/sapatenis-sem-cadarco\/"]}]},{"@type":"ImageObject","inLanguage":"pt-BR","@id":"https:\/\/augustocamiseiro.com\/lojaweb\/produto\/sapatenis-sem-cadarco\/#primaryimage","url":"https:\/\/i0.wp.com\/augustocamiseiro.com\/lojaweb\/wp-content\/uploads\/2024\/04\/sapatenis-riad-trufle-3949.jpg?fit=1000%2C1000&ssl=1","contentUrl":"https:\/\/i0.wp.com\/augustocamiseiro.com\/lojaweb\/wp-content\/uploads\/2024\/04\/sapatenis-riad-trufle-3949.jpg?fit=1000%2C1000&ssl=1","width":1000,"height":1000},{"@type":"BreadcrumbList","@id":"https:\/\/augustocamiseiro.com\/lojaweb\/produto\/sapatenis-sem-cadarco\/#breadcrumb","itemListElement":[{"@type":"ListItem","position":1,"name":"In\u00edcio","item":"https:\/\/augustocamiseiro.com\/lojaweb\/"},{"@type":"ListItem","position":2,"name":"Shop","item":"https:\/\/augustocamiseiro.com\/lojaweb\/shop\/"},{"@type":"ListItem","position":3,"name":"Sapat\u00eanis sem Cadar\u00e7o"}]},{"@type":"WebSite","@id":"https:\/\/augustocamiseiro.com\/lojaweb\/#website","url":"https:\/\/augustocamiseiro.com\/lojaweb\/","name":"Augusto Camiseiro","description":"Roupa Masculina","publisher":{"@id":"https:\/\/augustocamiseiro.com\/lojaweb\/#organization"},"potentialAction":[{"@type":"SearchAction","target":{"@type":"EntryPoint","urlTemplate":"https:\/\/augustocamiseiro.com\/lojaweb\/?s={search_term_string}"},"query-input":{"@type":"PropertyValueSpecification","valueRequired":true,"valueName":"search_term_string"}}],"inLanguage":"pt-BR"},{"@type":"Organization","@id":"https:\/\/augustocamiseiro.com\/lojaweb\/#organization","name":"Augusto Camiseiro","url":"https:\/\/augustocamiseiro.com\/lojaweb\/","logo":{"@type":"ImageObject","inLanguage":"pt-BR","@id":"https:\/\/augustocamiseiro.com\/lojaweb\/#\/schema\/logo\/image\/","url":"https:\/\/i0.wp.com\/augustocamiseiro.com\/lojaweb\/wp-content\/uploads\/2024\/04\/cropped-logo-augusto-white-1.png?fit=550%2C310&ssl=1","contentUrl":"https:\/\/i0.wp.com\/augustocamiseiro.com\/lojaweb\/wp-content\/uploads\/2024\/04\/cropped-logo-augusto-white-1.png?fit=550%2C310&ssl=1","width":550,"height":310,"caption":"Augusto Camiseiro"},"image":{"@id":"https:\/\/augustocamiseiro.com\/lojaweb\/#\/schema\/logo\/image\/"}}]}},"jetpack_sharing_enabled":true,"_links":{"self":[{"href":"https:\/\/augustocamiseiro.com\/lojaweb\/wp-json\/wp\/v2\/product\/25053","targetHints":{"allow":["GET"]}}],"collection":[{"href":"https:\/\/augustocamiseiro.com\/lojaweb\/wp-json\/wp\/v2\/product"}],"about":[{"href":"https:\/\/augustocamiseiro.com\/lojaweb\/wp-json\/wp\/v2\/types\/product"}],"replies":[{"embeddable":true,"href":"https:\/\/augustocamiseiro.com\/lojaweb\/wp-json\/wp\/v2\/comments?post=25053"}],"wp:featuredmedia":[{"embeddable":true,"href":"https:\/\/augustocamiseiro.com\/lojaweb\/wp-json\/wp\/v2\/media\/25093"}],"wp:attachment":[{"href":"https:\/\/augustocamiseiro.com\/lojaweb\/wp-json\/wp\/v2\/media?parent=25053"}],"wp:term":[{"taxonomy":"product_brand","embeddable":true,"href":"https:\/\/augustocamiseiro.com\/lojaweb\/wp-json\/wp\/v2\/product_brand?post=25053"},{"taxonomy":"product_cat","embeddable":true,"href":"https:\/\/augustocamiseiro.com\/lojaweb\/wp-json\/wp\/v2\/product_cat?post=25053"},{"taxonomy":"product_tag","embeddable":true,"href":"https:\/\/augustocamiseiro.com\/lojaweb\/wp-json\/wp\/v2\/product_tag?post=25053"}],"curies":[{"name":"wp","href":"https:\/\/api.w.org\/{rel}","templated":true}]}}