{"id":24926,"date":"2024-04-19T11:24:22","date_gmt":"2024-04-19T11:24:22","guid":{"rendered":"https:\/\/bsit.com.br\/loja\/?post_type=product&#038;p=24926"},"modified":"2024-07-05T20:52:48","modified_gmt":"2024-07-05T20:52:48","slug":"gravata-azul-claro-com-elo-rosa","status":"publish","type":"product","link":"https:\/\/augustocamiseiro.com\/lojaweb\/produto\/gravata-azul-claro-com-elo-rosa\/","title":{"rendered":"Gravata Azul Claro com Elo Rosa"},"content":{"rendered":"<p>Gravata celeste de pura seda italiana com fundo azul claro e pequenos elos em tom de rosa. Gravata nacional.<\/p>\n<p>Em resumo, uma gravata muito elegante para usar em combina\u00e7\u00f5es com costumes <span style=\"color: #0000ff;\"><a style=\"color: #0000ff;\" href=\"https:\/\/augustocamiseiro.com\/lojaweb\/?product=terno-costume-cinza-la-fria\">cinza<\/a><\/span> e <a href=\"https:\/\/augustocamiseiro.com\/lojaweb\/?product=terno-costume-azul-bic\"><span style=\"color: #0000ff;\">azuis<\/span><\/a><a href=\"https:\/\/www.augustocamiseiro.com\/lojaweb\/product\/terno-costume-azul-bic\/\">,<\/a> especialmente o azul bic que fica muito valorizado com esta gravata.<\/p>\n<p>Assim tamb\u00e9m com camisas brancas, azuis, lil\u00e1s. Da mesma forma que <a href=\"https:\/\/www.instagram.com\/p\/CRrs4iEnzfZ\/\"><span style=\"color: #0000ff;\">listras azuis<\/span><\/a> ou <span style=\"color: #0000ff;\"><a style=\"color: #0000ff;\" href=\"https:\/\/www.instagram.com\/p\/CYFGaFpO6dE\/\">xadrezes azuis<\/a>.<\/span><\/p>\n<p>Assim sendo, observe a ideia deste <a href=\"https:\/\/www.instagram.com\/p\/BgE4mYLBTQW\/\"><span style=\"color: #0000ff;\">visual<\/span><\/a> que apesar de n\u00e3o ser a mesma gravata, \u00e9 muito similar. A gravata garante toda ilumina\u00e7\u00e3o dessa imagem.<\/p>\n<p>Com certeza, uma gravata para dar um up em seu visual.<\/p>\n<p>&nbsp;<\/p>\n","protected":false},"excerpt":{"rendered":"<p>Gravata azul claro de seda italiana com pequenos elos em tom amarelo. gravata nacional.<\/p>\n","protected":false},"featured_media":24973,"comment_status":"open","ping_status":"closed","template":"","meta":{"_acf_changed":false},"product_brand":[],"product_cat":[1069],"product_tag":[529,763,979,980,530,542,1298,981],"class_list":{"0":"post-24926","1":"product","2":"type-product","3":"status-publish","4":"has-post-thumbnail","6":"product_cat-gravatas-acessorios","7":"product_tag-gravata","8":"product_tag-gravata-azul-claro","9":"product_tag-gravata-celeste","10":"product_tag-gravata-celeste-de-seda","11":"product_tag-gravata-de-seda","12":"product_tag-gravata-de-seda-pura","13":"product_tag-gravata-desenhada","14":"product_tag-seda-italiana","16":"first","17":"instock","18":"shipping-taxable","19":"purchasable","20":"product-type-simple"},"acf":[],"yoast_head":"<!-- This site is optimized with the Yoast SEO plugin v25.3.1 - https:\/\/yoast.com\/wordpress\/plugins\/seo\/ -->\n<title>Gravata Azul Claro com Elo Rosa - Augusto Camiseiro<\/title>\n<meta name=\"description\" content=\"Gravata celeste de seda italiana. Fundo celeste e pequenos pontos azuis mais escuros. Desenho cl\u00e1ssico que combina com costumes azuis e cinza\" \/>\n<meta name=\"robots\" content=\"index, follow, max-snippet:-1, max-image-preview:large, max-video-preview:-1\" \/>\n<link rel=\"canonical\" href=\"https:\/\/augustocamiseiro.com\/lojaweb\/produto\/gravata-azul-claro-com-elo-rosa\/\" \/>\n<meta property=\"og:locale\" content=\"pt_BR\" \/>\n<meta property=\"og:type\" content=\"article\" \/>\n<meta property=\"og:title\" content=\"Gravata Azul Claro com Elo Rosa - Augusto Camiseiro\" \/>\n<meta property=\"og:description\" content=\"Gravata celeste de seda italiana. Fundo celeste e pequenos pontos azuis mais escuros. Desenho cl\u00e1ssico que combina com costumes azuis e cinza\" \/>\n<meta property=\"og:url\" content=\"https:\/\/augustocamiseiro.com\/lojaweb\/produto\/gravata-azul-claro-com-elo-rosa\/\" \/>\n<meta property=\"og:site_name\" content=\"Augusto Camiseiro\" \/>\n<meta property=\"article:modified_time\" content=\"2024-07-05T20:52:48+00:00\" \/>\n<meta property=\"og:image\" content=\"https:\/\/augustocamiseiro.com\/lojaweb\/wp-content\/uploads\/2024\/04\/gravata-27.jpg\" \/>\n\t<meta property=\"og:image:width\" content=\"1000\" \/>\n\t<meta property=\"og:image:height\" content=\"1000\" \/>\n\t<meta property=\"og:image:type\" content=\"image\/jpeg\" \/>\n<meta name=\"twitter:card\" content=\"summary_large_image\" \/>\n<meta name=\"twitter:label1\" content=\"Est. tempo de leitura\" \/>\n\t<meta name=\"twitter:data1\" content=\"1 minuto\" \/>\n<!-- \/ Yoast SEO plugin. -->","yoast_head_json":{"title":"Gravata Azul Claro com Elo Rosa - Augusto Camiseiro","description":"Gravata celeste de seda italiana. Fundo celeste e pequenos pontos azuis mais escuros. Desenho cl\u00e1ssico que combina com costumes azuis e cinza","robots":{"index":"index","follow":"follow","max-snippet":"max-snippet:-1","max-image-preview":"max-image-preview:large","max-video-preview":"max-video-preview:-1"},"canonical":"https:\/\/augustocamiseiro.com\/lojaweb\/produto\/gravata-azul-claro-com-elo-rosa\/","og_locale":"pt_BR","og_type":"article","og_title":"Gravata Azul Claro com Elo Rosa - Augusto Camiseiro","og_description":"Gravata celeste de seda italiana. Fundo celeste e pequenos pontos azuis mais escuros. Desenho cl\u00e1ssico que combina com costumes azuis e cinza","og_url":"https:\/\/augustocamiseiro.com\/lojaweb\/produto\/gravata-azul-claro-com-elo-rosa\/","og_site_name":"Augusto Camiseiro","article_modified_time":"2024-07-05T20:52:48+00:00","og_image":[{"width":1000,"height":1000,"url":"https:\/\/augustocamiseiro.com\/lojaweb\/wp-content\/uploads\/2024\/04\/gravata-27.jpg","type":"image\/jpeg"}],"twitter_card":"summary_large_image","twitter_misc":{"Est. tempo de leitura":"1 minuto"},"schema":{"@context":"https:\/\/schema.org","@graph":[{"@type":"WebPage","@id":"https:\/\/augustocamiseiro.com\/lojaweb\/produto\/gravata-azul-claro-com-elo-rosa\/","url":"https:\/\/augustocamiseiro.com\/lojaweb\/produto\/gravata-azul-claro-com-elo-rosa\/","name":"Gravata Azul Claro com Elo Rosa - Augusto Camiseiro","isPartOf":{"@id":"https:\/\/augustocamiseiro.com\/lojaweb\/#website"},"primaryImageOfPage":{"@id":"https:\/\/augustocamiseiro.com\/lojaweb\/produto\/gravata-azul-claro-com-elo-rosa\/#primaryimage"},"image":{"@id":"https:\/\/augustocamiseiro.com\/lojaweb\/produto\/gravata-azul-claro-com-elo-rosa\/#primaryimage"},"thumbnailUrl":"https:\/\/i0.wp.com\/augustocamiseiro.com\/lojaweb\/wp-content\/uploads\/2024\/04\/gravata-27.jpg?fit=1000%2C1000&ssl=1","datePublished":"2024-04-19T11:24:22+00:00","dateModified":"2024-07-05T20:52:48+00:00","description":"Gravata celeste de seda italiana. Fundo celeste e pequenos pontos azuis mais escuros. Desenho cl\u00e1ssico que combina com costumes azuis e cinza","breadcrumb":{"@id":"https:\/\/augustocamiseiro.com\/lojaweb\/produto\/gravata-azul-claro-com-elo-rosa\/#breadcrumb"},"inLanguage":"pt-BR","potentialAction":[{"@type":"ReadAction","target":["https:\/\/augustocamiseiro.com\/lojaweb\/produto\/gravata-azul-claro-com-elo-rosa\/"]}]},{"@type":"ImageObject","inLanguage":"pt-BR","@id":"https:\/\/augustocamiseiro.com\/lojaweb\/produto\/gravata-azul-claro-com-elo-rosa\/#primaryimage","url":"https:\/\/i0.wp.com\/augustocamiseiro.com\/lojaweb\/wp-content\/uploads\/2024\/04\/gravata-27.jpg?fit=1000%2C1000&ssl=1","contentUrl":"https:\/\/i0.wp.com\/augustocamiseiro.com\/lojaweb\/wp-content\/uploads\/2024\/04\/gravata-27.jpg?fit=1000%2C1000&ssl=1","width":1000,"height":1000},{"@type":"BreadcrumbList","@id":"https:\/\/augustocamiseiro.com\/lojaweb\/produto\/gravata-azul-claro-com-elo-rosa\/#breadcrumb","itemListElement":[{"@type":"ListItem","position":1,"name":"In\u00edcio","item":"https:\/\/augustocamiseiro.com\/lojaweb\/"},{"@type":"ListItem","position":2,"name":"Shop","item":"https:\/\/augustocamiseiro.com\/lojaweb\/shop\/"},{"@type":"ListItem","position":3,"name":"Gravata Azul Claro com Elo Rosa"}]},{"@type":"WebSite","@id":"https:\/\/augustocamiseiro.com\/lojaweb\/#website","url":"https:\/\/augustocamiseiro.com\/lojaweb\/","name":"Augusto Camiseiro","description":"Roupa Masculina","publisher":{"@id":"https:\/\/augustocamiseiro.com\/lojaweb\/#organization"},"potentialAction":[{"@type":"SearchAction","target":{"@type":"EntryPoint","urlTemplate":"https:\/\/augustocamiseiro.com\/lojaweb\/?s={search_term_string}"},"query-input":{"@type":"PropertyValueSpecification","valueRequired":true,"valueName":"search_term_string"}}],"inLanguage":"pt-BR"},{"@type":"Organization","@id":"https:\/\/augustocamiseiro.com\/lojaweb\/#organization","name":"Augusto Camiseiro","url":"https:\/\/augustocamiseiro.com\/lojaweb\/","logo":{"@type":"ImageObject","inLanguage":"pt-BR","@id":"https:\/\/augustocamiseiro.com\/lojaweb\/#\/schema\/logo\/image\/","url":"https:\/\/i0.wp.com\/augustocamiseiro.com\/lojaweb\/wp-content\/uploads\/2024\/04\/cropped-logo-augusto-white-1.png?fit=550%2C310&ssl=1","contentUrl":"https:\/\/i0.wp.com\/augustocamiseiro.com\/lojaweb\/wp-content\/uploads\/2024\/04\/cropped-logo-augusto-white-1.png?fit=550%2C310&ssl=1","width":550,"height":310,"caption":"Augusto Camiseiro"},"image":{"@id":"https:\/\/augustocamiseiro.com\/lojaweb\/#\/schema\/logo\/image\/"}}]}},"jetpack_sharing_enabled":true,"_links":{"self":[{"href":"https:\/\/augustocamiseiro.com\/lojaweb\/wp-json\/wp\/v2\/product\/24926","targetHints":{"allow":["GET"]}}],"collection":[{"href":"https:\/\/augustocamiseiro.com\/lojaweb\/wp-json\/wp\/v2\/product"}],"about":[{"href":"https:\/\/augustocamiseiro.com\/lojaweb\/wp-json\/wp\/v2\/types\/product"}],"replies":[{"embeddable":true,"href":"https:\/\/augustocamiseiro.com\/lojaweb\/wp-json\/wp\/v2\/comments?post=24926"}],"wp:featuredmedia":[{"embeddable":true,"href":"https:\/\/augustocamiseiro.com\/lojaweb\/wp-json\/wp\/v2\/media\/24973"}],"wp:attachment":[{"href":"https:\/\/augustocamiseiro.com\/lojaweb\/wp-json\/wp\/v2\/media?parent=24926"}],"wp:term":[{"taxonomy":"product_brand","embeddable":true,"href":"https:\/\/augustocamiseiro.com\/lojaweb\/wp-json\/wp\/v2\/product_brand?post=24926"},{"taxonomy":"product_cat","embeddable":true,"href":"https:\/\/augustocamiseiro.com\/lojaweb\/wp-json\/wp\/v2\/product_cat?post=24926"},{"taxonomy":"product_tag","embeddable":true,"href":"https:\/\/augustocamiseiro.com\/lojaweb\/wp-json\/wp\/v2\/product_tag?post=24926"}],"curies":[{"name":"wp","href":"https:\/\/api.w.org\/{rel}","templated":true}]}}