{"id":24881,"date":"2024-04-19T11:21:25","date_gmt":"2024-04-19T11:21:25","guid":{"rendered":"https:\/\/bsit.com.br\/loja\/?post_type=product&#038;p=24881"},"modified":"2026-04-15T20:41:48","modified_gmt":"2026-04-15T20:41:48","slug":"camisa-azul-pinpoint","status":"publish","type":"product","link":"https:\/\/augustocamiseiro.com\/lojaweb\/produto\/camisa-azul-pinpoint\/","title":{"rendered":"Camisa Azul Pinpoint"},"content":{"rendered":"<p>Camisa azul pinpoint possui, ao mesmo tempo, um design discreto e muita eleg\u00e2ncia.<\/p>\n<p>Esta camisa \u00e9 fabricada em nossas oficinas, portanto usamos a mesma m\u00e3o de obra, juntamente com os mesmos processos de nossas\u00a0 camisas sob medida. Al\u00e9m disso os mesmos aviamentos e detalhes.<\/p>\n<p>De tal forma que garantimos\u00a0 um acabamento \u00fanico.<\/p>\n<p>Absolutamente sem igual no mercado de camisas pronta-entrega.<\/p>\n<p>Eventualmente pode-se n\u00e3o valorizar muito esses detalhes, mas tenha certeza que esta camisa se destaca.<\/p>\n<p>&nbsp;<\/p>\n<p><strong>Caracter\u00edsticas<\/strong><\/p>\n<p>&nbsp;<\/p>\n<ul>\n<li>Tecido de puro algod\u00e3o na estrutura pinpoint.<\/li>\n<li>Algod\u00e3o eg\u00edpcio fio 60&#215;2.<\/li>\n<li>Costuras rebatidas artesanais.<\/li>\n<li>Camisa manga longa.<\/li>\n<li>Camisa muito dur\u00e1vel e mais encorpada.<\/li>\n<li>Toque muito agrad\u00e1vel.<\/li>\n<li>Pouco amassamento.<\/li>\n<li>Colarinho mais estruturado.<\/li>\n<li>Frente lisa.<\/li>\n<li>Traseiro com pences (costuras) com a finalidade de acinturar a camisa.<\/li>\n<\/ul>\n<p>&nbsp;<\/p>\n<p><strong>Sugest\u00f5es de usos e looks<\/strong><\/p>\n<p>&nbsp;<\/p>\n<p>Esta \u00e9 uma camisa extremamente vers\u00e1til. Por isso use\u00a0 em ambientes profissionais,\u00a0 assim como em ocasi\u00f5es mais descontra\u00eddas.<\/p>\n<p>A camisa azul pinpoint fica perfeita no look cal\u00e7a e camisa. E certamente combina muito bem com cal\u00e7as jeans, azuis, beges e caquis.<\/p>\n<p>Essas cal\u00e7as podem ser de qualquer material, desde sarja de algod\u00e3o at\u00e9 l\u00e3 fria.<\/p>\n<p>Por exemplo\u00a0 <a href=\"https:\/\/augustocamiseiro.com\/lojaweb\/?product=calca-poliviscose-preta\"><span style=\"color: #ffff00\"><span style=\"color: #339966\"><span style=\"color: #0000ff\">uma cal\u00e7a preta<\/span><\/span><\/span><span style=\"color: #339966\">\u00a0\u00a0<\/span><\/a>ou <a href=\"https:\/\/augustocamiseiro.com\/lojaweb\/?product=calca-de-sarja-com-elastano-azul-marinho\"><span style=\"color: #0000ff\">mesmo uma cal\u00e7a sarja azul marinho.<\/span> <\/a><\/p>\n<p>No caso de ser usada com costume e gravata, h\u00e1 diversas op\u00e7\u00f5es. Principalmente com desenhos pequenos como esta <a href=\"https:\/\/augustocamiseiro.com\/lojaweb\/?product=gravata-ciano-trabalhada\"><span style=\"color: #339966\"><span style=\"color: #0000ff\">gravata<\/span><\/span><\/a> de nosso site.<\/p>\n<p>Assim como uma <a href=\"https:\/\/augustocamiseiro.com\/lojaweb\/?product=gravata-laranja-e-azul\"><span style=\"color: #339966\"><span style=\"color: #0000ff\">gravata laranja e azul<\/span><\/span><\/a> fica muito elegante.<\/p>\n<p>Igualmente como os costumes tamb\u00e9m devem ser lisos. Ou ainda com desenhos de tamanhos diferentes do da camisa.<\/p>\n<p>Aqui no nosso Instagram o look perfeito para o ver\u00e3o: <span style=\"color: #339966\"><a style=\"color: #339966\" href=\"https:\/\/www.instagram.com\/p\/CLuqIitp-we\/\" target=\"_blank\" rel=\"noopener\"><span style=\"color: #0000ff\">uma cal\u00e7a azul mais clara e um blazer de algod\u00e3o bege .<\/span><\/a><\/span><\/p>\n<p>Ou at\u00e9 para um dia de inverno: um <span style=\"color: #0000ff\"><a style=\"color: #0000ff\" href=\"https:\/\/augustocamiseiro.com\/lojaweb\/?product=blazer-moletom-cinza-claro\">blazer moletom cinza.<\/a><\/span><\/p>\n<p>&nbsp;<\/p>\n<p>&nbsp;<\/p>\n","protected":false},"excerpt":{"rendered":"<p>Camisa azul pinpoint fio 60\/2 60\/2.<\/p>\n","protected":false},"featured_media":21992,"comment_status":"open","ping_status":"closed","template":"","meta":{"_acf_changed":false},"product_brand":[],"product_cat":[1067],"product_tag":[434,442,1723,832,1745,1746,455,740,833,1747,437,444,1641,1744,441],"class_list":{"0":"post-24881","1":"product","2":"type-product","3":"status-publish","4":"has-post-thumbnail","6":"product_cat-camisas","7":"product_tag-camisa","8":"product_tag-camisa-azul","9":"product_tag-camisa-azul-masculina","10":"product_tag-camisa-azul-pinpoint","11":"product_tag-camisa-azul-social","12":"product_tag-camisa-azul-social-masculina","13":"product_tag-camisa-manga-longa","14":"product_tag-camisa-masculina","15":"product_tag-camisa-pinpoint","16":"product_tag-camisa-pinpoint-azul","17":"product_tag-camisa-social","18":"product_tag-camisa-social-azul","19":"product_tag-moda-social","20":"product_tag-moda-social-masculina","21":"product_tag-pinpoint","23":"first","24":"instock","25":"shipping-taxable","26":"purchasable","27":"product-type-variable"},"acf":[],"yoast_head":"<!-- This site is optimized with the Yoast SEO plugin v25.3.1 - https:\/\/yoast.com\/wordpress\/plugins\/seo\/ -->\n<title>Camisa Azul Pinpoint - Augusto Camiseiro<\/title>\n<meta name=\"description\" content=\"Camisa azul pinpoint. Composi\u00e7\u00e3o de tecido: algod\u00e3o twill fio 60\/2. Acabamento artesanal. Design elegante. Use em qualquer situa\u00e7\u00e3o.\" \/>\n<meta name=\"robots\" content=\"index, follow, max-snippet:-1, max-image-preview:large, max-video-preview:-1\" \/>\n<link rel=\"canonical\" href=\"https:\/\/augustocamiseiro.com\/lojaweb\/produto\/camisa-azul-pinpoint\/\" \/>\n<meta property=\"og:locale\" content=\"pt_BR\" \/>\n<meta property=\"og:type\" content=\"article\" \/>\n<meta property=\"og:title\" content=\"Camisa Azul Pinpoint - Augusto Camiseiro\" \/>\n<meta property=\"og:description\" content=\"Camisa azul pinpoint. Composi\u00e7\u00e3o de tecido: algod\u00e3o twill fio 60\/2. Acabamento artesanal. Design elegante. Use em qualquer situa\u00e7\u00e3o.\" \/>\n<meta property=\"og:url\" content=\"https:\/\/augustocamiseiro.com\/lojaweb\/produto\/camisa-azul-pinpoint\/\" \/>\n<meta property=\"og:site_name\" content=\"Augusto Camiseiro\" \/>\n<meta property=\"article:modified_time\" content=\"2026-04-15T20:41:48+00:00\" \/>\n<meta property=\"og:image\" content=\"https:\/\/augustocamiseiro.com\/lojaweb\/wp-content\/uploads\/2024\/04\/camisa-3134-pinpoint-azul-3791.jpg\" \/>\n\t<meta property=\"og:image:width\" content=\"1000\" \/>\n\t<meta property=\"og:image:height\" content=\"1000\" \/>\n\t<meta property=\"og:image:type\" content=\"image\/jpeg\" \/>\n<meta name=\"twitter:card\" content=\"summary_large_image\" \/>\n<meta name=\"twitter:label1\" content=\"Est. tempo de leitura\" \/>\n\t<meta name=\"twitter:data1\" content=\"2 minutos\" \/>\n<!-- \/ Yoast SEO plugin. -->","yoast_head_json":{"title":"Camisa Azul Pinpoint - Augusto Camiseiro","description":"Camisa azul pinpoint. Composi\u00e7\u00e3o de tecido: algod\u00e3o twill fio 60\/2. Acabamento artesanal. Design elegante. Use em qualquer situa\u00e7\u00e3o.","robots":{"index":"index","follow":"follow","max-snippet":"max-snippet:-1","max-image-preview":"max-image-preview:large","max-video-preview":"max-video-preview:-1"},"canonical":"https:\/\/augustocamiseiro.com\/lojaweb\/produto\/camisa-azul-pinpoint\/","og_locale":"pt_BR","og_type":"article","og_title":"Camisa Azul Pinpoint - Augusto Camiseiro","og_description":"Camisa azul pinpoint. Composi\u00e7\u00e3o de tecido: algod\u00e3o twill fio 60\/2. Acabamento artesanal. Design elegante. Use em qualquer situa\u00e7\u00e3o.","og_url":"https:\/\/augustocamiseiro.com\/lojaweb\/produto\/camisa-azul-pinpoint\/","og_site_name":"Augusto Camiseiro","article_modified_time":"2026-04-15T20:41:48+00:00","og_image":[{"width":1000,"height":1000,"url":"https:\/\/augustocamiseiro.com\/lojaweb\/wp-content\/uploads\/2024\/04\/camisa-3134-pinpoint-azul-3791.jpg","type":"image\/jpeg"}],"twitter_card":"summary_large_image","twitter_misc":{"Est. tempo de leitura":"2 minutos"},"schema":{"@context":"https:\/\/schema.org","@graph":[{"@type":"WebPage","@id":"https:\/\/augustocamiseiro.com\/lojaweb\/produto\/camisa-azul-pinpoint\/","url":"https:\/\/augustocamiseiro.com\/lojaweb\/produto\/camisa-azul-pinpoint\/","name":"Camisa Azul Pinpoint - Augusto Camiseiro","isPartOf":{"@id":"https:\/\/augustocamiseiro.com\/lojaweb\/#website"},"primaryImageOfPage":{"@id":"https:\/\/augustocamiseiro.com\/lojaweb\/produto\/camisa-azul-pinpoint\/#primaryimage"},"image":{"@id":"https:\/\/augustocamiseiro.com\/lojaweb\/produto\/camisa-azul-pinpoint\/#primaryimage"},"thumbnailUrl":"https:\/\/i0.wp.com\/augustocamiseiro.com\/lojaweb\/wp-content\/uploads\/2024\/04\/camisa-3134-pinpoint-azul-3791.jpg?fit=1000%2C1000&ssl=1","datePublished":"2024-04-19T11:21:25+00:00","dateModified":"2026-04-15T20:41:48+00:00","description":"Camisa azul pinpoint. Composi\u00e7\u00e3o de tecido: algod\u00e3o twill fio 60\/2. Acabamento artesanal. Design elegante. Use em qualquer situa\u00e7\u00e3o.","breadcrumb":{"@id":"https:\/\/augustocamiseiro.com\/lojaweb\/produto\/camisa-azul-pinpoint\/#breadcrumb"},"inLanguage":"pt-BR","potentialAction":[{"@type":"ReadAction","target":["https:\/\/augustocamiseiro.com\/lojaweb\/produto\/camisa-azul-pinpoint\/"]}]},{"@type":"ImageObject","inLanguage":"pt-BR","@id":"https:\/\/augustocamiseiro.com\/lojaweb\/produto\/camisa-azul-pinpoint\/#primaryimage","url":"https:\/\/i0.wp.com\/augustocamiseiro.com\/lojaweb\/wp-content\/uploads\/2024\/04\/camisa-3134-pinpoint-azul-3791.jpg?fit=1000%2C1000&ssl=1","contentUrl":"https:\/\/i0.wp.com\/augustocamiseiro.com\/lojaweb\/wp-content\/uploads\/2024\/04\/camisa-3134-pinpoint-azul-3791.jpg?fit=1000%2C1000&ssl=1","width":1000,"height":1000},{"@type":"BreadcrumbList","@id":"https:\/\/augustocamiseiro.com\/lojaweb\/produto\/camisa-azul-pinpoint\/#breadcrumb","itemListElement":[{"@type":"ListItem","position":1,"name":"In\u00edcio","item":"https:\/\/augustocamiseiro.com\/lojaweb\/"},{"@type":"ListItem","position":2,"name":"Shop","item":"https:\/\/augustocamiseiro.com\/lojaweb\/shop\/"},{"@type":"ListItem","position":3,"name":"Camisa Azul Pinpoint"}]},{"@type":"WebSite","@id":"https:\/\/augustocamiseiro.com\/lojaweb\/#website","url":"https:\/\/augustocamiseiro.com\/lojaweb\/","name":"Augusto Camiseiro","description":"Roupa Masculina","publisher":{"@id":"https:\/\/augustocamiseiro.com\/lojaweb\/#organization"},"potentialAction":[{"@type":"SearchAction","target":{"@type":"EntryPoint","urlTemplate":"https:\/\/augustocamiseiro.com\/lojaweb\/?s={search_term_string}"},"query-input":{"@type":"PropertyValueSpecification","valueRequired":true,"valueName":"search_term_string"}}],"inLanguage":"pt-BR"},{"@type":"Organization","@id":"https:\/\/augustocamiseiro.com\/lojaweb\/#organization","name":"Augusto Camiseiro","url":"https:\/\/augustocamiseiro.com\/lojaweb\/","logo":{"@type":"ImageObject","inLanguage":"pt-BR","@id":"https:\/\/augustocamiseiro.com\/lojaweb\/#\/schema\/logo\/image\/","url":"https:\/\/i0.wp.com\/augustocamiseiro.com\/lojaweb\/wp-content\/uploads\/2024\/04\/cropped-logo-augusto-white-1.png?fit=550%2C310&ssl=1","contentUrl":"https:\/\/i0.wp.com\/augustocamiseiro.com\/lojaweb\/wp-content\/uploads\/2024\/04\/cropped-logo-augusto-white-1.png?fit=550%2C310&ssl=1","width":550,"height":310,"caption":"Augusto Camiseiro"},"image":{"@id":"https:\/\/augustocamiseiro.com\/lojaweb\/#\/schema\/logo\/image\/"}}]}},"jetpack_sharing_enabled":true,"_links":{"self":[{"href":"https:\/\/augustocamiseiro.com\/lojaweb\/wp-json\/wp\/v2\/product\/24881","targetHints":{"allow":["GET"]}}],"collection":[{"href":"https:\/\/augustocamiseiro.com\/lojaweb\/wp-json\/wp\/v2\/product"}],"about":[{"href":"https:\/\/augustocamiseiro.com\/lojaweb\/wp-json\/wp\/v2\/types\/product"}],"replies":[{"embeddable":true,"href":"https:\/\/augustocamiseiro.com\/lojaweb\/wp-json\/wp\/v2\/comments?post=24881"}],"wp:featuredmedia":[{"embeddable":true,"href":"https:\/\/augustocamiseiro.com\/lojaweb\/wp-json\/wp\/v2\/media\/21992"}],"wp:attachment":[{"href":"https:\/\/augustocamiseiro.com\/lojaweb\/wp-json\/wp\/v2\/media?parent=24881"}],"wp:term":[{"taxonomy":"product_brand","embeddable":true,"href":"https:\/\/augustocamiseiro.com\/lojaweb\/wp-json\/wp\/v2\/product_brand?post=24881"},{"taxonomy":"product_cat","embeddable":true,"href":"https:\/\/augustocamiseiro.com\/lojaweb\/wp-json\/wp\/v2\/product_cat?post=24881"},{"taxonomy":"product_tag","embeddable":true,"href":"https:\/\/augustocamiseiro.com\/lojaweb\/wp-json\/wp\/v2\/product_tag?post=24881"}],"curies":[{"name":"wp","href":"https:\/\/api.w.org\/{rel}","templated":true}]}}