{"id":24863,"date":"2024-04-19T11:20:05","date_gmt":"2024-04-19T11:20:05","guid":{"rendered":"https:\/\/bsit.com.br\/loja\/?post_type=product&#038;p=24863"},"modified":"2026-04-15T20:39:13","modified_gmt":"2026-04-15T20:39:13","slug":"calca-sarja-verde-spencer","status":"publish","type":"product","link":"https:\/\/augustocamiseiro.com\/lojaweb\/produto\/calca-sarja-verde-spencer\/","title":{"rendered":"Cal\u00e7a Sarja Verde Spencer"},"content":{"rendered":"<p style=\"padding-left: 40px;\">Cal\u00e7a sarja verde spencer \u00e9 uma excelente op\u00e7\u00e3o de cal\u00e7a casual devido a sua composi\u00e7\u00e3o, cor e caimento slim.<\/p>\n<p>O verde \u00e9 uma cor cl\u00e1ssica, portanto vai bem em qualquer combina\u00e7\u00e3o, al\u00e9m de ser de ser uma cal\u00e7a casual.<\/p>\n<p>Igualmente se tem muito conforto pelo elastano na composi\u00e7\u00e3o e muito estilo, pelo seu caimeno slimfit que empresta um visual moderno a esta pe\u00e7a cl\u00e1ssica.<\/p>\n<p>Al\u00e9m disso, conta com um el\u00e1stico embutido no c\u00f3s que garante excelente adapta\u00e7\u00e3o entre cintura e quadril.<\/p>\n<p>O que se pode querer al\u00e9m de caimento, cor cl\u00e1ssica, conforto e praticidade?<\/p>\n<p>&nbsp;<\/p>\n<p><strong>Caracter\u00edsticas\u00a0<\/strong><\/p>\n<p>&nbsp;<\/p>\n<ul>\n<li>Modelagem slimfit.<\/li>\n<li>Acabamentos internos esportivos.<\/li>\n<li>Bolso faca.<\/li>\n<li>Forro bolso: 50% algod\u00e3o; 50% poli\u00e9ster<\/li>\n<li>Composi\u00e7\u00e3o: 98% algod\u00e3o; 2% elastano.<\/li>\n<li>Acabamento peletizado ( amaciado ).<\/li>\n<li>C\u00f3s com el\u00e1stico embutido atr\u00e1s para melhor ajuste.<\/li>\n<li>Bolsinho lateral junto ao bolso faca.<\/li>\n<li>Pode ser lavada em casa.<\/li>\n<\/ul>\n<p>&nbsp;<\/p>\n<p><strong>Usos e looks<\/strong><\/p>\n<p>&nbsp;<\/p>\n<p>Pode usar tanto em situa\u00e7\u00f5es casuais como em ambiente de trabalho mais relaxados.<\/p>\n<p>Assim sendo esta \u00e9 uma pe\u00e7a extremamente vers\u00e1til.<\/p>\n<p>Experimente com <a href=\"https:\/\/www.instagram.com\/p\/Cbs9nR_LVZN\/\"><span style=\"color: #0000ff;\">camisas azuis<\/span><\/a>, <span style=\"color: #0000ff;\"><a style=\"color: #0000ff;\" href=\"https:\/\/augustocamiseiro.com\/lojaweb\/?product=camisa-linho-branca\">linho branca<\/a><\/span>\u00a0ou <a href=\"https:\/\/augustocamiseiro.com\/lojaweb\/?product=camisa-linho-azul\"><span style=\"color: #0000ff;\">linho azul<\/span><\/a>, ficam \u00f3timas com esta cal\u00e7a.<\/p>\n<p>Certamente esta cal\u00e7a de sarja caqui esverdeado \u00e9 perfeita para usar com qualquer uma destas camisas em um contexto mais casual: camisa <a href=\"https:\/\/augustocamiseiro.com\/lojaweb\/?product=camisa-xadrez-grande-verde-e-azul\"><span style=\"color: #0000ff;\">xadrez verde e azul<\/span><\/a> e <a href=\"https:\/\/augustocamiseiro.com\/lojaweb\/?product=camisa-pied-pule-preta\"><span style=\"color: #0000ff;\">camisa pied pule preta<\/span><\/a>.<\/p>\n<p>E qual seria o sapato perfeito?<\/p>\n<p>Sem d\u00favida esta cal\u00e7a mostra novamente sua versatilidade, permitindo uso de <a href=\"https:\/\/augustocamiseiro.com\/lojaweb\/?product=sapato-social-couro-com-recorte\"><span style=\"color: #0000ff;\">sapatos de couro cl\u00e1ssicos<\/span><\/a>, at\u00e9 <a href=\"https:\/\/augustocamiseiro.com\/lojaweb\/?product=sapato-derby-camurca-marrom\"><span style=\"color: #0000ff;\">sapato mais esportivo<\/span>,<\/a> ou mesmo um<span style=\"color: #0000ff;\"><a style=\"color: #0000ff;\" href=\"https:\/\/augustocamiseiro.com\/lojaweb\/?product=mocassim-camurca-driver\"> driver azul<\/a>.<\/span><\/p>\n<p>&nbsp;<\/p>\n<p>&nbsp;<\/p>\n<p>ESTA PE\u00c7A VAI SEM A BARRA COSTURADA.<\/p>\n<p>\u00c9 NECESS\u00c1RIO AJUST\u00c1-LA CONFORME SUA ALTURA.<\/p>\n<p>&nbsp;<\/p>\n","protected":false},"excerpt":{"rendered":"<p>Cal\u00e7a sarja verde spencer. Algod\u00e3o com elastano. El\u00e1stico embutido no c\u00f3s.<\/p>\n","protected":false},"featured_media":42835,"comment_status":"open","ping_status":"closed","template":"","meta":{"_acf_changed":false},"product_brand":[],"product_cat":[362],"product_tag":[409,1788,1292,1784,810,829,812,830,831,413,414,1785,1778,1786,1787,1406,416],"class_list":{"0":"post-24863","1":"product","2":"type-product","3":"status-publish","4":"has-post-thumbnail","6":"product_cat-calcas","7":"product_tag-calca","8":"product_tag-calca-jeans-verde","9":"product_tag-calca-masculina","10":"product_tag-calca-masculina-verde","11":"product_tag-calca-sarja-verde","12":"product_tag-calca-spencer","13":"product_tag-calca-verde","14":"product_tag-calca-verde-escuro","15":"product_tag-calca-verde-spencer","16":"product_tag-calca-de-sarja","17":"product_tag-casual","18":"product_tag-jeans-casual","19":"product_tag-jeans-esportivo","20":"product_tag-jeans-masculina","21":"product_tag-jeans-verde","22":"product_tag-moda-masculina","23":"product_tag-slim-fit","25":"first","26":"instock","27":"shipping-taxable","28":"purchasable","29":"product-type-variable"},"acf":[],"yoast_head":"<!-- This site is optimized with the Yoast SEO plugin v25.3.1 - https:\/\/yoast.com\/wordpress\/plugins\/seo\/ -->\n<title>Cal\u00e7a Sarja Verde Spencer - Augusto Camiseiro<\/title>\n<meta name=\"description\" content=\"Cal\u00e7a sarja verde spencer. Composi\u00e7\u00e3o 98%algod\u00e3o2%elastano. Modelagem slimfit. Cal\u00e7a casual despojada de cor cl\u00e1ssica. Muito conforto.\" \/>\n<meta name=\"robots\" content=\"index, follow, max-snippet:-1, max-image-preview:large, max-video-preview:-1\" \/>\n<link rel=\"canonical\" href=\"https:\/\/augustocamiseiro.com\/lojaweb\/produto\/calca-sarja-verde-spencer\/\" \/>\n<meta property=\"og:locale\" content=\"pt_BR\" \/>\n<meta property=\"og:type\" content=\"article\" \/>\n<meta property=\"og:title\" content=\"Cal\u00e7a Sarja Verde Spencer - Augusto Camiseiro\" \/>\n<meta property=\"og:description\" content=\"Cal\u00e7a sarja verde spencer. Composi\u00e7\u00e3o 98%algod\u00e3o2%elastano. Modelagem slimfit. Cal\u00e7a casual despojada de cor cl\u00e1ssica. Muito conforto.\" \/>\n<meta property=\"og:url\" content=\"https:\/\/augustocamiseiro.com\/lojaweb\/produto\/calca-sarja-verde-spencer\/\" \/>\n<meta property=\"og:site_name\" content=\"Augusto Camiseiro\" \/>\n<meta property=\"article:modified_time\" content=\"2026-04-15T20:39:13+00:00\" \/>\n<meta property=\"og:image\" content=\"https:\/\/augustocamiseiro.com\/lojaweb\/wp-content\/uploads\/2024\/12\/Calca-sarja-elastano-verde-Spencer-ref3865.jpg\" \/>\n\t<meta property=\"og:image:width\" content=\"960\" \/>\n\t<meta property=\"og:image:height\" content=\"1200\" \/>\n\t<meta property=\"og:image:type\" content=\"image\/jpeg\" \/>\n<meta name=\"twitter:card\" content=\"summary_large_image\" \/>\n<meta name=\"twitter:label1\" content=\"Est. tempo de leitura\" \/>\n\t<meta name=\"twitter:data1\" content=\"2 minutos\" \/>\n<!-- \/ Yoast SEO plugin. -->","yoast_head_json":{"title":"Cal\u00e7a Sarja Verde Spencer - Augusto Camiseiro","description":"Cal\u00e7a sarja verde spencer. Composi\u00e7\u00e3o 98%algod\u00e3o2%elastano. Modelagem slimfit. Cal\u00e7a casual despojada de cor cl\u00e1ssica. Muito conforto.","robots":{"index":"index","follow":"follow","max-snippet":"max-snippet:-1","max-image-preview":"max-image-preview:large","max-video-preview":"max-video-preview:-1"},"canonical":"https:\/\/augustocamiseiro.com\/lojaweb\/produto\/calca-sarja-verde-spencer\/","og_locale":"pt_BR","og_type":"article","og_title":"Cal\u00e7a Sarja Verde Spencer - Augusto Camiseiro","og_description":"Cal\u00e7a sarja verde spencer. Composi\u00e7\u00e3o 98%algod\u00e3o2%elastano. Modelagem slimfit. Cal\u00e7a casual despojada de cor cl\u00e1ssica. Muito conforto.","og_url":"https:\/\/augustocamiseiro.com\/lojaweb\/produto\/calca-sarja-verde-spencer\/","og_site_name":"Augusto Camiseiro","article_modified_time":"2026-04-15T20:39:13+00:00","og_image":[{"width":960,"height":1200,"url":"https:\/\/augustocamiseiro.com\/lojaweb\/wp-content\/uploads\/2024\/12\/Calca-sarja-elastano-verde-Spencer-ref3865.jpg","type":"image\/jpeg"}],"twitter_card":"summary_large_image","twitter_misc":{"Est. tempo de leitura":"2 minutos"},"schema":{"@context":"https:\/\/schema.org","@graph":[{"@type":"WebPage","@id":"https:\/\/augustocamiseiro.com\/lojaweb\/produto\/calca-sarja-verde-spencer\/","url":"https:\/\/augustocamiseiro.com\/lojaweb\/produto\/calca-sarja-verde-spencer\/","name":"Cal\u00e7a Sarja Verde Spencer - Augusto Camiseiro","isPartOf":{"@id":"https:\/\/augustocamiseiro.com\/lojaweb\/#website"},"primaryImageOfPage":{"@id":"https:\/\/augustocamiseiro.com\/lojaweb\/produto\/calca-sarja-verde-spencer\/#primaryimage"},"image":{"@id":"https:\/\/augustocamiseiro.com\/lojaweb\/produto\/calca-sarja-verde-spencer\/#primaryimage"},"thumbnailUrl":"https:\/\/i0.wp.com\/augustocamiseiro.com\/lojaweb\/wp-content\/uploads\/2024\/12\/Calca-sarja-elastano-verde-Spencer-ref3865.jpg?fit=960%2C1200&ssl=1","datePublished":"2024-04-19T11:20:05+00:00","dateModified":"2026-04-15T20:39:13+00:00","description":"Cal\u00e7a sarja verde spencer. Composi\u00e7\u00e3o 98%algod\u00e3o2%elastano. Modelagem slimfit. Cal\u00e7a casual despojada de cor cl\u00e1ssica. Muito conforto.","breadcrumb":{"@id":"https:\/\/augustocamiseiro.com\/lojaweb\/produto\/calca-sarja-verde-spencer\/#breadcrumb"},"inLanguage":"pt-BR","potentialAction":[{"@type":"ReadAction","target":["https:\/\/augustocamiseiro.com\/lojaweb\/produto\/calca-sarja-verde-spencer\/"]}]},{"@type":"ImageObject","inLanguage":"pt-BR","@id":"https:\/\/augustocamiseiro.com\/lojaweb\/produto\/calca-sarja-verde-spencer\/#primaryimage","url":"https:\/\/i0.wp.com\/augustocamiseiro.com\/lojaweb\/wp-content\/uploads\/2024\/12\/Calca-sarja-elastano-verde-Spencer-ref3865.jpg?fit=960%2C1200&ssl=1","contentUrl":"https:\/\/i0.wp.com\/augustocamiseiro.com\/lojaweb\/wp-content\/uploads\/2024\/12\/Calca-sarja-elastano-verde-Spencer-ref3865.jpg?fit=960%2C1200&ssl=1","width":960,"height":1200},{"@type":"BreadcrumbList","@id":"https:\/\/augustocamiseiro.com\/lojaweb\/produto\/calca-sarja-verde-spencer\/#breadcrumb","itemListElement":[{"@type":"ListItem","position":1,"name":"In\u00edcio","item":"https:\/\/augustocamiseiro.com\/lojaweb\/"},{"@type":"ListItem","position":2,"name":"Shop","item":"https:\/\/augustocamiseiro.com\/lojaweb\/shop\/"},{"@type":"ListItem","position":3,"name":"Cal\u00e7a Sarja Verde Spencer"}]},{"@type":"WebSite","@id":"https:\/\/augustocamiseiro.com\/lojaweb\/#website","url":"https:\/\/augustocamiseiro.com\/lojaweb\/","name":"Augusto Camiseiro","description":"Roupa Masculina","publisher":{"@id":"https:\/\/augustocamiseiro.com\/lojaweb\/#organization"},"potentialAction":[{"@type":"SearchAction","target":{"@type":"EntryPoint","urlTemplate":"https:\/\/augustocamiseiro.com\/lojaweb\/?s={search_term_string}"},"query-input":{"@type":"PropertyValueSpecification","valueRequired":true,"valueName":"search_term_string"}}],"inLanguage":"pt-BR"},{"@type":"Organization","@id":"https:\/\/augustocamiseiro.com\/lojaweb\/#organization","name":"Augusto Camiseiro","url":"https:\/\/augustocamiseiro.com\/lojaweb\/","logo":{"@type":"ImageObject","inLanguage":"pt-BR","@id":"https:\/\/augustocamiseiro.com\/lojaweb\/#\/schema\/logo\/image\/","url":"https:\/\/i0.wp.com\/augustocamiseiro.com\/lojaweb\/wp-content\/uploads\/2024\/04\/cropped-logo-augusto-white-1.png?fit=550%2C310&ssl=1","contentUrl":"https:\/\/i0.wp.com\/augustocamiseiro.com\/lojaweb\/wp-content\/uploads\/2024\/04\/cropped-logo-augusto-white-1.png?fit=550%2C310&ssl=1","width":550,"height":310,"caption":"Augusto Camiseiro"},"image":{"@id":"https:\/\/augustocamiseiro.com\/lojaweb\/#\/schema\/logo\/image\/"}}]}},"jetpack_sharing_enabled":true,"_links":{"self":[{"href":"https:\/\/augustocamiseiro.com\/lojaweb\/wp-json\/wp\/v2\/product\/24863","targetHints":{"allow":["GET"]}}],"collection":[{"href":"https:\/\/augustocamiseiro.com\/lojaweb\/wp-json\/wp\/v2\/product"}],"about":[{"href":"https:\/\/augustocamiseiro.com\/lojaweb\/wp-json\/wp\/v2\/types\/product"}],"replies":[{"embeddable":true,"href":"https:\/\/augustocamiseiro.com\/lojaweb\/wp-json\/wp\/v2\/comments?post=24863"}],"wp:featuredmedia":[{"embeddable":true,"href":"https:\/\/augustocamiseiro.com\/lojaweb\/wp-json\/wp\/v2\/media\/42835"}],"wp:attachment":[{"href":"https:\/\/augustocamiseiro.com\/lojaweb\/wp-json\/wp\/v2\/media?parent=24863"}],"wp:term":[{"taxonomy":"product_brand","embeddable":true,"href":"https:\/\/augustocamiseiro.com\/lojaweb\/wp-json\/wp\/v2\/product_brand?post=24863"},{"taxonomy":"product_cat","embeddable":true,"href":"https:\/\/augustocamiseiro.com\/lojaweb\/wp-json\/wp\/v2\/product_cat?post=24863"},{"taxonomy":"product_tag","embeddable":true,"href":"https:\/\/augustocamiseiro.com\/lojaweb\/wp-json\/wp\/v2\/product_tag?post=24863"}],"curies":[{"name":"wp","href":"https:\/\/api.w.org\/{rel}","templated":true}]}}