{"id":24839,"date":"2024-04-19T11:19:40","date_gmt":"2024-04-19T11:19:40","guid":{"rendered":"https:\/\/bsit.com.br\/loja\/?post_type=product&#038;p=24839"},"modified":"2026-04-15T20:37:30","modified_gmt":"2026-04-15T20:37:30","slug":"calca-alfaiataria-super120-preta","status":"publish","type":"product","link":"https:\/\/augustocamiseiro.com\/lojaweb\/produto\/calca-alfaiataria-super120-preta\/","title":{"rendered":"Cal\u00e7a Alfaiataria Super120 Preta"},"content":{"rendered":"<p style=\"text-align: left;padding-left: 80px\">Cal\u00e7a alfaiataria supe 120 preta, forrada at\u00e9 o joelho, sem pregas, com modelagem tradicional e slim. Pe\u00e7a perfeita para um look formal mais moderno ou para um look casual. Para trabalhar, assim como, sair para eventos, comemora\u00e7\u00f5es, trar\u00e1 muito estilo e conforto.<\/p>\n<p>&nbsp;<\/p>\n<p><span style=\"font-size: 14pt\"><strong>Usos e Looks<\/strong><\/span><\/p>\n<p>Experimente usar camisas sociais ou camisetas b\u00e1sicas, por exemplo,\u00a0 preto, cinza ou azul. Sapatos mocassim dar\u00e3o um charme especial, assim como um <a href=\"https:\/\/augustocamiseiro.com\/lojaweb\/?product=tenis-casual\">sapat\u00eanis casual<\/a> junto com uma camiseta <a href=\"https:\/\/augustocamiseiro.com\/lojaweb\/?product=polo-pima-chumbo\">Polo<\/a>, para um ar mais esportivo<\/p>\n<p>&nbsp;<\/p>\n<p><span style=\"font-size: 14pt\"><strong>Composi\u00e7\u00e3o<\/strong><\/span><\/p>\n<ul>\n<li>cal\u00e7a 100% l\u00e3<\/li>\n<li>Forro bolso 100% algod\u00e3o<\/li>\n<\/ul>\n","protected":false},"excerpt":{"rendered":"<p>cal\u00e7a alfaiataria de l\u00e3 fria super 120 preta. Produto 100% l\u00e3.<\/p>\n<div><\/div>\n","protected":false},"featured_media":50711,"comment_status":"open","ping_status":"closed","template":"","meta":{"_acf_changed":false},"product_brand":[],"product_cat":[362],"product_tag":[358,964,360,361,363],"class_list":{"0":"post-24839","1":"product","2":"type-product","3":"status-publish","4":"has-post-thumbnail","6":"product_cat-calcas","7":"product_tag-calca-alfaiataria","8":"product_tag-calca-preta","9":"product_tag-calca-de-la-fria","10":"product_tag-calca-social","11":"product_tag-super120","13":"first","14":"instock","15":"shipping-taxable","16":"purchasable","17":"product-type-variable"},"acf":[],"yoast_head":"<!-- This site is optimized with the Yoast SEO plugin v25.3.1 - https:\/\/yoast.com\/wordpress\/plugins\/seo\/ -->\n<title>Cal\u00e7a Alfaiataria Super120 Preta - Augusto Camiseiro<\/title>\n<meta name=\"description\" content=\"Cal\u00e7a alfaiataria super120 preta. Cal\u00e7a de l\u00e3 fria, trazendo conforto e leveza. Pe\u00e7a essencial para o trabalho e eventos comemorativos.\" \/>\n<meta name=\"robots\" content=\"index, follow, max-snippet:-1, max-image-preview:large, max-video-preview:-1\" \/>\n<link rel=\"canonical\" href=\"https:\/\/augustocamiseiro.com\/lojaweb\/produto\/calca-alfaiataria-super120-preta\/\" \/>\n<meta property=\"og:locale\" content=\"pt_BR\" \/>\n<meta property=\"og:type\" content=\"article\" \/>\n<meta property=\"og:title\" content=\"Cal\u00e7a Alfaiataria Super120 Preta - Augusto Camiseiro\" \/>\n<meta property=\"og:description\" content=\"Cal\u00e7a alfaiataria super120 preta. Cal\u00e7a de l\u00e3 fria, trazendo conforto e leveza. Pe\u00e7a essencial para o trabalho e eventos comemorativos.\" \/>\n<meta property=\"og:url\" content=\"https:\/\/augustocamiseiro.com\/lojaweb\/produto\/calca-alfaiataria-super120-preta\/\" \/>\n<meta property=\"og:site_name\" content=\"Augusto Camiseiro\" \/>\n<meta property=\"article:modified_time\" content=\"2026-04-15T20:37:30+00:00\" \/>\n<meta property=\"og:image\" content=\"https:\/\/augustocamiseiro.com\/lojaweb\/wp-content\/uploads\/2024\/04\/calca-la-fria-preta-2372_webp.webp\" \/>\n\t<meta property=\"og:image:width\" content=\"1772\" \/>\n\t<meta property=\"og:image:height\" content=\"2214\" \/>\n\t<meta property=\"og:image:type\" content=\"image\/webp\" \/>\n<meta name=\"twitter:card\" content=\"summary_large_image\" \/>\n<meta name=\"twitter:label1\" content=\"Est. tempo de leitura\" \/>\n\t<meta name=\"twitter:data1\" content=\"1 minuto\" \/>\n<!-- \/ Yoast SEO plugin. -->","yoast_head_json":{"title":"Cal\u00e7a Alfaiataria Super120 Preta - Augusto Camiseiro","description":"Cal\u00e7a alfaiataria super120 preta. Cal\u00e7a de l\u00e3 fria, trazendo conforto e leveza. Pe\u00e7a essencial para o trabalho e eventos comemorativos.","robots":{"index":"index","follow":"follow","max-snippet":"max-snippet:-1","max-image-preview":"max-image-preview:large","max-video-preview":"max-video-preview:-1"},"canonical":"https:\/\/augustocamiseiro.com\/lojaweb\/produto\/calca-alfaiataria-super120-preta\/","og_locale":"pt_BR","og_type":"article","og_title":"Cal\u00e7a Alfaiataria Super120 Preta - Augusto Camiseiro","og_description":"Cal\u00e7a alfaiataria super120 preta. Cal\u00e7a de l\u00e3 fria, trazendo conforto e leveza. Pe\u00e7a essencial para o trabalho e eventos comemorativos.","og_url":"https:\/\/augustocamiseiro.com\/lojaweb\/produto\/calca-alfaiataria-super120-preta\/","og_site_name":"Augusto Camiseiro","article_modified_time":"2026-04-15T20:37:30+00:00","og_image":[{"width":1772,"height":2214,"url":"https:\/\/augustocamiseiro.com\/lojaweb\/wp-content\/uploads\/2024\/04\/calca-la-fria-preta-2372_webp.webp","type":"image\/webp"}],"twitter_card":"summary_large_image","twitter_misc":{"Est. tempo de leitura":"1 minuto"},"schema":{"@context":"https:\/\/schema.org","@graph":[{"@type":"WebPage","@id":"https:\/\/augustocamiseiro.com\/lojaweb\/produto\/calca-alfaiataria-super120-preta\/","url":"https:\/\/augustocamiseiro.com\/lojaweb\/produto\/calca-alfaiataria-super120-preta\/","name":"Cal\u00e7a Alfaiataria Super120 Preta - Augusto Camiseiro","isPartOf":{"@id":"https:\/\/augustocamiseiro.com\/lojaweb\/#website"},"primaryImageOfPage":{"@id":"https:\/\/augustocamiseiro.com\/lojaweb\/produto\/calca-alfaiataria-super120-preta\/#primaryimage"},"image":{"@id":"https:\/\/augustocamiseiro.com\/lojaweb\/produto\/calca-alfaiataria-super120-preta\/#primaryimage"},"thumbnailUrl":"https:\/\/i0.wp.com\/augustocamiseiro.com\/lojaweb\/wp-content\/uploads\/2024\/04\/calca-la-fria-preta-2372_webp.webp?fit=1772%2C2214&ssl=1","datePublished":"2024-04-19T11:19:40+00:00","dateModified":"2026-04-15T20:37:30+00:00","description":"Cal\u00e7a alfaiataria super120 preta. Cal\u00e7a de l\u00e3 fria, trazendo conforto e leveza. Pe\u00e7a essencial para o trabalho e eventos comemorativos.","breadcrumb":{"@id":"https:\/\/augustocamiseiro.com\/lojaweb\/produto\/calca-alfaiataria-super120-preta\/#breadcrumb"},"inLanguage":"pt-BR","potentialAction":[{"@type":"ReadAction","target":["https:\/\/augustocamiseiro.com\/lojaweb\/produto\/calca-alfaiataria-super120-preta\/"]}]},{"@type":"ImageObject","inLanguage":"pt-BR","@id":"https:\/\/augustocamiseiro.com\/lojaweb\/produto\/calca-alfaiataria-super120-preta\/#primaryimage","url":"https:\/\/i0.wp.com\/augustocamiseiro.com\/lojaweb\/wp-content\/uploads\/2024\/04\/calca-la-fria-preta-2372_webp.webp?fit=1772%2C2214&ssl=1","contentUrl":"https:\/\/i0.wp.com\/augustocamiseiro.com\/lojaweb\/wp-content\/uploads\/2024\/04\/calca-la-fria-preta-2372_webp.webp?fit=1772%2C2214&ssl=1","width":1772,"height":2214,"caption":"calca-la-fria-preta-2372"},{"@type":"BreadcrumbList","@id":"https:\/\/augustocamiseiro.com\/lojaweb\/produto\/calca-alfaiataria-super120-preta\/#breadcrumb","itemListElement":[{"@type":"ListItem","position":1,"name":"In\u00edcio","item":"https:\/\/augustocamiseiro.com\/lojaweb\/"},{"@type":"ListItem","position":2,"name":"Shop","item":"https:\/\/augustocamiseiro.com\/lojaweb\/shop\/"},{"@type":"ListItem","position":3,"name":"Cal\u00e7a Alfaiataria Super120 Preta"}]},{"@type":"WebSite","@id":"https:\/\/augustocamiseiro.com\/lojaweb\/#website","url":"https:\/\/augustocamiseiro.com\/lojaweb\/","name":"Augusto Camiseiro","description":"Roupa Masculina","publisher":{"@id":"https:\/\/augustocamiseiro.com\/lojaweb\/#organization"},"potentialAction":[{"@type":"SearchAction","target":{"@type":"EntryPoint","urlTemplate":"https:\/\/augustocamiseiro.com\/lojaweb\/?s={search_term_string}"},"query-input":{"@type":"PropertyValueSpecification","valueRequired":true,"valueName":"search_term_string"}}],"inLanguage":"pt-BR"},{"@type":"Organization","@id":"https:\/\/augustocamiseiro.com\/lojaweb\/#organization","name":"Augusto Camiseiro","url":"https:\/\/augustocamiseiro.com\/lojaweb\/","logo":{"@type":"ImageObject","inLanguage":"pt-BR","@id":"https:\/\/augustocamiseiro.com\/lojaweb\/#\/schema\/logo\/image\/","url":"https:\/\/i0.wp.com\/augustocamiseiro.com\/lojaweb\/wp-content\/uploads\/2024\/04\/cropped-logo-augusto-white-1.png?fit=550%2C310&ssl=1","contentUrl":"https:\/\/i0.wp.com\/augustocamiseiro.com\/lojaweb\/wp-content\/uploads\/2024\/04\/cropped-logo-augusto-white-1.png?fit=550%2C310&ssl=1","width":550,"height":310,"caption":"Augusto Camiseiro"},"image":{"@id":"https:\/\/augustocamiseiro.com\/lojaweb\/#\/schema\/logo\/image\/"}}]}},"jetpack_sharing_enabled":true,"_links":{"self":[{"href":"https:\/\/augustocamiseiro.com\/lojaweb\/wp-json\/wp\/v2\/product\/24839","targetHints":{"allow":["GET"]}}],"collection":[{"href":"https:\/\/augustocamiseiro.com\/lojaweb\/wp-json\/wp\/v2\/product"}],"about":[{"href":"https:\/\/augustocamiseiro.com\/lojaweb\/wp-json\/wp\/v2\/types\/product"}],"replies":[{"embeddable":true,"href":"https:\/\/augustocamiseiro.com\/lojaweb\/wp-json\/wp\/v2\/comments?post=24839"}],"wp:featuredmedia":[{"embeddable":true,"href":"https:\/\/augustocamiseiro.com\/lojaweb\/wp-json\/wp\/v2\/media\/50711"}],"wp:attachment":[{"href":"https:\/\/augustocamiseiro.com\/lojaweb\/wp-json\/wp\/v2\/media?parent=24839"}],"wp:term":[{"taxonomy":"product_brand","embeddable":true,"href":"https:\/\/augustocamiseiro.com\/lojaweb\/wp-json\/wp\/v2\/product_brand?post=24839"},{"taxonomy":"product_cat","embeddable":true,"href":"https:\/\/augustocamiseiro.com\/lojaweb\/wp-json\/wp\/v2\/product_cat?post=24839"},{"taxonomy":"product_tag","embeddable":true,"href":"https:\/\/augustocamiseiro.com\/lojaweb\/wp-json\/wp\/v2\/product_tag?post=24839"}],"curies":[{"name":"wp","href":"https:\/\/api.w.org\/{rel}","templated":true}]}}