{"id":24736,"date":"2024-04-19T10:52:59","date_gmt":"2024-04-19T10:52:59","guid":{"rendered":"https:\/\/bsit.com.br\/loja\/?post_type=product&#038;p=24736"},"modified":"2026-04-15T20:39:03","modified_gmt":"2026-04-15T20:39:03","slug":"calca-jeans-esportiva","status":"publish","type":"product","link":"https:\/\/augustocamiseiro.com\/lojaweb\/produto\/calca-jeans-esportiva\/","title":{"rendered":"Cal\u00e7a Jeans Castor"},"content":{"rendered":"<p>Cal\u00e7a jeans esportiva \u00e9 uma excelente op\u00e7\u00e3o de cal\u00e7a casual. Em parte devido \u00e0 sua praticidade, assim como sua versatilidade na composi\u00e7\u00e3o com diversos looks. Sua cor castor, tr\u00e1z maior destaque e esportividade. Era a pe\u00e7a que faltava em nossa cole\u00e7\u00e3o.<\/p>\n<p>Igualmente se tem muito conforto devido ao elastano\u00a0 e ainda muito estilo, pois seu caimento empresta um visual moderno a esta pe\u00e7a atemporal.<\/p>\n<p>O que algu\u00e9m pode mais querer al\u00e9m de caimento, conforto e praticidade?<\/p>\n<p>&nbsp;<\/p>\n","protected":false},"excerpt":{"rendered":"<p>Cal\u00e7a jeans esportiva, na cor marrom castor. Algod\u00e3o com elastano. Conforto e modernidade em um jeans atemporal.<\/p>\n","protected":false},"featured_media":24762,"comment_status":"open","ping_status":"closed","template":"","meta":{"_acf_changed":false},"product_brand":[],"product_cat":[362],"product_tag":[409,1278,418,500,642,1781,643,1782,1780,1279,1779,414,645,1280,1281,1783,1406],"class_list":{"0":"post-24736","1":"product","2":"type-product","3":"status-publish","4":"has-post-thumbnail","6":"product_cat-calcas","7":"product_tag-calca","8":"product_tag-calca-castor","9":"product_tag-calca-casual","10":"product_tag-calca-esportiva","11":"product_tag-calca-jeans","12":"product_tag-calca-jeans-castor","13":"product_tag-calca-jeans-casual","14":"product_tag-calca-jeans-marrom","15":"product_tag-calca-jeans-masculina","16":"product_tag-calca-marrom","17":"product_tag-calca-masculina-castor","18":"product_tag-casual","19":"product_tag-jeans","20":"product_tag-jeans-castor","21":"product_tag-jeans-marrom","22":"product_tag-jenas-castor","23":"product_tag-moda-masculina","25":"first","26":"instock","27":"shipping-taxable","28":"purchasable","29":"product-type-variable"},"acf":[],"yoast_head":"<!-- This site is optimized with the Yoast SEO plugin v25.3.1 - https:\/\/yoast.com\/wordpress\/plugins\/seo\/ -->\n<title>Cal\u00e7a Jeans Castor - Augusto Camiseiro - Slimfit - Elastano<\/title>\n<meta name=\"description\" content=\"Cal\u00e7a jeans esportiva com lavagem especial ecol\u00f3gica. Composi\u00e7\u00e3o de jeans com elastano para maior conforto. Cor em tom castor.\" \/>\n<meta name=\"robots\" content=\"index, follow, max-snippet:-1, max-image-preview:large, max-video-preview:-1\" \/>\n<link rel=\"canonical\" href=\"https:\/\/augustocamiseiro.com\/lojaweb\/produto\/calca-jeans-esportiva\/\" \/>\n<meta property=\"og:locale\" content=\"pt_BR\" \/>\n<meta property=\"og:type\" content=\"article\" \/>\n<meta property=\"og:title\" content=\"Cal\u00e7a Jeans Castor - Augusto Camiseiro - Slimfit - Elastano\" \/>\n<meta property=\"og:description\" content=\"Cal\u00e7a jeans esportiva com lavagem especial ecol\u00f3gica. Composi\u00e7\u00e3o de jeans com elastano para maior conforto. Cor em tom castor.\" \/>\n<meta property=\"og:url\" content=\"https:\/\/augustocamiseiro.com\/lojaweb\/produto\/calca-jeans-esportiva\/\" \/>\n<meta property=\"og:site_name\" content=\"Augusto Camiseiro\" \/>\n<meta property=\"article:modified_time\" content=\"2026-04-15T20:39:03+00:00\" \/>\n<meta property=\"og:image\" content=\"https:\/\/augustocamiseiro.com\/lojaweb\/wp-content\/uploads\/2024\/04\/calca-jeans-color-castor-3829.jpg\" \/>\n\t<meta property=\"og:image:width\" content=\"1000\" \/>\n\t<meta property=\"og:image:height\" content=\"1000\" \/>\n\t<meta property=\"og:image:type\" content=\"image\/jpeg\" \/>\n<meta name=\"twitter:card\" content=\"summary_large_image\" \/>\n<meta name=\"twitter:label1\" content=\"Est. tempo de leitura\" \/>\n\t<meta name=\"twitter:data1\" content=\"1 minuto\" \/>\n<!-- \/ Yoast SEO plugin. -->","yoast_head_json":{"title":"Cal\u00e7a Jeans Castor - Augusto Camiseiro - Slimfit - Elastano","description":"Cal\u00e7a jeans esportiva com lavagem especial ecol\u00f3gica. Composi\u00e7\u00e3o de jeans com elastano para maior conforto. Cor em tom castor.","robots":{"index":"index","follow":"follow","max-snippet":"max-snippet:-1","max-image-preview":"max-image-preview:large","max-video-preview":"max-video-preview:-1"},"canonical":"https:\/\/augustocamiseiro.com\/lojaweb\/produto\/calca-jeans-esportiva\/","og_locale":"pt_BR","og_type":"article","og_title":"Cal\u00e7a Jeans Castor - Augusto Camiseiro - Slimfit - Elastano","og_description":"Cal\u00e7a jeans esportiva com lavagem especial ecol\u00f3gica. Composi\u00e7\u00e3o de jeans com elastano para maior conforto. Cor em tom castor.","og_url":"https:\/\/augustocamiseiro.com\/lojaweb\/produto\/calca-jeans-esportiva\/","og_site_name":"Augusto Camiseiro","article_modified_time":"2026-04-15T20:39:03+00:00","og_image":[{"width":1000,"height":1000,"url":"https:\/\/augustocamiseiro.com\/lojaweb\/wp-content\/uploads\/2024\/04\/calca-jeans-color-castor-3829.jpg","type":"image\/jpeg"}],"twitter_card":"summary_large_image","twitter_misc":{"Est. tempo de leitura":"1 minuto"},"schema":{"@context":"https:\/\/schema.org","@graph":[{"@type":"WebPage","@id":"https:\/\/augustocamiseiro.com\/lojaweb\/produto\/calca-jeans-esportiva\/","url":"https:\/\/augustocamiseiro.com\/lojaweb\/produto\/calca-jeans-esportiva\/","name":"Cal\u00e7a Jeans Castor - Augusto Camiseiro - Slimfit - Elastano","isPartOf":{"@id":"https:\/\/augustocamiseiro.com\/lojaweb\/#website"},"primaryImageOfPage":{"@id":"https:\/\/augustocamiseiro.com\/lojaweb\/produto\/calca-jeans-esportiva\/#primaryimage"},"image":{"@id":"https:\/\/augustocamiseiro.com\/lojaweb\/produto\/calca-jeans-esportiva\/#primaryimage"},"thumbnailUrl":"https:\/\/i0.wp.com\/augustocamiseiro.com\/lojaweb\/wp-content\/uploads\/2024\/04\/calca-jeans-color-castor-3829.jpg?fit=1000%2C1000&ssl=1","datePublished":"2024-04-19T10:52:59+00:00","dateModified":"2026-04-15T20:39:03+00:00","description":"Cal\u00e7a jeans esportiva com lavagem especial ecol\u00f3gica. Composi\u00e7\u00e3o de jeans com elastano para maior conforto. Cor em tom castor.","breadcrumb":{"@id":"https:\/\/augustocamiseiro.com\/lojaweb\/produto\/calca-jeans-esportiva\/#breadcrumb"},"inLanguage":"pt-BR","potentialAction":[{"@type":"ReadAction","target":["https:\/\/augustocamiseiro.com\/lojaweb\/produto\/calca-jeans-esportiva\/"]}]},{"@type":"ImageObject","inLanguage":"pt-BR","@id":"https:\/\/augustocamiseiro.com\/lojaweb\/produto\/calca-jeans-esportiva\/#primaryimage","url":"https:\/\/i0.wp.com\/augustocamiseiro.com\/lojaweb\/wp-content\/uploads\/2024\/04\/calca-jeans-color-castor-3829.jpg?fit=1000%2C1000&ssl=1","contentUrl":"https:\/\/i0.wp.com\/augustocamiseiro.com\/lojaweb\/wp-content\/uploads\/2024\/04\/calca-jeans-color-castor-3829.jpg?fit=1000%2C1000&ssl=1","width":1000,"height":1000},{"@type":"BreadcrumbList","@id":"https:\/\/augustocamiseiro.com\/lojaweb\/produto\/calca-jeans-esportiva\/#breadcrumb","itemListElement":[{"@type":"ListItem","position":1,"name":"In\u00edcio","item":"https:\/\/augustocamiseiro.com\/lojaweb\/"},{"@type":"ListItem","position":2,"name":"Shop","item":"https:\/\/augustocamiseiro.com\/lojaweb\/shop\/"},{"@type":"ListItem","position":3,"name":"Cal\u00e7a Jeans Castor"}]},{"@type":"WebSite","@id":"https:\/\/augustocamiseiro.com\/lojaweb\/#website","url":"https:\/\/augustocamiseiro.com\/lojaweb\/","name":"Augusto Camiseiro","description":"Roupa Masculina","publisher":{"@id":"https:\/\/augustocamiseiro.com\/lojaweb\/#organization"},"potentialAction":[{"@type":"SearchAction","target":{"@type":"EntryPoint","urlTemplate":"https:\/\/augustocamiseiro.com\/lojaweb\/?s={search_term_string}"},"query-input":{"@type":"PropertyValueSpecification","valueRequired":true,"valueName":"search_term_string"}}],"inLanguage":"pt-BR"},{"@type":"Organization","@id":"https:\/\/augustocamiseiro.com\/lojaweb\/#organization","name":"Augusto Camiseiro","url":"https:\/\/augustocamiseiro.com\/lojaweb\/","logo":{"@type":"ImageObject","inLanguage":"pt-BR","@id":"https:\/\/augustocamiseiro.com\/lojaweb\/#\/schema\/logo\/image\/","url":"https:\/\/i0.wp.com\/augustocamiseiro.com\/lojaweb\/wp-content\/uploads\/2024\/04\/cropped-logo-augusto-white-1.png?fit=550%2C310&ssl=1","contentUrl":"https:\/\/i0.wp.com\/augustocamiseiro.com\/lojaweb\/wp-content\/uploads\/2024\/04\/cropped-logo-augusto-white-1.png?fit=550%2C310&ssl=1","width":550,"height":310,"caption":"Augusto Camiseiro"},"image":{"@id":"https:\/\/augustocamiseiro.com\/lojaweb\/#\/schema\/logo\/image\/"}}]}},"jetpack_sharing_enabled":true,"_links":{"self":[{"href":"https:\/\/augustocamiseiro.com\/lojaweb\/wp-json\/wp\/v2\/product\/24736","targetHints":{"allow":["GET"]}}],"collection":[{"href":"https:\/\/augustocamiseiro.com\/lojaweb\/wp-json\/wp\/v2\/product"}],"about":[{"href":"https:\/\/augustocamiseiro.com\/lojaweb\/wp-json\/wp\/v2\/types\/product"}],"replies":[{"embeddable":true,"href":"https:\/\/augustocamiseiro.com\/lojaweb\/wp-json\/wp\/v2\/comments?post=24736"}],"wp:featuredmedia":[{"embeddable":true,"href":"https:\/\/augustocamiseiro.com\/lojaweb\/wp-json\/wp\/v2\/media\/24762"}],"wp:attachment":[{"href":"https:\/\/augustocamiseiro.com\/lojaweb\/wp-json\/wp\/v2\/media?parent=24736"}],"wp:term":[{"taxonomy":"product_brand","embeddable":true,"href":"https:\/\/augustocamiseiro.com\/lojaweb\/wp-json\/wp\/v2\/product_brand?post=24736"},{"taxonomy":"product_cat","embeddable":true,"href":"https:\/\/augustocamiseiro.com\/lojaweb\/wp-json\/wp\/v2\/product_cat?post=24736"},{"taxonomy":"product_tag","embeddable":true,"href":"https:\/\/augustocamiseiro.com\/lojaweb\/wp-json\/wp\/v2\/product_tag?post=24736"}],"curies":[{"name":"wp","href":"https:\/\/api.w.org\/{rel}","templated":true}]}}