{"id":23358,"date":"2024-04-19T01:55:15","date_gmt":"2024-04-19T01:55:15","guid":{"rendered":"https:\/\/bsit.com.br\/loja\/?post_type=product&#038;p=23358"},"modified":"2026-04-15T20:42:49","modified_gmt":"2026-04-15T20:42:49","slug":"tricot-masculino-preto","status":"publish","type":"product","link":"https:\/\/augustocamiseiro.com\/lojaweb\/produto\/tricot-masculino-preto\/","title":{"rendered":"Tricot Masculino Preto"},"content":{"rendered":"<p>O nosso tricot masculino preto tem gola careca e composi\u00e7\u00e3o de\u00a0 100% algod\u00e3o.\u00a0\u00a0 \u00c9 um tricot muito leve e com toque macio e agrad\u00e1vel. Portanto um item vers\u00e1til e perfeito para o inverno brasileiro e para qualquer ocasi\u00e3o . Preto \u00e9 uma cor cl\u00e1ssica e\u00a0 muito f\u00e1cil de combinar\u00a0 dando um toque de eleg\u00e2ncia em qualquer composi\u00e7\u00e3o.<\/p>\n<p>Este tricot, fabricado no Brasil, \u00e9 confeccionado sem corte, evitando assim a gera\u00e7\u00e3o de res\u00edduos t\u00eaxteis e contribuindo com a preserva\u00e7\u00e3o do meio ambiente. Junto, vai uma amostra de linha para facilitar em eventual\u00a0 conserto da pe\u00e7a.<\/p>\n<p>O fio de algod\u00e3o \u00e9 de fibra longa e acabado com processo soft touch, com isso, tem uma maciez e um conforto muito superior aos algod\u00f5es convencionais. Al\u00e9m de vir j\u00e1 encolhido. E por ser algod\u00e3o, ele ajuda a manter a temperatura\u00a0 do corpo. Com isso, pode ser usado diretamente na pele, como uma camiseta, proporcionando ao mesmo tempo uma sensa\u00e7\u00e3o de abrigo e frescor.<\/p>\n","protected":false},"excerpt":{"rendered":"<p>Tricot masculino preto em gola careca. Composi\u00e7\u00e3o de 100% algod\u00e3o\u00a0\u00a0 extremamente macio e confort\u00e1vel.<\/p>\n<p>Fabricado no Brasil tem o diferencial de n\u00e3o usar corte em seu processo de manufatura. Dessa forma n\u00e3o gera res\u00edduos , auxiliando na preserva\u00e7\u00e3o do meio ambiente.<\/p>\n","protected":false},"featured_media":23404,"comment_status":"open","ping_status":"closed","template":"","meta":{"_acf_changed":false},"product_brand":[],"product_cat":[1326,1491,1492],"product_tag":[568,652,653,656,657,655,658],"class_list":{"0":"post-23358","1":"product","2":"type-product","3":"status-publish","4":"has-post-thumbnail","6":"product_cat-malhas","7":"product_cat-sueters","8":"product_cat-tricots","9":"product_tag-trico-masculino","10":"product_tag-tricot","11":"product_tag-tricot-algodao","12":"product_tag-tricot-em-gola-careca-caramelo","13":"product_tag-tricot-gola-careca","14":"product_tag-tricot-malha","15":"product_tag-tricot-preto","17":"first","18":"instock","19":"shipping-taxable","20":"purchasable","21":"product-type-variable"},"acf":[],"yoast_head":"<!-- This site is optimized with the Yoast SEO plugin v25.3.1 - https:\/\/yoast.com\/wordpress\/plugins\/seo\/ -->\n<title>Tricot Masculino Preto - Augusto Camiseiro<\/title>\n<meta name=\"description\" content=\"Tricot masculino preto tem composi\u00e7\u00e3o de 100% algod\u00e3o. Toque leve e agrad\u00e1vel. Fabrica\u00e7\u00e3o sem gera\u00e7\u00e3o de res\u00edduos, amigo do meio ambiente.\" \/>\n<meta name=\"robots\" content=\"index, follow, max-snippet:-1, max-image-preview:large, max-video-preview:-1\" \/>\n<link rel=\"canonical\" href=\"https:\/\/augustocamiseiro.com\/lojaweb\/produto\/tricot-masculino-preto\/\" \/>\n<meta property=\"og:locale\" content=\"pt_BR\" \/>\n<meta property=\"og:type\" content=\"article\" \/>\n<meta property=\"og:title\" content=\"Tricot Masculino Preto - Augusto Camiseiro\" \/>\n<meta property=\"og:description\" content=\"Tricot masculino preto tem composi\u00e7\u00e3o de 100% algod\u00e3o. Toque leve e agrad\u00e1vel. Fabrica\u00e7\u00e3o sem gera\u00e7\u00e3o de res\u00edduos, amigo do meio ambiente.\" \/>\n<meta property=\"og:url\" content=\"https:\/\/augustocamiseiro.com\/lojaweb\/produto\/tricot-masculino-preto\/\" \/>\n<meta property=\"og:site_name\" content=\"Augusto Camiseiro\" \/>\n<meta property=\"article:modified_time\" content=\"2026-04-15T20:42:49+00:00\" \/>\n<meta property=\"og:image\" content=\"https:\/\/augustocamiseiro.com\/lojaweb\/wp-content\/uploads\/2024\/04\/trictot_pul_preta_3679.jpg\" \/>\n\t<meta property=\"og:image:width\" content=\"1000\" \/>\n\t<meta property=\"og:image:height\" content=\"1000\" \/>\n\t<meta property=\"og:image:type\" content=\"image\/jpeg\" \/>\n<meta name=\"twitter:card\" content=\"summary_large_image\" \/>\n<meta name=\"twitter:label1\" content=\"Est. tempo de leitura\" \/>\n\t<meta name=\"twitter:data1\" content=\"2 minutos\" \/>\n<!-- \/ Yoast SEO plugin. -->","yoast_head_json":{"title":"Tricot Masculino Preto - Augusto Camiseiro","description":"Tricot masculino preto tem composi\u00e7\u00e3o de 100% algod\u00e3o. Toque leve e agrad\u00e1vel. Fabrica\u00e7\u00e3o sem gera\u00e7\u00e3o de res\u00edduos, amigo do meio ambiente.","robots":{"index":"index","follow":"follow","max-snippet":"max-snippet:-1","max-image-preview":"max-image-preview:large","max-video-preview":"max-video-preview:-1"},"canonical":"https:\/\/augustocamiseiro.com\/lojaweb\/produto\/tricot-masculino-preto\/","og_locale":"pt_BR","og_type":"article","og_title":"Tricot Masculino Preto - Augusto Camiseiro","og_description":"Tricot masculino preto tem composi\u00e7\u00e3o de 100% algod\u00e3o. Toque leve e agrad\u00e1vel. Fabrica\u00e7\u00e3o sem gera\u00e7\u00e3o de res\u00edduos, amigo do meio ambiente.","og_url":"https:\/\/augustocamiseiro.com\/lojaweb\/produto\/tricot-masculino-preto\/","og_site_name":"Augusto Camiseiro","article_modified_time":"2026-04-15T20:42:49+00:00","og_image":[{"width":1000,"height":1000,"url":"https:\/\/augustocamiseiro.com\/lojaweb\/wp-content\/uploads\/2024\/04\/trictot_pul_preta_3679.jpg","type":"image\/jpeg"}],"twitter_card":"summary_large_image","twitter_misc":{"Est. tempo de leitura":"2 minutos"},"schema":{"@context":"https:\/\/schema.org","@graph":[{"@type":"WebPage","@id":"https:\/\/augustocamiseiro.com\/lojaweb\/produto\/tricot-masculino-preto\/","url":"https:\/\/augustocamiseiro.com\/lojaweb\/produto\/tricot-masculino-preto\/","name":"Tricot Masculino Preto - Augusto Camiseiro","isPartOf":{"@id":"https:\/\/augustocamiseiro.com\/lojaweb\/#website"},"primaryImageOfPage":{"@id":"https:\/\/augustocamiseiro.com\/lojaweb\/produto\/tricot-masculino-preto\/#primaryimage"},"image":{"@id":"https:\/\/augustocamiseiro.com\/lojaweb\/produto\/tricot-masculino-preto\/#primaryimage"},"thumbnailUrl":"https:\/\/i0.wp.com\/augustocamiseiro.com\/lojaweb\/wp-content\/uploads\/2024\/04\/trictot_pul_preta_3679.jpg?fit=1000%2C1000&ssl=1","datePublished":"2024-04-19T01:55:15+00:00","dateModified":"2026-04-15T20:42:49+00:00","description":"Tricot masculino preto tem composi\u00e7\u00e3o de 100% algod\u00e3o. Toque leve e agrad\u00e1vel. Fabrica\u00e7\u00e3o sem gera\u00e7\u00e3o de res\u00edduos, amigo do meio ambiente.","breadcrumb":{"@id":"https:\/\/augustocamiseiro.com\/lojaweb\/produto\/tricot-masculino-preto\/#breadcrumb"},"inLanguage":"pt-BR","potentialAction":[{"@type":"ReadAction","target":["https:\/\/augustocamiseiro.com\/lojaweb\/produto\/tricot-masculino-preto\/"]}]},{"@type":"ImageObject","inLanguage":"pt-BR","@id":"https:\/\/augustocamiseiro.com\/lojaweb\/produto\/tricot-masculino-preto\/#primaryimage","url":"https:\/\/i0.wp.com\/augustocamiseiro.com\/lojaweb\/wp-content\/uploads\/2024\/04\/trictot_pul_preta_3679.jpg?fit=1000%2C1000&ssl=1","contentUrl":"https:\/\/i0.wp.com\/augustocamiseiro.com\/lojaweb\/wp-content\/uploads\/2024\/04\/trictot_pul_preta_3679.jpg?fit=1000%2C1000&ssl=1","width":1000,"height":1000},{"@type":"BreadcrumbList","@id":"https:\/\/augustocamiseiro.com\/lojaweb\/produto\/tricot-masculino-preto\/#breadcrumb","itemListElement":[{"@type":"ListItem","position":1,"name":"In\u00edcio","item":"https:\/\/augustocamiseiro.com\/lojaweb\/"},{"@type":"ListItem","position":2,"name":"Shop","item":"https:\/\/augustocamiseiro.com\/lojaweb\/shop\/"},{"@type":"ListItem","position":3,"name":"Tricot Masculino Preto"}]},{"@type":"WebSite","@id":"https:\/\/augustocamiseiro.com\/lojaweb\/#website","url":"https:\/\/augustocamiseiro.com\/lojaweb\/","name":"Augusto Camiseiro","description":"Roupa Masculina","publisher":{"@id":"https:\/\/augustocamiseiro.com\/lojaweb\/#organization"},"potentialAction":[{"@type":"SearchAction","target":{"@type":"EntryPoint","urlTemplate":"https:\/\/augustocamiseiro.com\/lojaweb\/?s={search_term_string}"},"query-input":{"@type":"PropertyValueSpecification","valueRequired":true,"valueName":"search_term_string"}}],"inLanguage":"pt-BR"},{"@type":"Organization","@id":"https:\/\/augustocamiseiro.com\/lojaweb\/#organization","name":"Augusto Camiseiro","url":"https:\/\/augustocamiseiro.com\/lojaweb\/","logo":{"@type":"ImageObject","inLanguage":"pt-BR","@id":"https:\/\/augustocamiseiro.com\/lojaweb\/#\/schema\/logo\/image\/","url":"https:\/\/i0.wp.com\/augustocamiseiro.com\/lojaweb\/wp-content\/uploads\/2024\/04\/cropped-logo-augusto-white-1.png?fit=550%2C310&ssl=1","contentUrl":"https:\/\/i0.wp.com\/augustocamiseiro.com\/lojaweb\/wp-content\/uploads\/2024\/04\/cropped-logo-augusto-white-1.png?fit=550%2C310&ssl=1","width":550,"height":310,"caption":"Augusto Camiseiro"},"image":{"@id":"https:\/\/augustocamiseiro.com\/lojaweb\/#\/schema\/logo\/image\/"}}]}},"jetpack_sharing_enabled":true,"_links":{"self":[{"href":"https:\/\/augustocamiseiro.com\/lojaweb\/wp-json\/wp\/v2\/product\/23358","targetHints":{"allow":["GET"]}}],"collection":[{"href":"https:\/\/augustocamiseiro.com\/lojaweb\/wp-json\/wp\/v2\/product"}],"about":[{"href":"https:\/\/augustocamiseiro.com\/lojaweb\/wp-json\/wp\/v2\/types\/product"}],"replies":[{"embeddable":true,"href":"https:\/\/augustocamiseiro.com\/lojaweb\/wp-json\/wp\/v2\/comments?post=23358"}],"wp:featuredmedia":[{"embeddable":true,"href":"https:\/\/augustocamiseiro.com\/lojaweb\/wp-json\/wp\/v2\/media\/23404"}],"wp:attachment":[{"href":"https:\/\/augustocamiseiro.com\/lojaweb\/wp-json\/wp\/v2\/media?parent=23358"}],"wp:term":[{"taxonomy":"product_brand","embeddable":true,"href":"https:\/\/augustocamiseiro.com\/lojaweb\/wp-json\/wp\/v2\/product_brand?post=23358"},{"taxonomy":"product_cat","embeddable":true,"href":"https:\/\/augustocamiseiro.com\/lojaweb\/wp-json\/wp\/v2\/product_cat?post=23358"},{"taxonomy":"product_tag","embeddable":true,"href":"https:\/\/augustocamiseiro.com\/lojaweb\/wp-json\/wp\/v2\/product_tag?post=23358"}],"curies":[{"name":"wp","href":"https:\/\/api.w.org\/{rel}","templated":true}]}}