{"id":23247,"date":"2024-04-19T01:50:15","date_gmt":"2024-04-19T01:50:15","guid":{"rendered":"https:\/\/bsit.com.br\/loja\/?post_type=product&#038;p=23247"},"modified":"2024-07-22T20:05:38","modified_gmt":"2024-07-22T20:05:38","slug":"cinto-masculino-dupla-face","status":"publish","type":"product","link":"https:\/\/augustocamiseiro.com\/lojaweb\/produto\/cinto-masculino-dupla-face\/","title":{"rendered":"Cinto Masculino Dupla Face"},"content":{"rendered":"<p>O cinto masculino dupla face nas cores caf\u00e9 e whisky \u00e9 feito em couro e com fivela de metal. Portanto, \u00e9 uma \u00f3tima escolha para looks casuais e sport chic.<\/p>\n<p>Aprenda a usar seu cinto com estas <a href=\"https:\/\/modaparahomens.com.br\/cinto-masculino-dicas-de-como-usar\/amp\/\">dicas de combina\u00e7\u00e3o<\/a>.<\/p>\n","protected":false},"excerpt":{"rendered":"<p>Cinto masculino dupla face cor caf\u00e9 e whisky.<\/p>\n","protected":false},"featured_media":23315,"comment_status":"open","ping_status":"closed","template":"","meta":{"_acf_changed":false},"product_brand":[],"product_cat":[1064,1099],"product_tag":[1100,414,1101,1105,1103,1104,754],"class_list":{"0":"post-23247","1":"product","2":"type-product","3":"status-publish","4":"has-post-thumbnail","6":"product_cat-acessorios","7":"product_cat-cintos-acessorios","8":"product_tag-acessorio-masculino","9":"product_tag-casual","10":"product_tag-cinto","11":"product_tag-cinto-casual","12":"product_tag-cinto-de-couro","13":"product_tag-cinto-masculino","14":"product_tag-dia-dos-namorados-look-1","16":"first","17":"instock","18":"shipping-taxable","19":"purchasable","20":"product-type-variable"},"acf":[],"yoast_head":"<!-- This site is optimized with the Yoast SEO plugin v25.3.1 - https:\/\/yoast.com\/wordpress\/plugins\/seo\/ -->\n<title>Cinto Masculino Dupla Face - Augusto Camiseiro<\/title>\n<meta name=\"description\" content=\"Cinto masculino em couro de dupla face. Produzida nas cores caf\u00e9 e whisky, conta com fivela de metal brilhante.\" \/>\n<meta name=\"robots\" content=\"index, follow, max-snippet:-1, max-image-preview:large, max-video-preview:-1\" \/>\n<link rel=\"canonical\" href=\"https:\/\/augustocamiseiro.com\/lojaweb\/produto\/cinto-masculino-dupla-face\/\" \/>\n<meta property=\"og:locale\" content=\"pt_BR\" \/>\n<meta property=\"og:type\" content=\"article\" \/>\n<meta property=\"og:title\" content=\"Cinto Masculino Dupla Face - Augusto Camiseiro\" \/>\n<meta property=\"og:description\" content=\"Cinto masculino em couro de dupla face. Produzida nas cores caf\u00e9 e whisky, conta com fivela de metal brilhante.\" \/>\n<meta property=\"og:url\" content=\"https:\/\/augustocamiseiro.com\/lojaweb\/produto\/cinto-masculino-dupla-face\/\" \/>\n<meta property=\"og:site_name\" content=\"Augusto Camiseiro\" \/>\n<meta property=\"article:modified_time\" content=\"2024-07-22T20:05:38+00:00\" \/>\n<meta property=\"og:image\" content=\"https:\/\/augustocamiseiro.com\/lojaweb\/wp-content\/uploads\/2024\/04\/cinto_dupla_face_esporte3592-136.jpg\" \/>\n\t<meta property=\"og:image:width\" content=\"1000\" \/>\n\t<meta property=\"og:image:height\" content=\"1000\" \/>\n\t<meta property=\"og:image:type\" content=\"image\/jpeg\" \/>\n<meta name=\"twitter:card\" content=\"summary_large_image\" \/>\n<meta name=\"twitter:label1\" content=\"Est. tempo de leitura\" \/>\n\t<meta name=\"twitter:data1\" content=\"1 minuto\" \/>\n<!-- \/ Yoast SEO plugin. -->","yoast_head_json":{"title":"Cinto Masculino Dupla Face - Augusto Camiseiro","description":"Cinto masculino em couro de dupla face. Produzida nas cores caf\u00e9 e whisky, conta com fivela de metal brilhante.","robots":{"index":"index","follow":"follow","max-snippet":"max-snippet:-1","max-image-preview":"max-image-preview:large","max-video-preview":"max-video-preview:-1"},"canonical":"https:\/\/augustocamiseiro.com\/lojaweb\/produto\/cinto-masculino-dupla-face\/","og_locale":"pt_BR","og_type":"article","og_title":"Cinto Masculino Dupla Face - Augusto Camiseiro","og_description":"Cinto masculino em couro de dupla face. Produzida nas cores caf\u00e9 e whisky, conta com fivela de metal brilhante.","og_url":"https:\/\/augustocamiseiro.com\/lojaweb\/produto\/cinto-masculino-dupla-face\/","og_site_name":"Augusto Camiseiro","article_modified_time":"2024-07-22T20:05:38+00:00","og_image":[{"width":1000,"height":1000,"url":"https:\/\/augustocamiseiro.com\/lojaweb\/wp-content\/uploads\/2024\/04\/cinto_dupla_face_esporte3592-136.jpg","type":"image\/jpeg"}],"twitter_card":"summary_large_image","twitter_misc":{"Est. tempo de leitura":"1 minuto"},"schema":{"@context":"https:\/\/schema.org","@graph":[{"@type":"WebPage","@id":"https:\/\/augustocamiseiro.com\/lojaweb\/produto\/cinto-masculino-dupla-face\/","url":"https:\/\/augustocamiseiro.com\/lojaweb\/produto\/cinto-masculino-dupla-face\/","name":"Cinto Masculino Dupla Face - Augusto Camiseiro","isPartOf":{"@id":"https:\/\/augustocamiseiro.com\/lojaweb\/#website"},"primaryImageOfPage":{"@id":"https:\/\/augustocamiseiro.com\/lojaweb\/produto\/cinto-masculino-dupla-face\/#primaryimage"},"image":{"@id":"https:\/\/augustocamiseiro.com\/lojaweb\/produto\/cinto-masculino-dupla-face\/#primaryimage"},"thumbnailUrl":"https:\/\/i0.wp.com\/augustocamiseiro.com\/lojaweb\/wp-content\/uploads\/2024\/04\/cinto_dupla_face_esporte3592-136.jpg?fit=1000%2C1000&ssl=1","datePublished":"2024-04-19T01:50:15+00:00","dateModified":"2024-07-22T20:05:38+00:00","description":"Cinto masculino em couro de dupla face. Produzida nas cores caf\u00e9 e whisky, conta com fivela de metal brilhante.","breadcrumb":{"@id":"https:\/\/augustocamiseiro.com\/lojaweb\/produto\/cinto-masculino-dupla-face\/#breadcrumb"},"inLanguage":"pt-BR","potentialAction":[{"@type":"ReadAction","target":["https:\/\/augustocamiseiro.com\/lojaweb\/produto\/cinto-masculino-dupla-face\/"]}]},{"@type":"ImageObject","inLanguage":"pt-BR","@id":"https:\/\/augustocamiseiro.com\/lojaweb\/produto\/cinto-masculino-dupla-face\/#primaryimage","url":"https:\/\/i0.wp.com\/augustocamiseiro.com\/lojaweb\/wp-content\/uploads\/2024\/04\/cinto_dupla_face_esporte3592-136.jpg?fit=1000%2C1000&ssl=1","contentUrl":"https:\/\/i0.wp.com\/augustocamiseiro.com\/lojaweb\/wp-content\/uploads\/2024\/04\/cinto_dupla_face_esporte3592-136.jpg?fit=1000%2C1000&ssl=1","width":1000,"height":1000},{"@type":"BreadcrumbList","@id":"https:\/\/augustocamiseiro.com\/lojaweb\/produto\/cinto-masculino-dupla-face\/#breadcrumb","itemListElement":[{"@type":"ListItem","position":1,"name":"In\u00edcio","item":"https:\/\/augustocamiseiro.com\/lojaweb\/"},{"@type":"ListItem","position":2,"name":"Shop","item":"https:\/\/augustocamiseiro.com\/lojaweb\/shop\/"},{"@type":"ListItem","position":3,"name":"Cinto Masculino Dupla Face"}]},{"@type":"WebSite","@id":"https:\/\/augustocamiseiro.com\/lojaweb\/#website","url":"https:\/\/augustocamiseiro.com\/lojaweb\/","name":"Augusto Camiseiro","description":"Roupa Masculina","publisher":{"@id":"https:\/\/augustocamiseiro.com\/lojaweb\/#organization"},"potentialAction":[{"@type":"SearchAction","target":{"@type":"EntryPoint","urlTemplate":"https:\/\/augustocamiseiro.com\/lojaweb\/?s={search_term_string}"},"query-input":{"@type":"PropertyValueSpecification","valueRequired":true,"valueName":"search_term_string"}}],"inLanguage":"pt-BR"},{"@type":"Organization","@id":"https:\/\/augustocamiseiro.com\/lojaweb\/#organization","name":"Augusto Camiseiro","url":"https:\/\/augustocamiseiro.com\/lojaweb\/","logo":{"@type":"ImageObject","inLanguage":"pt-BR","@id":"https:\/\/augustocamiseiro.com\/lojaweb\/#\/schema\/logo\/image\/","url":"https:\/\/i0.wp.com\/augustocamiseiro.com\/lojaweb\/wp-content\/uploads\/2024\/04\/cropped-logo-augusto-white-1.png?fit=550%2C310&ssl=1","contentUrl":"https:\/\/i0.wp.com\/augustocamiseiro.com\/lojaweb\/wp-content\/uploads\/2024\/04\/cropped-logo-augusto-white-1.png?fit=550%2C310&ssl=1","width":550,"height":310,"caption":"Augusto Camiseiro"},"image":{"@id":"https:\/\/augustocamiseiro.com\/lojaweb\/#\/schema\/logo\/image\/"}}]}},"jetpack_sharing_enabled":true,"_links":{"self":[{"href":"https:\/\/augustocamiseiro.com\/lojaweb\/wp-json\/wp\/v2\/product\/23247","targetHints":{"allow":["GET"]}}],"collection":[{"href":"https:\/\/augustocamiseiro.com\/lojaweb\/wp-json\/wp\/v2\/product"}],"about":[{"href":"https:\/\/augustocamiseiro.com\/lojaweb\/wp-json\/wp\/v2\/types\/product"}],"replies":[{"embeddable":true,"href":"https:\/\/augustocamiseiro.com\/lojaweb\/wp-json\/wp\/v2\/comments?post=23247"}],"wp:featuredmedia":[{"embeddable":true,"href":"https:\/\/augustocamiseiro.com\/lojaweb\/wp-json\/wp\/v2\/media\/23315"}],"wp:attachment":[{"href":"https:\/\/augustocamiseiro.com\/lojaweb\/wp-json\/wp\/v2\/media?parent=23247"}],"wp:term":[{"taxonomy":"product_brand","embeddable":true,"href":"https:\/\/augustocamiseiro.com\/lojaweb\/wp-json\/wp\/v2\/product_brand?post=23247"},{"taxonomy":"product_cat","embeddable":true,"href":"https:\/\/augustocamiseiro.com\/lojaweb\/wp-json\/wp\/v2\/product_cat?post=23247"},{"taxonomy":"product_tag","embeddable":true,"href":"https:\/\/augustocamiseiro.com\/lojaweb\/wp-json\/wp\/v2\/product_tag?post=23247"}],"curies":[{"name":"wp","href":"https:\/\/api.w.org\/{rel}","templated":true}]}}