{"id":23245,"date":"2024-04-19T01:50:14","date_gmt":"2024-04-19T01:50:14","guid":{"rendered":"https:\/\/bsit.com.br\/loja\/?post_type=product&#038;p=23245"},"modified":"2026-04-15T20:38:22","modified_gmt":"2026-04-15T20:38:22","slug":"calca-jeans-azul","status":"publish","type":"product","link":"https:\/\/augustocamiseiro.com\/lojaweb\/produto\/calca-jeans-azul\/","title":{"rendered":"Cal\u00e7a Jeans Azul"},"content":{"rendered":"<p>Cal\u00e7a jeans azul \u00e9 uma excelente op\u00e7\u00e3o de cal\u00e7a casual. Em parte devido \u00e0 sua praticidade, assim como sua versatilidade na composi\u00e7\u00e3o com diversos looks. Era a pe\u00e7a que faltava em nossa cole\u00e7\u00e3o.<\/p>\n<p>Igualmente se tem muito conforto devido ao elastano e ainda\u00a0 muito estilo, pois seu caimento slimfit empresta um visual moderno a esta pe\u00e7a atemporal.<\/p>\n<p>O que algu\u00e9m pode mais querer al\u00e9m de caimento, conforto e praticidade?<\/p>\n<p>Temos a op\u00e7\u00e3o indigo mais escura, al\u00e9m da delav\u00ea mais clara.<\/p>\n","protected":false},"excerpt":{"rendered":"<p>Cal\u00e7a jeans azul . Algod\u00e3o com elastano e caimento slimfit. Conforto e modernidade em um jeans atemporal.<\/p>\n","protected":false},"featured_media":42002,"comment_status":"open","ping_status":"closed","template":"","meta":{"_acf_changed":false},"product_brand":[],"product_cat":[362,445],"product_tag":[409,418,642,643,644,414,645,1098,416],"class_list":{"0":"post-23245","1":"product","2":"type-product","3":"status-publish","4":"has-post-thumbnail","6":"product_cat-calcas","7":"product_cat-dias-dos-pais","8":"product_tag-calca","9":"product_tag-calca-casual","10":"product_tag-calca-jeans","11":"product_tag-calca-jeans-casual","12":"product_tag-calca-jeans-clara","13":"product_tag-casual","14":"product_tag-jeans","15":"product_tag-jeans-azul","16":"product_tag-slim-fit","18":"first","19":"instock","20":"shipping-taxable","21":"purchasable","22":"product-type-variable"},"acf":[],"yoast_head":"<!-- This site is optimized with the Yoast SEO plugin v25.3.1 - https:\/\/yoast.com\/wordpress\/plugins\/seo\/ -->\n<title>Cal\u00e7a Jeans Azul - Augusto Camiseiro - Slimfit - Elastano<\/title>\n<meta name=\"description\" content=\"Cal\u00e7a jeans azul com lavagem especial ecol\u00f3gica . Composi\u00e7\u00e3o de jeans com elastano para maior conforto. Modelagem slimfit.\" \/>\n<meta name=\"robots\" content=\"index, follow, max-snippet:-1, max-image-preview:large, max-video-preview:-1\" \/>\n<link rel=\"canonical\" href=\"https:\/\/augustocamiseiro.com\/lojaweb\/produto\/calca-jeans-azul\/\" \/>\n<meta property=\"og:locale\" content=\"pt_BR\" \/>\n<meta property=\"og:type\" content=\"article\" \/>\n<meta property=\"og:title\" content=\"Cal\u00e7a Jeans Azul - Augusto Camiseiro - Slimfit - Elastano\" \/>\n<meta property=\"og:description\" content=\"Cal\u00e7a jeans azul com lavagem especial ecol\u00f3gica . Composi\u00e7\u00e3o de jeans com elastano para maior conforto. Modelagem slimfit.\" \/>\n<meta property=\"og:url\" content=\"https:\/\/augustocamiseiro.com\/lojaweb\/produto\/calca-jeans-azul\/\" \/>\n<meta property=\"og:site_name\" content=\"Augusto Camiseiro\" \/>\n<meta property=\"article:modified_time\" content=\"2026-04-15T20:38:22+00:00\" \/>\n<meta property=\"og:image\" content=\"https:\/\/augustocamiseiro.com\/lojaweb\/wp-content\/uploads\/2024\/09\/jpeg-optimizer_CAMISA-3256-AZUL-ELASTANO-XADREZ-PEQ-4066-calca-jeans-3582.jpg\" \/>\n\t<meta property=\"og:image:width\" content=\"960\" \/>\n\t<meta property=\"og:image:height\" content=\"1200\" \/>\n\t<meta property=\"og:image:type\" content=\"image\/jpeg\" \/>\n<meta name=\"twitter:card\" content=\"summary_large_image\" \/>\n<meta name=\"twitter:label1\" content=\"Est. tempo de leitura\" \/>\n\t<meta name=\"twitter:data1\" content=\"1 minuto\" \/>\n<!-- \/ Yoast SEO plugin. -->","yoast_head_json":{"title":"Cal\u00e7a Jeans Azul - Augusto Camiseiro - Slimfit - Elastano","description":"Cal\u00e7a jeans azul com lavagem especial ecol\u00f3gica . Composi\u00e7\u00e3o de jeans com elastano para maior conforto. Modelagem slimfit.","robots":{"index":"index","follow":"follow","max-snippet":"max-snippet:-1","max-image-preview":"max-image-preview:large","max-video-preview":"max-video-preview:-1"},"canonical":"https:\/\/augustocamiseiro.com\/lojaweb\/produto\/calca-jeans-azul\/","og_locale":"pt_BR","og_type":"article","og_title":"Cal\u00e7a Jeans Azul - Augusto Camiseiro - Slimfit - Elastano","og_description":"Cal\u00e7a jeans azul com lavagem especial ecol\u00f3gica . Composi\u00e7\u00e3o de jeans com elastano para maior conforto. Modelagem slimfit.","og_url":"https:\/\/augustocamiseiro.com\/lojaweb\/produto\/calca-jeans-azul\/","og_site_name":"Augusto Camiseiro","article_modified_time":"2026-04-15T20:38:22+00:00","og_image":[{"width":960,"height":1200,"url":"https:\/\/augustocamiseiro.com\/lojaweb\/wp-content\/uploads\/2024\/09\/jpeg-optimizer_CAMISA-3256-AZUL-ELASTANO-XADREZ-PEQ-4066-calca-jeans-3582.jpg","type":"image\/jpeg"}],"twitter_card":"summary_large_image","twitter_misc":{"Est. tempo de leitura":"1 minuto"},"schema":{"@context":"https:\/\/schema.org","@graph":[{"@type":"WebPage","@id":"https:\/\/augustocamiseiro.com\/lojaweb\/produto\/calca-jeans-azul\/","url":"https:\/\/augustocamiseiro.com\/lojaweb\/produto\/calca-jeans-azul\/","name":"Cal\u00e7a Jeans Azul - Augusto Camiseiro - Slimfit - Elastano","isPartOf":{"@id":"https:\/\/augustocamiseiro.com\/lojaweb\/#website"},"primaryImageOfPage":{"@id":"https:\/\/augustocamiseiro.com\/lojaweb\/produto\/calca-jeans-azul\/#primaryimage"},"image":{"@id":"https:\/\/augustocamiseiro.com\/lojaweb\/produto\/calca-jeans-azul\/#primaryimage"},"thumbnailUrl":"https:\/\/i0.wp.com\/augustocamiseiro.com\/lojaweb\/wp-content\/uploads\/2024\/09\/jpeg-optimizer_CAMISA-3256-AZUL-ELASTANO-XADREZ-PEQ-4066-calca-jeans-3582.jpg?fit=960%2C1200&ssl=1","datePublished":"2024-04-19T01:50:14+00:00","dateModified":"2026-04-15T20:38:22+00:00","description":"Cal\u00e7a jeans azul com lavagem especial ecol\u00f3gica . Composi\u00e7\u00e3o de jeans com elastano para maior conforto. Modelagem slimfit.","breadcrumb":{"@id":"https:\/\/augustocamiseiro.com\/lojaweb\/produto\/calca-jeans-azul\/#breadcrumb"},"inLanguage":"pt-BR","potentialAction":[{"@type":"ReadAction","target":["https:\/\/augustocamiseiro.com\/lojaweb\/produto\/calca-jeans-azul\/"]}]},{"@type":"ImageObject","inLanguage":"pt-BR","@id":"https:\/\/augustocamiseiro.com\/lojaweb\/produto\/calca-jeans-azul\/#primaryimage","url":"https:\/\/i0.wp.com\/augustocamiseiro.com\/lojaweb\/wp-content\/uploads\/2024\/09\/jpeg-optimizer_CAMISA-3256-AZUL-ELASTANO-XADREZ-PEQ-4066-calca-jeans-3582.jpg?fit=960%2C1200&ssl=1","contentUrl":"https:\/\/i0.wp.com\/augustocamiseiro.com\/lojaweb\/wp-content\/uploads\/2024\/09\/jpeg-optimizer_CAMISA-3256-AZUL-ELASTANO-XADREZ-PEQ-4066-calca-jeans-3582.jpg?fit=960%2C1200&ssl=1","width":960,"height":1200,"caption":"CAMISA AZUL"},{"@type":"BreadcrumbList","@id":"https:\/\/augustocamiseiro.com\/lojaweb\/produto\/calca-jeans-azul\/#breadcrumb","itemListElement":[{"@type":"ListItem","position":1,"name":"In\u00edcio","item":"https:\/\/augustocamiseiro.com\/lojaweb\/"},{"@type":"ListItem","position":2,"name":"Shop","item":"https:\/\/augustocamiseiro.com\/lojaweb\/shop\/"},{"@type":"ListItem","position":3,"name":"Cal\u00e7a Jeans Azul"}]},{"@type":"WebSite","@id":"https:\/\/augustocamiseiro.com\/lojaweb\/#website","url":"https:\/\/augustocamiseiro.com\/lojaweb\/","name":"Augusto Camiseiro","description":"Roupa Masculina","publisher":{"@id":"https:\/\/augustocamiseiro.com\/lojaweb\/#organization"},"potentialAction":[{"@type":"SearchAction","target":{"@type":"EntryPoint","urlTemplate":"https:\/\/augustocamiseiro.com\/lojaweb\/?s={search_term_string}"},"query-input":{"@type":"PropertyValueSpecification","valueRequired":true,"valueName":"search_term_string"}}],"inLanguage":"pt-BR"},{"@type":"Organization","@id":"https:\/\/augustocamiseiro.com\/lojaweb\/#organization","name":"Augusto Camiseiro","url":"https:\/\/augustocamiseiro.com\/lojaweb\/","logo":{"@type":"ImageObject","inLanguage":"pt-BR","@id":"https:\/\/augustocamiseiro.com\/lojaweb\/#\/schema\/logo\/image\/","url":"https:\/\/i0.wp.com\/augustocamiseiro.com\/lojaweb\/wp-content\/uploads\/2024\/04\/cropped-logo-augusto-white-1.png?fit=550%2C310&ssl=1","contentUrl":"https:\/\/i0.wp.com\/augustocamiseiro.com\/lojaweb\/wp-content\/uploads\/2024\/04\/cropped-logo-augusto-white-1.png?fit=550%2C310&ssl=1","width":550,"height":310,"caption":"Augusto Camiseiro"},"image":{"@id":"https:\/\/augustocamiseiro.com\/lojaweb\/#\/schema\/logo\/image\/"}}]}},"jetpack_sharing_enabled":true,"_links":{"self":[{"href":"https:\/\/augustocamiseiro.com\/lojaweb\/wp-json\/wp\/v2\/product\/23245","targetHints":{"allow":["GET"]}}],"collection":[{"href":"https:\/\/augustocamiseiro.com\/lojaweb\/wp-json\/wp\/v2\/product"}],"about":[{"href":"https:\/\/augustocamiseiro.com\/lojaweb\/wp-json\/wp\/v2\/types\/product"}],"replies":[{"embeddable":true,"href":"https:\/\/augustocamiseiro.com\/lojaweb\/wp-json\/wp\/v2\/comments?post=23245"}],"wp:featuredmedia":[{"embeddable":true,"href":"https:\/\/augustocamiseiro.com\/lojaweb\/wp-json\/wp\/v2\/media\/42002"}],"wp:attachment":[{"href":"https:\/\/augustocamiseiro.com\/lojaweb\/wp-json\/wp\/v2\/media?parent=23245"}],"wp:term":[{"taxonomy":"product_brand","embeddable":true,"href":"https:\/\/augustocamiseiro.com\/lojaweb\/wp-json\/wp\/v2\/product_brand?post=23245"},{"taxonomy":"product_cat","embeddable":true,"href":"https:\/\/augustocamiseiro.com\/lojaweb\/wp-json\/wp\/v2\/product_cat?post=23245"},{"taxonomy":"product_tag","embeddable":true,"href":"https:\/\/augustocamiseiro.com\/lojaweb\/wp-json\/wp\/v2\/product_tag?post=23245"}],"curies":[{"name":"wp","href":"https:\/\/api.w.org\/{rel}","templated":true}]}}