{"id":22799,"date":"2024-04-19T00:01:23","date_gmt":"2024-04-19T00:01:23","guid":{"rendered":"https:\/\/bsit.com.br\/loja\/?post_type=product&#038;p=22799"},"modified":"2024-07-05T20:36:29","modified_gmt":"2024-07-05T20:36:29","slug":"gravata-cinza-de-seda-2","status":"publish","type":"product","link":"https:\/\/augustocamiseiro.com\/lojaweb\/produto\/gravata-cinza-de-seda-2\/","title":{"rendered":"Gravata Cinza de Seda"},"content":{"rendered":"<p>Gravata cinza de seda italiana tem fundo cinza chumbo e min\u00fasculos desenhos cinza claro.<\/p>\n<p>Fabricada em pura seda italiana se encaixa muito bem com os costumes <a href=\"https:\/\/augustocamiseiro.com\/lojaweb\/?product=terno-costume-preto-la-fria\"><span style=\"color: #0000ff;\">pretos<\/span><\/a> ou mesmo <a href=\"https:\/\/augustocamiseiro.com\/lojaweb\/?product=terno-costume-cinza-la-fria\"><span style=\"color: #0000ff;\">cinza<\/span>.<\/a><\/p>\n<p>As camisas de prefer\u00eancia lisas brancas, lil\u00e1s ou rosa. Assim tamb\u00e9m como listrados <a href=\"https:\/\/www.instagram.com\/p\/CPTyyyXt6Wt\/\"><span style=\"color: #0000ff;\">vinhos\/bord\u00f4<\/span><\/a><span style=\"color: #0000ff;\">.<\/span><\/p>\n<p>Por ser um desenho muito discreto, esse tipo de gravata vai com quase qualquer estampa de camisa. Como resultado vai ter um visual bastante cl\u00e1ssico.<\/p>\n<p>Apesar deste <a href=\"https:\/\/www.instagram.com\/p\/CKe1uGAnMdn\/\"><span style=\"color: #0000ff;\">visual<\/span><\/a> ser basicamente casual, imagine esta gravata aqui com um xadrez preto e vermelho e um costume cinza. Como falamos anteriormente, esta gravata cabe em muitas estampas.<\/p>\n","protected":false},"excerpt":{"rendered":"<p>Gravata cinza de seda italiana. Fundo cinza chumbo com min\u00fasculos desenhos cinza claro.<\/p>\n","protected":false},"featured_media":22816,"comment_status":"open","ping_status":"closed","template":"","meta":{"_acf_changed":false},"product_brand":[],"product_cat":[1064,1069],"product_tag":[529,1022,1023,530,981],"class_list":{"0":"post-22799","1":"product","2":"type-product","3":"status-publish","4":"has-post-thumbnail","6":"product_cat-acessorios","7":"product_cat-gravatas-acessorios","8":"product_tag-gravata","9":"product_tag-gravata-chumbo","10":"product_tag-gravata-cinza-de-seda","11":"product_tag-gravata-de-seda","12":"product_tag-seda-italiana","14":"first","15":"instock","16":"shipping-taxable","17":"purchasable","18":"product-type-simple"},"acf":[],"yoast_head":"<!-- This site is optimized with the Yoast SEO plugin v25.3.1 - https:\/\/yoast.com\/wordpress\/plugins\/seo\/ -->\n<title>Gravata Cinza de Seda - Augusto Camiseiro<\/title>\n<meta name=\"description\" content=\"Gravata cinza de seda italiana. Fundo cinza chumbo com min\u00fasculos desenhos cinza claro. Use com costumes cinza e preto. Gravata cl\u00e1ssica.\" \/>\n<meta name=\"robots\" content=\"index, follow, max-snippet:-1, max-image-preview:large, max-video-preview:-1\" \/>\n<link rel=\"canonical\" href=\"https:\/\/augustocamiseiro.com\/lojaweb\/produto\/gravata-cinza-de-seda-2\/\" \/>\n<meta property=\"og:locale\" content=\"pt_BR\" \/>\n<meta property=\"og:type\" content=\"article\" \/>\n<meta property=\"og:title\" content=\"Gravata Cinza de Seda - Augusto Camiseiro\" \/>\n<meta property=\"og:description\" content=\"Gravata cinza de seda italiana. Fundo cinza chumbo com min\u00fasculos desenhos cinza claro. Use com costumes cinza e preto. Gravata cl\u00e1ssica.\" \/>\n<meta property=\"og:url\" content=\"https:\/\/augustocamiseiro.com\/lojaweb\/produto\/gravata-cinza-de-seda-2\/\" \/>\n<meta property=\"og:site_name\" content=\"Augusto Camiseiro\" \/>\n<meta property=\"article:modified_time\" content=\"2024-07-05T20:36:29+00:00\" \/>\n<meta property=\"og:image\" content=\"https:\/\/augustocamiseiro.com\/lojaweb\/wp-content\/uploads\/2024\/04\/Gravata-SF-ref.-3432-seda-ord250.jpg\" \/>\n\t<meta property=\"og:image:width\" content=\"1080\" \/>\n\t<meta property=\"og:image:height\" content=\"1080\" \/>\n\t<meta property=\"og:image:type\" content=\"image\/jpeg\" \/>\n<meta name=\"twitter:card\" content=\"summary_large_image\" \/>\n<meta name=\"twitter:label1\" content=\"Est. tempo de leitura\" \/>\n\t<meta name=\"twitter:data1\" content=\"1 minuto\" \/>\n<!-- \/ Yoast SEO plugin. -->","yoast_head_json":{"title":"Gravata Cinza de Seda - Augusto Camiseiro","description":"Gravata cinza de seda italiana. Fundo cinza chumbo com min\u00fasculos desenhos cinza claro. Use com costumes cinza e preto. Gravata cl\u00e1ssica.","robots":{"index":"index","follow":"follow","max-snippet":"max-snippet:-1","max-image-preview":"max-image-preview:large","max-video-preview":"max-video-preview:-1"},"canonical":"https:\/\/augustocamiseiro.com\/lojaweb\/produto\/gravata-cinza-de-seda-2\/","og_locale":"pt_BR","og_type":"article","og_title":"Gravata Cinza de Seda - Augusto Camiseiro","og_description":"Gravata cinza de seda italiana. Fundo cinza chumbo com min\u00fasculos desenhos cinza claro. Use com costumes cinza e preto. Gravata cl\u00e1ssica.","og_url":"https:\/\/augustocamiseiro.com\/lojaweb\/produto\/gravata-cinza-de-seda-2\/","og_site_name":"Augusto Camiseiro","article_modified_time":"2024-07-05T20:36:29+00:00","og_image":[{"width":1080,"height":1080,"url":"https:\/\/augustocamiseiro.com\/lojaweb\/wp-content\/uploads\/2024\/04\/Gravata-SF-ref.-3432-seda-ord250.jpg","type":"image\/jpeg"}],"twitter_card":"summary_large_image","twitter_misc":{"Est. tempo de leitura":"1 minuto"},"schema":{"@context":"https:\/\/schema.org","@graph":[{"@type":"WebPage","@id":"https:\/\/augustocamiseiro.com\/lojaweb\/produto\/gravata-cinza-de-seda-2\/","url":"https:\/\/augustocamiseiro.com\/lojaweb\/produto\/gravata-cinza-de-seda-2\/","name":"Gravata Cinza de Seda - Augusto Camiseiro","isPartOf":{"@id":"https:\/\/augustocamiseiro.com\/lojaweb\/#website"},"primaryImageOfPage":{"@id":"https:\/\/augustocamiseiro.com\/lojaweb\/produto\/gravata-cinza-de-seda-2\/#primaryimage"},"image":{"@id":"https:\/\/augustocamiseiro.com\/lojaweb\/produto\/gravata-cinza-de-seda-2\/#primaryimage"},"thumbnailUrl":"https:\/\/i0.wp.com\/augustocamiseiro.com\/lojaweb\/wp-content\/uploads\/2024\/04\/Gravata-SF-ref.-3432-seda-ord250.jpg?fit=1080%2C1080&ssl=1","datePublished":"2024-04-19T00:01:23+00:00","dateModified":"2024-07-05T20:36:29+00:00","description":"Gravata cinza de seda italiana. Fundo cinza chumbo com min\u00fasculos desenhos cinza claro. Use com costumes cinza e preto. Gravata cl\u00e1ssica.","breadcrumb":{"@id":"https:\/\/augustocamiseiro.com\/lojaweb\/produto\/gravata-cinza-de-seda-2\/#breadcrumb"},"inLanguage":"pt-BR","potentialAction":[{"@type":"ReadAction","target":["https:\/\/augustocamiseiro.com\/lojaweb\/produto\/gravata-cinza-de-seda-2\/"]}]},{"@type":"ImageObject","inLanguage":"pt-BR","@id":"https:\/\/augustocamiseiro.com\/lojaweb\/produto\/gravata-cinza-de-seda-2\/#primaryimage","url":"https:\/\/i0.wp.com\/augustocamiseiro.com\/lojaweb\/wp-content\/uploads\/2024\/04\/Gravata-SF-ref.-3432-seda-ord250.jpg?fit=1080%2C1080&ssl=1","contentUrl":"https:\/\/i0.wp.com\/augustocamiseiro.com\/lojaweb\/wp-content\/uploads\/2024\/04\/Gravata-SF-ref.-3432-seda-ord250.jpg?fit=1080%2C1080&ssl=1","width":1080,"height":1080},{"@type":"BreadcrumbList","@id":"https:\/\/augustocamiseiro.com\/lojaweb\/produto\/gravata-cinza-de-seda-2\/#breadcrumb","itemListElement":[{"@type":"ListItem","position":1,"name":"In\u00edcio","item":"https:\/\/augustocamiseiro.com\/lojaweb\/"},{"@type":"ListItem","position":2,"name":"Shop","item":"https:\/\/augustocamiseiro.com\/lojaweb\/shop\/"},{"@type":"ListItem","position":3,"name":"Gravata Cinza de Seda"}]},{"@type":"WebSite","@id":"https:\/\/augustocamiseiro.com\/lojaweb\/#website","url":"https:\/\/augustocamiseiro.com\/lojaweb\/","name":"Augusto Camiseiro","description":"Roupa Masculina","publisher":{"@id":"https:\/\/augustocamiseiro.com\/lojaweb\/#organization"},"potentialAction":[{"@type":"SearchAction","target":{"@type":"EntryPoint","urlTemplate":"https:\/\/augustocamiseiro.com\/lojaweb\/?s={search_term_string}"},"query-input":{"@type":"PropertyValueSpecification","valueRequired":true,"valueName":"search_term_string"}}],"inLanguage":"pt-BR"},{"@type":"Organization","@id":"https:\/\/augustocamiseiro.com\/lojaweb\/#organization","name":"Augusto Camiseiro","url":"https:\/\/augustocamiseiro.com\/lojaweb\/","logo":{"@type":"ImageObject","inLanguage":"pt-BR","@id":"https:\/\/augustocamiseiro.com\/lojaweb\/#\/schema\/logo\/image\/","url":"https:\/\/i0.wp.com\/augustocamiseiro.com\/lojaweb\/wp-content\/uploads\/2024\/04\/cropped-logo-augusto-white-1.png?fit=550%2C310&ssl=1","contentUrl":"https:\/\/i0.wp.com\/augustocamiseiro.com\/lojaweb\/wp-content\/uploads\/2024\/04\/cropped-logo-augusto-white-1.png?fit=550%2C310&ssl=1","width":550,"height":310,"caption":"Augusto Camiseiro"},"image":{"@id":"https:\/\/augustocamiseiro.com\/lojaweb\/#\/schema\/logo\/image\/"}}]}},"jetpack_sharing_enabled":true,"_links":{"self":[{"href":"https:\/\/augustocamiseiro.com\/lojaweb\/wp-json\/wp\/v2\/product\/22799","targetHints":{"allow":["GET"]}}],"collection":[{"href":"https:\/\/augustocamiseiro.com\/lojaweb\/wp-json\/wp\/v2\/product"}],"about":[{"href":"https:\/\/augustocamiseiro.com\/lojaweb\/wp-json\/wp\/v2\/types\/product"}],"replies":[{"embeddable":true,"href":"https:\/\/augustocamiseiro.com\/lojaweb\/wp-json\/wp\/v2\/comments?post=22799"}],"wp:featuredmedia":[{"embeddable":true,"href":"https:\/\/augustocamiseiro.com\/lojaweb\/wp-json\/wp\/v2\/media\/22816"}],"wp:attachment":[{"href":"https:\/\/augustocamiseiro.com\/lojaweb\/wp-json\/wp\/v2\/media?parent=22799"}],"wp:term":[{"taxonomy":"product_brand","embeddable":true,"href":"https:\/\/augustocamiseiro.com\/lojaweb\/wp-json\/wp\/v2\/product_brand?post=22799"},{"taxonomy":"product_cat","embeddable":true,"href":"https:\/\/augustocamiseiro.com\/lojaweb\/wp-json\/wp\/v2\/product_cat?post=22799"},{"taxonomy":"product_tag","embeddable":true,"href":"https:\/\/augustocamiseiro.com\/lojaweb\/wp-json\/wp\/v2\/product_tag?post=22799"}],"curies":[{"name":"wp","href":"https:\/\/api.w.org\/{rel}","templated":true}]}}