{"id":22490,"date":"2024-04-18T23:38:56","date_gmt":"2024-04-18T23:38:56","guid":{"rendered":"https:\/\/bsit.com.br\/loja\/?post_type=product&#038;p=22490"},"modified":"2024-07-05T20:36:27","modified_gmt":"2024-07-05T20:36:27","slug":"gravata-marinho-listrada-seda-2","status":"publish","type":"product","link":"https:\/\/augustocamiseiro.com\/lojaweb\/produto\/gravata-marinho-listrada-seda-2\/","title":{"rendered":"Gravata Marinho Listrada Seda"},"content":{"rendered":"<p>Gravata marinho listrada de pura seda italiana com fundo azul marinho e listras vermelhas.<\/p>\n<p>Em resumo, uma gravata regimental muito cl\u00e1ssica para usar em combina\u00e7\u00f5es com costumes <span style=\"color: #0000ff\"><a style=\"color: #0000ff\" href=\"https:\/\/augustocamiseiro.com\/lojaweb\/?product=terno-costume-cinza-chumbo\">cinza<\/a> <\/span>e <a href=\"https:\/\/augustocamiseiro.com\/lojaweb\/?product=terno-costume-azul-marinho\"><span style=\"color: #0000ff\">azuis.<\/span><\/a><\/p>\n<p>Assim tamb\u00e9m com camisas brancas, azuis ou lil\u00e1s. Da mesma forma que<span style=\"color: #0000ff\"> <a style=\"color: #0000ff\" href=\"https:\/\/www.instagram.com\/p\/CUVuFK1DCBS\/\">listras azuis<\/a><\/span> ou <a href=\"https:\/\/www.instagram.com\/p\/CWtlyfbBQwx\/\"><span style=\"color: #0000ff\">xadrezes azuis<\/span><\/a><span style=\"color: #0000ff\">.<\/span><\/p>\n<p>O termo regimental remonta \u00e0s cores dos col\u00e9gios\u00a0 e regimentos brit\u00e2nicos colocados em suas respectivas gravatas. Hoje se usam\u00a0 v\u00e1rias cores diferentes e diversas combina\u00e7\u00f5es. Ali\u00e1s se quiserem saber um pouco mais sobre gravatas leiam este <a href=\"https:\/\/www.portalsaofrancisco.com.br\/historia-geral\/historia-da-gravata\"><span style=\"color: #0000ff\">artigo.<\/span> \u00a0\u00a0<\/a><\/p>\n<p>Sem d\u00favida, tenha ao menos uma gravata regimental em seu closet, que poderia perfeitamente ser esta gravata marinho listrada de seda . Afinal, um dia precisamos de arrojo e outro de tradi\u00e7\u00e3o.<\/p>\n","protected":false},"excerpt":{"rendered":"<p>Gravata marinho listrada de seda. Gravata regimental de fundo azul e listras vermelhas.<\/p>\n","protected":false},"featured_media":22540,"comment_status":"open","ping_status":"closed","template":"","meta":{"_acf_changed":false},"product_brand":[],"product_cat":[1069],"product_tag":[529,530,990,991,992,993],"class_list":{"0":"post-22490","1":"product","2":"type-product","3":"status-publish","4":"has-post-thumbnail","6":"product_cat-gravatas-acessorios","7":"product_tag-gravata","8":"product_tag-gravata-de-seda","9":"product_tag-gravata-marinho","10":"product_tag-gravata-marinho-listrada-seda","11":"product_tag-gravata-marinho-listrada-vermelho","12":"product_tag-gravata-regimental","14":"first","15":"instock","16":"shipping-taxable","17":"purchasable","18":"product-type-simple"},"acf":[],"yoast_head":"<!-- This site is optimized with the Yoast SEO plugin v25.3.1 - https:\/\/yoast.com\/wordpress\/plugins\/seo\/ -->\n<title>Gravata Marinho Listrada Seda - Augusto Camiseiro<\/title>\n<meta name=\"description\" content=\"Gravata marinho listrada de seda pura italiana. T\u00edpica gravata regimental com fundo marinho e listras vermelhas. Vai bem com azuis e cinzas.\" \/>\n<meta name=\"robots\" content=\"index, follow, max-snippet:-1, max-image-preview:large, max-video-preview:-1\" \/>\n<link rel=\"canonical\" href=\"https:\/\/augustocamiseiro.com\/lojaweb\/produto\/gravata-marinho-listrada-seda-2\/\" \/>\n<meta property=\"og:locale\" content=\"pt_BR\" \/>\n<meta property=\"og:type\" content=\"article\" \/>\n<meta property=\"og:title\" content=\"Gravata Marinho Listrada Seda - Augusto Camiseiro\" \/>\n<meta property=\"og:description\" content=\"Gravata marinho listrada de seda pura italiana. T\u00edpica gravata regimental com fundo marinho e listras vermelhas. Vai bem com azuis e cinzas.\" \/>\n<meta property=\"og:url\" content=\"https:\/\/augustocamiseiro.com\/lojaweb\/produto\/gravata-marinho-listrada-seda-2\/\" \/>\n<meta property=\"og:site_name\" content=\"Augusto Camiseiro\" \/>\n<meta property=\"article:modified_time\" content=\"2024-07-05T20:36:27+00:00\" \/>\n<meta property=\"og:image\" content=\"https:\/\/augustocamiseiro.com\/lojaweb\/wp-content\/uploads\/2024\/04\/Bran-Sodre_Site-71.jpg\" \/>\n\t<meta property=\"og:image:width\" content=\"1000\" \/>\n\t<meta property=\"og:image:height\" content=\"1000\" \/>\n\t<meta property=\"og:image:type\" content=\"image\/jpeg\" \/>\n<meta name=\"twitter:card\" content=\"summary_large_image\" \/>\n<meta name=\"twitter:label1\" content=\"Est. tempo de leitura\" \/>\n\t<meta name=\"twitter:data1\" content=\"1 minuto\" \/>\n<!-- \/ Yoast SEO plugin. -->","yoast_head_json":{"title":"Gravata Marinho Listrada Seda - Augusto Camiseiro","description":"Gravata marinho listrada de seda pura italiana. T\u00edpica gravata regimental com fundo marinho e listras vermelhas. Vai bem com azuis e cinzas.","robots":{"index":"index","follow":"follow","max-snippet":"max-snippet:-1","max-image-preview":"max-image-preview:large","max-video-preview":"max-video-preview:-1"},"canonical":"https:\/\/augustocamiseiro.com\/lojaweb\/produto\/gravata-marinho-listrada-seda-2\/","og_locale":"pt_BR","og_type":"article","og_title":"Gravata Marinho Listrada Seda - Augusto Camiseiro","og_description":"Gravata marinho listrada de seda pura italiana. T\u00edpica gravata regimental com fundo marinho e listras vermelhas. Vai bem com azuis e cinzas.","og_url":"https:\/\/augustocamiseiro.com\/lojaweb\/produto\/gravata-marinho-listrada-seda-2\/","og_site_name":"Augusto Camiseiro","article_modified_time":"2024-07-05T20:36:27+00:00","og_image":[{"width":1000,"height":1000,"url":"https:\/\/augustocamiseiro.com\/lojaweb\/wp-content\/uploads\/2024\/04\/Bran-Sodre_Site-71.jpg","type":"image\/jpeg"}],"twitter_card":"summary_large_image","twitter_misc":{"Est. tempo de leitura":"1 minuto"},"schema":{"@context":"https:\/\/schema.org","@graph":[{"@type":"WebPage","@id":"https:\/\/augustocamiseiro.com\/lojaweb\/produto\/gravata-marinho-listrada-seda-2\/","url":"https:\/\/augustocamiseiro.com\/lojaweb\/produto\/gravata-marinho-listrada-seda-2\/","name":"Gravata Marinho Listrada Seda - Augusto Camiseiro","isPartOf":{"@id":"https:\/\/augustocamiseiro.com\/lojaweb\/#website"},"primaryImageOfPage":{"@id":"https:\/\/augustocamiseiro.com\/lojaweb\/produto\/gravata-marinho-listrada-seda-2\/#primaryimage"},"image":{"@id":"https:\/\/augustocamiseiro.com\/lojaweb\/produto\/gravata-marinho-listrada-seda-2\/#primaryimage"},"thumbnailUrl":"https:\/\/i0.wp.com\/augustocamiseiro.com\/lojaweb\/wp-content\/uploads\/2024\/04\/Bran-Sodre_Site-71.jpg?fit=1000%2C1000&ssl=1","datePublished":"2024-04-18T23:38:56+00:00","dateModified":"2024-07-05T20:36:27+00:00","description":"Gravata marinho listrada de seda pura italiana. T\u00edpica gravata regimental com fundo marinho e listras vermelhas. Vai bem com azuis e cinzas.","breadcrumb":{"@id":"https:\/\/augustocamiseiro.com\/lojaweb\/produto\/gravata-marinho-listrada-seda-2\/#breadcrumb"},"inLanguage":"pt-BR","potentialAction":[{"@type":"ReadAction","target":["https:\/\/augustocamiseiro.com\/lojaweb\/produto\/gravata-marinho-listrada-seda-2\/"]}]},{"@type":"ImageObject","inLanguage":"pt-BR","@id":"https:\/\/augustocamiseiro.com\/lojaweb\/produto\/gravata-marinho-listrada-seda-2\/#primaryimage","url":"https:\/\/i0.wp.com\/augustocamiseiro.com\/lojaweb\/wp-content\/uploads\/2024\/04\/Bran-Sodre_Site-71.jpg?fit=1000%2C1000&ssl=1","contentUrl":"https:\/\/i0.wp.com\/augustocamiseiro.com\/lojaweb\/wp-content\/uploads\/2024\/04\/Bran-Sodre_Site-71.jpg?fit=1000%2C1000&ssl=1","width":1000,"height":1000,"caption":"Gravata Marinho Listrada Seda"},{"@type":"BreadcrumbList","@id":"https:\/\/augustocamiseiro.com\/lojaweb\/produto\/gravata-marinho-listrada-seda-2\/#breadcrumb","itemListElement":[{"@type":"ListItem","position":1,"name":"In\u00edcio","item":"https:\/\/augustocamiseiro.com\/lojaweb\/"},{"@type":"ListItem","position":2,"name":"Shop","item":"https:\/\/augustocamiseiro.com\/lojaweb\/shop\/"},{"@type":"ListItem","position":3,"name":"Gravata Marinho Listrada Seda"}]},{"@type":"WebSite","@id":"https:\/\/augustocamiseiro.com\/lojaweb\/#website","url":"https:\/\/augustocamiseiro.com\/lojaweb\/","name":"Augusto Camiseiro","description":"Roupa Masculina","publisher":{"@id":"https:\/\/augustocamiseiro.com\/lojaweb\/#organization"},"potentialAction":[{"@type":"SearchAction","target":{"@type":"EntryPoint","urlTemplate":"https:\/\/augustocamiseiro.com\/lojaweb\/?s={search_term_string}"},"query-input":{"@type":"PropertyValueSpecification","valueRequired":true,"valueName":"search_term_string"}}],"inLanguage":"pt-BR"},{"@type":"Organization","@id":"https:\/\/augustocamiseiro.com\/lojaweb\/#organization","name":"Augusto Camiseiro","url":"https:\/\/augustocamiseiro.com\/lojaweb\/","logo":{"@type":"ImageObject","inLanguage":"pt-BR","@id":"https:\/\/augustocamiseiro.com\/lojaweb\/#\/schema\/logo\/image\/","url":"https:\/\/i0.wp.com\/augustocamiseiro.com\/lojaweb\/wp-content\/uploads\/2024\/04\/cropped-logo-augusto-white-1.png?fit=550%2C310&ssl=1","contentUrl":"https:\/\/i0.wp.com\/augustocamiseiro.com\/lojaweb\/wp-content\/uploads\/2024\/04\/cropped-logo-augusto-white-1.png?fit=550%2C310&ssl=1","width":550,"height":310,"caption":"Augusto Camiseiro"},"image":{"@id":"https:\/\/augustocamiseiro.com\/lojaweb\/#\/schema\/logo\/image\/"}}]}},"jetpack_sharing_enabled":true,"_links":{"self":[{"href":"https:\/\/augustocamiseiro.com\/lojaweb\/wp-json\/wp\/v2\/product\/22490","targetHints":{"allow":["GET"]}}],"collection":[{"href":"https:\/\/augustocamiseiro.com\/lojaweb\/wp-json\/wp\/v2\/product"}],"about":[{"href":"https:\/\/augustocamiseiro.com\/lojaweb\/wp-json\/wp\/v2\/types\/product"}],"replies":[{"embeddable":true,"href":"https:\/\/augustocamiseiro.com\/lojaweb\/wp-json\/wp\/v2\/comments?post=22490"}],"wp:featuredmedia":[{"embeddable":true,"href":"https:\/\/augustocamiseiro.com\/lojaweb\/wp-json\/wp\/v2\/media\/22540"}],"wp:attachment":[{"href":"https:\/\/augustocamiseiro.com\/lojaweb\/wp-json\/wp\/v2\/media?parent=22490"}],"wp:term":[{"taxonomy":"product_brand","embeddable":true,"href":"https:\/\/augustocamiseiro.com\/lojaweb\/wp-json\/wp\/v2\/product_brand?post=22490"},{"taxonomy":"product_cat","embeddable":true,"href":"https:\/\/augustocamiseiro.com\/lojaweb\/wp-json\/wp\/v2\/product_cat?post=22490"},{"taxonomy":"product_tag","embeddable":true,"href":"https:\/\/augustocamiseiro.com\/lojaweb\/wp-json\/wp\/v2\/product_tag?post=22490"}],"curies":[{"name":"wp","href":"https:\/\/api.w.org\/{rel}","templated":true}]}}