{"id":21946,"date":"2024-04-18T23:02:55","date_gmt":"2024-04-18T23:02:55","guid":{"rendered":"https:\/\/bsit.com.br\/loja\/?post_type=product&#038;p=21946"},"modified":"2026-04-20T21:01:57","modified_gmt":"2026-04-20T21:01:57","slug":"bermuda-sarja-bege-de-algodao-elastano","status":"publish","type":"product","link":"https:\/\/augustocamiseiro.com\/lojaweb\/produto\/bermuda-sarja-bege-de-algodao-elastano\/","title":{"rendered":"Bermuda Sarja Bege de Algod\u00e3o\/Elastano"},"content":{"rendered":"<p>Bermuda sarja de algod\u00e3o bege .<\/p>\n<p>Composi\u00e7ao do tecido : 98% algod\u00e3o 2% elastano.<\/p>\n<p>Portanto temos aqui muito conforto.<\/p>\n<p>Modelagem slimfit mais moderna com caimento perfeito.<\/p>\n<p>Bolso faca e aspecto peletizado .<\/p>\n<p>Al\u00e9m disso acabamentos internos mais esportivos, compondo\u00a0 o visual da pe\u00e7a.<\/p>\n<p>Acima de tudo , use nos fins de semana e na praia. Ou ainda em um\u00a0 almo\u00e7o informal ou na sua ida ao clube.<\/p>\n<p>Ou quem sabe, s\u00f3 para ficar em casa mesmo.<\/p>\n<p>Primeiramente,\u00a0 que tal acompanhada de <span style=\"color: #ff9900\"><a style=\"color: #ff9900\" href=\"https:\/\/www.instagram.com\/p\/CMVLxMHs8Uv\/\">uma camisa de linho<\/a> <\/span>?<\/p>\n<p>Conforto e estilo em uma s\u00f3 pe\u00e7a.<\/p>\n<p>A bermuda sarja bege \u00e9 certamente\u00a0 uma pe\u00e7a maravilhosa para qualquer look casual .<\/p>\n<p>Ali\u00e1s, use estas duas outras pe\u00e7as para um look fant\u00e1stico:<\/p>\n<p>Uma <a href=\"https:\/\/augustocamiseiro.com\/lojaweb\/?product=camisa-xadrez-roxa-e-amarela\"><span style=\"color: #ff9900\">camisa xadrez roxa e amarela<\/span><\/a> e um <span style=\"color: #ff9900\"><a style=\"color: #ff9900\" href=\"https:\/\/augustocamiseiro.com\/lojaweb\/?product=__trashed-2\">mocassim.<\/a><\/span><\/p>\n<p>Ou ainda uma <span style=\"color: #ff9900\"><a style=\"color: #ff9900\" href=\"https:\/\/www.instagram.com\/p\/CSpu6u1gQ4h\/\">camisa xadrez azul e laranja.<\/a><\/span><\/p>\n<p>Chega a ser at\u00e9 uma op\u00e7\u00e3o natural nesse tipo de uso casual.<\/p>\n<p>A bermuda sarja bege \u00e9 uma pe\u00e7a cl\u00e1ssica e absolutamente indispens\u00e1vel em qualquer guarda roupa casual.<\/p>\n<p>Especialmente por ser uma cor que combina com praticamente qualquer camisa e sapato.<\/p>\n<p>Uma pe\u00e7a para o dia que n\u00e3o queremos complica\u00e7\u00e3o na escolha de roupas.<\/p>\n<p>&nbsp;<\/p>\n","protected":false},"excerpt":{"rendered":"<p>Bermuda de sarja com elastano bege clara.<\/p>\n","protected":false},"featured_media":50530,"comment_status":"open","ping_status":"closed","template":"","meta":{"_acf_changed":false},"product_brand":[],"product_cat":[491],"product_tag":[485,2270,1677,504,489,505,506,2439],"class_list":{"0":"post-21946","1":"product","2":"type-product","3":"status-publish","4":"has-post-thumbnail","6":"product_cat-bermudas","7":"product_tag-bermuda","8":"product_tag-bermuda-casual","9":"product_tag-bermuda-masculina","10":"product_tag-bermuda-praia","11":"product_tag-bermuda-sarja","12":"product_tag-bermuda-sarja-bege","13":"product_tag-bermuda-sarja-de-algodao-elastano","14":"product_tag-bermuda-sarja-promo-2026","16":"first","17":"instock","18":"sale","19":"shipping-taxable","20":"purchasable","21":"product-type-variable"},"acf":[],"yoast_head":"<!-- This site is optimized with the Yoast SEO plugin v25.3.1 - https:\/\/yoast.com\/wordpress\/plugins\/seo\/ -->\n<title>Bermuda Sarja Bege de Algod\u00e3o\/Elastano - Augusto Camiseiro<\/title>\n<meta name=\"description\" content=\"Bermuda sarja de algod\u00e3o bege. Feita com algod\u00e3o e elastano. Modelagem slimfit. Bermuda praia perfeita. Use com camisas de linho ou casuais.\" \/>\n<meta name=\"robots\" content=\"index, follow, max-snippet:-1, max-image-preview:large, max-video-preview:-1\" \/>\n<link rel=\"canonical\" href=\"https:\/\/augustocamiseiro.com\/lojaweb\/produto\/bermuda-sarja-bege-de-algodao-elastano\/\" \/>\n<meta property=\"og:locale\" content=\"pt_BR\" \/>\n<meta property=\"og:type\" content=\"article\" \/>\n<meta property=\"og:title\" content=\"Bermuda Sarja Bege de Algod\u00e3o\/Elastano - Augusto Camiseiro\" \/>\n<meta property=\"og:description\" content=\"Bermuda sarja de algod\u00e3o bege. Feita com algod\u00e3o e elastano. Modelagem slimfit. Bermuda praia perfeita. Use com camisas de linho ou casuais.\" \/>\n<meta property=\"og:url\" content=\"https:\/\/augustocamiseiro.com\/lojaweb\/produto\/bermuda-sarja-bege-de-algodao-elastano\/\" \/>\n<meta property=\"og:site_name\" content=\"Augusto Camiseiro\" \/>\n<meta property=\"article:modified_time\" content=\"2026-04-20T21:01:57+00:00\" \/>\n<meta property=\"og:image\" content=\"https:\/\/augustocamiseiro.com\/lojaweb\/wp-content\/uploads\/2024\/04\/bermuda-sarja-bege-de-algodao-ref1013_webp.webp\" \/>\n\t<meta property=\"og:image:width\" content=\"1080\" \/>\n\t<meta property=\"og:image:height\" content=\"1350\" \/>\n\t<meta property=\"og:image:type\" content=\"image\/webp\" \/>\n<meta name=\"twitter:card\" content=\"summary_large_image\" \/>\n<meta name=\"twitter:label1\" content=\"Est. tempo de leitura\" \/>\n\t<meta name=\"twitter:data1\" content=\"2 minutos\" \/>\n<!-- \/ Yoast SEO plugin. -->","yoast_head_json":{"title":"Bermuda Sarja Bege de Algod\u00e3o\/Elastano - Augusto Camiseiro","description":"Bermuda sarja de algod\u00e3o bege. Feita com algod\u00e3o e elastano. Modelagem slimfit. Bermuda praia perfeita. Use com camisas de linho ou casuais.","robots":{"index":"index","follow":"follow","max-snippet":"max-snippet:-1","max-image-preview":"max-image-preview:large","max-video-preview":"max-video-preview:-1"},"canonical":"https:\/\/augustocamiseiro.com\/lojaweb\/produto\/bermuda-sarja-bege-de-algodao-elastano\/","og_locale":"pt_BR","og_type":"article","og_title":"Bermuda Sarja Bege de Algod\u00e3o\/Elastano - Augusto Camiseiro","og_description":"Bermuda sarja de algod\u00e3o bege. Feita com algod\u00e3o e elastano. Modelagem slimfit. Bermuda praia perfeita. Use com camisas de linho ou casuais.","og_url":"https:\/\/augustocamiseiro.com\/lojaweb\/produto\/bermuda-sarja-bege-de-algodao-elastano\/","og_site_name":"Augusto Camiseiro","article_modified_time":"2026-04-20T21:01:57+00:00","og_image":[{"width":1080,"height":1350,"url":"https:\/\/augustocamiseiro.com\/lojaweb\/wp-content\/uploads\/2024\/04\/bermuda-sarja-bege-de-algodao-ref1013_webp.webp","type":"image\/webp"}],"twitter_card":"summary_large_image","twitter_misc":{"Est. tempo de leitura":"2 minutos"},"schema":{"@context":"https:\/\/schema.org","@graph":[{"@type":"WebPage","@id":"https:\/\/augustocamiseiro.com\/lojaweb\/produto\/bermuda-sarja-bege-de-algodao-elastano\/","url":"https:\/\/augustocamiseiro.com\/lojaweb\/produto\/bermuda-sarja-bege-de-algodao-elastano\/","name":"Bermuda Sarja Bege de Algod\u00e3o\/Elastano - Augusto Camiseiro","isPartOf":{"@id":"https:\/\/augustocamiseiro.com\/lojaweb\/#website"},"primaryImageOfPage":{"@id":"https:\/\/augustocamiseiro.com\/lojaweb\/produto\/bermuda-sarja-bege-de-algodao-elastano\/#primaryimage"},"image":{"@id":"https:\/\/augustocamiseiro.com\/lojaweb\/produto\/bermuda-sarja-bege-de-algodao-elastano\/#primaryimage"},"thumbnailUrl":"https:\/\/i0.wp.com\/augustocamiseiro.com\/lojaweb\/wp-content\/uploads\/2024\/04\/bermuda-sarja-bege-de-algodao-ref1013_webp.webp?fit=1080%2C1350&ssl=1","datePublished":"2024-04-18T23:02:55+00:00","dateModified":"2026-04-20T21:01:57+00:00","description":"Bermuda sarja de algod\u00e3o bege. Feita com algod\u00e3o e elastano. Modelagem slimfit. Bermuda praia perfeita. Use com camisas de linho ou casuais.","breadcrumb":{"@id":"https:\/\/augustocamiseiro.com\/lojaweb\/produto\/bermuda-sarja-bege-de-algodao-elastano\/#breadcrumb"},"inLanguage":"pt-BR","potentialAction":[{"@type":"ReadAction","target":["https:\/\/augustocamiseiro.com\/lojaweb\/produto\/bermuda-sarja-bege-de-algodao-elastano\/"]}]},{"@type":"ImageObject","inLanguage":"pt-BR","@id":"https:\/\/augustocamiseiro.com\/lojaweb\/produto\/bermuda-sarja-bege-de-algodao-elastano\/#primaryimage","url":"https:\/\/i0.wp.com\/augustocamiseiro.com\/lojaweb\/wp-content\/uploads\/2024\/04\/bermuda-sarja-bege-de-algodao-ref1013_webp.webp?fit=1080%2C1350&ssl=1","contentUrl":"https:\/\/i0.wp.com\/augustocamiseiro.com\/lojaweb\/wp-content\/uploads\/2024\/04\/bermuda-sarja-bege-de-algodao-ref1013_webp.webp?fit=1080%2C1350&ssl=1","width":1080,"height":1350},{"@type":"BreadcrumbList","@id":"https:\/\/augustocamiseiro.com\/lojaweb\/produto\/bermuda-sarja-bege-de-algodao-elastano\/#breadcrumb","itemListElement":[{"@type":"ListItem","position":1,"name":"In\u00edcio","item":"https:\/\/augustocamiseiro.com\/lojaweb\/"},{"@type":"ListItem","position":2,"name":"Shop","item":"https:\/\/augustocamiseiro.com\/lojaweb\/shop\/"},{"@type":"ListItem","position":3,"name":"Bermuda Sarja Bege de Algod\u00e3o\/Elastano"}]},{"@type":"WebSite","@id":"https:\/\/augustocamiseiro.com\/lojaweb\/#website","url":"https:\/\/augustocamiseiro.com\/lojaweb\/","name":"Augusto Camiseiro","description":"Roupa Masculina","publisher":{"@id":"https:\/\/augustocamiseiro.com\/lojaweb\/#organization"},"potentialAction":[{"@type":"SearchAction","target":{"@type":"EntryPoint","urlTemplate":"https:\/\/augustocamiseiro.com\/lojaweb\/?s={search_term_string}"},"query-input":{"@type":"PropertyValueSpecification","valueRequired":true,"valueName":"search_term_string"}}],"inLanguage":"pt-BR"},{"@type":"Organization","@id":"https:\/\/augustocamiseiro.com\/lojaweb\/#organization","name":"Augusto Camiseiro","url":"https:\/\/augustocamiseiro.com\/lojaweb\/","logo":{"@type":"ImageObject","inLanguage":"pt-BR","@id":"https:\/\/augustocamiseiro.com\/lojaweb\/#\/schema\/logo\/image\/","url":"https:\/\/i0.wp.com\/augustocamiseiro.com\/lojaweb\/wp-content\/uploads\/2024\/04\/cropped-logo-augusto-white-1.png?fit=550%2C310&ssl=1","contentUrl":"https:\/\/i0.wp.com\/augustocamiseiro.com\/lojaweb\/wp-content\/uploads\/2024\/04\/cropped-logo-augusto-white-1.png?fit=550%2C310&ssl=1","width":550,"height":310,"caption":"Augusto Camiseiro"},"image":{"@id":"https:\/\/augustocamiseiro.com\/lojaweb\/#\/schema\/logo\/image\/"}}]}},"jetpack_sharing_enabled":true,"_links":{"self":[{"href":"https:\/\/augustocamiseiro.com\/lojaweb\/wp-json\/wp\/v2\/product\/21946","targetHints":{"allow":["GET"]}}],"collection":[{"href":"https:\/\/augustocamiseiro.com\/lojaweb\/wp-json\/wp\/v2\/product"}],"about":[{"href":"https:\/\/augustocamiseiro.com\/lojaweb\/wp-json\/wp\/v2\/types\/product"}],"replies":[{"embeddable":true,"href":"https:\/\/augustocamiseiro.com\/lojaweb\/wp-json\/wp\/v2\/comments?post=21946"}],"wp:featuredmedia":[{"embeddable":true,"href":"https:\/\/augustocamiseiro.com\/lojaweb\/wp-json\/wp\/v2\/media\/50530"}],"wp:attachment":[{"href":"https:\/\/augustocamiseiro.com\/lojaweb\/wp-json\/wp\/v2\/media?parent=21946"}],"wp:term":[{"taxonomy":"product_brand","embeddable":true,"href":"https:\/\/augustocamiseiro.com\/lojaweb\/wp-json\/wp\/v2\/product_brand?post=21946"},{"taxonomy":"product_cat","embeddable":true,"href":"https:\/\/augustocamiseiro.com\/lojaweb\/wp-json\/wp\/v2\/product_cat?post=21946"},{"taxonomy":"product_tag","embeddable":true,"href":"https:\/\/augustocamiseiro.com\/lojaweb\/wp-json\/wp\/v2\/product_tag?post=21946"}],"curies":[{"name":"wp","href":"https:\/\/api.w.org\/{rel}","templated":true}]}}